{"id":9803,"date":"2025-10-24T17:56:15","date_gmt":"2025-10-24T14:56:15","guid":{"rendered":"https:\/\/www.acvit.com.tr\/magaza\/?post_type=product&#038;p=9803"},"modified":"2026-01-17T14:15:20","modified_gmt":"2026-01-17T11:15:20","slug":"isilti-18-bisabolol-aydinlatici-serum-30-ml","status":"publish","type":"product","link":"https:\/\/www.acvit.com.tr\/magaza\/urun\/isilti-18-bisabolol-aydinlatici-serum-30-ml\/","title":{"rendered":"I\u015f\u0131lt\u0131 18 \u2013 Bisabolol Ayd\u0131nlat\u0131c\u0131 Serum \u2013 30 ml."},"content":{"rendered":"<p><strong>B\u0130SABOLOLLU I\u015eILTI 18 \u2013 Cildiniz parlas\u0131n, \u0131\u015f\u0131\u011f\u0131 hissedin!<\/strong><\/p>\n<p><strong>Cilt ya\u015flanmas\u0131n\u0131n g\u00f6r\u00fcn\u00fcm\u00fcn\u00fc azaltmaya, cildin daha gen\u00e7 ve sa\u011fl\u0131kl\u0131 g\u00f6r\u00fcnmesine katk\u0131da bulunmaya; g\u00fc\u00e7l\u00fc antioksidan i\u00e7eri\u011fi ile \u00e7evresel etkilere kar\u015f\u0131 destek sa\u011flamaya, cilt tonunun dengelenmesine ve leke g\u00f6r\u00fcn\u00fcm\u00fcn\u00fcn hafiflemesine yard\u0131mc\u0131 olabilir.<\/strong><\/p>\n<p>Ak\u0131ll\u0131 ayd\u0131nlatma teknolojisine sahip serum, <strong>y\u00fcksek stabiliteli VC-IP (C vitamini t\u00fcrevi)<\/strong>, <strong>Bisabolol<\/strong> ve <strong>Frans\u0131z \u00dcz\u00fcm Ya\u011f\u0131<\/strong> ile cilt tonunun dengelenmesine, leke g\u00f6r\u00fcn\u00fcm\u00fcn\u00fcn azalmas\u0131na ve cildin daha sa\u011fl\u0131kl\u0131 bir g\u00f6r\u00fcn\u00fcme kavu\u015fmas\u0131na katk\u0131da bulunur. Her damla, cildin daha canl\u0131, p\u00fcr\u00fczs\u00fcz ve gen\u00e7 g\u00f6r\u00fcnmesine destek olur.<\/p>\n<p><strong>\u00d6ne \u00c7\u0131kan Faydalar:<\/strong><\/p>\n<ul>\n<li><strong>VC-IP<\/strong> ile cilt tonunun dengelenmesine ve lekelerin g\u00f6r\u00fcn\u00fcm\u00fcn\u00fcn azalmas\u0131na katk\u0131da bulunur<\/li>\n<li><strong>Bisabolol<\/strong> ile cildin yat\u0131\u015fmas\u0131na ve hassasiyetin hafiflemesine yard\u0131mc\u0131 olur<\/li>\n<li><strong>Frans\u0131z \u00dcz\u00fcm Ya\u011f\u0131<\/strong> ve E Vitamini ile cildin beslenmesine ve antioksidan koruma sa\u011flamas\u0131na destek olur<\/li>\n<li>Ciltte do\u011fal \u0131\u015f\u0131lt\u0131 ve p\u00fcr\u00fczs\u00fczl\u00fck olu\u015fmas\u0131na katk\u0131da bulunur<\/li>\n<li>Kolajen \u00fcretiminin korunmas\u0131na ve elastikiyetin desteklenmesine yard\u0131mc\u0131 olur<\/li>\n<\/ul>\n<p><strong>Ana Aktifler:<\/strong><\/p>\n<ul>\n<li><strong>VC-IP (C vitamini t\u00fcrevi):<\/strong> Cilt tonunu e\u015fitlemeye ve antioksidan koruma sa\u011flamaya destek olur<\/li>\n<li><strong>Bisabolol:<\/strong> Cildin yat\u0131\u015fmas\u0131na ve konforun artmas\u0131na katk\u0131da bulunur<\/li>\n<li><strong>Frans\u0131z \u00dcz\u00fcm Ya\u011f\u0131:<\/strong> Antioksidan koruma ve beslenmeye katk\u0131 sa\u011flar<\/li>\n<li><strong>Aspir Ya\u011f\u0131 &amp; E Vitamini:<\/strong> Cilt bariyerini g\u00fc\u00e7lendirmeye ve nemlenmeye destek olur<\/li>\n<li><strong>Caprylic\/Capric Triglyceride:<\/strong> Kadifemsi doku olu\u015fumuna ve nemin korunmas\u0131na yard\u0131mc\u0131 olur<\/li>\n<\/ul>\n<p><strong>Kullan\u0131m \u00d6nerisi:<\/strong><\/p>\n<ol>\n<li>Temiz ve toniklenmi\u015f cilde birka\u00e7 damla uygulay\u0131n, yukar\u0131 do\u011fru masaj yap\u0131n<\/li>\n<li>\u00d6zellikle lekeli veya ton e\u015fitsizli\u011fi olan b\u00f6lgelere odaklan\u0131n<\/li>\n<li>G\u00fcnd\u00fcz uygulamalar\u0131nda SPF 30+ g\u00fcne\u015f koruyucu kullan\u0131n<\/li>\n<li>D\u00fczenli kullan\u0131m cilt tonunun dengelenmesine, lekelerin g\u00f6r\u00fcn\u00fcm\u00fcn\u00fcn azalmas\u0131na ve cildin daha canl\u0131 ve p\u00fcr\u00fczs\u00fcz g\u00f6r\u00fcnmesine katk\u0131da bulunur<\/li>\n<\/ol>\n<p><strong>Dikkat Edilmesi Gerekenler:<\/strong><\/p>\n<ul>\n<li>G\u00f6z \u00e7evresine temas ettirmeyin<\/li>\n<li>Hassasiyet durumunda kullan\u0131m miktar\u0131n\u0131 azalt\u0131n veya ara verin<\/li>\n<li>A\u015f\u0131r\u0131 miktarda uygulamay\u0131n<\/li>\n<li>Yaln\u0131zca yeti\u015fkin kullan\u0131m\u0131<\/li>\n<\/ul>\n<p><strong>Ek Bilgiler:<\/strong><\/p>\n<ul>\n<li>VC-IP, en y\u00fcksek stabiliteye sahip C vitamini t\u00fcrevidir, Japonya\u2019da yar\u0131 ila\u00e7 olarak onaylanm\u0131\u015ft\u0131r ve Kore\u2019de %2 konsantrasyonda cilt ayd\u0131nlat\u0131c\u0131 olarak tescillidir<\/li>\n<li>Transdermal emilim \u00f6zelli\u011fi ile melaninin d\u00fczenlenmesine, kolajen \u00fcretiminin desteklenmesine ve UV kaynakl\u0131 hasara kar\u015f\u0131 cilt korumas\u0131na katk\u0131da bulunur<\/li>\n<li>Klinik \u00e7al\u0131\u015fmalarda 56 g\u00fcn i\u00e7inde g\u00fcne\u015fe ba\u011fl\u0131 lekelerin g\u00f6r\u00fcn\u00fcm\u00fcn\u00fcn azalmas\u0131na yard\u0131mc\u0131 olmu\u015ftur<\/li>\n<li>\u0130\u00e7erdi\u011fi Frans\u0131z \u00dcz\u00fcm Ya\u011f\u0131 ile cildin derinlemesine beslenmesine ve antioksidan koruma sa\u011flamas\u0131na destek olur.<\/li>\n<\/ul>\n<h3><strong>\u00d6ne \u00c7\u0131kan Ba\u015fl\u0131klar :<\/strong><\/h3>\n<ul>\n<li>Cilt Tonunu Dengelemeye ve Leke G\u00f6r\u00fcn\u00fcm\u00fcn\u00fc Azaltmaya Destek<\/li>\n<li>Cildin Yat\u0131\u015fmas\u0131 ve Hassasiyetin Hafiflemesine Yard\u0131mc\u0131<\/li>\n<li>Beslenme ve Antioksidan Koruma Sa\u011flamaya Katk\u0131<\/li>\n<li>Do\u011fal I\u015f\u0131lt\u0131 ve P\u00fcr\u00fczs\u00fczl\u00fck Olu\u015fumuna Destek<\/li>\n<li>Kolajen \u00dcretimi ve Elastikiyetin Desteklenmesine Katk\u0131<\/li>\n<li>Y\u00fcksek Stabiliteli VC-IP ile Bilimsel Destek<\/li>\n<\/ul>\n<p><iframe title=\"\ud83d\udc8e I\u015eILTI 18 \u2013 BISABOLOL AYDINLATICI SERUM \u2013 30 ML\" width=\"500\" height=\"281\" src=\"https:\/\/www.youtube.com\/embed\/4PiwdaB007I?feature=oembed\" frameborder=\"0\" allow=\"accelerometer; autoplay; clipboard-write; encrypted-media; gyroscope; picture-in-picture; web-share\" referrerpolicy=\"strict-origin-when-cross-origin\" allowfullscreen><\/iframe><\/p>\n","protected":false},"excerpt":{"rendered":"<p><strong>B\u0130SABOLOLLU I\u015eILTI 18 \u2013 Cildiniz parlas\u0131n, \u0131\u015f\u0131\u011f\u0131 hissedin!<\/strong><\/p>\n<p>\u2728Cilt tonunun e\u015fitlenmesine, lekelerin g\u00f6r\u00fcn\u00fcm\u00fcn\u00fcn azalt\u0131lmas\u0131na ve ya\u015flanma etkilerinin hafifletilmesine katk\u0131 sa\u011flayabilir.<br \/>\n\u2728 <strong>Cilt Tonu &amp; Ayd\u0131nl\u0131k:<\/strong> VC-IP ve Bisabolol ile lekelerin g\u00f6r\u00fcn\u00fcm\u00fcn\u00fc azaltmaya yard\u0131mc\u0131 olabilir, cildi yat\u0131\u015ft\u0131rabilir.<br \/>\n\ud83c\udf3f <strong>Derin Beslenme:<\/strong> Frans\u0131z \u00fcz\u00fcm ya\u011f\u0131 ve E vitamini ile \u00e7evresel etkilere kar\u015f\u0131 cilde destek sa\u011flayabilir.<\/p>\n","protected":false},"featured_media":9804,"comment_status":"closed","ping_status":"closed","template":"","meta":[],"product_brand":[],"product_cat":[89],"product_tag":[437,438,439,183,440],"class_list":{"0":"post-9803","1":"product","2":"type-product","3":"status-publish","4":"has-post-thumbnail","6":"product_cat-serumlar","7":"product_tag-aydinlatici","8":"product_tag-bisabolol","9":"product_tag-isilti18","10":"product_tag-serum","11":"product_tag-vc-ip","12":"ts_product_brand-acvit","14":"first","15":"instock","16":"shipping-taxable","17":"purchasable","18":"product-type-simple"},"aioseo_notices":[],"_links":{"self":[{"href":"https:\/\/www.acvit.com.tr\/magaza\/wp-json\/wp\/v2\/product\/9803","targetHints":{"allow":["GET"]}}],"collection":[{"href":"https:\/\/www.acvit.com.tr\/magaza\/wp-json\/wp\/v2\/product"}],"about":[{"href":"https:\/\/www.acvit.com.tr\/magaza\/wp-json\/wp\/v2\/types\/product"}],"replies":[{"embeddable":true,"href":"https:\/\/www.acvit.com.tr\/magaza\/wp-json\/wp\/v2\/comments?post=9803"}],"wp:featuredmedia":[{"embeddable":true,"href":"https:\/\/www.acvit.com.tr\/magaza\/wp-json\/wp\/v2\/media\/9804"}],"wp:attachment":[{"href":"https:\/\/www.acvit.com.tr\/magaza\/wp-json\/wp\/v2\/media?parent=9803"}],"wp:term":[{"taxonomy":"product_brand","embeddable":true,"href":"https:\/\/www.acvit.com.tr\/magaza\/wp-json\/wp\/v2\/product_brand?post=9803"},{"taxonomy":"product_cat","embeddable":true,"href":"https:\/\/www.acvit.com.tr\/magaza\/wp-json\/wp\/v2\/product_cat?post=9803"},{"taxonomy":"product_tag","embeddable":true,"href":"https:\/\/www.acvit.com.tr\/magaza\/wp-json\/wp\/v2\/product_tag?post=9803"}],"curies":[{"name":"wp","href":"https:\/\/api.w.org\/{rel}","templated":true}]}}