{"id":9429,"date":"2025-07-04T16:56:16","date_gmt":"2025-07-04T13:56:16","guid":{"rendered":"https:\/\/www.acvit.com.tr\/magaza\/?post_type=product&#038;p=9429"},"modified":"2025-12-19T15:51:51","modified_gmt":"2025-12-19T12:51:51","slug":"acvit-black-moon-bay-100-ml","status":"publish","type":"product","link":"https:\/\/www.acvit.com.tr\/magaza\/urun\/acvit-black-moon-bay-100-ml\/","title":{"rendered":"Acvit Black Moon \u2013 Erkek Parf\u00fcm\u00fc \u2013 100 Ml."},"content":{"rendered":"<p><strong>Acvit Black Moon\u00a0 &#8211; Delikanl\u0131lar\u0131n parf\u00fcm\u00fc<\/strong><\/p>\n<p><strong>Siyah Aydan gelen enerji<\/strong><\/p>\n<p><strong>Fark\u0131ndal\u0131k olu\u015fturun\u2026<\/strong><\/p>\n<p><strong>Sadeli\u011fin g\u00fcc\u00fc ile \u00e7ekicili\u011fi ke\u015ffedin\u2026<\/strong><\/p>\n<p>\u0130hti\u015faml\u0131 heybetin zenginli\u011fini ta\u015f\u0131yan erkeklerin vazge\u00e7ilmez kokusu<\/p>\n<p>Siyah aydan gelen yans\u0131ma ile kendisini \u00f6zel hisseden baylar kal\u0131c\u0131 etkisi , etkileyici kokusu ile farkl\u0131 olun, fark yarat\u0131n&#8230;<\/p>\n<div style=\"width: 1920px;\" class=\"wp-video\"><video class=\"wp-video-shortcode\" id=\"video-9429-1\" width=\"1920\" height=\"1080\" preload=\"metadata\" controls=\"controls\"><source type=\"video\/mp4\" src=\"https:\/\/www.acvit.com.tr\/magaza\/wp-content\/uploads\/black-moon.mp4?_=1\" \/><a href=\"https:\/\/www.acvit.com.tr\/magaza\/wp-content\/uploads\/black-moon.mp4\">https:\/\/www.acvit.com.tr\/magaza\/wp-content\/uploads\/black-moon.mp4<\/a><\/video><\/div>\n","protected":false},"excerpt":{"rendered":"<p><strong>Acvit Black Moon\u00a0\u00a0<\/strong><\/p>\n<p><strong>Siyah Aydan gelen enerjiyle,<\/strong><\/p>\n<p><strong>Fark\u0131ndal\u0131k olu\u015fturun\u2026\u00a0<\/strong><strong>Sadeli\u011fin g\u00fcc\u00fc ile \u00e7ekicili\u011fi ke\u015ffedin\u2026<\/strong><\/p>\n<p>&nbsp;<\/p>\n","protected":false},"featured_media":9430,"comment_status":"closed","ping_status":"closed","template":"","meta":[],"product_brand":[],"product_cat":[81],"product_tag":[424,181,190,289,423,422],"class_list":{"0":"post-9429","1":"product","2":"type-product","3":"status-publish","4":"has-post-thumbnail","6":"product_cat-vucut-bakimi","7":"product_tag-bay","8":"product_tag-cilt","9":"product_tag-erkek","10":"product_tag-etkili","11":"product_tag-kalici","12":"product_tag-parfum","13":"ts_product_brand-acvit","15":"first","16":"instock","17":"sale","18":"shipping-taxable","19":"purchasable","20":"product-type-simple"},"aioseo_notices":[],"_links":{"self":[{"href":"https:\/\/www.acvit.com.tr\/magaza\/wp-json\/wp\/v2\/product\/9429","targetHints":{"allow":["GET"]}}],"collection":[{"href":"https:\/\/www.acvit.com.tr\/magaza\/wp-json\/wp\/v2\/product"}],"about":[{"href":"https:\/\/www.acvit.com.tr\/magaza\/wp-json\/wp\/v2\/types\/product"}],"replies":[{"embeddable":true,"href":"https:\/\/www.acvit.com.tr\/magaza\/wp-json\/wp\/v2\/comments?post=9429"}],"wp:featuredmedia":[{"embeddable":true,"href":"https:\/\/www.acvit.com.tr\/magaza\/wp-json\/wp\/v2\/media\/9430"}],"wp:attachment":[{"href":"https:\/\/www.acvit.com.tr\/magaza\/wp-json\/wp\/v2\/media?parent=9429"}],"wp:term":[{"taxonomy":"product_brand","embeddable":true,"href":"https:\/\/www.acvit.com.tr\/magaza\/wp-json\/wp\/v2\/product_brand?post=9429"},{"taxonomy":"product_cat","embeddable":true,"href":"https:\/\/www.acvit.com.tr\/magaza\/wp-json\/wp\/v2\/product_cat?post=9429"},{"taxonomy":"product_tag","embeddable":true,"href":"https:\/\/www.acvit.com.tr\/magaza\/wp-json\/wp\/v2\/product_tag?post=9429"}],"curies":[{"name":"wp","href":"https:\/\/api.w.org\/{rel}","templated":true}]}}