{"id":9206,"date":"2025-04-07T14:52:49","date_gmt":"2025-04-07T11:52:49","guid":{"rendered":"https:\/\/www.acvit.com.tr\/magaza\/?post_type=product&#038;p=9206"},"modified":"2026-01-17T14:16:37","modified_gmt":"2026-01-17T11:16:37","slug":"acvit-aydinlatici-leke-karsiti-yuksek-korumali-gunes-kremi-50spf-100-ml-pa","status":"publish","type":"product","link":"https:\/\/www.acvit.com.tr\/magaza\/urun\/acvit-aydinlatici-leke-karsiti-yuksek-korumali-gunes-kremi-50spf-100-ml-pa\/","title":{"rendered":"Acvit Ayd\u0131nlat\u0131c\u0131, Leke Kar\u015f\u0131t\u0131, Y\u00fcksek Korumal\u0131 G\u00fcne\u015f Kremi &#8211; 50+SPF &#8211; 100 ML. \u2013 PA++++"},"content":{"rendered":"<p><iframe title=\"Acvit Ayd\u0131nlat\u0131c\u0131, Leke Kar\u015f\u0131t\u0131, Y\u00fcksek Korumal\u0131 G\u00fcne\u015f Kremi \u2013 50+SPF \u2013 100 ML. \u2013 PA++++\" width=\"500\" height=\"281\" src=\"https:\/\/www.youtube.com\/embed\/_Osz84QpsOo?feature=oembed\" frameborder=\"0\" allow=\"accelerometer; autoplay; clipboard-write; encrypted-media; gyroscope; picture-in-picture; web-share\" referrerpolicy=\"strict-origin-when-cross-origin\" allowfullscreen><\/iframe><\/p>\n<p>&nbsp;<\/p>\n<p>Suya ve tere kar\u015f\u0131 dayan\u0131kl\u0131<br \/>\nLeke Kar\u015f\u0131t\u0131<br \/>\nY\u00fcksek G\u00fcne\u015f Koruma<br \/>\nNemlendirici &#8211; Besleyici<br \/>\nT\u00fcm Cilt Tiplerine Uygun<br \/>\nAyd\u0131nlat\u0131c\u0131<br \/>\nH\u0131zl\u0131 Emilim<\/p>\n<p><strong>Acvit Ayd\u0131nlat\u0131c\u0131, Leke Kar\u015f\u0131t\u0131, Y\u00fcksek Korumal\u0131 G\u00fcne\u015f Kremi<\/strong> cildinizi hem beslemeye hem de g\u00fcne\u015fin zararl\u0131 etkilerine kar\u015f\u0131 g\u00fc\u00e7l\u00fc bir koruma kalkan\u0131 sa\u011flamaya yard\u0131mc\u0131 olur.<\/p>\n<p>Cildinizin do\u011fal g\u00fczelli\u011fini en \u00fcst seviyeye ta\u015f\u0131rken, ona en iyi \u015fekilde bak\u0131m yapabilirsiniz.<\/p>\n<p><strong>T\u00fcm Cilt Tiplerine Uygun:<\/strong><\/p>\n<p>Y\u00fcksek g\u00fcne\u015f koruma fakt\u00f6r\u00fc (50+ SPF) ile cildinizi g\u00fcn boyu g\u00fcne\u015fin zararl\u0131 \u0131\u015f\u0131nlar\u0131ndan koruyabilir, cilt tipinize \u00f6zel bak\u0131m yapabilirsiniz.<br \/>\nKuru, karma ya da ya\u011fl\u0131 ciltlerde etkili sonu\u00e7lar elde edebilirsiniz.<\/p>\n<p><strong>Suya Dayan\u0131kl\u0131 ve Uzun S\u00fcreli Koruma:<\/strong><\/p>\n<p>G\u00fcne\u015f kremi, suya dayan\u0131kl\u0131 form\u00fcl\u00fcyle deniz veya havuzda uzun s\u00fcre kalman\u0131za ra\u011fmen etkisini kaybetmeyebilir. B\u00f6ylece tatilinizin veya d\u0131\u015far\u0131da ge\u00e7irdi\u011finiz vakitlerin tad\u0131n\u0131 \u00e7\u0131kar\u0131rken cildiniz de g\u00fcvence alt\u0131nda olur.<\/p>\n<p><strong>Besleyici ve Nemlendirici \u0130\u00e7erik:<\/strong><\/p>\n<p>Zengin i\u00e7erikleriyle cildinize derinlemesine bak\u0131m yapmaya yard\u0131mc\u0131 olur. <strong>Zinc Oxide<\/strong> ve <strong>Titanium Dioxide<\/strong> gibi g\u00fc\u00e7l\u00fc fiziksel g\u00fcne\u015f koruyucular, UV \u0131\u015f\u0131nlar\u0131na kar\u015f\u0131 tam koruma sa\u011flamaya destek olurken; <strong>Caprylic \/ Capric Triglyceride<\/strong> ve <strong>Cetyl Alcohol<\/strong> cildinizi beslemeye ve nemlendirmeye yard\u0131m\u00f6c\u0131 olur. Bu \u00f6zel form\u00fcl, cildinize yumu\u015fakl\u0131k kazand\u0131rmaya destek olurken, cilt bariyerinizi g\u00fc\u00e7lendirmeye yard\u0131mc\u0131 olur.<\/p>\n<p><strong>Ayd\u0131nlat\u0131c\u0131 ve Leke Kar\u015f\u0131t\u0131 Etki:<\/strong><\/p>\n<p>Cildinize \u0131\u015f\u0131lt\u0131 katacak <strong>Hedychium Coronarium Root Extract<\/strong> ve <strong>Centella Asiatica Extract<\/strong> i\u00e7eri\u011fiyle, cilt tonunuzun e\u015fitlenmesine yard\u0131mc\u0131 olur. Ayn\u0131 zamanda leke kar\u015f\u0131t\u0131 etkisiyle cildinizin daha p\u00fcr\u00fczs\u00fcz ve ayd\u0131nl\u0131k g\u00f6r\u00fcnmesini sa\u011flamaya yard\u0131mc\u0131 olur.<\/p>\n<p><strong>Etkili Antioksidan Koruma:<\/strong><\/p>\n<p>Form\u00fcl\u00fcndeki <strong>Tocopherol (E vitamini)<\/strong> ve <strong>Panthenol<\/strong> sayesinde cildinize g\u00fc\u00e7l\u00fc antioksidan deste\u011fi sunabilirsiniz. Cildinizi serbest radikallerin zararlar\u0131ndan koruyabilir, ya\u015flanma belirtilerini geciktirmeye ve cilt sa\u011fl\u0131\u011f\u0131n\u0131 iyile\u015ftirmeye yard\u0131mc\u0131 olabilirsiniz.<\/p>\n<p><strong>G\u00fc\u00e7l\u00fc G\u00fcne\u015f Korumas\u0131:<\/strong><\/p>\n<p>Benzersiz form\u00fcl\u00fcnde yer alan <strong>Bisethylhexyloxyphenol Methoxyphenyltriazine<\/strong>, <strong>Ethylhexyl Salicylate<\/strong> ve <strong>Butyl Methoxydibenzoylmethane<\/strong> gibi etkili g\u00fcne\u015f filtresi bile\u015fenleri, cildinizi UVA ve UVB \u0131\u015f\u0131nlar\u0131na kar\u015f\u0131 y\u00fcksek derecede korumaya yard\u0131mc\u0131 olur.<\/p>\n<p><strong>Cildiniz i\u00e7in En \u0130yi Koruma ve Bak\u0131m:<\/strong><\/p>\n<p>Herkesin ihtiyac\u0131 olan y\u00fcksek korumay\u0131 ve bak\u0131m\u0131n\u0131 sunan <strong>Acvit Ayd\u0131nlat\u0131c\u0131, Leke Kar\u015f\u0131t\u0131 G\u00fcne\u015f Kremi<\/strong>, her g\u00fcn kullan\u0131ld\u0131\u011f\u0131nda cildinizin sa\u011fl\u0131\u011f\u0131n\u0131 korumaya, g\u00f6r\u00fcn\u00fcm\u00fcn\u00fc g\u00fczelle\u015ftirmeye ve g\u00fcne\u015fin zararl\u0131 etkilerine kar\u015f\u0131 g\u00fc\u00e7l\u00fc bir savunma mekanizmas\u0131 olu\u015fturman\u0131za destek olur.<\/p>\n<p><strong>Nas\u0131l Kullanmal\u0131y\u0131m!!<\/strong><\/p>\n<p>G\u00fcne\u015fin zararl\u0131 \u0131\u015f\u0131nlar\u0131ndan korunmak i\u00e7in sabah evden g\u00fcne\u015fe \u00e7\u0131kmadan 15-20 dakika \u00f6nce yeterli miktarda \u00fcr\u00fcn\u00fc y\u00fcz\u00fcn\u00fcze ve v\u00fccudunuza nazik\u00e7e uygulay\u0131n. G\u00fcn boyunca, terleme durumunda tekrar uygulama yapabilirsiniz. Denize girmeden \u00f6nce g\u00fcne\u015fin v\u00fccuda temas edece\u011fi b\u00f6lgelere s\u00fcr\u00fclerek uygulan\u0131r.<\/p>\n<p><strong>#G\u00fcne\u015fiSeviyorum<\/strong><\/p>\n","protected":false},"excerpt":{"rendered":"<p>Suya ve tere kar\u015f\u0131 dayan\u0131kl\u0131<br \/>\nLeke Kar\u015f\u0131t\u0131<br \/>\nY\u00fcksek G\u00fcne\u015f Koruma<br \/>\nNemlendirici &#8211; Besleyici<br \/>\nT\u00fcm Cilt Tiplerine Uygun<br \/>\nAyd\u0131nlat\u0131c\u0131<br \/>\nH\u0131zl\u0131 Emilim<\/p>\n","protected":false},"featured_media":9217,"comment_status":"closed","ping_status":"closed","template":"","meta":[],"product_brand":[],"product_cat":[129],"product_tag":[406,366,420,395,410,411,405,407,421,416,404],"class_list":{"0":"post-9206","1":"product","2":"type-product","3":"status-publish","4":"has-post-thumbnail","6":"product_cat-gunes-urunleri","7":"product_tag-50spf","8":"product_tag-besleyici","9":"product_tag-ferahlik","10":"product_tag-gunes-kremi","11":"product_tag-hizli-emilim","12":"product_tag-makyaj-alti-baz","13":"product_tag-mineralli","14":"product_tag-pa","15":"product_tag-suya-dayanikli","16":"product_tag-tum-cilt-tipleri","17":"product_tag-yuksek-korumali","18":"ts_product_brand-acvit","20":"first","21":"instock","22":"shipping-taxable","23":"purchasable","24":"product-type-simple"},"aioseo_notices":[],"_links":{"self":[{"href":"https:\/\/www.acvit.com.tr\/magaza\/wp-json\/wp\/v2\/product\/9206","targetHints":{"allow":["GET"]}}],"collection":[{"href":"https:\/\/www.acvit.com.tr\/magaza\/wp-json\/wp\/v2\/product"}],"about":[{"href":"https:\/\/www.acvit.com.tr\/magaza\/wp-json\/wp\/v2\/types\/product"}],"replies":[{"embeddable":true,"href":"https:\/\/www.acvit.com.tr\/magaza\/wp-json\/wp\/v2\/comments?post=9206"}],"wp:featuredmedia":[{"embeddable":true,"href":"https:\/\/www.acvit.com.tr\/magaza\/wp-json\/wp\/v2\/media\/9217"}],"wp:attachment":[{"href":"https:\/\/www.acvit.com.tr\/magaza\/wp-json\/wp\/v2\/media?parent=9206"}],"wp:term":[{"taxonomy":"product_brand","embeddable":true,"href":"https:\/\/www.acvit.com.tr\/magaza\/wp-json\/wp\/v2\/product_brand?post=9206"},{"taxonomy":"product_cat","embeddable":true,"href":"https:\/\/www.acvit.com.tr\/magaza\/wp-json\/wp\/v2\/product_cat?post=9206"},{"taxonomy":"product_tag","embeddable":true,"href":"https:\/\/www.acvit.com.tr\/magaza\/wp-json\/wp\/v2\/product_tag?post=9206"}],"curies":[{"name":"wp","href":"https:\/\/api.w.org\/{rel}","templated":true}]}}