{"id":9191,"date":"2025-04-07T14:43:56","date_gmt":"2025-04-07T11:43:56","guid":{"rendered":"https:\/\/www.acvit.com.tr\/magaza\/?post_type=product&#038;p=9191"},"modified":"2026-01-17T14:16:50","modified_gmt":"2026-01-17T11:16:50","slug":"acvit-yuksek-korumali-mineralli-gunes-kremi-50spf-100-ml-pa","status":"publish","type":"product","link":"https:\/\/www.acvit.com.tr\/magaza\/urun\/acvit-yuksek-korumali-mineralli-gunes-kremi-50spf-100-ml-pa\/","title":{"rendered":"Acvit Y\u00fcksek Korumal\u0131 Mineralli, G\u00fcne\u015f Kremi- 50+SPF \u2013 100 ML.\u00a0 \u2013 PA++++"},"content":{"rendered":"<p><iframe title=\"Acvit Y\u00fcksek Korumal\u0131 Mineralli, G\u00fcne\u015f Kremi- 50+SPF \u2013 100 ML.  \u2013 PA++++\" width=\"500\" height=\"281\" src=\"https:\/\/www.youtube.com\/embed\/56PYg0QTBMs?feature=oembed\" frameborder=\"0\" allow=\"accelerometer; autoplay; clipboard-write; encrypted-media; gyroscope; picture-in-picture; web-share\" referrerpolicy=\"strict-origin-when-cross-origin\" allowfullscreen><\/iframe><\/p>\n<p>&nbsp;<\/p>\n<p>H\u0131zl\u0131 emilim<br \/>\nMakyaj alt\u0131 baz<br \/>\nCiltte ya\u011fl\u0131 his ve beyazl\u0131k b\u0131rakmaz<br \/>\nYo\u011fun nemlendirme<br \/>\nGerginle\u015ftirici etki<br \/>\nY\u00fcksek koruma<br \/>\nSuya ve tere kar\u015f\u0131 dayan\u0131kl\u0131<br \/>\nT\u00fcm cilt tipleri i\u00e7in uygundur<br \/>\nP\u00fcr\u00fczs\u00fczle\u015ftirici etki<\/p>\n<p><strong>#G\u00fcne\u015fiSevCildiniKoru<\/strong><\/p>\n<p>Cildinizi g\u00fcne\u015fin zararl\u0131 etkilerinden korumaya destek olurken,, ona bak\u0131m yapmaya ve \u0131\u015f\u0131lt\u0131s\u0131n\u0131 artt\u0131rmaya yard\u0131mc\u0131 olur.<\/p>\n<p><strong>Acvit Y\u00fcksek Korumal\u0131 Mineralli G\u00fcne\u015f Kremi<\/strong>, cildinizin ihtiyac\u0131 olan her \u015feyi sunmaya destek olur.<\/p>\n<p><strong>Y\u00fcksek Koruma, D\u00fc\u015f\u00fck Beyazl\u0131k<\/strong><br \/>\nForm\u00fcl\u00fcndeki mineraller ve g\u00fcne\u015f filtreleri, <strong>50+ SPF<\/strong> koruma fakt\u00f6r\u00fc ile cildinizi UV \u0131\u015f\u0131nlar\u0131na kar\u015f\u0131 y\u00fcksek seviyede korumaya yard\u0131mc\u0131 olur. <strong>Butyl Methoxydibenzoylmethane<\/strong>, <strong>Ethylhexyl Salicylate<\/strong> ve <strong>Benzophenone-3<\/strong> gibi g\u00fc\u00e7l\u00fc bile\u015fenler, cildinizi hem UVA hem de UVB \u0131\u015f\u0131nlar\u0131na kar\u015f\u0131 koruyabilirsiniz. \u00dcstelik cildinizde beyazl\u0131k b\u0131rakmadan h\u0131zla emilimi sayesinde size rahatl\u0131k ve estetik bir kullan\u0131m deneyimi sunar.<\/p>\n<p><strong>Yo\u011fun Nemlendirme ve H\u0131zl\u0131 Emilim:<\/strong><br \/>\nCildinize derinlemesine nem sa\u011flamaya, kuru ve hassas b\u00f6lgelerde uzun s\u00fcreli bak\u0131m sunmaya yard\u0131mc\u0131 olur. <strong>Hyaluronic Acid<\/strong> ve <strong>Glycerin<\/strong> i\u00e7eri\u011fiyle cildin nem dengesini m\u00fckemmel \u015fekilde korumaya, cildinizin do\u011fal nem bariyerini g\u00fc\u00e7lendirmeye yard\u0131mc\u0131 olur. <strong>Caprylic\/Capric Triglyceride<\/strong> ve <strong>Cetyl Alcohol<\/strong> ile form\u00fcl, yo\u011fun nemlendirici etki olu\u015fturmaya, <strong>Dimethicone<\/strong> sayesinde cilt \u00fczerinde p\u00fcr\u00fczs\u00fcz bir doku b\u0131rakmaya destek olurken,h\u0131zla emilim sa\u011flamaya yard\u0131mc\u0131 olur.<\/p>\n<p><strong>Makyaj Alt\u0131na Uygun Baz:<\/strong><br \/>\n<strong>Acvit Y\u00fcksek Korumal\u0131 Mineralli G\u00fcne\u015f Kremi<\/strong>, ayn\u0131 zamanda m\u00fckemmel bir makyaj alt\u0131 baz\u0131d\u0131r. Cildinizin p\u00fcr\u00fczs\u00fczle\u015fmesini sa\u011flamaya destek olurken, makyaj\u0131n daha kal\u0131c\u0131 olmas\u0131na yard\u0131mc\u0131 olur. Ciltteki t\u00fcm ince \u00e7izgiler ve g\u00f6zenekler \u00fczerinde d\u00fczg\u00fcn bir y\u00fczey olu\u015fturmaya, makyaj\u0131n\u0131z\u0131n daha do\u011fal ve uzun s\u00fcre dayanmas\u0131na destek olur.<\/p>\n<p><strong>Cildinize Besleyici Etki:<\/strong><br \/>\nG\u00fcne\u015fin zararl\u0131 \u0131\u015f\u0131nlar\u0131ndan korumaya destek olurken, cildinizin yo\u011fun beslenmesine katk\u0131 sa\u011flamaya yard\u0131mc\u0131 olur. <strong>Aloe Barbadensis Leaf Extract<\/strong> ve <strong>Chamomilla Recutita Flower Oil<\/strong> ile cildinizin sakinle\u015fmesini sa\u011flamaya, k\u0131zar\u0131kl\u0131k ve tahri\u015fi azaltmaya, <strong>Panthenol<\/strong> ve <strong>Collagen<\/strong> i\u00e7erikleriyle cildinize yenilik ve esneklik kazand\u0131rmaya, cilt bariyerinizi g\u00fc\u00e7lendirmeye yard\u0131mc\u0131 olur.<\/p>\n<p><strong>Gerginle\u015ftirici Etki:<\/strong><br \/>\n<strong>Acrylates\/Dimethicone Copolymer<\/strong> ve <strong>Cetearyl Alcohol<\/strong> gibi \u00f6zel bile\u015fenler, cildinizde gerginle\u015ftirici bir etki yaratarak daha s\u0131k\u0131 ve p\u00fcr\u00fczs\u00fcz bir g\u00f6r\u00fcn\u00fcm elde etmenize yard\u0131mc\u0131 olur. Cilt elastikiyetini artt\u0131rmaya destek olarak, daha gen\u00e7 ve canl\u0131 bir cilt g\u00f6r\u00fcnt\u00fcs\u00fc sunmaya yard\u0131m eder.<\/p>\n<p><strong>Uzun S\u00fcreli Koruma ve Ferahl\u0131k:<\/strong><br \/>\nForm\u00fcl\u00fcndeki <strong>Menthol<\/strong>, cildinize ferahl\u0131k vermeye ve g\u00fcn boyu taze kalmas\u0131n\u0131 sa\u011flamaya destek olur. G\u00fcne\u015fin s\u0131cak etkisinden korunmaya, cildinizin ihtiyac\u0131 olan t\u00fcm bak\u0131m ve ferahl\u0131\u011f\u0131 sa\u011flamaya yard\u0131mc\u0131 olur.<\/p>\n<p><strong>Acvit Y\u00fcksek Korumal\u0131 Mineralli G\u00fcne\u015f Kremi<\/strong>, y\u00fcksek koruma, nemlendirme ve bak\u0131m arayan herkes i\u00e7in m\u00fckemmel bir \u00e7\u00f6z\u00fcm sunmaya destek verir. G\u00fcne\u015fin zararl\u0131 etkilerine kar\u015f\u0131 g\u00fc\u00e7l\u00fc koruma sa\u011flarken, cildinizin sa\u011fl\u0131\u011f\u0131n\u0131 ve g\u00fczelli\u011fini de en \u00fcst seviyeye \u00e7\u0131karmaya yard\u0131mc\u0131 olur. G\u00fcn boyu rahatl\u0131k ve sa\u011fl\u0131kl\u0131 bir cilt i\u00e7in bu \u00f6zel form\u00fcle g\u00fcvenebilirsiniz.<\/p>\n<p><strong>Nas\u0131l kullanmal\u0131y\u0131m?<\/strong><br \/>\nCilde uygulamadan \u00f6nce iyice \u00e7alkalay\u0131n. G\u00fcne\u015fe \u00e7\u0131kmadan 15-20 dakika \u00f6nce yeterli miktarda \u00fcr\u00fcn\u00fc y\u00fcz\u00fcn\u00fcze ve v\u00fccudunuza nazik\u00e7e uygulay\u0131n. Cildinizin ihtiyac\u0131 do\u011frultusunda g\u00fcn i\u00e7inde tekrar uygulama yapabilirsiniz. Gerek g\u00f6r\u00fcld\u00fc\u011f\u00fcnde deniz ve havuza girmeden \u00f6nce g\u00fcne\u015fin v\u00fccudun temas edece\u011fi b\u00f6lgelere s\u00fcr\u00fclerek uygulan\u0131r.<\/p>\n","protected":false},"excerpt":{"rendered":"<p>H\u0131zl\u0131 emilim<br \/>\nMakyaj alt\u0131 baz<br \/>\nCiltte ya\u011fl\u0131 his ve beyazl\u0131k b\u0131rakmaz<br \/>\nYo\u011fun nemlendirme<br \/>\nGerginle\u015ftirici etki<br \/>\nY\u00fcksek koruma<br \/>\nSuya ve tere kar\u015f\u0131 dayan\u0131kl\u0131<br \/>\nT\u00fcm cilt tipleri i\u00e7in uygundur<br \/>\nP\u00fcr\u00fczs\u00fczle\u015ftirici etki<\/p>\n","protected":false},"featured_media":9218,"comment_status":"closed","ping_status":"closed","template":"","meta":[],"product_brand":[],"product_cat":[129],"product_tag":[406,257,403,399,203,395,405,407,408,404],"class_list":{"0":"post-9191","1":"product","2":"type-product","3":"status-publish","4":"has-post-thumbnail","6":"product_cat-gunes-urunleri","7":"product_tag-50spf","8":"product_tag-acvit","9":"product_tag-akdeniz","10":"product_tag-deniz","11":"product_tag-gunes","12":"product_tag-gunes-kremi","13":"product_tag-mineralli","14":"product_tag-pa","15":"product_tag-yaz","16":"product_tag-yuksek-korumali","17":"ts_product_brand-acvit","19":"first","20":"instock","21":"shipping-taxable","22":"purchasable","23":"product-type-simple"},"aioseo_notices":[],"_links":{"self":[{"href":"https:\/\/www.acvit.com.tr\/magaza\/wp-json\/wp\/v2\/product\/9191","targetHints":{"allow":["GET"]}}],"collection":[{"href":"https:\/\/www.acvit.com.tr\/magaza\/wp-json\/wp\/v2\/product"}],"about":[{"href":"https:\/\/www.acvit.com.tr\/magaza\/wp-json\/wp\/v2\/types\/product"}],"replies":[{"embeddable":true,"href":"https:\/\/www.acvit.com.tr\/magaza\/wp-json\/wp\/v2\/comments?post=9191"}],"wp:featuredmedia":[{"embeddable":true,"href":"https:\/\/www.acvit.com.tr\/magaza\/wp-json\/wp\/v2\/media\/9218"}],"wp:attachment":[{"href":"https:\/\/www.acvit.com.tr\/magaza\/wp-json\/wp\/v2\/media?parent=9191"}],"wp:term":[{"taxonomy":"product_brand","embeddable":true,"href":"https:\/\/www.acvit.com.tr\/magaza\/wp-json\/wp\/v2\/product_brand?post=9191"},{"taxonomy":"product_cat","embeddable":true,"href":"https:\/\/www.acvit.com.tr\/magaza\/wp-json\/wp\/v2\/product_cat?post=9191"},{"taxonomy":"product_tag","embeddable":true,"href":"https:\/\/www.acvit.com.tr\/magaza\/wp-json\/wp\/v2\/product_tag?post=9191"}],"curies":[{"name":"wp","href":"https:\/\/api.w.org\/{rel}","templated":true}]}}