{"id":9182,"date":"2025-04-07T14:33:04","date_gmt":"2025-04-07T11:33:04","guid":{"rendered":"https:\/\/www.acvit.com.tr\/magaza\/?post_type=product&#038;p=9182"},"modified":"2026-01-17T14:17:02","modified_gmt":"2026-01-17T11:17:02","slug":"tone-up-yeni-nesil-pembe-ton-esitleyici-gunes-kremi-50spf-100-ml-pa","status":"publish","type":"product","link":"https:\/\/www.acvit.com.tr\/magaza\/urun\/tone-up-yeni-nesil-pembe-ton-esitleyici-gunes-kremi-50spf-100-ml-pa\/","title":{"rendered":"Tone &#8211; Up Yeni Nesil Pembe Ton E\u015fitleyici G\u00fcne\u015f Kremi 50+SPF \u2013 100 ml. PA++++"},"content":{"rendered":"<p><iframe title=\"Tone \u2013 Up Yeni Nesil Pembe Ton E\u015fitleyici G\u00fcne\u015f Kremi 50+SPF \u2013 100 ml. PA++++\" width=\"500\" height=\"281\" src=\"https:\/\/www.youtube.com\/embed\/foHYduirNtw?feature=oembed\" frameborder=\"0\" allow=\"accelerometer; autoplay; clipboard-write; encrypted-media; gyroscope; picture-in-picture; web-share\" referrerpolicy=\"strict-origin-when-cross-origin\" allowfullscreen><\/iframe><\/p>\n<p>Pembe ton e\u015fitleme ile sa\u011fl\u0131kl\u0131 ve p\u00fcr\u00fczs\u00fcz g\u00f6r\u00fcn\u00fcm<br \/>\nI\u015f\u0131lt\u0131l\u0131 ve canl\u0131 cilt<br \/>\nY\u00fcksek koruma<br \/>\nB\u00fct\u00fcn g\u00fcn g\u00fc\u00e7l\u00fc koruma ve bak\u0131m<br \/>\nCanland\u0131r\u0131c\u0131 ve nemlendirici etki<br \/>\nI\u015f\u0131lt\u0131l\u0131 ve e\u015fitlenmi\u015f tonla do\u011fal parlakl\u0131k<\/p>\n<p><strong>#G\u00fcne\u015fiSevCildiniKoru<\/strong><\/p>\n<p>Cildinizi g\u00fcne\u015fin zararl\u0131 \u0131\u015f\u0131nlar\u0131ndan korunabilir, ona \u0131\u015f\u0131lt\u0131 ve canl\u0131l\u0131k katabilirsiniz!<\/p>\n<p><strong>Acvit Tone-Up Ton E\u015fitleyici Yeni Nesil Pembe G\u00fcne\u015f Kremi<\/strong>, g\u00fc\u00e7l\u00fc <strong>50+ SPF<\/strong> korumas\u0131, nemlendirici \u00f6zelli\u011fi ve cilt tonunuzu e\u015fitleyen form\u00fcl\u00fcyle cildinizin sa\u011fl\u0131\u011f\u0131n\u0131 en \u00fcst seviyeye \u00e7\u0131karmaya destek olur.<\/p>\n<p><strong>G\u00fc\u00e7l\u00fc G\u00fcne\u015f Korumas\u0131:<\/strong><br \/>\n\u0130\u00e7eri\u011findeki bile\u015fenler sayesinde cildinizi UV \u0131\u015f\u0131nlar\u0131n\u0131n zararlar\u0131ndan en \u00fcst seviyede korunmas\u0131na destek olur. Geli\u015fmi\u015f form\u00fcl\u00fc sayesinde g\u00fcne\u015fin zararl\u0131 \u0131\u015f\u0131nlar\u0131na kar\u015f\u0131 etkili bir koruma kalkan\u0131 olu\u015fturman\u0131za yard\u0131mc\u0131 olur.<strong>50+ SPF<\/strong> ile uzun s\u00fcreli g\u00fcvenilir bir savunma sunmaya destek olur. <strong>Acvit Tone-Up Ton E\u015fitleyici Yeni Nesil Pembe G\u00fcne\u015f Kremiyle<\/strong>, Art\u0131k g\u00fcne\u015fe \u00e7\u0131karken cildinizin korunmas\u0131 i\u00e7in endi\u015felenmenize gerek yok!<\/p>\n<p><strong>Ton E\u015fitleyici Etki ile P\u00fcr\u00fczs\u00fcz Bir Cilt:<\/strong><br \/>\n<strong>Niacinamide<\/strong> (B3 vitamini), cilt tonunuzdaki e\u015fitsizlikleri hedef al\u0131r ve d\u00fczenlemeye yard\u0131mc\u0131 olur. \u00d6zellikle ciltteki k\u0131zar\u0131kl\u0131klar\u0131, lekeleri ve hiperpigmentasyonu azaltmaya destek olarak daha ayd\u0131nl\u0131k ve p\u00fcr\u00fczs\u00fcz bir g\u00f6r\u00fcn\u00fcm sa\u011flamaya yard\u0131mc\u0131 olur. Cildiniz, d\u00fczenli kullan\u0131mda daha e\u015fit ve sa\u011fl\u0131kl\u0131 bir ton kazand\u0131rabilirsiniz.<\/p>\n<p><strong>Canland\u0131r\u0131c\u0131 ve Nemlendirici Etki:<\/strong><br \/>\nCildinizi nemlendirirken ayn\u0131 zamanda ona canl\u0131l\u0131k katmaya destek olan <strong>Glycerin<\/strong> ve <strong>Sodium Hyaluronate<\/strong> i\u00e7erikleri, cildinizin derinlemesine nem almas\u0131n\u0131 sa\u011flamaya yard\u0131mc\u0131 olur. Bu g\u00fc\u00e7l\u00fc nemlendiriciler, cildinizi g\u00fcn boyu taze ve \u0131\u015f\u0131lt\u0131l\u0131 tutmaya yard\u0131mc\u0131 olur. Ayr\u0131ca <strong>Caprylic\/Capric Triglyceride<\/strong> cilt bariyerinizi korumaya, cildinizin d\u0131\u015f etmenlere kar\u015f\u0131 daha dayan\u0131kl\u0131 olmas\u0131na yard\u0131mc\u0131 olur.<\/p>\n<p><strong>Pembe I\u015f\u0131lt\u0131 ile Sa\u011fl\u0131kl\u0131 G\u00f6r\u00fcn\u00fcm:<\/strong><br \/>\nCildinizi \u0131\u015f\u0131ldat\u0131rken ayn\u0131 zamanda do\u011fal bir parlakl\u0131k sa\u011flanmas\u0131na destek olur. <strong>Rosa Damascena Flower Water<\/strong> ile zenginle\u015ftirilen form\u00fcl, cildinize sa\u011fl\u0131kl\u0131 bir \u0131\u015f\u0131lt\u0131 kazand\u0131rmaya ve cildinizin daha ayd\u0131nl\u0131k ve taze g\u00f6r\u00fcnmesini sa\u011flamaya yard\u0131mc\u0131 olur. <strong>Tocopheryl Acetate<\/strong> (E vitamini) ve <strong>Linalool<\/strong> i\u00e7erikleri, cildinizin beslenmesine yard\u0131mc\u0131 olur ve ya\u015flanma kar\u015f\u0131t\u0131 etkiler ortaya koymaya yard\u0131mc\u0131 olur.<\/p>\n<p><strong>P\u00fcr\u00fczs\u00fcz, I\u015f\u0131lt\u0131l\u0131 ve Sa\u011fl\u0131kl\u0131 Cilt \u0130\u00e7in:<\/strong><br \/>\nCildinize y\u00fcksek koruma sa\u011flamaya destek olurken, ton e\u015fitleyici \u00f6zelli\u011fi ile do\u011fal bir \u0131\u015f\u0131lt\u0131 ve p\u00fcr\u00fczs\u00fczl\u00fck kazand\u0131rmaya yard\u0131mc\u0131 olur.Geli\u015fmi\u015f form\u00fcl\u00fc sayesinde cildiniz, g\u00fcne\u015fe kar\u015f\u0131 korunmu\u015f olurken, ayn\u0131 zamanda sa\u011fl\u0131kl\u0131 ve canl\u0131 bir g\u00f6r\u00fcn\u00fcme kavu\u015fmas\u0131na yard\u0131mc\u0131 olur.<\/p>\n<p><strong>B\u00fct\u00fcn G\u00fcn Koruma ve Bak\u0131m:<\/strong><br \/>\nCilt bak\u0131m rutininizde devrim yaratacak <strong>Acvit Tone-Up Ton E\u015fitleyici Yeni Nesil Pembe G\u00fcne\u015f Kremi<\/strong>, cildinize her a\u00e7\u0131dan bak\u0131m yaparken, sizi t\u00fcm g\u00fcn boyunca g\u00fcne\u015fin zararl\u0131 etkilerinden korunman\u0131za yard\u0131mc\u0131 olur. G\u00fcnl\u00fck kullan\u0131mda cildinizi nemlendirmeye, p\u00fcr\u00fczs\u00fczle\u015ftirmeye ve canl\u0131l\u0131k kazand\u0131rmaya yard\u0131mc\u0131 olur.<\/p>\n<p><strong>Acvit Tone-Up Ton E\u015fitleyici Yeni Nesil Pembe G\u00fcne\u015f Kremi<\/strong>, hem y\u00fcksek g\u00fcne\u015f korumas\u0131 hem de cildinize sa\u011flad\u0131\u011f\u0131 \u0131\u015f\u0131lt\u0131l\u0131 ve e\u015fitlenmi\u015f tonla sizi her zaman en iyi \u015fekilde savunmaya yard\u0131mc\u0131 olur. Cildinizin en iyi korunmaya ve bak\u0131ma ihtiyac\u0131 oldu\u011fu her an i\u00e7in m\u00fckemmel bir tercihtir.<\/p>\n<p><strong>Nas\u0131l kullanmal\u0131y\u0131m?<\/strong><br \/>\nCilde uygulamadan \u00f6nce iyice \u00e7alkalay\u0131n. G\u00fcne\u015fe \u00e7\u0131kmadan 15-20 dakika \u00f6nce yeterli miktarda \u00fcr\u00fcn\u00fc y\u00fcz\u00fcn\u00fcze ve v\u00fccudunuza nazik\u00e7e uygulay\u0131n. Cildinizin ihtiyac\u0131 do\u011frultusunda g\u00fcn i\u00e7inde tekrar uygulama yapabilirsiniz. Gerek g\u00f6r\u00fcld\u00fc\u011f\u00fcnde deniz ve havuza girmeden \u00f6nce g\u00fcne\u015fin v\u00fccudun temas edece\u011fi b\u00f6lgelere s\u00fcr\u00fclerek uygulan\u0131r.<\/p>\n<p><strong>\u00a0<\/strong><\/p>\n","protected":false},"excerpt":{"rendered":"<p>Pembe ton e\u015fitleme ile sa\u011fl\u0131kl\u0131 ve p\u00fcr\u00fczs\u00fcz g\u00f6r\u00fcn\u00fcm<br \/>\nI\u015f\u0131lt\u0131l\u0131 ve canl\u0131 cilt<br \/>\nY\u00fcksek koruma<br \/>\nB\u00fct\u00fcn g\u00fcn g\u00fc\u00e7l\u00fc koruma ve bak\u0131m<br \/>\nCanland\u0131r\u0131c\u0131 ve nemlendirici etki<br \/>\nI\u015f\u0131lt\u0131l\u0131 ve e\u015fitlenmi\u015f tonla do\u011fal parlakl\u0131k<\/p>\n","protected":false},"featured_media":9219,"comment_status":"closed","ping_status":"closed","template":"","meta":[],"product_brand":[],"product_cat":[129],"product_tag":[403,399,402,203,395,400,401,398,396,397],"class_list":{"0":"post-9182","1":"product","2":"type-product","3":"status-publish","4":"has-post-thumbnail","6":"product_cat-gunes-urunleri","7":"product_tag-akdeniz","8":"product_tag-deniz","9":"product_tag-ege","10":"product_tag-gunes","11":"product_tag-gunes-kremi","12":"product_tag-kum","13":"product_tag-kumsal","14":"product_tag-pembe-ton-esitleyici","15":"product_tag-tone-up","16":"product_tag-yeni-nesil","17":"ts_product_brand-acvit","19":"first","20":"instock","21":"shipping-taxable","22":"purchasable","23":"product-type-simple"},"aioseo_notices":[],"_links":{"self":[{"href":"https:\/\/www.acvit.com.tr\/magaza\/wp-json\/wp\/v2\/product\/9182","targetHints":{"allow":["GET"]}}],"collection":[{"href":"https:\/\/www.acvit.com.tr\/magaza\/wp-json\/wp\/v2\/product"}],"about":[{"href":"https:\/\/www.acvit.com.tr\/magaza\/wp-json\/wp\/v2\/types\/product"}],"replies":[{"embeddable":true,"href":"https:\/\/www.acvit.com.tr\/magaza\/wp-json\/wp\/v2\/comments?post=9182"}],"wp:featuredmedia":[{"embeddable":true,"href":"https:\/\/www.acvit.com.tr\/magaza\/wp-json\/wp\/v2\/media\/9219"}],"wp:attachment":[{"href":"https:\/\/www.acvit.com.tr\/magaza\/wp-json\/wp\/v2\/media?parent=9182"}],"wp:term":[{"taxonomy":"product_brand","embeddable":true,"href":"https:\/\/www.acvit.com.tr\/magaza\/wp-json\/wp\/v2\/product_brand?post=9182"},{"taxonomy":"product_cat","embeddable":true,"href":"https:\/\/www.acvit.com.tr\/magaza\/wp-json\/wp\/v2\/product_cat?post=9182"},{"taxonomy":"product_tag","embeddable":true,"href":"https:\/\/www.acvit.com.tr\/magaza\/wp-json\/wp\/v2\/product_tag?post=9182"}],"curies":[{"name":"wp","href":"https:\/\/api.w.org\/{rel}","templated":true}]}}