{"id":9160,"date":"2025-03-21T11:31:57","date_gmt":"2025-03-21T08:31:57","guid":{"rendered":"https:\/\/www.acvit.com.tr\/magaza\/?post_type=product&#038;p=9160"},"modified":"2026-01-17T14:18:06","modified_gmt":"2026-01-17T11:18:06","slug":"cilt-bakim-jeli-100-ml","status":"publish","type":"product","link":"https:\/\/www.acvit.com.tr\/magaza\/urun\/cilt-bakim-jeli-100-ml\/","title":{"rendered":"Cilt Bak\u0131m Jeli &#8211; 100 ML."},"content":{"rendered":"<p>Kaygan bir doku sunmaya destek olurken, yumu\u015fakl\u0131k sa\u011flamaya, kurulu\u011fu nemlendirmeye ve cildinizin gev\u015feyerek rahatlamas\u0131na yard\u0131mc\u0131 olur.<\/p>\n<p>\u00d6zel Cilt bak\u0131m jeli, cildinizi nemlendirirken rahatlat\u0131c\u0131 etkisiyle de ihtiyac\u0131n\u0131z olan konforu sa\u011flamaya,\u00a0 cildinizin nem dengesini koruyarak do\u011fal bir yumu\u015fakl\u0131k sa\u011flamaya, kurulu\u011fu nemlendirmeye ve ho\u015f his b\u0131rakmaya yard\u0131mc\u0131 olur.<\/p>\n<p><strong>Hydroxyethylcellulose<\/strong><strong> (hidroksietilsel\u00fcloz)<\/strong> sayesinde jel, cildinize uygulama s\u0131ras\u0131nda kaygan bir doku sunar, ayn\u0131 zamanda pH dengesi sa\u011flanarak cildinizin rahatlamas\u0131na yard\u0131mc\u0131 olur.<\/p>\n<p><strong>Sodium saccharin<\/strong><strong> (sodyum sakkarin),<\/strong> Cilt dostu bir form\u00fcl elde edilmesini destekler.<\/p>\n<p><strong>Aroma<\/strong><strong> ise ho\u015f bir koku b\u0131rakarak,<\/strong> her kullan\u0131mda rahatlat\u0131c\u0131 bir deneyim ya\u015faman\u0131za olanak tan\u0131r.<\/p>\n<p><strong>Sodium benzoate<\/strong><strong> (sodyum benzoat),<\/strong> \u00fcr\u00fcn\u00fcn koruyucu maddesi olarak g\u00f6rev yaparak, g\u00fcvenli ve uzun s\u00fcreli kullan\u0131m sa\u011flamaya yard\u0131mc\u0131 olur.<\/p>\n<p><strong>Nas\u0131l kullanmal\u0131y\u0131m?<br \/>\n<\/strong>Gerekli b\u00f6lgeye yeterli miktarda jel uygulay\u0131n. Nazik\u00e7e masaj yaparak e\u015fit \u015fekilde yay\u0131n.<\/p>\n","protected":false},"excerpt":{"rendered":"<p>Kaygan bir doku sunmaya destek olurken, yumu\u015fakl\u0131k sa\u011flamaya, kurulu\u011fu nemlendirmeye ve cildinizin gev\u015feyerek rahatlamas\u0131na yard\u0131mc\u0131 olur.<\/p>\n","protected":false},"featured_media":9161,"comment_status":"closed","ping_status":"closed","template":"","meta":[],"product_brand":[],"product_cat":[62],"product_tag":[182,393,394,230],"class_list":{"0":"post-9160","1":"product","2":"type-product","3":"status-publish","4":"has-post-thumbnail","6":"product_cat-cilt-bakimi","7":"product_tag-bakim","8":"product_tag-bioro","9":"product_tag-bolgesel","10":"product_tag-jel","11":"ts_product_brand-bioro","13":"first","14":"instock","15":"shipping-taxable","16":"purchasable","17":"product-type-simple"},"aioseo_notices":[],"_links":{"self":[{"href":"https:\/\/www.acvit.com.tr\/magaza\/wp-json\/wp\/v2\/product\/9160","targetHints":{"allow":["GET"]}}],"collection":[{"href":"https:\/\/www.acvit.com.tr\/magaza\/wp-json\/wp\/v2\/product"}],"about":[{"href":"https:\/\/www.acvit.com.tr\/magaza\/wp-json\/wp\/v2\/types\/product"}],"replies":[{"embeddable":true,"href":"https:\/\/www.acvit.com.tr\/magaza\/wp-json\/wp\/v2\/comments?post=9160"}],"wp:featuredmedia":[{"embeddable":true,"href":"https:\/\/www.acvit.com.tr\/magaza\/wp-json\/wp\/v2\/media\/9161"}],"wp:attachment":[{"href":"https:\/\/www.acvit.com.tr\/magaza\/wp-json\/wp\/v2\/media?parent=9160"}],"wp:term":[{"taxonomy":"product_brand","embeddable":true,"href":"https:\/\/www.acvit.com.tr\/magaza\/wp-json\/wp\/v2\/product_brand?post=9160"},{"taxonomy":"product_cat","embeddable":true,"href":"https:\/\/www.acvit.com.tr\/magaza\/wp-json\/wp\/v2\/product_cat?post=9160"},{"taxonomy":"product_tag","embeddable":true,"href":"https:\/\/www.acvit.com.tr\/magaza\/wp-json\/wp\/v2\/product_tag?post=9160"}],"curies":[{"name":"wp","href":"https:\/\/api.w.org\/{rel}","templated":true}]}}