{"id":9152,"date":"2025-03-21T11:20:29","date_gmt":"2025-03-21T08:20:29","guid":{"rendered":"https:\/\/www.acvit.com.tr\/magaza\/?post_type=product&#038;p=9152"},"modified":"2026-01-17T14:18:20","modified_gmt":"2026-01-17T11:18:20","slug":"cilt-bakim-spreyi-erkek-50-ml","status":"publish","type":"product","link":"https:\/\/www.acvit.com.tr\/magaza\/urun\/cilt-bakim-spreyi-erkek-50-ml\/","title":{"rendered":"Cilt Bak\u0131m Spreyi\u00a0&#8211; Erkek &#8211; 50 ML."},"content":{"rendered":"<p><strong>Cilt Bak\u0131m Spreyi\u00a0 &#8211; Erkek &#8211; 50 ml e<br \/>\n<\/strong>\u0130\u00e7eri\u011findeki do\u011fal bile\u015fenlerin sayesinde gerekli b\u00f6lgeye bir miktar p\u00fcsk\u00fcrt\u00fcld\u00fc\u011f\u00fcnde o b\u00f6lgenin belli bir zamanda hissedilmeyerek yat\u0131\u015fmas\u0131na yard\u0131mc\u0131 olur.<\/p>\n<p><strong>Nas\u0131l kullanmal\u0131y\u0131m?<br \/>\n<\/strong>Cilt bak\u0131m spreyini b\u00f6lgeye 3-4 defa p\u00fcsk\u00fcrtmeniz yeterli olacakt\u0131r.<\/p>\n","protected":false},"excerpt":{"rendered":"<p>\u0130\u00e7eri\u011findeki do\u011fal bile\u015fenlerin sayesinde gerekli b\u00f6lgeye bir miktar p\u00fcsk\u00fcrt\u00fcld\u00fc\u011f\u00fcnde o b\u00f6lgenin belli bir zamanda hissedilmeyerek yat\u0131\u015fmas\u0131na yard\u0131mc\u0131 olur.<\/p>\n","protected":false},"featured_media":9153,"comment_status":"closed","ping_status":"closed","template":"","meta":[],"product_brand":[],"product_cat":[15],"product_tag":[190,392,391],"class_list":{"0":"post-9152","1":"product","2":"type-product","3":"status-publish","4":"has-post-thumbnail","6":"product_cat-genel","7":"product_tag-erkek","8":"product_tag-puskurtme","9":"product_tag-sprey","10":"ts_product_brand-bioro","12":"first","13":"instock","14":"shipping-taxable","15":"purchasable","16":"product-type-simple"},"aioseo_notices":[],"_links":{"self":[{"href":"https:\/\/www.acvit.com.tr\/magaza\/wp-json\/wp\/v2\/product\/9152","targetHints":{"allow":["GET"]}}],"collection":[{"href":"https:\/\/www.acvit.com.tr\/magaza\/wp-json\/wp\/v2\/product"}],"about":[{"href":"https:\/\/www.acvit.com.tr\/magaza\/wp-json\/wp\/v2\/types\/product"}],"replies":[{"embeddable":true,"href":"https:\/\/www.acvit.com.tr\/magaza\/wp-json\/wp\/v2\/comments?post=9152"}],"wp:featuredmedia":[{"embeddable":true,"href":"https:\/\/www.acvit.com.tr\/magaza\/wp-json\/wp\/v2\/media\/9153"}],"wp:attachment":[{"href":"https:\/\/www.acvit.com.tr\/magaza\/wp-json\/wp\/v2\/media?parent=9152"}],"wp:term":[{"taxonomy":"product_brand","embeddable":true,"href":"https:\/\/www.acvit.com.tr\/magaza\/wp-json\/wp\/v2\/product_brand?post=9152"},{"taxonomy":"product_cat","embeddable":true,"href":"https:\/\/www.acvit.com.tr\/magaza\/wp-json\/wp\/v2\/product_cat?post=9152"},{"taxonomy":"product_tag","embeddable":true,"href":"https:\/\/www.acvit.com.tr\/magaza\/wp-json\/wp\/v2\/product_tag?post=9152"}],"curies":[{"name":"wp","href":"https:\/\/api.w.org\/{rel}","templated":true}]}}