{"id":9126,"date":"2025-03-20T17:35:17","date_gmt":"2025-03-20T14:35:17","guid":{"rendered":"https:\/\/www.acvit.com.tr\/magaza\/?post_type=product&#038;p=9126"},"modified":"2026-01-17T14:19:00","modified_gmt":"2026-01-17T11:19:00","slug":"amino-asitli-salisilik-asitli-cilt-temizleme-tonigi-200-ml","status":"publish","type":"product","link":"https:\/\/www.acvit.com.tr\/magaza\/urun\/amino-asitli-salisilik-asitli-cilt-temizleme-tonigi-200-ml\/","title":{"rendered":"Amino Asitli &#8211; Salisilik Asitli Cilt Temizleme Toni\u011fi \u2013 200 ML."},"content":{"rendered":"<p><iframe title=\"Amino Asitli \u2013 Salisilik Asitli Cilt Temizleme Toni\u011fi\" width=\"500\" height=\"281\" src=\"https:\/\/www.youtube.com\/embed\/2Jo8FNNZywE?feature=oembed\" frameborder=\"0\" allow=\"accelerometer; autoplay; clipboard-write; encrypted-media; gyroscope; picture-in-picture; web-share\" referrerpolicy=\"strict-origin-when-cross-origin\" allowfullscreen><\/iframe><\/p>\n<p>&nbsp;<\/p>\n<p><strong>Amino Asitli (%3) &#8211; Salisilik Asitli (%5) <\/strong><strong>Cilt Temizleme Toni\u011fi\u00a0<\/strong><\/p>\n<p><strong>Besleme &#8211; Yenileme \u2013 Ar\u0131nd\u0131rma &#8211; Ayd\u0131nlatma<\/strong><\/p>\n<p><strong>\u00a0ve Biberiye \u00d6z\u00fct\u00fc Cilt Temiz leme Toni\u011fi<\/strong><\/p>\n<p>\u0130\u00e7erdi\u011fi g\u00fc\u00e7l\u00fc bile\u015fenlerle;<\/p>\n<p>Cildi besleyerek yenilemeye,<\/p>\n<p>Nazik\u00e7e ar\u0131nd\u0131rmaya,<\/p>\n<p>Derinlemesine bak\u0131m yaparak cildin pH dengesini d\u00fczenlemeye,<\/p>\n<p>G\u00f6zenekleri ar\u0131nd\u0131rmaya,<\/p>\n<p>Ayd\u0131nl\u0131k bir g\u00f6r\u00fcn\u00fcm kazand\u0131rmaya destek olurken,<\/p>\n<p>Renk tonunu e\u015fitlemeye yard\u0131mc\u0131 olur.<\/p>\n<p><strong>\u0130\u00e7erik:<br \/>\n<\/strong>Sal\u0131cyl\u0131c Ac\u0131d<br \/>\nN\u0131ac\u0131nam\u0131de,<br \/>\nChamom\u0131lla Recut\u0131ta Flower Extract &#8211; Papatya) \u00c7i\u00e7e\u011fi \u00d6z\u00fct\u00fc,<br \/>\nAloe Barbadens\u0131s Leaf Ju\u0131ce &#8211; Aloe Vera \u00d6z\u00fct\u00fc,<br \/>\nSod\u0131um Pca,<br \/>\nRosmar\u0131nus Off\u0131c\u0131nal\u0131s Extract (Biberiye)<\/p>\n<p><strong>\u0130\u015fte bu tonik hakk\u0131nda bilmeniz gerekenler:<\/strong><\/p>\n<p><strong>Amino Asitler: Cilt Sa\u011fl\u0131\u011f\u0131n\u0131z\u0131 Destekler<\/strong><\/p>\n<p>Cilt bak\u0131m\u0131nda ise amino asitler, cilt bariyerini g\u00fc\u00e7lendirmeye, nem dengesini korumaya, cilt yenilenmesini desteleyerek cildin daha sa\u011fl\u0131kl\u0131 ve p\u00fcr\u00fczs\u00fcz g\u00f6r\u00fcnmesini sa\u011flamaya yard\u0131mc\u0131 olan cildin proteinlerinin yap\u0131 ta\u015flar\u0131 olan organik bile\u015fiklerdir.<\/p>\n<p>Amino asitler, cildin do\u011fal nem dengesini korumas\u0131na yard\u0131mc\u0131 olan \u00f6nemli bile\u015fiklerdir. Cilt bariyerinin onar\u0131lmas\u0131nda kritik bir rol oynamaya destek olarak cildin yenilenmesini te\u015fvik ederler. <strong>Sodyum PCA<\/strong> gibi amino asit t\u00fcrevleri, ciltteki nemi \u00e7ekmeye ve su kayb\u0131n\u0131 \u00f6nlemeye, b\u00f6ylece cildin daha p\u00fcr\u00fczs\u00fcz ve nemli g\u00f6r\u00fcnmesini sa\u011flamaya yard\u0131mc\u0131 olur. Amino asitler ayr\u0131ca cildin\u00a0 yenilenmesini destekler, b\u00f6ylece ya\u015flanma belirtilerine kar\u015f\u0131 etkili bir savunma mekanizmas\u0131 olu\u015fturmaya yard\u0131m eder.<\/p>\n<ol start=\"2\">\n<li><strong> Salisilik Asit: Derinlemesine Temizlik ve P\u00fcr\u00fczs\u00fczl\u00fck<\/strong><\/li>\n<\/ol>\n<p><strong>Salisilik asit<\/strong>, cilt bak\u0131m\u0131nda en yayg\u0131n kullan\u0131lan ve etkili bir <strong>beta-hidroksi asit (BHA)<\/strong> t\u00fcr\u00fcd\u00fcr. Cilde bir\u00e7ok fayda sa\u011flar, \u00f6zellikle cilt problemleri i\u00e7in etkilidir.<\/p>\n<p><strong>\u0130\u015fte salisilik asidin cilt bak\u0131m\u0131ndaki ba\u015fl\u0131ca faydalar\u0131:<\/strong><\/p>\n<p><strong>G\u00f6zenek Temizli\u011fi:<\/strong> Salisilik asit, g\u00f6zeneklerin derinliklerine inerek, biriken ya\u011f ve kirleri temizlemeye destek olur. Bu \u00f6zellik, ciltteki t\u0131kanm\u0131\u015f g\u00f6zeneklerden kaynaklanan noktalar\u0131n \u00f6nlenmesine yard\u0131mc\u0131 olur.<\/p>\n<p><strong>Cilt \u00fcstenmeyen \u00fcst tabakay\u0131 soymaya yard\u0131m eder:<\/strong> Cildin \u00fcst katman\u0131ndaki istenmeyen tabakay\u0131 nazik\u00e7e soymaya de4stek olur.\u00a0 Bu da daha taze ve p\u00fcr\u00fczs\u00fcz bir cilt y\u00fczeyi sa\u011flayabilir.<\/p>\n<p><strong>Anti-inflamatuar Etki:<\/strong> Salisilik asit, ciltteki b\u00fcy\u00fck sorunlar\u0131 gidermeye yard\u0131mc\u0131 olur.<\/p>\n<p><strong>Ya\u011f Dengelemeye Yard\u0131mc\u0131: <\/strong><strong>Ciltteki<\/strong> a\u015f\u0131r\u0131 ya\u011f\u0131 kontrol alt\u0131na almaya destek olarak, ya\u011fl\u0131 cilt tipleri i\u00e7in fayda sa\u011flar ve cildin daha mat g\u00f6r\u00fcnmesine destek olur.<\/p>\n<p><strong>Cilt Yenilemeye Destek:<\/strong> Salisilik asit, cildin yenilenmesine yard\u0131mc\u0131 olarak cilt dokusunu iyile\u015ftirmeye ve daha sa\u011fl\u0131kl\u0131 bir g\u00f6r\u00fcn\u00fcm elde edilmesine yard\u0131mc\u0131 olur.<\/p>\n<ol start=\"3\">\n<li><strong> Glyserin: Cildin Nem Dengesini Sa\u011flamaya Yard\u0131mc\u0131 Olur<\/strong><\/li>\n<\/ol>\n<p>Glyserin, cildin nemini tutarak onu yumu\u015fatmaya ve p\u00fcr\u00fczs\u00fczle\u015ftirmeye destek olur. Bu do\u011fal nemlendirici, cilt bariyerinin g\u00fc\u00e7lenmesine de yard\u0131m ederek daha sa\u011fl\u0131kl\u0131 ve elastik g\u00f6r\u00fcnmesine yard\u0131mc\u0131 olur.\u00a0 Ayr\u0131ca, <strong>Hexylene Glycol<\/strong> gibi maddelerle birlikte, ciltteki fazla ya\u011f\u0131 dengelemeye destek olarak cildin kurumas\u0131n\u0131 engelleyebilir.<\/p>\n<ol start=\"4\">\n<li><strong> Do\u011fal Bitki \u00d6zleri: Cildinizi Sakinle\u015ftirmeye ve Beslemeye Destek Olur<\/strong><\/li>\n<\/ol>\n<p><strong>Chamomilla Recutita (Papatya) \u00c7i\u00e7e\u011fi \u00d6z\u00fct\u00fc<\/strong> ve <strong>Rosmarinus Officinalis (Rosemary) Ekstresi<\/strong>, cildi yat\u0131\u015ft\u0131rmaya destek olma \u00f6zelli\u011fine sahip do\u011fal bile\u015fiklerdir. Papatya, anti-inflamatuar \u00f6zellikleri ile bilinir ve cilt sorunlar\u0131n\u0131 azaltmaya destek olarak cildin sakinle\u015fmesine yard\u0131mc\u0131 olur. <strong>Rosemary<\/strong> ise g\u00fc\u00e7l\u00fc antioksidan \u00f6zellikleri sayesinde cildi serbest radikallere kar\u015f\u0131 korumaya ve ya\u015flanma etkilerini geciktirmeye yard\u0131mc\u0131 olur.<\/p>\n<ol start=\"5\">\n<li><strong> Aloe Vera: Ciltte Derin Nem ve Yenilenmeye Yard\u0131mc\u0131<\/strong><\/li>\n<\/ol>\n<p><strong>Aloe Barbadensis Leaf Juice (Aloe Vera \u00d6z\u00fct\u00fc)<\/strong>, cilt bak\u0131m\u0131nda s\u0131kl\u0131kla kullan\u0131lan bir di\u011fer m\u00fckemmel bile\u015fendir. Aloe vera, cildi derinlemesine nemlendirmeye, cildi iyile\u015ftirmeye ve sorunlar\u0131 gidermeye destek olur. Ayn\u0131 zamanda cildin yenilenmesini destekleyerek, sa\u011fl\u0131kl\u0131 ve taze bir g\u00f6r\u00fcn\u00fcm sa\u011flamaya yard\u0131mc\u0131 o0lur.<\/p>\n<ol start=\"6\">\n<li><strong> pH ve Cilt Dengesini Korumak<\/strong><\/li>\n<\/ol>\n<p>Bu temizleme tonik, <strong>Poloxamer 184<\/strong>, <strong>Disodyum Cocoamphodiiacetate<\/strong> ve <strong>Polyaminopropyl Biguanide<\/strong> gibi bile\u015fenler i\u00e7erir. Bu bile\u015fenler, ciltte kimyasal birikimlere neden olmadan nazik\u00e7e temizlik sa\u011flamaya destek olur. Cilt pH&#8217;\u0131n\u0131 dengelemeye yard\u0131mc\u0131 olur, b\u00f6ylece ciltteki asidik ve bazik dengeyi sa\u011flayabilirsiniz.<\/p>\n<ol start=\"7\">\n<li><strong> Niacinamide: Cilt Tonunu E\u015fitleme ve Ayd\u0131nlatmaya Destek<\/strong><\/li>\n<\/ol>\n<p><strong>Niacinamide (B3 Vitamini)<\/strong>, cilt tonunu e\u015fitlemeye, cilt bariyerini g\u00fc\u00e7lendirmeye ve ince \u00e7izgilerin g\u00f6r\u00fcn\u00fcm\u00fcn\u00fc azaltmaya destek olan g\u00fc\u00e7l\u00fc bir bile\u015fendir. Cildin daha ayd\u0131nl\u0131k ve e\u015fit tonlu g\u00f6r\u00fcnmesini sa\u011flamaya yard\u0131mc\u0131 olur.<\/p>\n<ol start=\"8\">\n<li><strong> Sodyum EDTA: \u00dcr\u00fcn Stabilitesini Art\u0131rmaya Destek <\/strong><\/li>\n<\/ol>\n<p><strong>Disodyum EDTA<\/strong>, form\u00fclasyonun stabilitesini art\u0131rarak aktif bile\u015fenlerin etkinli\u011fini destekler. Ayn\u0131 zamanda, ciltteki kir ve toksinlerin temizlenmesine yard\u0131mc\u0131 olur ve cilt \u00fczerindeki yabanc\u0131 maddelerin birikmesini engellemeye yard\u0131mc\u0131 olur.<\/p>\n<p><strong><u>Nas\u0131l Kullanmal\u0131y\u0131m?<\/u><\/strong><\/p>\n<ol>\n<li><strong>Y\u00fcz\u00fcn\u00fcz\u00fc Temizleyin:<\/strong> Nazik bir temizleyiciyle cildinizi ar\u0131nd\u0131r\u0131n.<\/li>\n<li><strong>Pamuk Pedine Uygulay\u0131n:<\/strong> Toni\u011fi bir pamuklu padi d\u00f6k\u00fcn.<\/li>\n<li><strong>Y\u00fcz\u00fcn\u00fcze Uygulay\u0131n:<\/strong> Toni\u011fi y\u00fcz\u00fcn\u00fcze nazik\u00e7e, g\u00f6z \u00e7evresinden ka\u00e7\u0131narak uygulay\u0131n.<\/li>\n<li><strong>Kurumas\u0131n\u0131 Bekleyin:<\/strong> Toni\u011fin cildiniz taraf\u0131ndan emilmesine izin verin.<\/li>\n<li><strong>Devam Edin:<\/strong> Nemlendirici veya serum ile bak\u0131m\u0131n\u0131z\u0131 tamamlay\u0131n.<\/li>\n<\/ol>\n<p><strong>Kullan\u0131m S\u0131kl\u0131\u011f\u0131:<\/strong> G\u00fcnde 1-2 kez, sabah veya ak\u015fam kullanabilirsiniz.<\/p>\n<p>https:\/\/www.tiktok.com\/tiktokstudio\/content<\/p>\n","protected":false},"excerpt":{"rendered":"<p><strong>Amino Asitli (%3) &#8211; Salisilik Asitli (%5) <\/strong><strong>Cilt Temizleme Toni\u011fi\u00a0<\/strong><\/p>\n<p><strong>Besleme &#8211; Yenileme \u2013 Ar\u0131nd\u0131rma &#8211; Ayd\u0131nlatma<\/strong><\/p>\n<p><strong>Salisilik Asitli, Amino Asitli, <\/strong><strong>Niacinamide,Papatya \u00c7i\u00e7e\u011fi \u00d6z\u00fct\u00fc,Aloe Vera \u00d6z\u00fct\u00fc ve Biberiye \u00d6z\u00fct\u00fc Cilt Temiz leme Toni\u011fi <\/strong><strong>\u0130\u00e7erdi\u011fi g\u00fc\u00e7l\u00fc bile\u015fenlerle;<\/strong><\/p>\n<p>Cildi besleyerek yenilemeye,<br \/>\nNazik\u00e7e ar\u0131nd\u0131rmaya,<br \/>\nDerinlemesine bak\u0131m yaparak cildin pH dengesini d\u00fczenlemeye,<br \/>\nG\u00f6zenekleri ar\u0131nd\u0131rmaya,<br \/>\nAyd\u0131nl\u0131k bir g\u00f6r\u00fcn\u00fcm kazand\u0131rmaya destek olurken,<br \/>\nRenk tonunu e\u015fitlemeye yard\u0131mc\u0131 olur.<\/p>\n","protected":false},"featured_media":9137,"comment_status":"closed","ping_status":"closed","template":"","meta":[],"product_brand":[],"product_cat":[62],"product_tag":[384,382,378,379,376,181,217,370,385,383,381,380,377],"class_list":{"0":"post-9126","1":"product","2":"type-product","3":"status-publish","4":"has-post-thumbnail","6":"product_cat-cilt-bakimi","7":"product_tag-aloe-vera-ozutu","8":"product_tag-amino-asitli","9":"product_tag-arindirma","10":"product_tag-aydinlatma","11":"product_tag-besleme","12":"product_tag-cilt","13":"product_tag-ciltbakim","14":"product_tag-niacinamide","15":"product_tag-papatya","16":"product_tag-papatya-cicegi-ozutu","17":"product_tag-salisilik-asitli","18":"product_tag-tonik","19":"product_tag-yenileme","20":"ts_product_brand-acvit","22":"first","23":"instock","24":"shipping-taxable","25":"purchasable","26":"product-type-simple"},"aioseo_notices":[],"_links":{"self":[{"href":"https:\/\/www.acvit.com.tr\/magaza\/wp-json\/wp\/v2\/product\/9126","targetHints":{"allow":["GET"]}}],"collection":[{"href":"https:\/\/www.acvit.com.tr\/magaza\/wp-json\/wp\/v2\/product"}],"about":[{"href":"https:\/\/www.acvit.com.tr\/magaza\/wp-json\/wp\/v2\/types\/product"}],"replies":[{"embeddable":true,"href":"https:\/\/www.acvit.com.tr\/magaza\/wp-json\/wp\/v2\/comments?post=9126"}],"wp:featuredmedia":[{"embeddable":true,"href":"https:\/\/www.acvit.com.tr\/magaza\/wp-json\/wp\/v2\/media\/9137"}],"wp:attachment":[{"href":"https:\/\/www.acvit.com.tr\/magaza\/wp-json\/wp\/v2\/media?parent=9126"}],"wp:term":[{"taxonomy":"product_brand","embeddable":true,"href":"https:\/\/www.acvit.com.tr\/magaza\/wp-json\/wp\/v2\/product_brand?post=9126"},{"taxonomy":"product_cat","embeddable":true,"href":"https:\/\/www.acvit.com.tr\/magaza\/wp-json\/wp\/v2\/product_cat?post=9126"},{"taxonomy":"product_tag","embeddable":true,"href":"https:\/\/www.acvit.com.tr\/magaza\/wp-json\/wp\/v2\/product_tag?post=9126"}],"curies":[{"name":"wp","href":"https:\/\/api.w.org\/{rel}","templated":true}]}}