{"id":9115,"date":"2025-03-20T16:59:16","date_gmt":"2025-03-20T13:59:16","guid":{"rendered":"https:\/\/www.acvit.com.tr\/magaza\/?post_type=product&#038;p=9115"},"modified":"2026-01-17T14:19:10","modified_gmt":"2026-01-17T11:19:10","slug":"glikolik-asitli-5-cilt-temizleme-tonigi-200-ml","status":"publish","type":"product","link":"https:\/\/www.acvit.com.tr\/magaza\/urun\/glikolik-asitli-5-cilt-temizleme-tonigi-200-ml\/","title":{"rendered":"Glikolik Asitli Cilt Temizleme Toni\u011fi \u2013 200 ML."},"content":{"rendered":"<p><strong>Ar\u0131nd\u0131rma \u2013 Yenileyerek Tazeleme \u2013 Ton E\u015fitleme\u00a0 \/ <\/strong><strong>Ya\u011fl\u0131 Cilt, Karma Cilt ve Kuru Ciltler<\/strong><\/p>\n<p><strong>Glikolik Asit(%5),<\/strong><strong> Niacinamide<\/strong><strong>, Papatya \u00c7i\u00e7e\u011fi \u00d6z\u00fct\u00fc ve Rosemary(Biberiye) \u00d6z\u00fct\u00fc <\/strong><strong>Cilt Temizleme Toni\u011fi<\/strong><\/p>\n<p><strong>\u0130\u00e7eri\u011findeki bitki \u00f6zleri sayesinde; <\/strong><\/p>\n<p>\u00d6l\u00fc derilerden ar\u0131nd\u0131rmaya,<\/p>\n<p>G\u00f6zeneklerin olu\u015fmas\u0131n\u0131 \u00f6nlemeye, s\u0131k\u0131la\u015ft\u0131rmaya ve k\u0131r\u0131\u015f\u0131klar\u0131 azaltma,<\/p>\n<p>Makyaj kal\u0131nt\u0131lardan cildi nazik\u00e7e temizlemeye,<\/p>\n<p>Canl\u0131l\u0131k, ferahl\u0131k vererek cildi tazelemeye yard\u0131mc\u0131 olur.<\/p>\n<p><strong>\u0130\u00e7erik: <\/strong><\/p>\n<p>Glycol\u0131c Ac\u0131d,<br \/>\nN\u0131ac\u0131nam\u0131de,<br \/>\nAloe Barbadens\u0131s Leaf Ju\u0131ce,<br \/>\nRosmar\u0131nus Off\u0131c\u0131nal\u0131s Extract,<br \/>\nSod\u0131um Pca,<br \/>\nChamom\u0131lla Recut\u0131ta Flower Extract,<\/p>\n<p><strong>\u0130\u015fte her bir bile\u015fenin k\u0131sa a\u00e7\u0131klamalar\u0131:<\/strong><\/p>\n<ol>\n<li><strong>Glycolic Acid<\/strong>: AHA (Alpha Hydroxy Acid) s\u0131n\u0131f\u0131na ait bir asittir. Ciltteki \u00fcst tabakadaki istenmeyen k\u0131sm\u0131 soymaya destek olarak cildin yenilenmesini h\u0131zland\u0131rmaya, daha p\u00fcr\u00fczs\u00fcz, \u0131\u015f\u0131lt\u0131l\u0131 ve parlak bir cilt g\u00f6r\u00fcn\u00fcm\u00fc sa\u011flamaya yard\u0131mc\u0131 olur. K\u0131sacas\u0131, glikolik asit, cildin yenilenmesine ve canlanmas\u0131na yard\u0131mc\u0131 olan bir bile\u015fendir.<\/li>\n<li><strong>Niacinamide<\/strong>: Cilt tonunu e\u015fitlemeye, cilt bariyerini g\u00fc\u00e7lendirmeye ve ince \u00e7izgileri hafifletmeye yard\u0131mc\u0131 olur.<\/li>\n<li><strong>Poloxamer 184<\/strong>: Y\u00fczey aktif bir madde olup, ciltteki kir ve ya\u011f\u0131 temizlemeye yard\u0131mc\u0131 olur.<\/li>\n<li><strong>Glycerin<\/strong>: Nemlendirici bir bile\u015fen olup, cildi nemlendirmeye, suyu ciltte tutmaya destek olarak yumu\u015fakl\u0131k sa\u011flamaya yard\u0131mc\u0131 olur.<\/li>\n<li><strong>Hexylene Glycol<\/strong>: Nemlendirici \u00f6zellik g\u00f6sterir, \u00fcr\u00fcn\u00fcn etkinli\u011fini art\u0131rmaya destek olarak ciltteki fazla ya\u011f\u0131 dengelemeye yard\u0131mc\u0131 olur.<\/li>\n<li><strong>Sodium PCA<\/strong>: Cildin nem dengesini korumaya, suyu cilde \u00e7ekmeye ve tutmaya, cildin yumu\u015fak ve elastik olmas\u0131na yard\u0131mc\u0131 olur.<\/li>\n<li><strong>Disodium Cocoamphodiiacetate<\/strong>: Nazik bir temizleyici bile\u015fendir, cildin kir ve fazla ya\u011fdan ar\u0131nd\u0131r\u0131lmas\u0131na yard\u0131mc\u0131 olur.<\/li>\n<li><strong>Chamomilla Recutita Flower Extract (Papatya \u00c7i\u00e7e\u011fi \u00d6z\u00fct\u00fc)<\/strong>: Cildi yat\u0131\u015ft\u0131rmaya, anti-inflamatuar \u00f6zelliklere sahip olup, cilt sorunlar\u0131na detek olarak rahatlatmaya yard\u0131mc\u0131 olur.<\/li>\n<li><strong>Aloe Barbadensis Leaf Juice (Aloe Vera \u00d6z\u00fct\u00fc)<\/strong>: Cildi nemlendirmeye, cildi yenilemeye ve cildi sakinle\u015ftirmeye yard\u0131mc\u0131 olur.<\/li>\n<li><strong>Rosmarinus Officinalis Extract (Rosemary \u00d6z\u00fct\u00fc)<\/strong>: Antioksidan \u00f6zelliklere sahiptir, cildi serbest radikallerden korumaya ve ya\u015flanma kar\u015f\u0131t\u0131 etkiler ortaya koymaya yard\u0131mc\u0131 olur.<\/li>\n<\/ol>\n<p><strong>Nas\u0131l Kullanmal\u0131y\u0131m?<\/strong><\/p>\n<ol>\n<li><strong>Y\u00fcz\u00fcn\u00fcz\u00fc Temizleyin:<\/strong> Nazik bir temizleyici ile y\u00fcz\u00fcn\u00fczdeki makyaj ve kirden ar\u0131n\u0131n.<\/li>\n<li><strong>Pamuk Pedine Uygulay\u0131n:<\/strong> Toni\u011fi bir pamuklu padi d\u00f6k\u00fcn.<\/li>\n<li><strong>Nazik\u00e7e Uygulay\u0131n:<\/strong> Pamuklu pedi y\u00fcz\u00fcn\u00fcze, \u00f6zellikle T b\u00f6lgesine (al\u0131n, burun, \u00e7ene) nazik\u00e7e uygulay\u0131n. G\u00f6z \u00e7evresinden ka\u00e7\u0131n\u0131n.<\/li>\n<li><strong>Kurumas\u0131n\u0131 Bekleyin:<\/strong> Toni\u011fi uygulad\u0131ktan sonra cildinizin emmesini bekleyin.<\/li>\n<li><strong>Devam Edin:<\/strong> Cilt bak\u0131m rutininize nemlendirici veya serum ile devam edin.<\/li>\n<\/ol>\n<p><strong>Kullan\u0131m S\u0131kl\u0131\u011f\u0131:<\/strong> \u0130lk ba\u015fta, <strong>g\u00fcnde 1 kez<\/strong> (ak\u015fam) kullanarak cildinize al\u0131\u015fmas\u0131n\u0131 sa\u011flay\u0131n. Zamanla, cildinizin tolerans\u0131na g\u00f6re <strong>g\u00fcnde 2 kez<\/strong> (sabah-ak\u015fam) kullanabilirsiniz.<\/p>\n<p><strong>Uyar\u0131:<\/strong> Glikolik asit cildin g\u00fcne\u015fe kar\u015f\u0131 hassasiyetini art\u0131rabilir, bu y\u00fczden g\u00fcnd\u00fcz kullan\u0131yorsan\u0131z mutlaka g\u00fcne\u015f koruyucu kullanman\u0131z\u0131 tavsiye deriz.<\/p>\n<p><iframe title=\"Glikolik Asitli Cilt Temizleme Toni\u011fi \u2013 200 ML.\" width=\"500\" height=\"281\" src=\"https:\/\/www.youtube.com\/embed\/ooFVnp07Atw?feature=oembed\" frameborder=\"0\" allow=\"accelerometer; autoplay; clipboard-write; encrypted-media; gyroscope; picture-in-picture; web-share\" referrerpolicy=\"strict-origin-when-cross-origin\" allowfullscreen><\/iframe><\/p>\n<p>&nbsp;<\/p>\n<p>&nbsp;<\/p>\n","protected":false},"excerpt":{"rendered":"<p><strong>Ar\u0131nd\u0131rma \u2013 Yenileyerek Tazeleme \u2013 Ton E\u015fitleme\u00a0<\/strong><\/p>\n<p><strong>Glikolik Asit,<\/strong><strong> Niacinamide<\/strong><strong>, Papatya \u00c7i\u00e7e\u011fi \u00d6z\u00fct\u00fc ve Rosemary(Biberiye) \u00d6z\u00fct\u00fc <\/strong><strong>Cilt Temizleme Toni\u011fi<\/strong><\/p>\n<p><strong>\u0130\u00e7eri\u011findeki bitki \u00f6zleri sayesinde;<br \/>\n<\/strong>\u00d6l\u00fc derilerden ar\u0131nd\u0131rmaya,<br \/>\nG\u00f6zeneklerin olu\u015fmas\u0131n\u0131 \u00f6nlemeye, s\u0131k\u0131la\u015ft\u0131rmaya ve k\u0131r\u0131\u015f\u0131klar\u0131 azaltma,<br \/>\nMakyaj kal\u0131nt\u0131lardan cildi nazik\u00e7e temizlemeye,<br \/>\nCanl\u0131l\u0131k, ferahl\u0131k vererek cildi tazelemeye yard\u0131mc\u0131 olur.<\/p>\n","protected":false},"featured_media":9116,"comment_status":"closed","ping_status":"closed","template":"","meta":[],"product_brand":[],"product_cat":[62],"product_tag":[251,182,181,369,374,375,370,371,372,373],"class_list":{"0":"post-9115","1":"product","2":"type-product","3":"status-publish","4":"has-post-thumbnail","6":"product_cat-cilt-bakimi","7":"product_tag-arindirici","8":"product_tag-bakim","9":"product_tag-cilt","10":"product_tag-glikolik-asit","11":"product_tag-karma-cilt","12":"product_tag-kuru-ciltler","13":"product_tag-niacinamide","14":"product_tag-toinik","15":"product_tag-ton-esitleme","16":"product_tag-yagli-cilt","17":"ts_product_brand-acvit","19":"first","20":"instock","21":"shipping-taxable","22":"purchasable","23":"product-type-simple"},"aioseo_notices":[],"_links":{"self":[{"href":"https:\/\/www.acvit.com.tr\/magaza\/wp-json\/wp\/v2\/product\/9115","targetHints":{"allow":["GET"]}}],"collection":[{"href":"https:\/\/www.acvit.com.tr\/magaza\/wp-json\/wp\/v2\/product"}],"about":[{"href":"https:\/\/www.acvit.com.tr\/magaza\/wp-json\/wp\/v2\/types\/product"}],"replies":[{"embeddable":true,"href":"https:\/\/www.acvit.com.tr\/magaza\/wp-json\/wp\/v2\/comments?post=9115"}],"wp:featuredmedia":[{"embeddable":true,"href":"https:\/\/www.acvit.com.tr\/magaza\/wp-json\/wp\/v2\/media\/9116"}],"wp:attachment":[{"href":"https:\/\/www.acvit.com.tr\/magaza\/wp-json\/wp\/v2\/media?parent=9115"}],"wp:term":[{"taxonomy":"product_brand","embeddable":true,"href":"https:\/\/www.acvit.com.tr\/magaza\/wp-json\/wp\/v2\/product_brand?post=9115"},{"taxonomy":"product_cat","embeddable":true,"href":"https:\/\/www.acvit.com.tr\/magaza\/wp-json\/wp\/v2\/product_cat?post=9115"},{"taxonomy":"product_tag","embeddable":true,"href":"https:\/\/www.acvit.com.tr\/magaza\/wp-json\/wp\/v2\/product_tag?post=9115"}],"curies":[{"name":"wp","href":"https:\/\/api.w.org\/{rel}","templated":true}]}}