{"id":8812,"date":"2024-10-04T16:01:35","date_gmt":"2024-10-04T13:01:35","guid":{"rendered":"https:\/\/www.acvit.com.tr\/magaza\/?post_type=product&#038;p=8812"},"modified":"2026-01-17T14:19:31","modified_gmt":"2026-01-17T11:19:31","slug":"sac-bakim-botoxu-250-ml-kadin","status":"publish","type":"product","link":"https:\/\/www.acvit.com.tr\/magaza\/urun\/sac-bakim-botoxu-250-ml-kadin\/","title":{"rendered":"I\u015f\u0131lt\u0131l\u0131, Dolgun ve Besleyici Sa\u00e7lar \u0130\u00e7in Bak\u0131m Kremi &#8211; 250 ML \u2013 Kad\u0131n"},"content":{"rendered":"<p><strong>SA\u00c7 BAKIM BOTOXU &#8211; 250 ML. \u2013 KADIN \u2013\u00a0 \u201cModern sa\u00e7 bak\u0131m\u0131\u201d<\/strong><\/p>\n<p><strong>Geli\u015fmi\u015f Sa\u00e7 Bak\u0131m\u0131 \u0130\u00e7in \u00dcst\u00fcn Form\u00fcl: Kolajen, Argan Ya\u011f\u0131, Keratin ve Bu\u011fday Proteini ve bir\u00e7ok etkin bile\u015feniyle sizi <\/strong>modern sa\u00e7 bak\u0131m\u0131yla tan\u0131\u015ft\u0131r\u0131yoruz.<\/p>\n<p>Sa\u00e7 bak\u0131m\u0131na y\u00f6nelik geli\u015ftirdi\u011fimiz bu \u00f6zel form\u00fcl, sa\u00e7\u0131n\u0131z\u0131n sa\u011fl\u0131\u011f\u0131n\u0131, g\u00fcc\u00fcn\u00fc ve parlakl\u0131\u011f\u0131n\u0131 art\u0131rmak i\u00e7in do\u011fan\u0131n en etkili bile\u015fenlerini bir araya getiriyor.<\/p>\n<p>\u0130\u00e7eri\u011finde bulunan <strong>Kolajen, Argan Ya\u011f\u0131, Keratin ve Bu\u011fday Proteini<\/strong>, sa\u00e7\u0131n\u0131za derinlemesine bak\u0131m yaparak yeniden yap\u0131land\u0131r\u0131lmas\u0131na yard\u0131mc\u0131 olur.<\/p>\n<p><strong>\u0130\u015fte bu etkili bile\u015fenlerin sa\u00e7\u0131n\u0131za nas\u0131l fayda sa\u011flad\u0131\u011f\u0131:<\/strong><\/p>\n<p><strong>Kolajen:<\/strong> Sa\u00e7\u0131n yap\u0131sal b\u00fct\u00fcnl\u00fc\u011f\u00fcn\u00fc g\u00fc\u00e7lendirmeye ve elastikiyetini artt\u0131rmaya yard\u0131mc\u0131 olur. Kolajen, sa\u00e7\u0131 i\u00e7ten d\u0131\u015fa besleyerek k\u0131r\u0131lmalar\u0131 \u00f6nlemeye ve sa\u011fl\u0131kl\u0131 bir g\u00f6r\u00fcn\u00fcm kazand\u0131rmaya yard\u0131m ederken, ayn\u0131 zamanda sa\u00e7\u0131n nem dengesini koruyarak, kuruma ve cans\u0131zla\u015fma sorunlar\u0131n\u0131 azaltabilir.<\/p>\n<p><strong>Argan Ya\u011f\u0131:<\/strong> Do\u011fal nemlendirici \u00f6zellikleriyle bilinen Argan Ya\u011f\u0131, sa\u00e7\u0131 besleyerek canland\u0131rmaya yard\u0131mc\u0131 olur. Y\u00fcksek miktarda E vitamini i\u00e7eren Argan Ya\u011f\u0131, sa\u00e7\u0131n p\u00fcr\u00fczs\u00fczl\u00fc\u011f\u00fcn\u00fc art\u0131r\u0131rken, k\u0131r\u0131klar\u0131 onarmaya ve sa\u00e7\u0131 d\u0131\u015f etmenlere kar\u015f\u0131 korumaya, ayr\u0131ca sa\u00e7\u0131n daha yumu\u015fak ve parlak olmas\u0131n\u0131 sa\u011flamaya yard\u0131m eder.<\/p>\n<p><strong>Keratin:<\/strong> Sa\u00e7\u0131n ana yap\u0131 ta\u015f\u0131 olan Keratin, zay\u0131flam\u0131\u015f ve y\u0131pranm\u0131\u015f sa\u00e7lar\u0131 onarmaya ve g\u00fc\u00e7lendirmeye yard\u0131mc\u0131 olur. Keratin, sa\u00e7\u0131 derinlemesine besleyerek hacmini artt\u0131rmaya, k\u0131r\u0131lmalar\u0131n\u0131 \u00f6nlemeye ve do\u011fal bir parlakl\u0131k sa\u011flamaya yard\u0131mc\u0131 olur.<\/p>\n<p><strong>Bu\u011fday Proteini:<\/strong> Sa\u00e7\u0131n protein ihtiyac\u0131n\u0131 kar\u015f\u0131layarak g\u00fc\u00e7lendirmeye yard\u0131mc\u0131 olur. Sa\u00e7 tellerinin incelmesini ve zay\u0131flamas\u0131n\u0131 engellemeye yard\u0131mc\u0131 olur. Sa\u00e7\u0131n daha dolgun ve sa\u011fl\u0131kl\u0131 g\u00f6r\u00fcnmesini sa\u011flayarak, nem dengesini d\u00fczenleyerek kuru ve mat sa\u00e7lar\u0131 canland\u0131rmaya yard\u0131mc\u0131 olur.<\/p>\n<p>Bu 4 g\u00fc\u00e7l\u00fc bile\u015fenin birle\u015fimiyle sa\u00e7lar\u0131n\u0131z\u0131 sadece d\u0131\u015far\u0131dan de\u011fil, i\u00e7eriden de beslemeye ve g\u00fc\u00e7lendirmeye yard\u0131mc\u0131 olur. D\u00fczenli kullan\u0131mla sa\u00e7\u0131n do\u011fal yap\u0131s\u0131 iyile\u015ftirmeye, k\u0131r\u0131lma ve d\u00f6k\u00fclme oran\u0131nda azalmaya, daha canl\u0131 ve sa\u011fl\u0131kl\u0131 sa\u00e7lara sahip olman\u0131za yard\u0131mc\u0131 olur.<\/p>\n<p>Bu yeni ve e\u015fsiz form\u00fcl, modern sa\u00e7 bak\u0131m\u0131na dair bilimsel yakla\u015f\u0131m ile geleneksel do\u011fal i\u00e7erikleri m\u00fckemmel bir \u015fekilde harmanlayarak, sa\u00e7lar\u0131n\u0131z i\u00e7in en etkili ve g\u00fcvenilir \u00e7\u00f6z\u00fcm\u00fc sunuyor. Sa\u00e7 bak\u0131m rutininizin bir par\u00e7as\u0131 haline getirdi\u011finizde, sa\u00e7\u0131 her a\u00e7\u0131dan beslemeye ve yenilemeye, sa\u011fl\u0131kl\u0131 bir g\u00f6r\u00fcn\u00fcm i\u00e7in \u00e7\u00f6z\u00fcm sa\u011flamaya yard\u0131mc\u0131 olur.<\/p>\n<p><strong>Modern Sa\u00e7 Bak\u0131m Botoxu,<\/strong><\/p>\n<p>K\u0131v\u0131rc\u0131k sa\u00e7lar\u0131n a\u00e7\u0131lmas\u0131na, tarama kolayl\u0131\u011f\u0131 sa\u011flamaya, sa\u00e7taki elektriklenmeyi gidermeye ve k\u0131r\u0131larak d\u00f6k\u00fclmeleri \u00f6nlemeye de yard\u0131mc\u0131 olur.<\/p>\n<p><strong>Kullan\u0131m \u015eekli:\u00a0<\/strong>Sa\u00e7lar\u0131n\u0131z\u0131n diplerine kadar iyice yedirdikten sonra uca do\u011fru masaj yaparak uygulay\u0131n\u0131z. \u00d6ylece kals\u0131n. Gece uygulay\u0131p sabaha kadarda bak\u0131m yapmas\u0131n\u0131 sa\u011flayabilirsiniz. (Her sa\u00e7 tipine uygundur)<\/p>\n<p><iframe title=\"Yenilenerek de\u011fi\u015fimi yakalamak isteyenler\" width=\"500\" height=\"281\" src=\"https:\/\/www.youtube.com\/embed\/RH9YZXYUuVc?feature=oembed\" frameborder=\"0\" allow=\"accelerometer; autoplay; clipboard-write; encrypted-media; gyroscope; picture-in-picture; web-share\" referrerpolicy=\"strict-origin-when-cross-origin\" allowfullscreen><\/iframe><\/p>\n","protected":false},"excerpt":{"rendered":"<p><strong>Geli\u015fmi\u015f Sa\u00e7 Bak\u0131m\u0131 \u0130\u00e7in \u00dcst\u00fcn Form\u00fcl: Kolajen, Argan Ya\u011f\u0131, Keratin ve Bu\u011fday Proteini ve bir\u00e7ok etkin bile\u015feniyle sizi modern sa\u00e7 bak\u0131m\u0131yla tan\u0131\u015ft\u0131r\u0131yoruz.<\/strong><\/p>\n","protected":false},"featured_media":8813,"comment_status":"open","ping_status":"closed","template":"","meta":[],"product_brand":[],"product_cat":[75],"product_tag":[257,361,182,368,198],"class_list":{"0":"post-8812","1":"product","2":"type-product","3":"status-publish","4":"has-post-thumbnail","6":"product_cat-sac-bakimi","7":"product_tag-acvit","8":"product_tag-acvitkozmetik","9":"product_tag-bakim","10":"product_tag-botox","11":"product_tag-sac","12":"ts_product_brand-acvit","14":"first","15":"instock","16":"shipping-taxable","17":"purchasable","18":"product-type-simple"},"aioseo_notices":[],"_links":{"self":[{"href":"https:\/\/www.acvit.com.tr\/magaza\/wp-json\/wp\/v2\/product\/8812","targetHints":{"allow":["GET"]}}],"collection":[{"href":"https:\/\/www.acvit.com.tr\/magaza\/wp-json\/wp\/v2\/product"}],"about":[{"href":"https:\/\/www.acvit.com.tr\/magaza\/wp-json\/wp\/v2\/types\/product"}],"replies":[{"embeddable":true,"href":"https:\/\/www.acvit.com.tr\/magaza\/wp-json\/wp\/v2\/comments?post=8812"}],"wp:featuredmedia":[{"embeddable":true,"href":"https:\/\/www.acvit.com.tr\/magaza\/wp-json\/wp\/v2\/media\/8813"}],"wp:attachment":[{"href":"https:\/\/www.acvit.com.tr\/magaza\/wp-json\/wp\/v2\/media?parent=8812"}],"wp:term":[{"taxonomy":"product_brand","embeddable":true,"href":"https:\/\/www.acvit.com.tr\/magaza\/wp-json\/wp\/v2\/product_brand?post=8812"},{"taxonomy":"product_cat","embeddable":true,"href":"https:\/\/www.acvit.com.tr\/magaza\/wp-json\/wp\/v2\/product_cat?post=8812"},{"taxonomy":"product_tag","embeddable":true,"href":"https:\/\/www.acvit.com.tr\/magaza\/wp-json\/wp\/v2\/product_tag?post=8812"}],"curies":[{"name":"wp","href":"https:\/\/api.w.org\/{rel}","templated":true}]}}