{"id":8761,"date":"2024-09-23T18:27:16","date_gmt":"2024-09-23T15:27:16","guid":{"rendered":"https:\/\/www.acvit.com.tr\/magaza\/?post_type=product&#038;p=8761"},"modified":"2026-05-16T16:19:16","modified_gmt":"2026-05-16T13:19:16","slug":"yagli-saclar-icin-bakim-sampuani-350-ml-dogal-unisex","status":"publish","type":"product","link":"https:\/\/www.acvit.com.tr\/magaza\/urun\/yagli-saclar-icin-bakim-sampuani-350-ml-dogal-unisex\/","title":{"rendered":"Ya\u011fl\u0131 Sa\u00e7lar \u0130\u00e7in PH Dengelemeye Yard\u0131mc\u0131 Do\u011fal Bak\u0131m \u015eampuan\u0131 \u2013 330 Ml. \u2013 Do\u011fal &#8211; Unisex"},"content":{"rendered":"<h2><strong>Ya\u011fl\u0131 sa\u00e7lara kar\u015f\u0131 etkili \u00f6zel sa\u00e7 bak\u0131m \u015fampuan\u0131 \u2013 g\u00fc\u00e7l\u00fc form\u00fcl\/ g\u00fc\u00e7l\u00fc etki<\/strong><\/h2>\n<p><strong>Sa\u00e7 derisindeki sebum \u00fcretim dengesini sa\u011flayarak ya\u011fl\u0131 sa\u00e7lardan ar\u0131nd\u0131rmaya yard\u0131mc\u0131 olur.<\/strong><\/p>\n<p>\u0130\u00e7eri\u011finde bulunan,<\/p>\n<p><strong>Chamomilla Recutita Flower Extract<\/strong> \u2013 Papatya Ya\u011f\u0131<br \/>\n<strong>Nigella Sativa Seed Extract<\/strong> \u2013 \u00c7\u00f6rek Otu Ya\u011f\u0131<br \/>\n<strong>Triticum Vulgare Germ Oil<\/strong> \u2013 Bu\u011fday Ya\u011f\u0131<br \/>\n<strong>Allantoin<br \/>\nPanax Ginseng\u00a0<\/strong><\/p>\n<p>\u0130\u00e7erindeki do\u011fal hammaddeler sayesinde pH ve sa\u00e7 derisindeki sebum \u00fcretim dengesini sa\u011flayarak ya\u011fl\u0131 sa\u00e7lardan ar\u0131nd\u0131rmaya, dolgun, ipeksi ve temiz bir sa\u00e7a sahip olman\u0131za yard\u0131mc\u0131 olur.<\/p>\n<p><strong>Ya\u011fl\u0131 Sa\u00e7lara Kar\u015f\u0131 Etkili Do\u011fal Bak\u0131m: \u015eampuan\u0131n G\u00fc\u00e7l\u00fc Form\u00fcl\u00fc<\/strong><\/p>\n<p>Ya\u011fl\u0131 sa\u00e7lar, sebum \u00fcretiminin fazla oldu\u011fu ve sa\u00e7\u0131n s\u0131k s\u0131k kirli ve a\u011f\u0131r hissetti\u011fi bir sorundur. Ancak do\u011fru i\u00e7eriklerle form\u00fcle edilmi\u015f bir \u015fampuan, bu sorunu hedef alarak sa\u00e7\u0131 derinlemesine temizlemeye, dengeyi sa\u011flamaya ve sa\u011fl\u0131kl\u0131 bir g\u00f6r\u00fcn\u00fcm elde edilmesine yard\u0131mc\u0131 olur. \u0130\u00e7eri\u011finde papatya ya\u011f\u0131, \u00e7\u00f6rek otu ya\u011f\u0131, bu\u011fday ya\u011f\u0131, allantoin ve panax ginseng bulunan bu \u00f6zel \u015fampuan, do\u011fal bile\u015fenlerle ya\u011fl\u0131 sa\u00e7lardan ar\u0131nmay\u0131 sa\u011flamaya, sa\u00e7\u0131 beslemeye ve pH dengesini korumaya yard\u0131mc\u0131 olur.<\/p>\n<p><strong>Do\u011fal \u0130\u00e7eriklerin G\u00fcc\u00fc<\/strong><\/p>\n<p><strong>Chamomilla Recutita Flower Extract (Papatya Ya\u011f\u0131) \u2013 Sa\u00e7 Derisini Sakinle\u015ftirir ve Dengeyi Sa\u011flamaya Yard\u0131mc\u0131 Olur<br \/>\n<\/strong>Papatya ya\u011f\u0131, sa\u00e7 bak\u0131m\u0131nda do\u011fal ve yat\u0131\u015ft\u0131r\u0131c\u0131 etkisiyle bilinir. Papatya, sa\u00e7 derisindeki fazla ya\u011f \u00fcretimini dengelemeye yard\u0131mc\u0131 olurken, ayn\u0131 zamanda sa\u00e7\u0131 beslemeye, sa\u00e7 derisinde iltihaplanma ve tahri\u015f gibi sorunlar\u0131n \u00f6nlenmesine destek olur. Papatyan\u0131n antiseptik \u00f6zellikleri sayesinde, sa\u00e7 derisini ar\u0131nd\u0131rmaya ve daha sa\u011fl\u0131kl\u0131 bir sa\u00e7a kavu\u015fman\u0131za yard\u0131mc\u0131 olur.<\/p>\n<p><strong>Nigella Sativa Seed Extract (\u00c7\u00f6rek Otu Ya\u011f\u0131) \u2013 Sa\u00e7 Derisini Temizlemeye ve Beslemeye Yard\u0131mc\u0131 Olur<br \/>\n<\/strong>\u00c7\u00f6rek otu ya\u011f\u0131, antioksidan ve antibakteriyel \u00f6zellikleri ile sa\u00e7 bak\u0131m\u0131nda \u00f6nemli bir bile\u015fendir. Bu ya\u011f, sa\u00e7 derisindeki a\u015f\u0131r\u0131 sebumu dengeleyerek sa\u00e7\u0131n daha temiz ve ferah kalmas\u0131n\u0131 sa\u011flamaya, sa\u00e7\u0131n k\u00f6klerine etki ederek sa\u00e7\u0131n g\u00fc\u00e7lenmesini ve sa\u011fl\u0131kl\u0131 b\u00fcy\u00fcmesini desteklemeye, sa\u00e7\u0131 kurutmadan nem dengesini korumaya yard\u0131mc\u0131 olur.<\/p>\n<p><strong>Triticum Vulgare Germ Oil (Bu\u011fday Ya\u011f\u0131) \u2013 Sa\u00e7\u0131n Elastikiyetini Art\u0131rmaya Yard\u0131mc\u0131 Olur<br \/>\n<\/strong>Bu\u011fday ya\u011f\u0131, sa\u00e7\u0131 beslemeye ve nemlendirmeye, sa\u00e7\u0131n k\u0131r\u0131lganl\u0131\u011f\u0131n\u0131 azaltmaya yard\u0131mc\u0131 olur. Ya\u011fl\u0131 sa\u00e7lar i\u00e7in form\u00fcle edilmi\u015f bu \u015fampuan, bu\u011fday ya\u011f\u0131 ile sa\u00e7\u0131n do\u011fal nem dengesini sa\u011flamaya ve sa\u00e7\u0131 a\u011f\u0131rla\u015ft\u0131rmadan beslemeye yard\u0131mc\u0131 olur. Bu\u011fday ya\u011f\u0131, ayr\u0131ca sa\u00e7\u0131n elastikiyetini art\u0131rarak, daha canl\u0131 ve sa\u011fl\u0131kl\u0131 bir g\u00f6r\u00fcn\u00fcm sunmaya yard\u0131mc\u0131 olur.<\/p>\n<p><strong>Allantoin \u2013 Sa\u00e7 Derisini Yenilemeye ve Yat\u0131\u015ft\u0131rmaya Yard\u0131mc\u0131 Olur<br \/>\n<\/strong>Allantoin, cilt bak\u0131m\u0131nda s\u0131k\u00e7a kullan\u0131lan ve sa\u00e7\u0131 rahatlat\u0131c\u0131 \u00f6zelliklere sahip olan bir bile\u015fiktir. Sa\u00e7 derisini beslemeye, yat\u0131\u015ft\u0131rmaya ve tahri\u015fi azaltmaya yard\u0131mc\u0131 olur. Ya\u011fl\u0131 sa\u00e7larda meydana gelen t\u0131kan\u0131kl\u0131k ve fazla sebum birikimini engellemeye yard\u0131mc\u0131 olur. Allantoin, ayn\u0131 zamanda sa\u00e7 derisinin yenilenmesine ve sa\u011fl\u0131kl\u0131 bir sa\u00e7 b\u00fcy\u00fcme ortam\u0131 haz\u0131rlamaya yard\u0131mc\u0131 olur.<\/p>\n<p><strong>Panax Ginseng \u2013 Sa\u00e7\u0131n G\u00fc\u00e7lenmesini ve Canlanmas\u0131n\u0131 Destekler<br \/>\n<\/strong>Panax ginseng, sa\u00e7 k\u00f6klerini uyararak sa\u00e7\u0131n daha sa\u011fl\u0131kl\u0131 bir \u015fekilde uzamas\u0131na yard\u0131mc\u0131 olur. Ginseng, sa\u00e7\u0131n daha canl\u0131, parlak ve dolgun g\u00f6r\u00fcnmesine yard\u0131mc\u0131 olur. Ayr\u0131ca, sa\u00e7 derisindeki dengeyi sa\u011flayarak, a\u015f\u0131r\u0131 ya\u011f \u00fcretiminin \u00f6n\u00fcne ge\u00e7meye yard\u0131mc\u0131 olur. Ginseng, ya\u011fl\u0131 sa\u00e7lar\u0131n temizlenmesine ve sa\u00e7\u0131 besleyerek daha g\u00fc\u00e7l\u00fc hale getirilmesine yard\u0131mc\u0131 olur.<\/p>\n<p><strong>pH Dengeleyici Etki ve Sa\u00e7 Derisi Sa\u011fl\u0131\u011f\u0131<br \/>\n<\/strong>Bu \u015fampuan\u0131n i\u00e7erdi\u011fi do\u011fal bile\u015fenler, sa\u00e7 derisinin pH dengesini korumaya, pH seviyesi dengede tutulan sa\u00e7 derisi, a\u015f\u0131r\u0131 ya\u011f \u00fcretimini \u00f6nlemeye ve sa\u011fl\u0131kl\u0131 bir ortam olu\u015fturmaya yard\u0131mc\u0131 olur. Aksi takdirde, pH dengesinin bozulmas\u0131 sebum \u00fcretiminin artmas\u0131na neden olabilir, bu da ya\u011fl\u0131 sa\u00e7lara yol a\u00e7ar. Do\u011fal hammaddelerle form\u00fcle edilen bu \u015fampuan, sa\u00e7\u0131 a\u011f\u0131rla\u015ft\u0131rmadan ar\u0131nd\u0131rmaya ve uzun s\u00fcreli temizlik sa\u011flamaya yard\u0131mc\u0131 olur.<\/p>\n<p><strong>Sonu\u00e7: Ya\u011fl\u0131 Sa\u00e7lar \u0130\u00e7in Etkili ve Do\u011fal \u00c7\u00f6z\u00fcm<\/strong><\/p>\n<p>Bu \u00f6zel \u015fampuan, ya\u011fl\u0131 sa\u00e7lardan ar\u0131nmaya yard\u0131mc\u0131 olman\u0131n yan\u0131 s\u0131ra sa\u00e7\u0131n sa\u011fl\u0131kl\u0131 ve g\u00fc\u00e7l\u00fc g\u00f6r\u00fcnmesini sa\u011flayan do\u011fal bile\u015fenler i\u00e7erir. Papatya ya\u011f\u0131, \u00e7\u00f6rek otu ya\u011f\u0131, bu\u011fday ya\u011f\u0131, allantoin ve panax ginseng gibi i\u00e7erikler, sa\u00e7 derisini beslemeye, dengeyi sa\u011flamaya ve a\u015f\u0131r\u0131 ya\u011f \u00fcretimini kontrol alt\u0131na almaya yard\u0131mc\u0131 olur. D\u00fczenli kullan\u0131mda sa\u00e7 daha canl\u0131, dolgun ve ipeksi bir g\u00f6r\u00fcn\u00fcme kavu\u015fabilir.<\/p>\n<p>Ya\u011fl\u0131 sa\u00e7lardan ar\u0131nmak isteyen ve do\u011fal bak\u0131m arayanlar i\u00e7in m\u00fckemmel bir \u00e7\u00f6z\u00fcm sunan bu \u015fampuan, sadece ya\u011fl\u0131 sa\u00e7lar\u0131 temizlemeye yard\u0131mc\u0131 olmakla kalmaz, ayn\u0131 zamanda sa\u011fl\u0131kl\u0131 bir sa\u00e7 bak\u0131m rutini olu\u015fturman\u0131za yard\u0131mc\u0131 olur.<\/p>\n<p><strong>#Sa\u00e7\u0131m\u0131Seviyorum<\/strong><\/p>\n<p>&nbsp;<\/p>\n<p><iframe title=\"Ya\u011fl\u0131 Sa\u00e7lar \u0130\u00e7in Bak\u0131m \u015eampuan\u0131\u2013 350 Ml. \u2013 Do\u011fal \u2013 Unisex\" width=\"422\" height=\"750\" src=\"https:\/\/www.youtube.com\/embed\/sIQ7JKNpjwE?feature=oembed\" frameborder=\"0\" allow=\"accelerometer; autoplay; clipboard-write; encrypted-media; gyroscope; picture-in-picture; web-share\" referrerpolicy=\"strict-origin-when-cross-origin\" allowfullscreen><\/iframe><\/p>\n","protected":false},"excerpt":{"rendered":"<p><strong>\u00a0<\/strong><strong>Sa\u00e7 derisindeki sebum \u00fcretim dengesini sa\u011flayarak ya\u011fl\u0131 sa\u00e7lardan ar\u0131nd\u0131rmaya yard\u0131mc\u0131 olur<\/strong><\/p>\n","protected":false},"featured_media":10395,"comment_status":"open","ping_status":"closed","template":"","meta":[],"product_brand":[],"product_cat":[75],"product_tag":[182,187,214,355,198,354,232,353],"class_list":{"0":"post-8761","1":"product","2":"type-product","3":"status-publish","4":"has-post-thumbnail","6":"product_cat-sac-bakimi","7":"product_tag-bakim","8":"product_tag-onarici","9":"product_tag-ph","10":"product_tag-sa-derisi","11":"product_tag-sac","12":"product_tag-saclar","13":"product_tag-temiz","14":"product_tag-yagli","15":"ts_product_brand-acvit","17":"first","18":"instock","19":"shipping-taxable","20":"purchasable","21":"product-type-simple"},"aioseo_notices":[],"_links":{"self":[{"href":"https:\/\/www.acvit.com.tr\/magaza\/wp-json\/wp\/v2\/product\/8761","targetHints":{"allow":["GET"]}}],"collection":[{"href":"https:\/\/www.acvit.com.tr\/magaza\/wp-json\/wp\/v2\/product"}],"about":[{"href":"https:\/\/www.acvit.com.tr\/magaza\/wp-json\/wp\/v2\/types\/product"}],"replies":[{"embeddable":true,"href":"https:\/\/www.acvit.com.tr\/magaza\/wp-json\/wp\/v2\/comments?post=8761"}],"wp:featuredmedia":[{"embeddable":true,"href":"https:\/\/www.acvit.com.tr\/magaza\/wp-json\/wp\/v2\/media\/10395"}],"wp:attachment":[{"href":"https:\/\/www.acvit.com.tr\/magaza\/wp-json\/wp\/v2\/media?parent=8761"}],"wp:term":[{"taxonomy":"product_brand","embeddable":true,"href":"https:\/\/www.acvit.com.tr\/magaza\/wp-json\/wp\/v2\/product_brand?post=8761"},{"taxonomy":"product_cat","embeddable":true,"href":"https:\/\/www.acvit.com.tr\/magaza\/wp-json\/wp\/v2\/product_cat?post=8761"},{"taxonomy":"product_tag","embeddable":true,"href":"https:\/\/www.acvit.com.tr\/magaza\/wp-json\/wp\/v2\/product_tag?post=8761"}],"curies":[{"name":"wp","href":"https:\/\/api.w.org\/{rel}","templated":true}]}}