{"id":8750,"date":"2024-09-23T18:13:08","date_gmt":"2024-09-23T15:13:08","guid":{"rendered":"https:\/\/www.acvit.com.tr\/magaza\/?post_type=product&#038;p=8750"},"modified":"2026-05-16T16:35:29","modified_gmt":"2026-05-16T13:35:29","slug":"sac-uzatma-etkili-bakim-sampuani-330-ml-dogal-unisex","status":"publish","type":"product","link":"https:\/\/www.acvit.com.tr\/magaza\/urun\/sac-uzatma-etkili-bakim-sampuani-330-ml-dogal-unisex\/","title":{"rendered":"Sa\u00e7 \u0130ncelmesi ve Seyrekle\u015fmesine Kar\u015f\u0131 Etkili \u015eampuan \u2013 330 Ml. \/ Do\u011fal \/ Un\u0131sex"},"content":{"rendered":"<h3><strong>S<\/strong><strong>a\u00e7\u0131n incelmesini ve seyrekle\u015fmesini \u00f6nlemeye yard\u0131mc\u0131 olarak, <\/strong><strong>Sa\u00e7 k\u00f6klerini dipten uca besleyerek dolgunla\u015ft\u0131r\u0131p uzayan sa\u011fl\u0131kl\u0131 sa\u00e7lara kavu\u015fman\u0131za destek olur.<\/strong><\/h3>\n<p>\u0130\u00e7eri\u011finde bulunan sa\u00e7 uzamas\u0131n\u0131 destekleyen yeterli miktarda<\/p>\n<p><strong>Panax Ginseng, Glycerin, Aesculus Hippocastanum Seed Extract, Chamomilla Recutita Flower Extract, Methylchloroisothiazolinone, Niacinamide<\/strong><\/p>\n<p>Sa\u00e7 k\u00f6klerini besleyerek sa\u011fl\u0131kl\u0131 uzamas\u0131na destek olurken, bak\u0131ml\u0131 ve dolgun sa\u00e7lara kavu\u015fman\u0131za yard\u0131m eder. Sa\u00e7 incelmesine ve seyrekle\u015fmesine kar\u015f\u0131 yard\u0131mc\u0131d\u0131r.<\/p>\n<p>\u015eampuan\u0131m\u0131z\u0131 kullan\u0131rken sa\u00e7 derisine 2\/3 dakika masaj yapmak, kan dola\u015f\u0131m\u0131n\u0131 art\u0131rarak sa\u00e7 k\u00f6klerini uyard\u0131\u011f\u0131 i\u00e7in sa\u00e7lar\u0131n\u0131z\u0131n uzamas\u0131na katk\u0131 sa\u011flayabilir.<\/p>\n<h3><strong>Sa\u00e7 Uzamas\u0131n\u0131 Destekleyen Etkili Form\u00fcl: \u015eampuan\u0131n i\u00e7eri\u011finde bulunan bilimsel temelli bile\u015fenler<\/strong><\/h3>\n<p>G\u00fcn\u00fcm\u00fcz sa\u00e7 bak\u0131m \u00fcr\u00fcnlerinde, sa\u00e7\u0131n daha h\u0131zl\u0131 ve sa\u011fl\u0131kl\u0131 uzamas\u0131n\u0131 destekleyen bile\u015fenler \u00f6n planda. Sa\u00e7 d\u00f6k\u00fclmesi ve zay\u0131f uzama, bir\u00e7ok ki\u015finin kar\u015f\u0131la\u015ft\u0131\u011f\u0131 yayg\u0131n bir sorundur. Ancak, do\u011fru \u015fampuan kullan\u0131m\u0131 ile bu sorunlar\u0131n \u00fcstesinden gelmek m\u00fcmk\u00fcnd\u00fcr. \u015eampuan\u0131m\u0131z, i\u00e7eri\u011findeki bilimsel olarak kan\u0131tlanm\u0131\u015f bile\u015fenlerle sa\u00e7 uzama s\u00fcrecini h\u0131zland\u0131rmaya yard\u0131mc\u0131 olur.<\/p>\n<h4><strong>Panax Ginseng (Korean Ginseng)<\/strong><\/h4>\n<p>Panax Ginseng, sa\u00e7 k\u00f6klerine n\u00fcfuz ederek sa\u00e7 b\u00fcy\u00fcmesini te\u015fvik eder. Yap\u0131lan ara\u015ft\u0131rmalar, bu bitkinin sa\u00e7 d\u00f6k\u00fclmesini azaltmaya ve sa\u00e7 folik\u00fcllerini g\u00fc\u00e7lendirmeye yard\u0131mc\u0131 oldu\u011funu g\u00f6stermektedir. Ginseng, ayn\u0131 zamanda sa\u00e7\u0131n daha sa\u011fl\u0131kl\u0131 ve canl\u0131 g\u00f6r\u00fcnmesini sa\u011flayarak, uzama s\u00fcrecini h\u0131zland\u0131rmaya yard\u0131mc\u0131 olur.<\/p>\n<h4><strong>Glycerin (Gliserin)<\/strong><\/h4>\n<p>Gliserin, sa\u00e7\u0131 nemlendirerek kuru ve k\u0131r\u0131lgan hale gelmesini engellemeye yard\u0131mc\u0131 olur. Nem dengesini koruyarak, sa\u00e7\u0131n daha g\u00fc\u00e7l\u00fc ve sa\u011fl\u0131kl\u0131 bir \u015fekilde uzamas\u0131n\u0131 destekler. Gliserin, ayn\u0131 zamanda sa\u00e7\u0131n elastikiyetini artt\u0131rmaya ve k\u0131r\u0131lmalar\u0131n \u00f6n\u00fcne ge\u00e7meye yard\u0131mc\u0131 olur.<\/p>\n<h4><strong>Aesculus Hippocastanum Seed Extract (At Kestanesi \u00d6z\u00fct\u00fc)<\/strong><\/h4>\n<p>At kestanesi \u00f6z\u00fct\u00fc, kan dola\u015f\u0131m\u0131n\u0131 artt\u0131rmaya yard\u0131mc\u0131 olarak sa\u00e7 k\u00f6klerine daha fazla besin ve oksijen ula\u015fmas\u0131n\u0131 sa\u011flamaya yard\u0131mc\u0131 olur. Bu sayede sa\u00e7 folik\u00fcllerinin beslenmesi ve sa\u011fl\u0131kl\u0131 b\u00fcy\u00fcmesine destek sa\u011flar. Ayr\u0131ca, sa\u00e7\u0131n incelmesini ve d\u00f6k\u00fclmesini engellemeye yard\u0131mc\u0131 olur.<\/p>\n<h4><strong>Chamomilla Recutita Flower Extract (Papatya \u00c7i\u00e7e\u011fi \u00d6z\u00fct\u00fc)<\/strong><\/h4>\n<p>Papatya \u00f6z\u00fc, sa\u00e7 derisini yat\u0131\u015ft\u0131rmaya ve iltihaplanmay\u0131 azaltmaya yard\u0131mc\u0131 olur. Bu do\u011fal \u00f6z, sa\u00e7\u0131n sa\u011fl\u0131kl\u0131 uzama s\u00fcrecini desteklemeye ve kepek olu\u015fumunu engellemeye yard\u0131m eder. Papatya, ayn\u0131 zamanda sa\u00e7\u0131 canland\u0131rarak parlakl\u0131k kazand\u0131rmaya yard\u0131mc\u0131 olur.<\/p>\n<h4><strong>Niacinamide (B3 Vitamini)<\/strong><\/h4>\n<p>Niacinamide, sa\u00e7\u0131n g\u00f6r\u00fcn\u00fcm\u00fcn\u00fc iyile\u015ftirmeye, sa\u00e7\u0131n daha g\u00fc\u00e7l\u00fc ve kal\u0131n g\u00f6r\u00fcnmesini sa\u011flamaya yard\u0131m eder. Ayr\u0131ca, sa\u00e7 derisindeki kan dola\u015f\u0131m\u0131n\u0131 art\u0131rmaya yard\u0131mc\u0131 olarak sa\u00e7 folik\u00fcllerinin daha verimli \u00e7al\u0131\u015fmas\u0131n\u0131 destekler. Yap\u0131lan \u00e7al\u0131\u015fmalarda, niacinamide&#8217;in sa\u00e7 d\u00f6k\u00fclmesini azaltmaya ve sa\u00e7 b\u00fcy\u00fcmesini h\u0131zland\u0131rmaya yard\u0131mc\u0131 oldu\u011fu g\u00f6zlemlenmi\u015ftir.<\/p>\n<h4><strong>Methylchloroisothiazolinone<\/strong><\/h4>\n<p>Bu bile\u015fen, \u015fampuan\u0131n korunmas\u0131n\u0131 sa\u011flayarak, \u00fcr\u00fcn\u00fcn etkinli\u011fini uzun s\u00fcre muhafaza etmesine yard\u0131mc\u0131 olur. Ayn\u0131 zamanda sa\u00e7 derisinin temizlenmesine yard\u0131mc\u0131 olur.<\/p>\n<h3><strong>Neden Bu \u015eampuan\u0131 Tercih Etmelisiniz?<\/strong><\/h3>\n<ul>\n<li><strong>Kan\u0131tlanm\u0131\u015f Etki<\/strong>: \u0130\u00e7eri\u011findeki Panax Ginseng ve Niacinamide gibi etkili bile\u015fenlerle sa\u00e7 k\u00f6klerini g\u00fc\u00e7lendirmeye, d\u00f6k\u00fclmeyi azaltmaya ve sa\u00e7 uzamas\u0131n\u0131 h\u0131zland\u0131rmaya yard\u0131mc\u0131 olur.<\/li>\n<li><strong>Do\u011fal Destek<\/strong>: Papatya ve At Kestanesi gibi do\u011fal \u00f6zlerle sa\u00e7 derisini beslemeye ve sa\u011fl\u0131kl\u0131 bir uzama ortam\u0131 olu\u015fturmaya yard\u0131mc\u0131 olur.<\/li>\n<li><strong>Uzun S\u00fcreli Beslenme<\/strong>: Gliserin ile sa\u00e7\u0131n\u0131za derinlemesine nem sa\u011flayarak, sa\u00e7\u0131n\u0131z\u0131n sa\u011fl\u0131kl\u0131 ve g\u00fc\u00e7l\u00fc uzamas\u0131na yard\u0131mc\u0131 olur.<\/li>\n<\/ul>\n<p>Bu \u015fampuan, sa\u00e7\u0131n\u0131z\u0131 sadece temizlemekle kalmaz, ayn\u0131 zamanda onun sa\u011fl\u0131kl\u0131 uzamas\u0131n\u0131 destekleyen \u00f6zel bir form\u00fcl sunar. Kullan\u0131m\u0131yla beraber sa\u00e7 d\u00f6k\u00fclmesi ile m\u00fccadele edin ve sa\u011fl\u0131kl\u0131, g\u00fc\u00e7l\u00fc sa\u00e7lara sahip olman\u0131za yard\u0131m edece\u011fine inand\u0131\u011f\u0131m\u0131z bu \u015fampuan\u0131n keyfini \u00e7\u0131kar\u0131n.<\/p>\n<p><strong>#Sa\u00e7\u0131m\u0131Seviyorum<\/strong><\/p>\n<p><iframe title=\"Sa\u00e7 Uzatma Etkili Bak\u0131m \u015eampuan\u0131 \u2013 330 Ml. \/ Do\u011fal \/ Un\u0131sex\" width=\"422\" height=\"750\" src=\"https:\/\/www.youtube.com\/embed\/Zhccbq0Z93s?feature=oembed\" frameborder=\"0\" allow=\"accelerometer; autoplay; clipboard-write; encrypted-media; gyroscope; picture-in-picture; web-share\" referrerpolicy=\"strict-origin-when-cross-origin\" allowfullscreen><\/iframe><\/p>\n","protected":false},"excerpt":{"rendered":"<p>Sa\u00e7 k\u00f6klerini dipten uca besleyerek dolgunla\u015ft\u0131r\u0131p uzayan sa\u011fl\u0131kl\u0131 sa\u00e7lara kavu\u015fabilirsiniz. Kullanaca\u011f\u0131n\u0131z bu \u015fampuan sayesinde sa\u00e7lar\u0131n\u0131z\u0131n keyfini s\u00fcr\u00fcn&#8230;<\/p>\n","protected":false},"featured_media":10399,"comment_status":"open","ping_status":"closed","template":"","meta":[],"product_brand":[],"product_cat":[75],"product_tag":[352,182,190,351,191,198,348,200,350],"class_list":{"0":"post-8750","1":"product","2":"type-product","3":"status-publish","4":"has-post-thumbnail","6":"product_cat-sac-bakimi","7":"product_tag-atkuyrugu","8":"product_tag-bakim","9":"product_tag-erkek","10":"product_tag-etki","11":"product_tag-kadin","12":"product_tag-sac","13":"product_tag-sacderisi","14":"product_tag-sampuan","15":"product_tag-uzatma","16":"ts_product_brand-acvit","18":"first","19":"instock","20":"shipping-taxable","21":"purchasable","22":"product-type-simple"},"aioseo_notices":[],"_links":{"self":[{"href":"https:\/\/www.acvit.com.tr\/magaza\/wp-json\/wp\/v2\/product\/8750","targetHints":{"allow":["GET"]}}],"collection":[{"href":"https:\/\/www.acvit.com.tr\/magaza\/wp-json\/wp\/v2\/product"}],"about":[{"href":"https:\/\/www.acvit.com.tr\/magaza\/wp-json\/wp\/v2\/types\/product"}],"replies":[{"embeddable":true,"href":"https:\/\/www.acvit.com.tr\/magaza\/wp-json\/wp\/v2\/comments?post=8750"}],"wp:featuredmedia":[{"embeddable":true,"href":"https:\/\/www.acvit.com.tr\/magaza\/wp-json\/wp\/v2\/media\/10399"}],"wp:attachment":[{"href":"https:\/\/www.acvit.com.tr\/magaza\/wp-json\/wp\/v2\/media?parent=8750"}],"wp:term":[{"taxonomy":"product_brand","embeddable":true,"href":"https:\/\/www.acvit.com.tr\/magaza\/wp-json\/wp\/v2\/product_brand?post=8750"},{"taxonomy":"product_cat","embeddable":true,"href":"https:\/\/www.acvit.com.tr\/magaza\/wp-json\/wp\/v2\/product_cat?post=8750"},{"taxonomy":"product_tag","embeddable":true,"href":"https:\/\/www.acvit.com.tr\/magaza\/wp-json\/wp\/v2\/product_tag?post=8750"}],"curies":[{"name":"wp","href":"https:\/\/api.w.org\/{rel}","templated":true}]}}