{"id":8734,"date":"2024-09-23T17:47:41","date_gmt":"2024-09-23T14:47:41","guid":{"rendered":"https:\/\/www.acvit.com.tr\/magaza\/?post_type=product&#038;p=8734"},"modified":"2026-01-17T14:21:15","modified_gmt":"2026-01-17T11:21:15","slug":"dokulme-ve-kepeklenmeye-karsi-dogal-bektasiuzumu-ozlu-argan-yagli-330-ml-dogal-unisex","status":"publish","type":"product","link":"https:\/\/www.acvit.com.tr\/magaza\/urun\/dokulme-ve-kepeklenmeye-karsi-dogal-bektasiuzumu-ozlu-argan-yagli-330-ml-dogal-unisex\/","title":{"rendered":"D\u00f6k\u00fclmelere Kar\u015f\u0131 Bekta\u015fi \u00dcz\u00fcm \u00d6zl\u00fc &#038; Argan Ya\u011fl\u0131 \u015eampuan &#8211; 330 ML. \/ Do\u011fal \/ Un\u0131sex"},"content":{"rendered":"<p><strong>D\u00f6k\u00fclme Kar\u015f\u0131t\u0131 &amp; Kepeklerle M\u00fccadele = Etkin Sonu\u00e7<\/strong><\/p>\n<p>Form\u00fcl\u00fcnde \u00f6zenle se\u00e7ilmi\u015f ve zaman\u0131nda toplanarak hammadde haline getirilmi\u015f<\/p>\n<p><strong>Bekta\u015fi \u00dcz\u00fcm\u00fc &amp; Argan Ya\u011f\u0131,<\/strong><\/p>\n<p><strong>Equisetum Arvense Extract, <\/strong><\/p>\n<p><strong>Niacinamide, Biotin, Collagen<\/strong> sayesinde d\u00f6k\u00fclmelerinizden kurtulabilirsiniz.<\/p>\n<p><strong>Allantoin ve Panax Ginsengle &amp; Argan Ya\u011f\u0131 ve Piroctone Olamine<\/strong> ile kepeklenme derdinden kurtulabilir, sa\u00e7 derisinin pH\u2019s\u0131n\u0131 dengeleyerek tekrar kepek olu\u015fumunu \u00f6nlemeye yard\u0131mc\u0131 olur.<\/p>\n<p>Sa\u00e7 d\u00f6k\u00fclmesi ve kepeklenme gibi yayg\u0131n sa\u00e7 problemleriyle m\u00fccadele etmek, do\u011fru \u00fcr\u00fcn ve bak\u0131m d\u00fczeniyle m\u00fcmk\u00fcnd\u00fcr. <strong>Acvit \u00d6zel Bitkisel \u015eampuan\u0131<\/strong>, i\u00e7eri\u011findeki \u00f6zel do\u011fal bile\u015fenler ve bilimsel form\u00fcllerle, sa\u00e7lar\u0131n\u0131za derinlemesine bak\u0131m sa\u011flamaya, d\u00f6k\u00fclmeleri azaltmaya ve kepek olu\u015fumunu engellemeye yard\u0131mc\u0131 olur. Sa\u00e7 tipiniz ne olursa olsun, bu \u015fampuan sa\u00e7\u0131 beslemeye, g\u00fc\u00e7lendirmeye ve sa\u011fl\u0131kl\u0131 bir g\u00f6r\u00fcn\u00fcm kazand\u0131rmaya yard\u0131mc\u0131 olur.<\/p>\n<p><strong>Form\u00fcl\u00fcnde Bulunan Etkili Bile\u015fenler:<\/strong><\/p>\n<ul>\n<li><strong>Bekta\u015fi \u00dcz\u00fcm\u00fc &amp; Argan Ya\u011f\u0131<\/strong>:<br \/>\n<strong>Bekta\u015fi \u00fcz\u00fcm\u00fc<\/strong>, sa\u00e7 k\u00f6klerini beslemeye yard\u0131mc\u0131 olurken, sa\u00e7\u0131n do\u011fal b\u00fcy\u00fcme s\u00fcrecini destekler. Ayn\u0131 zamanda, sa\u00e7\u0131 g\u00fc\u00e7lendirmeye ve d\u00f6k\u00fclmeyi engellemeye yard\u0131mc\u0131 olur.<\/li>\n<li><strong>Argan ya\u011f\u0131<\/strong> ise E vitamini ve ya\u011f asitleri a\u00e7\u0131s\u0131ndan zengindir; sa\u00e7\u0131 beslemeye, nemlendirmeye ve parlakl\u0131k kazand\u0131rmaya yard\u0131mc\u0131 olur. Sa\u00e7\u0131n her telini derinlemesine beslemeye, sa\u011fl\u0131kl\u0131 uzamas\u0131na destek olur.<\/li>\n<li><strong>Equisetum Arvense Extract (At Kuyru\u011fu Ekstresi)<\/strong>:<br \/>\nDo\u011fal bir g\u00fc\u00e7 kayna\u011f\u0131 olan atkuyru\u011fu, sa\u00e7 k\u00f6klerini g\u00fc\u00e7lendirmeye ve sa\u011fl\u0131kl\u0131 sa\u00e7 b\u00fcy\u00fcmesini desteklenmeye, sa\u00e7\u0131n do\u011fal yap\u0131s\u0131n\u0131 onarmaya ve ince, k\u0131r\u0131lgan telleri g\u00fc\u00e7lendirmeye yard\u0131mc\u0131 olur. Ayr\u0131ca, sa\u00e7\u0131 \u00e7evresel fakt\u00f6rlere kar\u015f\u0131 korumaya ve uzun s\u00fcreli sa\u011fl\u0131kl\u0131 bir g\u00f6r\u00fcn\u00fcm elde etmenize yard\u0131mc\u0131 olur.<\/li>\n<li><strong>Niacinamide (B3 Vitamini)<\/strong>:<br \/>\nSa\u00e7\u0131n daha h\u0131zl\u0131 uzamas\u0131n\u0131 sa\u011flamaya yard\u0131mc\u0131 olur. Niacinamide, ayn\u0131 zamanda sa\u00e7\u0131 nemlendirmeye, p\u00fcr\u00fczs\u00fczle\u015ftirmeye ve sa\u011fl\u0131kl\u0131 bir g\u00f6r\u00fcn\u00fcm kazand\u0131rmaya yard\u0131mc\u0131 olur. Sa\u00e7\u0131n daha parlak ve canl\u0131 g\u00f6r\u00fcnmesini sa\u011flamaya yard\u0131mc\u0131 olur.<\/li>\n<li><strong>Biotin (B7 Vitamini)<\/strong>:<br \/>\nBiotin, sa\u00e7\u0131n g\u00fc\u00e7lenmesini ve sa\u011fl\u0131kl\u0131 bir \u015fekilde uzamas\u0131n\u0131 sa\u011flamaya yard\u0131mc\u0131 olan \u00f6nemli bir vitamindir. Sa\u00e7\u0131n incelmesini engellemeye, d\u00f6k\u00fclmeyi azaltmaya ve sa\u00e7\u0131n kal\u0131nla\u015fmas\u0131na yard\u0131mc\u0131 olur. Ayn\u0131 zamanda, sa\u00e7 k\u00f6klerinin g\u00fc\u00e7lenmesini desteklemeye yard\u0131mc\u0131 olur.<\/li>\n<li><strong>Kolajen<\/strong>:<br \/>\nSa\u00e7\u0131n yap\u0131s\u0131n\u0131 g\u00fc\u00e7lendirmeye, k\u0131r\u0131lmalar\u0131 engellemeye ve sa\u00e7\u0131 nemlendirmeye yard\u0131mc\u0131 olur. Kolajen, sa\u00e7\u0131n elastikiyetini artt\u0131rmaya daha sa\u011fl\u0131kl\u0131 ve canl\u0131 g\u00f6r\u00fcnmesini sa\u011flamaya yard\u0131mc\u0131 olur.<\/li>\n<li><strong>Allantoin ve Panax Ginseng<\/strong>:<br \/>\n<strong>Allantoin<\/strong>, sa\u00e7 derisini yat\u0131\u015ft\u0131rmaya, tahri\u015fi azaltmaya ve cildi nemlendirmeye yard\u0131mc\u0131 olur. <strong>Panax Ginseng<\/strong> ise sa\u00e7 k\u00f6klerini uyarararak, sa\u00e7\u0131n do\u011fal b\u00fcy\u00fcmesini h\u0131zland\u0131rmaya ve sa\u011fl\u0131kl\u0131 uzamas\u0131n\u0131 te\u015fvik etmeye yard\u0131mc\u0131 olur. Sa\u00e7 derisinin canl\u0131l\u0131\u011f\u0131n\u0131 artt\u0131rmaya yard\u0131mc\u0131 olarak, sa\u011fl\u0131kl\u0131 bir g\u00f6r\u00fcn\u00fcm kazanmas\u0131na yard\u0131m eder.<\/li>\n<li><strong>Piroctone Olamine<\/strong>:<br \/>\nKepeklenmeyi \u00f6nlemeye yard\u0131mc\u0131 olur. Bu bile\u015fen, sa\u00e7 derisinin pH dengesini d\u00fczenlemeye ve kepek olu\u015fumunun yeniden ba\u015flamas\u0131n\u0131 engellemeye yard\u0131mc\u0131 olur. Sa\u00e7\u0131n temiz, sa\u011fl\u0131kl\u0131 ve ferah kalmas\u0131n\u0131 sa\u011flamaya yard\u0131mc\u0131 olur.<\/li>\n<\/ul>\n<p><strong>Neden Acvit Sa\u00e7 \u015eampuan\u0131n\u0131 Se\u00e7melisiniz?<\/strong><\/p>\n<ul>\n<li><strong>Sa\u00e7 D\u00f6k\u00fclmemesine Yard\u0131m Olur<\/strong>:<br \/>\nSa\u00e7 d\u00f6k\u00fclmesinin ba\u015fl\u0131ca nedenlerinden biri, zay\u0131f k\u00f6kler ve dengesiz beslenme olabilir. Acvit \u015eampuan\u0131, i\u00e7eri\u011findeki niacinamide, biotin, kolajen ve bekta\u015fi \u00fcz\u00fcm\u00fc ile sa\u00e7 k\u00f6klerini beslemeye ve g\u00fc\u00e7lendirmeye yard\u0131mc\u0131 olarak d\u00f6k\u00fclmeleri azaltmaya yard\u0131mc\u0131 olur.<\/li>\n<li><strong>Kepek Olu\u015fumuna Kar\u015f\u0131 Destek <\/strong>:<br \/>\n<strong>\u00d6zel Bitkisel \u015eampuan<\/strong>, piroctone olamine ve allantoin ile sa\u00e7 derisinin pH dengesini d\u00fczenlemeye, ka\u015f\u0131nt\u0131 ve kepeklenmeyi engellemeye ve sa\u00e7\u0131n\u0131z\u0131n derinlemesine temizlenmesini sa\u011flamaya ve tekrar kepek olu\u015fumunu \u00f6nlemeye yard\u0131mc\u0131 olur.<\/li>\n<li><strong>Sa\u00e7\u0131n\u0131za Hacim Ve Parlakl\u0131k Kazand\u0131rabilirsiniz<\/strong><br \/>\nArgan ya\u011f\u0131 ve kolajen sayesinde sa\u00e7lar\u0131n\u0131z\u0131 nemlendirmeye, beslemeye ve parlakl\u0131k kazand\u0131rmaya yard\u0131mc\u0131 olur. Sa\u00e7\u0131n ince ve k\u0131r\u0131lgan yap\u0131s\u0131 g\u00fc\u00e7lendirmeye, hacimli ve sa\u011fl\u0131kl\u0131 bir g\u00f6r\u00fcn\u00fcm elde etmenize yard\u0131mc\u0131 olur.<\/li>\n<li><strong>Do\u011fal ve G\u00fcvenli \u0130\u00e7erik<\/strong>:<br \/>\nAcvit \u015eampuan\u0131, do\u011fan\u0131n g\u00fc\u00e7l\u00fc bile\u015fenlerinden olu\u015fan form\u00fcl\u00fcyle sa\u00e7\u0131n\u0131z\u0131 g\u00fcvenle beslemeye destek olurken do\u011fal ve etkili \u00e7\u00f6z\u00fcmler sunmaya yard\u0131mc\u0131 olur.<\/li>\n<\/ul>\n<p><strong>Sonu\u00e7:<\/strong><\/p>\n<p><strong>\u00d6zel Bitkisel \u015eampuan<\/strong>, bilimsel olarak form\u00fcle edilmi\u015f i\u00e7eri\u011fiyle, sa\u00e7 d\u00f6k\u00fclmesi ve kepeklenme sorunlar\u0131na kar\u015f\u0131 etkili bir \u00e7\u00f6z\u00fcm sunmaya yard\u0131mc\u0131 olur. Sa\u00e7 derisini beslemeye, sa\u011fl\u0131kl\u0131 sa\u00e7 b\u00fcy\u00fcmesini destekleyerek sa\u00e7\u0131 g\u00fc\u00e7lendirmeye yard\u0131mc\u0131 olur. Sa\u00e7\u0131n\u0131za do\u011fal parlakl\u0131k, hacim ve canl\u0131l\u0131k kazand\u0131rmaya yard\u0131mc\u0131 olurken, kepek ve d\u00f6k\u00fclme sorunlar\u0131na kar\u015f\u0131 \u00e7\u00f6z\u00fcmler sunmaya yard\u0131mc\u0131 olur.<\/p>\n<p><strong>\u00d6zel Bitkisel \u015eampuan <\/strong>ile sa\u00e7\u0131n\u0131za hak etti\u011fi bak\u0131m\u0131 yap\u0131n. B\u00f6ylece sa\u011fl\u0131kl\u0131 ve g\u00fc\u00e7l\u00fc sa\u00e7lara kavu\u015fabilirsiniz! D\u00fczenli kullan\u0131mda etkili sonu\u00e7lar elde edebilir, sa\u00e7\u0131n\u0131z\u0131 d\u0131\u015f etkenlere kar\u015f\u0131 koruyabilir ve uzun s\u00fcreli bak\u0131m sa\u011flayabilirsiniz.<\/p>\n<p><strong>#Sa\u00e7\u0131m\u0131Seviyorum<\/strong><\/p>\n<p>&nbsp;<\/p>\n<div style=\"width: 1920px;\" class=\"wp-video\"><video class=\"wp-video-shortcode\" id=\"video-8734-1\" width=\"1920\" height=\"1080\" preload=\"metadata\" controls=\"controls\"><source type=\"video\/mp4\" src=\"https:\/\/www.acvit.com.tr\/magaza\/wp-content\/uploads\/acvit-bektasi-sampuan.mp4?_=1\" \/><a href=\"https:\/\/www.acvit.com.tr\/magaza\/wp-content\/uploads\/acvit-bektasi-sampuan.mp4\">https:\/\/www.acvit.com.tr\/magaza\/wp-content\/uploads\/acvit-bektasi-sampuan.mp4<\/a><\/video><\/div>\n<p><strong>\u00a0<\/strong><\/p>\n<p><iframe title=\"D\u00f6k\u00fclme ve Kepeklenmeye Kar\u015f\u0131 Do\u011fal Bekta\u015fi\u00fcz\u00fcm\u00fc \u00d6zl\u00fc&amp; Argan Ya\u011fl\u0131 \u015eampuan \u2013 330 ML. \/ Do\u011fal \/Un\u0131sex\" width=\"422\" height=\"750\" src=\"https:\/\/www.youtube.com\/embed\/JZTgStfuRss?feature=oembed\" frameborder=\"0\" allow=\"accelerometer; autoplay; clipboard-write; encrypted-media; gyroscope; picture-in-picture; web-share\" referrerpolicy=\"strict-origin-when-cross-origin\" allowfullscreen><\/iframe><\/p>\n","protected":false},"excerpt":{"rendered":"<p><strong>D\u00f6k\u00fclme Kar\u015f\u0131t\u0131 &amp; Kepeklerle M\u00fccadele = Etkin Sonu\u00e7<\/strong><\/p>\n","protected":false},"featured_media":8735,"comment_status":"open","ping_status":"closed","template":"","meta":[],"product_brand":[],"product_cat":[75],"product_tag":[182,205,202,190,191,346,341,198,200,345],"class_list":{"0":"post-8734","1":"product","2":"type-product","3":"status-publish","4":"has-post-thumbnail","6":"product_cat-sac-bakimi","7":"product_tag-bakim","8":"product_tag-deri","9":"product_tag-dokulme","10":"product_tag-erkek","11":"product_tag-kadin","12":"product_tag-kalite","13":"product_tag-kepek","14":"product_tag-sac","15":"product_tag-sampuan","16":"product_tag-unisex","17":"ts_product_brand-acvit","19":"first","20":"instock","21":"shipping-taxable","22":"purchasable","23":"product-type-simple"},"aioseo_notices":[],"_links":{"self":[{"href":"https:\/\/www.acvit.com.tr\/magaza\/wp-json\/wp\/v2\/product\/8734","targetHints":{"allow":["GET"]}}],"collection":[{"href":"https:\/\/www.acvit.com.tr\/magaza\/wp-json\/wp\/v2\/product"}],"about":[{"href":"https:\/\/www.acvit.com.tr\/magaza\/wp-json\/wp\/v2\/types\/product"}],"replies":[{"embeddable":true,"href":"https:\/\/www.acvit.com.tr\/magaza\/wp-json\/wp\/v2\/comments?post=8734"}],"wp:featuredmedia":[{"embeddable":true,"href":"https:\/\/www.acvit.com.tr\/magaza\/wp-json\/wp\/v2\/media\/8735"}],"wp:attachment":[{"href":"https:\/\/www.acvit.com.tr\/magaza\/wp-json\/wp\/v2\/media?parent=8734"}],"wp:term":[{"taxonomy":"product_brand","embeddable":true,"href":"https:\/\/www.acvit.com.tr\/magaza\/wp-json\/wp\/v2\/product_brand?post=8734"},{"taxonomy":"product_cat","embeddable":true,"href":"https:\/\/www.acvit.com.tr\/magaza\/wp-json\/wp\/v2\/product_cat?post=8734"},{"taxonomy":"product_tag","embeddable":true,"href":"https:\/\/www.acvit.com.tr\/magaza\/wp-json\/wp\/v2\/product_tag?post=8734"}],"curies":[{"name":"wp","href":"https:\/\/api.w.org\/{rel}","templated":true}]}}