{"id":8297,"date":"2024-08-27T16:59:45","date_gmt":"2024-08-27T13:59:45","guid":{"rendered":"https:\/\/www.acvit.com.tr\/magaza\/?post_type=product&#038;p=8297"},"modified":"2026-01-17T14:23:20","modified_gmt":"2026-01-17T11:23:20","slug":"epilasyon-lazer-ve-agda-sonrasi-bakim-jeli-400-ml","status":"publish","type":"product","link":"https:\/\/www.acvit.com.tr\/magaza\/urun\/epilasyon-lazer-ve-agda-sonrasi-bakim-jeli-400-ml\/","title":{"rendered":"Epilasyon, Lazer, A\u011fda ve T\u00fcy D\u00f6k\u00fcc\u00fc Sonras\u0131 Bak\u0131m ve Ferahlat\u0131c\u0131 Jel &#8211; 400 ML."},"content":{"rendered":"<h3><strong>Epilasyon, Lazer, A\u011fda ve T\u00fcy D\u00f6k\u00fcc\u00fc Sonras\u0131 Bak\u0131m Jeli \u2013 Cildinize Nazik Bak\u0131m ve Ferahlat\u0131c\u0131 Etki<\/strong><\/h3>\n<p>Epilasyon, lazer uygulamalar\u0131, a\u011fda veya t\u00fcy d\u00f6k\u00fcc\u00fc kremler, ciltte hassasiyet ve tahri\u015fe neden olabilir. <strong>Epilasyon, Lazer ve A\u011fda Sonras\u0131 Bak\u0131m Jeli<\/strong>, i\u00e7erdi\u011fi \u00f6zel bile\u015fenler ile cildinizi yat\u0131\u015ft\u0131rmaya, nemlendirmeye ve rahatlatmaya yard\u0131mc\u0131 olur. Cildinize nazik bir bak\u0131m sunarak, i\u015flem sonras\u0131 olu\u015fabilecek k\u0131zar\u0131kl\u0131k, yanma ve tahri\u015fi azaltmaya yard\u0131mc\u0131 olur.<\/p>\n<p>Cildi nemlendirmeye, beslemeye, tahri\u015f, kabar\u0131kl\u0131k ve k\u0131zar\u0131kl\u0131klar\u0131 \u00f6nleyerek korumaya, \u00e7atlamas\u0131n\u0131 \u00f6nlemeye, ferahl\u0131k vermeye, i\u00e7eri\u011finde bulunan <strong>Aloe Vera<\/strong>\u00a0sayesinde protein ve mineral ihtiyac\u0131n\u0131 kar\u015f\u0131lamaya yard\u0131mc\u0131d\u0131r.<\/p>\n<p><strong>\u0130\u015flem \u00d6ncesi Kullan\u0131mda:\u00a0<\/strong>Epilasyon \u2013 Lazer \u2013 A\u011fda ve T\u00fcy D\u00f6k\u00fcc\u00fc \u00d6ncesinde kullan\u0131ld\u0131\u011f\u0131nda cildi ve t\u00fcyleri yumu\u015fat\u0131r. Ferahl\u0131k verir.<\/p>\n<p><strong>\u0130\u015flem Sonras\u0131 Kullan\u0131mda:\u00a0<\/strong>Epilasyon \u2013 Lazer \u2013 A\u011fda uygulamas\u0131 sonras\u0131nda yanmay\u0131, a\u011fr\u0131y\u0131, s\u0131z\u0131y\u0131 olu\u015fabilecek kabar\u0131kl\u0131k, tahri\u015f ve k\u0131zar\u0131kl\u0131klar\u0131 i\u00e7eri\u011findeki\u00a0<strong>Allantoin<\/strong>\u00a0sayesinde gidermeye, cildi so\u011futarak rahatlaman\u0131za yard\u0131mc\u0131 olur.<\/p>\n<p>\u00dcr\u00fcn\u00fcm\u00fcz i\u00e7erdi\u011fi ferahlat\u0131c\u0131 ve yanma hissini azalt\u0131c\u0131 aktif maddeler sayesinde ferahl\u0131k ve ho\u015f bir his verir.<\/p>\n<p>Cildin do\u011fal yap\u0131s\u0131n\u0131 korumaya, y\u0131pranm\u0131\u015f h\u00fccrelerin yenilenmesini sa\u011flamaya, cildi besleyerek daha canl\u0131 ve diri g\u00f6r\u00fcnmesine ve bakterilere kar\u015f\u0131 korumaya yard\u0131m eder.<\/p>\n<p>Pompal\u0131 ba\u015fl\u0131\u011f\u0131 sayesinde pratik kullan\u0131m sa\u011flar.<\/p>\n<p><strong>Form\u00fcl\u00fcnde Bulunan Etkili Bile\u015fenler:<\/strong><\/p>\n<ul>\n<li><strong>Alcohol Denat.<\/strong>: Cildinize uyguland\u0131\u011f\u0131nda h\u0131zla emilir ve taze bir his b\u0131rak\u0131r. Ayn\u0131 zamanda, aktif bile\u015fenlerin cilde daha kolay n\u00fcfuz etmesine yard\u0131mc\u0131 olur.<\/li>\n<li><strong>Glycerin (Gliserin)<\/strong>: Cildi derinlemesine nemlendirmeye ve su kayb\u0131n\u0131 \u00f6nlemeye yard\u0131mc\u0131 olur. Cildin yumu\u015fak, esnek ve p\u00fcr\u00fczs\u00fcz olmas\u0131n\u0131 sa\u011flamaya yard\u0131mc\u0131 olur. Epilasyon sonras\u0131 kuruma ve gerilme hissini ortadan kald\u0131rmaya yard\u0131mc\u0131 olur.<\/li>\n<li><strong>Carboxyethyl Acrylate<\/strong>: Cildin \u00fczerinde ince bir koruyucu tabaka olu\u015fturarak nemin hapsolmas\u0131na yard\u0131mc\u0131 olur. Ayn\u0131 zamanda ciltteki rahatlama hissini art\u0131rmaya ve epilasyon sonras\u0131 tahri\u015fi azaltmaya destek olur.<\/li>\n<li><strong>Triethanolamine<\/strong>: Cildin pH dengesini d\u00fczenlemeye, form\u00fcl\u00fcn stabilitesini art\u0131rmaya ve cilt \u00fczerinde rahatlat\u0131c\u0131 bir etki sa\u011flamaya yard\u0131mc\u0131 olur. Ciltteki k\u0131zar\u0131kl\u0131k ve hassasiyeti azaltmaya yard\u0131mc\u0131 olur.<\/li>\n<li><strong>PEG-40 Castor Oil (Hindistancevizi Ya\u011f\u0131 T\u00fcrevi)<\/strong>: Cilt dostu bir ya\u011f olan PEG-40 Castor Oil, cildi nemlendirmeye ve yumu\u015fat\u0131rken, rahatlat\u0131c\u0131 ve besleyici etkiler sunmaya yard\u0131mc\u0131 olur. Ayn\u0131 zamanda, jel form\u00fcl\u00fcn\u00fcn ciltte d\u00fczg\u00fcn bir \u015fekilde da\u011f\u0131lmas\u0131na yard\u0131mc\u0131 olur.<\/li>\n<li><strong>Aloe Vera Callus Extract (Aloe Vera H\u00fccre K\u00fclt\u00fcr\u00fc Ekstresi)<\/strong>: Aloe vera, do\u011fal yat\u0131\u015ft\u0131r\u0131c\u0131 ve anti-inflamatuar \u00f6zellikleriyle cildi sakinle\u015ftirmeye, k\u0131zar\u0131kl\u0131klar\u0131 ve tahri\u015fi azaltmaya yard\u0131mc\u0131 olur. Cildin h\u0131zla toparlanmas\u0131na yard\u0131mc\u0131 olur ve cilde taze bir his vermeye destek olur. Ayn\u0131 zamanda, cildin nem dengesini korumaya uzun s\u00fcreli rahatl\u0131k sa\u011flamaya yard\u0131mc\u0131 olur.<\/li>\n<li><strong>Tocopherol (Vitamin E)<\/strong>: G\u00fc\u00e7l\u00fc bir antioksidan olan E vitamini, cildi serbest radikallerden korumaya ve iyile\u015ftirici etkiler sunmaya yard\u0131mc\u0131 olur. Ayn\u0131 zamanda cildin do\u011fal bariyerini g\u00fc\u00e7lendirmeye yard\u0131mc\u0131 olur. Epilasyon sonras\u0131 cildin korunmas\u0131na yard\u0131mc\u0131 olur.<\/li>\n<\/ul>\n<p><strong>Neden Epilasyon, Lazer, A\u011fda ve T\u00fcy D\u00f6k\u00fcc\u00fc Sonras\u0131 Bak\u0131m Jeli Kullanmal\u0131s\u0131n\u0131z?<\/strong><\/p>\n<ul>\n<li><strong>Rahatlat\u0131c\u0131 ve Yat\u0131\u015ft\u0131r\u0131c\u0131 Etki<\/strong>: Epilasyon veya lazer i\u015flemleri sonras\u0131nda ciltte olu\u015fabilecek k\u0131zar\u0131kl\u0131k, a\u011fr\u0131 ve tahri\u015fi h\u0131zl\u0131 bir \u015fekilde yat\u0131\u015ft\u0131r\u0131lmas\u0131 gerekir \u0130\u015fte bu \u00fcr\u00fcn bu i\u015flemleri yerine getirmeye yard\u0131mc\u0131 olur. Aloe vera ve vitamin E i\u00e7erikleriyle cilt h\u0131zla sakinle\u015ftirmeye ve ferahl\u0131k hissi sa\u011flamaya yard\u0131mc\u0131 olur.<\/li>\n<li><strong>Nemlendirici ve Besleyici<\/strong>: \u0130\u00e7eri\u011findeki gliserin ve aloe vera, cildi derinlemesine nemlendirmeye, kuruma ve gerilme hissini \u00f6nlemeye yard\u0131mc\u0131 olur. Cildin p\u00fcr\u00fczs\u00fcz ve yumu\u015fak kalmas\u0131n\u0131 sa\u011flamaya yard\u0131mc\u0131 olur.<\/li>\n<li><strong>Cilt Dengesini Sa\u011flamaya Yard\u0131m Eder<\/strong>: Cildin pH dengesini d\u00fczenlemeye, i\u015flem sonras\u0131 ciltte olu\u015fabilecek kuruluk ve tahri\u015fi azaltmaya yard\u0131mc\u0131 olur. Triethanolamine sayesinde cildin do\u011fal dengesini korumaya yard\u0131mc\u0131 olur.<\/li>\n<li><strong>Do\u011fal ve Hassas Bak\u0131m<\/strong>: Form\u00fcl\u00fcndeki do\u011fal i\u00e7erikler cilt dostudur ve hassas ciltler i\u00e7in de uygundur. Cildinizi beslemeye yard\u0131mc\u0131 olurken, herhangi bir zararl\u0131 madde i\u00e7ermez.<\/li>\n<\/ul>\n<p><strong>Sonu\u00e7:<br \/>\nEpilasyon, Lazer, A\u011fda ve T\u00fcy D\u00f6k\u00fcc\u00fc Sonras\u0131 Bak\u0131m Jeli<\/strong>, i\u015flem sonras\u0131 cilt bak\u0131m\u0131n\u0131z\u0131 en \u00fcst d\u00fczeye \u00e7\u0131karmaya yard\u0131mc\u0131 olur. Yat\u0131\u015ft\u0131r\u0131c\u0131, nemlendirici ve koruyucu \u00f6zellikleri ile cildinizi rahatlatmaya, h\u0131zla toparlanmas\u0131na yard\u0131mc\u0131 olur. Cildinizi en hassas haliyle beslemeye ve her t\u00fcrl\u00fc tahri\u015ften korumaya yard\u0131mc\u0131 olur.<\/p>\n<p>Sa\u011fl\u0131kl\u0131, p\u00fcr\u00fczs\u00fcz ve rahat bir cilt i\u00e7in bu jel vazge\u00e7ilmez bak\u0131m \u00fcr\u00fcn\u00fcn\u00fcz olacak!<\/p>\n<p><strong>KULLANIM \u015eEKL\u0130:<\/strong><br \/>\nEpilasyon \u2013 Lazer \u2013 A\u011fda seanslar\u0131ndan 2 g\u00fcn \u00f6nce sabah-ak\u015fam kullan\u0131lmas\u0131 i\u015flemin daha verimli ve konforlu olmas\u0131 a\u00e7\u0131s\u0131ndan faydal\u0131d\u0131r.<br \/>\n\u0130\u015flem \u00f6ncesi kullan\u0131m\u0131n amac\u0131 b\u00f6lgeyi nemlendirerek seansa haz\u0131rlamak ve i\u015flem sonras\u0131 olas\u0131 nem kayb\u0131n\u0131n \u00f6n\u00fcne ge\u00e7meye yard\u0131mc\u0131 olmakt\u0131r.<br \/>\nEpilasyon \u2013 Lazer \u2013 A\u011fda sonras\u0131nda da 3 g\u00fcn boyunca sabah-ak\u015fam uygulay\u0131n\u0131z.<\/p>\n<p>&nbsp;<\/p>\n<p><iframe title=\"Yenilenerek de\u011fi\u015fimi yakalamak isteyenler\" width=\"500\" height=\"281\" src=\"https:\/\/www.youtube.com\/embed\/RH9YZXYUuVc?feature=oembed\" frameborder=\"0\" allow=\"accelerometer; autoplay; clipboard-write; encrypted-media; gyroscope; picture-in-picture; web-share\" referrerpolicy=\"strict-origin-when-cross-origin\" allowfullscreen><\/iframe><\/p>\n","protected":false},"excerpt":{"rendered":"<p>Cildi nemlendirmeye, beslemeye, tahri\u015f, kabar\u0131kl\u0131k ve k\u0131zar\u0131kl\u0131klar\u0131 \u00f6nleyerek korumaya, \u00e7atlamas\u0131n\u0131 \u00f6nlemeye, ferahl\u0131k vermeye, i\u00e7eri\u011finde bulunan <b><strong>Aloe Vera<\/strong><\/b>\u00a0sayesinde protein ve mineral ihtiyac\u0131n\u0131 kar\u015f\u0131lamaya yard\u0131mc\u0131d\u0131r.<\/p>\n","protected":false},"featured_media":8298,"comment_status":"open","ping_status":"closed","template":"","meta":[],"product_brand":[],"product_cat":[81],"product_tag":[196,271,274,230,273,194,270,272,192],"class_list":{"0":"post-8297","1":"product","2":"type-product","3":"status-publish","4":"has-post-thumbnail","6":"product_cat-vucut-bakimi","7":"product_tag-agda","8":"product_tag-beslenme","9":"product_tag-ferah","10":"product_tag-jel","11":"product_tag-kizariklik","12":"product_tag-lazer","13":"product_tag-nem","14":"product_tag-tahris","15":"product_tag-tuydokucu","16":"ts_product_brand-acvit","18":"first","19":"instock","20":"shipping-taxable","21":"purchasable","22":"product-type-simple"},"aioseo_notices":[],"_links":{"self":[{"href":"https:\/\/www.acvit.com.tr\/magaza\/wp-json\/wp\/v2\/product\/8297","targetHints":{"allow":["GET"]}}],"collection":[{"href":"https:\/\/www.acvit.com.tr\/magaza\/wp-json\/wp\/v2\/product"}],"about":[{"href":"https:\/\/www.acvit.com.tr\/magaza\/wp-json\/wp\/v2\/types\/product"}],"replies":[{"embeddable":true,"href":"https:\/\/www.acvit.com.tr\/magaza\/wp-json\/wp\/v2\/comments?post=8297"}],"wp:featuredmedia":[{"embeddable":true,"href":"https:\/\/www.acvit.com.tr\/magaza\/wp-json\/wp\/v2\/media\/8298"}],"wp:attachment":[{"href":"https:\/\/www.acvit.com.tr\/magaza\/wp-json\/wp\/v2\/media?parent=8297"}],"wp:term":[{"taxonomy":"product_brand","embeddable":true,"href":"https:\/\/www.acvit.com.tr\/magaza\/wp-json\/wp\/v2\/product_brand?post=8297"},{"taxonomy":"product_cat","embeddable":true,"href":"https:\/\/www.acvit.com.tr\/magaza\/wp-json\/wp\/v2\/product_cat?post=8297"},{"taxonomy":"product_tag","embeddable":true,"href":"https:\/\/www.acvit.com.tr\/magaza\/wp-json\/wp\/v2\/product_tag?post=8297"}],"curies":[{"name":"wp","href":"https:\/\/api.w.org\/{rel}","templated":true}]}}