{"id":8273,"date":"2024-08-27T13:53:06","date_gmt":"2024-08-27T10:53:06","guid":{"rendered":"https:\/\/www.acvit.com.tr\/magaza\/?post_type=product&#038;p=8273"},"modified":"2026-01-17T14:23:50","modified_gmt":"2026-01-17T11:23:50","slug":"ozon-yagi-50-ml","status":"publish","type":"product","link":"https:\/\/www.acvit.com.tr\/magaza\/urun\/ozon-yagi-50-ml\/","title":{"rendered":"Saf Ozon Ya\u011f\u0131 \/ Cilt Yenileme ve Koruma &#8211; 50 ML."},"content":{"rendered":"<p style=\"font-weight: 400;\"><b><strong>SAF OZON YA\u011eI\u00a0<\/strong><\/b><\/p>\n<p style=\"font-weight: 400;\"><b><strong>Ozon Ya\u011f\u0131 nas\u0131l olu\u015fur?<\/strong><\/b><\/p>\n<p style=\"font-weight: 400;\">\u00dcr\u00fcn\u00fcn etken maddesi ozon molek\u00fcl\u00fc so\u011fuk s\u0131k\u0131m zeytinya\u011f\u0131 i\u00e7inde tutunduruldu\u011funda cilt i\u00e7in olduk\u00e7a h\u0131zl\u0131 cevap veren ve dokundu\u011fu alanda oksijene b\u00f6l\u00fcnen bir bile\u015fi\u011fe yani ozon ya\u011f\u0131na d\u00f6n\u00fc\u015f\u00fcr. Oksijen h\u00fccrelerde serbest radikallerin uzakla\u015ft\u0131r\u0131lmas\u0131 ve hayati fonksiyonlar\u0131n\u0131n yerine getirilmesinde kullan\u0131lan ba\u015fl\u0131ca biyo-elementlerden biridir.<\/p>\n<p style=\"font-weight: 400;\"><b><strong>Ozon nedir? Neden Zeytinya\u011f\u0131n\u0131n i\u00e7ine enjekte edilir?<\/strong><\/b><\/p>\n<p style=\"font-weight: 400;\">Oksijenin karars\u0131z bir formu olan ozon (O3), atmosferde bulunan renksiz ve kokulu bir gazd\u0131r. Oksitleme \u00f6zelli\u011finin y\u00fcksek olmas\u0131 sayesinde mikroorganizmalar\u0131 ve toksinleri yok ederek g\u00fcn\u00fcm\u00fczde sterilizasyon ve filtreleme i\u015flemlerinde kullan\u0131lan ozon gaz\u0131ndan cilt sorunlar\u0131n\u0131n \u00e7\u00f6z\u00fcm\u00fcnde de faydalan\u0131lmaktad\u0131r.<\/p>\n<p style=\"font-weight: 400;\"><b><strong>Neden Ozon Ya\u011f\u0131?<br \/>\n<\/strong><\/b>Zeytinya\u011f\u0131 cilt bak\u0131m\u0131nda etkin rol oynamaktad\u0131r.\u00a0\u00a0Bitkisel ya\u011f \u00e7e\u015fitleri aras\u0131nda yer alan ozonlanm\u0131\u015f zeytinya\u011f\u0131 son y\u0131llarda olduk\u00e7a pop\u00fcler olan bak\u0131m y\u00f6ntemlerinin ba\u015f\u0131nda geliyor. Sa\u00e7 ve cilt bak\u0131m\u0131 i\u00e7in gereken pek \u00e7ok \u015fey ozonlanm\u0131\u015f zeytinya\u011f\u0131 ile birle\u015fiyor.<\/p>\n<p style=\"font-weight: 400;\">Ozonlanm\u0131\u015f zeytinya\u011f\u0131 bitkisel ya\u011flardan elde edilen ve bak\u0131m rutinlerinin ba\u015f\u0131nda gelen \u00fcr\u00fcnlerden biri. Ozonlanm\u0131\u015f zeytinya\u011f\u0131 iki bitkisel malzemenin bir araya gelmesinden elde ediliyor. Buna g\u00f6re ger\u00e7ek do\u011fal zeytinya\u011f\u0131n\u0131n \u00fczerine ozon ekleniyor. \u0130ki kar\u0131\u015f\u0131m bir araya geldi\u011finde sa\u00e7 ve cilt sa\u011fl\u0131\u011f\u0131 i\u00e7in faydal\u0131 etkiler ortaya \u00e7\u0131kar\u0131yor. Ayn\u0131 zamanda i\u00e7eri\u011findeki y\u00fcksek antioksidan deste\u011fi ile bir\u00e7ok sa\u00e7 ve cilt sorununun zamanla \u00e7\u00f6z\u00fclmesine yard\u0131mc\u0131 oluyor.<\/p>\n<p style=\"font-weight: 400;\">Ozonlu zeytinya\u011f\u0131 i\u00e7eri\u011fi ve yap\u0131lma y\u00f6ntemi ile insan sa\u011fl\u0131\u011f\u0131 i\u00e7in gereken pek \u00e7ok \u015feyi b\u00fcnyesinde bar\u0131nd\u0131r\u0131yor.<\/p>\n<p style=\"font-weight: 400;\"><b><strong>Faydalar\u0131 nelerdir?<br \/>\n<\/strong><\/b>\u00d6ncelikle sa\u011fl\u0131kl\u0131 cilt ve sa\u00e7 i\u00e7in kullan\u0131lmas\u0131n\u0131 hekimler ve dermatologlar \u00f6nermektedir.<\/p>\n<p style=\"font-weight: 400;\">Bir \u00e7ok etkisi olan Ozon teknolojisi cilt temizli\u011fi ve bak\u0131m\u0131nda, cildin nemlenmesinde ve pH de\u011ferinin sa\u011flanmas\u0131nda yard\u0131mc\u0131 oldu\u011fu gibi cildi d\u0131\u015f etkenlere kar\u015f\u0131 korumaya ve beslemeye, hasar g\u00f6rm\u00fc\u015f cildin iyile\u015fme s\u00fcrecini desteklemeye yard\u0131mc\u0131d\u0131r.<\/p>\n<p style=\"font-weight: 400;\">zQo Serisi Ozonlanm\u0131\u015f Saf Zeytinya\u011f\u0131 ile deri \u00fczerine yap\u0131lan masaj sayesinde sa\u011fl\u0131kl\u0131, parlak ve d\u00fczg\u00fcn bir cilde sahip olmaya yard\u0131m eder.<\/p>\n<p style=\"font-weight: 400;\">Cildinizde biriken zararl\u0131 etkenlerle m\u00fccadelede ve cilt problemlerinin bir\u00e7o\u011funda en etkili yard\u0131mc\u0131n\u0131z olup, onar\u0131c\u0131, antioksidan ve ar\u0131nd\u0131r\u0131c\u0131 \u00f6zelliklere sahip do\u011fal yard\u0131mc\u0131 bir kozmetiktir.<\/p>\n<p style=\"font-weight: 400;\">Sa\u00e7 sorunlar\u0131n\u0131z\u0131n da vazge\u00e7ilmezi olan Ozon Ya\u011f\u0131 sa\u00e7lar\u0131n parlamas\u0131 ve daha bak\u0131ml\u0131 olmas\u0131na yard\u0131mc\u0131d\u0131r.<\/p>\n<p style=\"font-weight: 400;\"><b><strong>Acvit Ozon Ya\u011f\u0131n\u0131n Fark\u0131: <\/strong><\/b>Eksi 8 derecede 2,7 pmm seviyesinde ozonlanm\u0131\u015f saf zeytinya\u011f\u0131d\u0131r. Ozonland\u0131\u011f\u0131 yerde direk olarak dolum yap\u0131l\u0131p ve sizlere sunulmu\u015ftur.<\/p>\n<p style=\"font-weight: 400;\"><b><strong>KULLANIM \u015eEKL\u0130:<\/strong><\/b>\u00a0Sorunlu olan b\u00f6lgeye sabah ak\u015fam uygulay\u0131n\u0131z. 2-4 dakika masaj yap\u0131n\u0131z.<\/p>\n<p style=\"font-weight: 400;\"><b><strong>Not :<\/strong><\/b>\u00a0\u00dcr\u00fcnden istedi\u011finiz etkiyi almak i\u00e7in l\u00fctfen kullan\u0131m talimat\u0131na uyman\u0131z\u0131, daha fazla detayl\u0131 ve sa\u011fl\u0131kl\u0131 bilgi almak i\u00e7in 05545331931 nolu Whatsapp hatt\u0131m\u0131zla irtibata ge\u00e7menizi rica ederiz.<\/p>\n<p><iframe title=\"do\u011fal kozmetikte lider marka\" width=\"500\" height=\"281\" src=\"https:\/\/www.youtube.com\/embed\/3uOtDdJS9Sk?feature=oembed\" frameborder=\"0\" allow=\"accelerometer; autoplay; clipboard-write; encrypted-media; gyroscope; picture-in-picture; web-share\" referrerpolicy=\"strict-origin-when-cross-origin\" allowfullscreen><\/iframe><\/p>\n","protected":false},"excerpt":{"rendered":"<p>Bir \u00e7ok etkisi olan Ozon teknolojisi cilt temizli\u011fi ve bak\u0131m\u0131nda, cildin nemlenmesinde ve pH de\u011ferinin sa\u011flanmas\u0131nda yard\u0131mc\u0131 oldu\u011fu gibi cildi d\u0131\u015f etkenlere kar\u015f\u0131 korumaya ve beslemeye, hasar g\u00f6rm\u00fc\u015f cildin iyile\u015fme s\u00fcrecini desteklemeye yard\u0131mc\u0131d\u0131r.<\/p>\n","protected":false},"featured_media":8609,"comment_status":"open","ping_status":"closed","template":"","meta":[],"product_brand":[],"product_cat":[62,133],"product_tag":[182,181,242,214,268,269],"class_list":{"0":"post-8273","1":"product","2":"type-product","3":"status-publish","4":"has-post-thumbnail","6":"product_cat-cilt-bakimi","7":"product_cat-onaricilar","8":"product_tag-bakim","9":"product_tag-cilt","10":"product_tag-ozon","11":"product_tag-ph","12":"product_tag-yagi","13":"product_tag-zeytinyagi","14":"ts_product_brand-acvit","16":"first","17":"instock","18":"shipping-taxable","19":"purchasable","20":"product-type-simple"},"aioseo_notices":[],"_links":{"self":[{"href":"https:\/\/www.acvit.com.tr\/magaza\/wp-json\/wp\/v2\/product\/8273","targetHints":{"allow":["GET"]}}],"collection":[{"href":"https:\/\/www.acvit.com.tr\/magaza\/wp-json\/wp\/v2\/product"}],"about":[{"href":"https:\/\/www.acvit.com.tr\/magaza\/wp-json\/wp\/v2\/types\/product"}],"replies":[{"embeddable":true,"href":"https:\/\/www.acvit.com.tr\/magaza\/wp-json\/wp\/v2\/comments?post=8273"}],"wp:featuredmedia":[{"embeddable":true,"href":"https:\/\/www.acvit.com.tr\/magaza\/wp-json\/wp\/v2\/media\/8609"}],"wp:attachment":[{"href":"https:\/\/www.acvit.com.tr\/magaza\/wp-json\/wp\/v2\/media?parent=8273"}],"wp:term":[{"taxonomy":"product_brand","embeddable":true,"href":"https:\/\/www.acvit.com.tr\/magaza\/wp-json\/wp\/v2\/product_brand?post=8273"},{"taxonomy":"product_cat","embeddable":true,"href":"https:\/\/www.acvit.com.tr\/magaza\/wp-json\/wp\/v2\/product_cat?post=8273"},{"taxonomy":"product_tag","embeddable":true,"href":"https:\/\/www.acvit.com.tr\/magaza\/wp-json\/wp\/v2\/product_tag?post=8273"}],"curies":[{"name":"wp","href":"https:\/\/api.w.org\/{rel}","templated":true}]}}