{"id":8223,"date":"2024-08-27T10:54:01","date_gmt":"2024-08-27T07:54:01","guid":{"rendered":"https:\/\/www.acvit.com.tr\/magaza\/?post_type=product&#038;p=8223"},"modified":"2026-01-17T14:24:20","modified_gmt":"2026-01-17T11:24:20","slug":"catlak-bakim-kremi-200-ml","status":"publish","type":"product","link":"https:\/\/www.acvit.com.tr\/magaza\/urun\/catlak-bakim-kremi-200-ml\/","title":{"rendered":"\u00c7atlak Kremi &#8211; 200 ML"},"content":{"rendered":"<h3><strong>\u0130\u00e7eri\u011finde bulunan bitkisel, ya\u011flar ve vitamin tertibi sayesinde v\u00fccudumuzda olu\u015fan \u00e7atlaklar\u0131n giderilmesine p\u00fcr\u00fczs\u00fcz, parlak, diri ve sa\u011fl\u0131kl\u0131 bir v\u00fccuda kavu\u015fman\u0131za yard\u0131mc\u0131 olur.<\/strong><\/h3>\n<p>Cilt \u00e7atlaklar\u0131, genellikle h\u0131zl\u0131 kilo de\u011fi\u015fimleri, gebelik, ergenlik d\u00f6nemi veya a\u015f\u0131r\u0131 fiziksel y\u00fcklenme gibi durumlarla ortaya \u00e7\u0131kar. Bu \u00e7atlaklar, ciltte istenmeyen izler b\u0131rakabilir ve bu da bir\u00e7ok insan\u0131n kendini rahats\u0131z hissetmesine neden olabilir. ACV\u0130T \u00c7atlak Kremi, bu t\u00fcr sorunlarla ba\u015fa \u00e7\u0131kmak i\u00e7in geli\u015ftirilmi\u015f bilimsel olarak desteklenen form\u00fcl\u00fc ile cildinizdeki \u00e7atlaklar\u0131 azaltman\u0131za yard\u0131mc\u0131 olur. Cildi g\u00fc\u00e7lendirebilir. Sa\u011fl\u0131kl\u0131 bir g\u00f6r\u00fcn\u00fcm kazand\u0131rabilirsiniz.<\/p>\n<p>\u00c7atlaklar derinin dermis tabakas\u0131nda cildin a\u015f\u0131r\u0131 gerilmeye dayanamamas\u0131yla ortaya \u00e7\u0131kan y\u0131rt\u0131klard\u0131r.<\/p>\n<p>Bu nedenle hamilelik, ergenlik, h\u0131zl\u0131 kilo alma, aniden zay\u0131flama gibi de\u011fi\u015fimler hormonal de\u011fi\u015fimlere de e\u015flik etti\u011finden cildimizin \u00e7e\u015fitli b\u00f6lgelerinde \u00e7atlaklara neden olur.<\/p>\n<p>DP 3 Serisi ENDEMIX\u2122 Komplex Cutis Vox Bak\u0131m Krem v\u00fccudunuzda olu\u015fan \u00e7atlaklar\u0131 gidermeye yard\u0131mc\u0131 olurken daha s\u0131k\u0131, daha elastik, p\u00fcr\u00fczs\u00fcz bir cilde kavu\u015fman\u0131za yard\u0131mc\u0131 olur.<\/p>\n<p>Parafin, vazelin, silikon, parf\u00fcm i\u00e7ermeyen DP 3 Serisi ENDEMIX\u2122 Komplex Cutis Vox Bak\u0131m Kremi en hassas ve yo\u011fun bak\u0131ma ihtiya\u00e7 duyan ciltleri d\u00fc\u015f\u00fcnerek \u00fcretilmi\u015ftir. DP 3 Serisi ENDEMIX\u2122 Komplex Cutis Vox Bak\u0131m Kremi h\u0131zl\u0131 emilen, yo\u011fun nemlilik ve elastikiyet sa\u011flanmas\u0131na yard\u0131mc\u0131 olan hafif yap\u0131l\u0131 ya\u011flar, vitaminler ve bitkilerden elde etti\u011fimiz DP 3 Serisi kremi form\u00fcle ettik.<\/p>\n<p>D\u00fczenli kullan\u0131mda bu \u00e7irkin g\u00f6r\u00fcn\u00fcmden kurtulman\u0131za yard\u0131mc\u0131 olacakt\u0131r. Diyetisyenler dengeli beslenme, d\u00fczenli spor, bol s\u0131v\u0131 t\u00fcketimi takviyesi tavsiye etmektedir.<\/p>\n<p>\u00dcr\u00fcn\u00fcm\u00fczde kulland\u0131\u011f\u0131m\u0131z bitkisel aktifimiz elastik lif ba\u011flar\u0131n eski g\u00f6r\u00fcnt\u00fcs\u00fcne kavu\u015fmas\u0131n\u0131 desteklemektedir.<\/p>\n<p><strong>ACV\u0130T \u00c7atlak Bak\u0131m Kremi\u2019nin Bilimsel \u0130\u00e7eri\u011fi ve Etkileri:<\/strong><\/p>\n<ol>\n<li><strong>Kolajen \u00dcretimini Desteklemeye yard\u0131mc\u0131 olur &#8211; <\/strong>Cildin elastikiyeti ve s\u0131k\u0131l\u0131\u011f\u0131 i\u00e7in kolajen hayati bir rol oynar. ACV\u0130T \u00c7atlak Kremi, i\u00e7eri\u011findeki g\u00fc\u00e7l\u00fc bile\u015fenlerle, cildin do\u011fal kolajen \u00fcretimini uyar\u0131r. Kolajen \u00fcretiminin artmas\u0131, cildin daha esnek olmas\u0131n\u0131 ve \u00e7atlaklar\u0131n zamanla daha az belirgin hale gelmesini sa\u011flamaya yard\u0131m eder. D\u00fczenli kullan\u0131mda, cilt yap\u0131s\u0131 g\u00fc\u00e7lendirmeye ve yenilenmeye, \u00e7atlaklar\u0131n g\u00f6r\u00fcn\u00fcm\u00fc azaltmaya yard\u0131mc\u0131 olur.<\/li>\n<li>Cilt \u00e7atlaklar\u0131, ciltteki ani gerilme veya kuruluk nedeniyle ortaya \u00e7\u0131kabilir. <strong>Hyaluronik asit<\/strong>, cildin su tutma kapasitesini art\u0131rarak derinlemesine nemlendirmeye ve cilt bariyerini g\u00fc\u00e7lendirmeye yard\u0131mc\u0131 olur. Bu, cildin nem dengesini koruyarak \u00e7atlaklar\u0131n olu\u015fumunu engellemeye yard\u0131mc\u0131 olur. ACV\u0130T \u00c7atlak Kremi, cildin nem seviyesini optimum seviyede tutmaya yard\u0131mc\u0131 olarak \u00e7atlaklar\u0131n daha h\u0131zl\u0131 iyile\u015fmesine ve g\u00f6r\u00fcn\u00fcm\u00fcn\u00fcn d\u00fczelmesine katk\u0131 sa\u011flar.<\/li>\n<li>ACV\u0130T \u00c7atlak Kremi, cilt y\u00fczeyindeki \u00e7atlaklar\u0131 beslemeye, ayn\u0131 zamanda cildin iyile\u015fme s\u00fcrecini h\u0131zland\u0131rmaya yard\u0131mc\u0131 olur. E vitamini, cildi serbest radikallerden koruyarak ya\u015flanma etkilerinin gecikmesine de yard\u0131mc\u0131 olur. Bu g\u00fc\u00e7l\u00fc bile\u015fen, cildin hem d\u0131\u015f hem i\u00e7 yap\u0131s\u0131n\u0131 g\u00fc\u00e7lendirmeye, \u00e7atlaklar\u0131n g\u00f6r\u00fcn\u00fcm\u00fcn\u00fc azaltmaya ve ciltteki iyile\u015fmeyi h\u0131zland\u0131rmaya destek olur.<\/li>\n<li><strong>Bitkisel Ekstraktlarla S\u0131k\u0131la\u015ft\u0131rmaya ve Yenilemeye Yard\u0131mc\u0131 Etki<\/strong> &#8211; ACV\u0130T \u00c7atlak Kremi, <strong>bitkisel \u00f6zler<\/strong> ile zenginle\u015ftirilmi\u015ftir. \u00d6zellikle do\u011fal i\u00e7erikler, cildi s\u0131k\u0131la\u015ft\u0131rmaya, elastikiyetini artt\u0131rmaya ve ciltteki \u00e7atlaklar\u0131n iyile\u015fme g\u00f6stermesine yard\u0131mc\u0131 olur. Bu bitkisel i\u00e7erikler, cildinizin do\u011fal yap\u0131s\u0131n\u0131 g\u00fc\u00e7lendirmeye, \u00e7atlaklar\u0131n belirginli\u011fini azaltmaya yard\u0131m eder.<\/li>\n<li>Acvit \u00c7atlak Kremi, \u00dcr\u00fcn, cilt \u00fczerinde hassasiyet yaratmadan etkili sonu\u00e7lar sunmaya destek olmaktad\u0131r. Kullan\u0131c\u0131lar, \u00fcr\u00fcn\u00fcn d\u00fczenli kullan\u0131m\u0131nda \u00e7atlaklar\u0131n belirginli\u011finin azald\u0131\u011f\u0131n\u0131 ve cildin daha p\u00fcr\u00fczs\u00fcz ve s\u0131k\u0131 hale gelmesine yard\u0131m etti\u011fini g\u00f6zlemlemi\u015ftir. Bu sonu\u00e7lar da, \u00fcr\u00fcn\u00fcn etkinli\u011fini ve g\u00fcvenilirli\u011fini artt\u0131rmaktad\u0131r.<\/li>\n<\/ol>\n<p><strong>ACV\u0130T \u00c7atlak Kremi\u2019nin Faydalar\u0131:<\/strong><\/p>\n<ul>\n<li>Kolajen \u00fcretimini art\u0131rarak cilt elastikiyetini g\u00fc\u00e7lendirmeye ve \u00e7atlaklar\u0131 azaltmaya destek olur.<\/li>\n<li>Nemlendirmeye yard\u0131m ederek cildin sa\u011fl\u0131kl\u0131 g\u00f6r\u00fcnmesine de destek olur.<\/li>\n<li>Cilt onar\u0131m\u0131n\u0131 h\u0131zland\u0131rmaya ve serbest radikallere kar\u015f\u0131 korumaya yard\u0131mc\u0131 olur.<\/li>\n<li>Bitkisel \u00f6zler ve do\u011fal bile\u015fenlerle cildi beslemeye ve yenilemeye yard\u0131mc\u0131 olur.<\/li>\n<li>G\u00f6zle g\u00f6r\u00fcn\u00fcr g\u00fcvenli ve etkili sonu\u00e7lar sunmaya destek olu\u0131r.<\/li>\n<li>Cildin daha p\u00fcr\u00fczs\u00fcz, s\u0131k\u0131 ve gen\u00e7 g\u00f6r\u00fcnmesini sa\u011flamaya yard\u0131mc\u0131 olur.<\/li>\n<\/ul>\n<p><strong>Cildinizdeki \u00e7atlaklar\u0131n azalmas\u0131na yard\u0131mc\u0131 olmas\u0131 i\u00e7in ACV\u0130T\u2019e f\u0131rsat verin!<\/strong><\/p>\n<p>ACV\u0130T \u00c7atlak Kremi, bilimsel form\u00fcl\u00fc ve do\u011fal i\u00e7erikleriyle cildinizdeki \u00e7atlaklar\u0131 azalmas\u0131na ayn\u0131 zamanda cildi g\u00fc\u00e7lendirmeye yard\u0131mc\u0131 olurken, d\u00fczenli kullan\u0131mda, ciltteki \u00e7atlaklar\u0131n g\u00f6r\u00fcn\u00fcm\u00fcnde belirgin bir azalma g\u00f6zlemlenmesine yard\u0131m eder. Hem v\u00fccudunuzu beslemeye hem de cildinizin gen\u00e7 ve sa\u011fl\u0131kl\u0131 g\u00f6r\u00fcnmesini sa\u011flamaya yard\u0131mc\u0131 olur.<\/p>\n<p>Cildinizi \u015f\u0131mart\u0131n ve ACV\u0130T \u00c7atlak Kremi ile sa\u011fl\u0131kl\u0131, s\u0131k\u0131 ve p\u00fcr\u00fczs\u00fcz bir cilt g\u00f6r\u00fcn\u00fcm\u00fcne kavu\u015fabilirsiniz. <strong>ACV\u0130T<\/strong> ile g\u00fcvenle \u00e7atlaklarla m\u00fccadele edin ve cildinize hak etti\u011fi bak\u0131m\u0131 sa\u011flay\u0131n!<\/p>\n<p><strong>ACV\u0130T \u00c7atlak Kremi<\/strong>nin etkinli\u011fini ve g\u00fcvenilirli\u011fini vurgularken, \u00fcr\u00fcn\u00fcn bilimsel temelleri ve do\u011fal i\u00e7eriklerinin sa\u011flad\u0131\u011f\u0131 faydalar\u0131 \u00f6n plana \u00e7\u0131kar\u0131r. Kullan\u0131c\u0131lara ve kullanacaklara , \u00fcr\u00fcn\u00fcn g\u00fcvenli ve etkili oldu\u011fu konusunda g\u00fcvence vererek destek olur.<\/p>\n<p><strong>KULLANIM \u015eEKL\u0130:<\/strong> G\u00fcnde 1 defa m\u00fcmk\u00fcnse yatmadan \u00f6nce kuru ve temiz b\u00f6lgeye 2 dakika masaj yaparak uygulan\u0131r. \u00d6ylece kals\u0131n, y\u0131kamay\u0131n\u0131z.<\/p>\n<p><strong>\u00a0<\/strong><\/p>\n<p>&nbsp;<\/p>\n<p><iframe title=\"kad\u0131n g\u00fclerse d\u00fcnya g\u00fcler\" width=\"500\" height=\"281\" src=\"https:\/\/www.youtube.com\/embed\/U8tiarJHyTg?feature=oembed\" frameborder=\"0\" allow=\"accelerometer; autoplay; clipboard-write; encrypted-media; gyroscope; picture-in-picture; web-share\" referrerpolicy=\"strict-origin-when-cross-origin\" allowfullscreen><\/iframe><\/p>\n<p>&nbsp;<\/p>\n","protected":false},"excerpt":{"rendered":"<p>\u0130\u00e7eri\u011finde bulunan bitkisel, ya\u011flar ve vitamin tertibi sayesinde v\u00fccudumuzda olu\u015fan \u00e7atlaklar\u0131n giderilmesine p\u00fcr\u00fczs\u00fcz, parlak, diri bir v\u00fccuda kavu\u015fman\u0131za yard\u0131mc\u0131 olur.<\/p>\n","protected":false},"featured_media":8237,"comment_status":"open","ping_status":"closed","template":"","meta":[],"product_brand":[],"product_cat":[62,133],"product_tag":[],"class_list":{"0":"post-8223","1":"product","2":"type-product","3":"status-publish","4":"has-post-thumbnail","6":"product_cat-cilt-bakimi","7":"product_cat-onaricilar","8":"ts_product_brand-acvit","10":"first","11":"instock","12":"shipping-taxable","13":"purchasable","14":"product-type-simple"},"aioseo_notices":[],"_links":{"self":[{"href":"https:\/\/www.acvit.com.tr\/magaza\/wp-json\/wp\/v2\/product\/8223","targetHints":{"allow":["GET"]}}],"collection":[{"href":"https:\/\/www.acvit.com.tr\/magaza\/wp-json\/wp\/v2\/product"}],"about":[{"href":"https:\/\/www.acvit.com.tr\/magaza\/wp-json\/wp\/v2\/types\/product"}],"replies":[{"embeddable":true,"href":"https:\/\/www.acvit.com.tr\/magaza\/wp-json\/wp\/v2\/comments?post=8223"}],"wp:featuredmedia":[{"embeddable":true,"href":"https:\/\/www.acvit.com.tr\/magaza\/wp-json\/wp\/v2\/media\/8237"}],"wp:attachment":[{"href":"https:\/\/www.acvit.com.tr\/magaza\/wp-json\/wp\/v2\/media?parent=8223"}],"wp:term":[{"taxonomy":"product_brand","embeddable":true,"href":"https:\/\/www.acvit.com.tr\/magaza\/wp-json\/wp\/v2\/product_brand?post=8223"},{"taxonomy":"product_cat","embeddable":true,"href":"https:\/\/www.acvit.com.tr\/magaza\/wp-json\/wp\/v2\/product_cat?post=8223"},{"taxonomy":"product_tag","embeddable":true,"href":"https:\/\/www.acvit.com.tr\/magaza\/wp-json\/wp\/v2\/product_tag?post=8223"}],"curies":[{"name":"wp","href":"https:\/\/api.w.org\/{rel}","templated":true}]}}