{"id":8159,"date":"2024-08-26T18:41:47","date_gmt":"2024-08-26T15:41:47","guid":{"rendered":"https:\/\/www.acvit.com.tr\/magaza\/?post_type=product&#038;p=8159"},"modified":"2026-01-17T14:26:26","modified_gmt":"2026-01-17T11:26:26","slug":"ozonlu-cilt-bakim-kremi-50-ml","status":"publish","type":"product","link":"https:\/\/www.acvit.com.tr\/magaza\/urun\/ozonlu-cilt-bakim-kremi-50-ml\/","title":{"rendered":"Ozonlu; Rahatlat\u0131c\u0131, Yat\u0131\u015ft\u0131r\u0131c\u0131 Cilt Bak\u0131m Kremi &#8211; 50 ML."},"content":{"rendered":"<p><strong>Rahatlat\u0131c\u0131, Yat\u0131\u015ft\u0131r\u0131c\u0131 Cilt Bak\u0131m Kremi &#8211; 50 ml<\/strong><\/p>\n<p><strong>OZONLU C\u0130LT BAKIM KREM\u0130<\/strong> v\u00fccudunuzu rahatlatmaya yard\u0131mc\u0131d\u0131r.<\/p>\n<p>Acvit Ozon Cilt Kremi, cilt bak\u0131m\u0131nda ozonun sa\u011flad\u0131\u011f\u0131 faydalar\u0131 kullanarak form\u00fcle edilmi\u015f yat\u0131\u015ft\u0131r\u0131c\u0131 ve rahatlat\u0131c\u0131 bir \u00fcr\u00fcnd\u00fcr. Ozon (O\u2083), g\u00fc\u00e7l\u00fc bir oksidasyon yetene\u011fine sahip bir gazd\u0131r ve t\u0131bbi, kozmetik ve dermatolojik uygulamalarda \u00e7ok \u00e7e\u015fitli faydalar sunmaya yard\u0131mc\u0131 olur. Acvit Ozon Cilt Kremi, ozonun cilt \u00fczerindeki iyile\u015ftirici, yenileyici ve besleyici \u00f6zelliklerinden yararlanarak, cilt sa\u011fl\u0131\u011f\u0131n\u0131 destekler ve ya\u015flanma belirtilerini azaltmaya yard\u0131mc\u0131 olur.<\/p>\n<p><strong>Ozonlu Cilt Bak\u0131m Kremi,<\/strong> Ozon i\u00e7erir. \u0130\u00e7eri\u011findeki do\u011fal ya\u011flar sayesinde uyguland\u0131\u011f\u0131 b\u00f6lgenin rahatlamas\u0131na yard\u0131mc\u0131 olur.<\/p>\n<p><strong>Ozonlu Cilt Bak\u0131m Kremi;<\/strong> \u0130lk kullan\u0131mdan itibaren rahatlaman\u0131za yard\u0131mc\u0131 olur.<\/p>\n<p><strong>Ozon\u2019un \u00d6zellikleri<\/strong><\/p>\n<p>Ozon, \u00fc\u00e7 oksijen atomunun birle\u015fimiyle olu\u015fan, olduk\u00e7a reaktif ve g\u00fc\u00e7l\u00fc oksidasyon kapasitesine sahip bir molek\u00fcld\u00fcr. Cilt bak\u0131m\u0131nda ozonun kullan\u0131m\u0131, \u00e7e\u015fitli faydal\u0131 biyolojik etkiler sa\u011flar:<\/p>\n<ul>\n<li><strong>Antioksidan Etki:<\/strong> Ozon, cilt h\u00fccrelerinde serbest radikallerin n\u00f6tralize edilmesine yard\u0131mc\u0131 olarak, ya\u015flanma belirtilerini geciktirmeye yard\u0131mc\u0131 olur.<\/li>\n<li><strong>Anti-inflamatuar \u00d6zellik:<\/strong> Ozon, ciltteki iltihaplanmay\u0131 azaltmaya yard\u0131mc\u0131 olarak k\u0131r\u0131\u015f\u0131kl\u0131k vb cilt sorunlar\u0131na kar\u015f\u0131 etkili olabilir.<\/li>\n<li><strong>Antibakteriyel Etki:<\/strong> Ozon, mikroorganizmalar\u0131n b\u00fcy\u00fcmesini engellemeye yard\u0131m eder.<\/li>\n<li><strong>Yenileyici Etki:<\/strong> Ozon, cildin yenilenmesini te\u015fvik eder ve cilt bariyerini g\u00fc\u00e7lendirmeye yard\u0131mc\u0131 olur.<\/li>\n<li><strong>Cilt Sa\u011fl\u0131\u011f\u0131:<\/strong> Ozon, cilt alt\u0131n\u0131 beslemeye yard\u0131mc\u0131 olarak cilt sa\u011fl\u0131\u011f\u0131n\u0131 iyile\u015ftirmeye destek olur. Cildin hava almas\u0131n\u0131 kolayla\u015ft\u0131rmaya destek olur.<\/li>\n<\/ul>\n<p><strong>Acvit Ozon Cilt Kremi \u00dcretimi<\/strong><\/p>\n<p>ACV\u0130T Ozon Cilt Kremi \u00fcretimi, ozonun g\u00fcvenli ve stabil bir \u015fekilde ciltle uyumlu hale getirilmesi i\u00e7in \u00f6zel bir \u00fcretim s\u00fcreci gerektirir. Ozon, do\u011frudan cilt \u00fczerine uyguland\u0131\u011f\u0131nda reaktif ve karars\u0131z bir molek\u00fcl oldu\u011fu i\u00e7in, krem form\u00fclasyonunda stabilizasyon teknikleri kullan\u0131l\u0131r.<\/p>\n<p><strong>Ozonun \u00dcretilmesi ve Stabilizasyonu<\/strong><\/p>\n<p>Ozon, \u00f6zel ozon jenerat\u00f6rleri ile \u00fcretilir. Bu jenerat\u00f6rler, oksijen (O\u2082) gaz\u0131n\u0131 y\u00fcksek gerilimle par\u00e7alayarak ozon (O\u2083) \u00fcretirler. Ozon, stabil bir formda saklanmaz; bu nedenle, do\u011fru form\u00fclasyona dahil edilmeden \u00f6nce stabil hale getirilmesi gerekir. Acvit Ozon Cilt Kremi\u2019nde ozonun etkinli\u011fini koruyabilmek i\u00e7in \u015fu y\u00f6ntemler kullan\u0131l\u0131r:<\/p>\n<ul>\n<li><strong>Mikroenkaps\u00fclasyon:<\/strong> Ozon, mikroenkaps\u00fclasyon teknolojisi ile stabil hale getirilir. Bu i\u015flem, ozonun mikroskobik kaps\u00fcller i\u00e7inde korunmas\u0131n\u0131 sa\u011flar, b\u00f6ylece ciltte yava\u015f ve kontroll\u00fc bir sal\u0131n\u0131m elde edilir.<\/li>\n<li><strong>Aktif Bile\u015fenlerle Kombinasyon:<\/strong> Ozon, cilt bak\u0131m\u0131na y\u00f6nelik besleyici ve nemlendirici bile\u015fenlerle birle\u015ftirilir. Bu bile\u015fenler aras\u0131nda Aloe Vera, E vitamini, pantenol ve gliserin gibi bile\u015fikler bulunabilir.<\/li>\n<\/ul>\n<p><strong>Form\u00fclasyon ve Krem Haz\u0131rl\u0131\u011f\u0131<\/strong><\/p>\n<p>Acvit Ozon Cilt Kremi&#8217;nin form\u00fclasyonu, ciltle uyumlu ve etkili olacak \u015fekilde tasarlan\u0131r. Ozonun yan\u0131 s\u0131ra, nemlendirici, antioksidan ve anti-inflamatuar \u00f6zelliklere sahip aktif bile\u015fenler de i\u00e7erir. Kremde kullan\u0131lan bile\u015fenler genellikle \u015fu \u015fekildedir:<\/p>\n<ul>\n<li><strong>Aloe Vera ve Pantenol:<\/strong> Yat\u0131\u015ft\u0131r\u0131c\u0131 etkiler g\u00f6stermeye ve cildi nemlendirmeye, cilt bariyerini g\u00fc\u00e7lendirmeye yard\u0131m eder.<\/li>\n<li><strong>E Vitamini:<\/strong> G\u00fc\u00e7l\u00fc bir antioksidan olup, cildi serbest radikallerden korumaya ve ya\u015flanma belirtilerini geciktirmeye destek olur.<\/li>\n<li><strong>Gliserin ve Butilen Glikol:<\/strong> Nemlendirici etkiye sahiptir, cildin su kayb\u0131n\u0131 \u00f6nlemeye yard\u0131mc\u0131 olur.<\/li>\n<\/ul>\n<p><strong>Acvit Ozon Cilt Kreminin Faydalar\u0131<br \/>\n<\/strong>Acvit Ozon Cilt Kremi, ozonun cilt \u00fczerindeki \u00e7ok y\u00f6nl\u00fc etkilerinden faydalanarak \u00e7e\u015fitli dermatolojik ve kozmetik faydalar sa\u011flar. A\u015fa\u011f\u0131da, bu kremin sa\u011flad\u0131\u011f\u0131 ba\u015fl\u0131ca faydalar s\u0131ralanm\u0131\u015ft\u0131r:<\/p>\n<p><strong>Cilt Yenilemeye Yard\u0131mc\u0131 Olur<br \/>\n<\/strong>Cilt alt\u0131n\u0131 beslemeye yard\u0131mc\u0131 olarak cilt sa\u011fl\u0131\u011f\u0131n\u0131 iyile\u015ftirmeye destek olur. Cildin hava almas\u0131n\u0131 kolayla\u015ft\u0131rmaya destek olur.Ozonun cilt alt\u0131n\u0131 beslemeye yard\u0131mc\u0131 olarak cilt sa\u011fl\u0131\u011f\u0131n\u0131 iyile\u015ftirmeye destek olmas\u0131 bilinmektedir.<\/p>\n<p><strong>Anti-Aging (Ya\u015flanma Kar\u015f\u0131t\u0131) Etki<br \/>\n<\/strong>Ozon, serbest radikallerle sava\u015fan ve ya\u015flanma belirtilerini geciktirmeye yard\u0131mc\u0131 olan g\u00fc\u00e7l\u00fc bir antioksidand\u0131r. Ciltteki ince \u00e7izgiler, k\u0131r\u0131\u015f\u0131kl\u0131klar ve sarkmalar\u0131n g\u00f6r\u00fcn\u00fcm\u00fcn\u00fc azaltabilir. Ayr\u0131ca cilt elastikiyetini art\u0131rmaya ve daha gen\u00e7 bir g\u00f6r\u00fcn\u00fcm sa\u011flamaya yard\u0131mc\u0131 olur.<\/p>\n<p><strong>Anti-inflamatuar \u00d6zellikler<br \/>\n<\/strong>Ozon, ciltteki sorunlar\u0131 azaltmaya yard\u0131mc\u0131 olarak k\u0131rm\u0131z\u0131, \u015fi\u015fkin ve tahri\u015f olmu\u015f ciltlerde faydal\u0131 olabilir. \u00d6zellikle k\u0131zar\u0131kl\u0131k ve cilt tahri\u015fi gibi durumlar i\u00e7in rahatlat\u0131c\u0131 etki g\u00f6sterebilir.<\/p>\n<p><strong>Antibakteriyel ve Antifungal Etki<br \/>\n<\/strong>Ozon, g\u00fc\u00e7l\u00fc bir dezenfektand\u0131r ve ciltteki bakteriyel ve fungal enfeksiyonlar\u0131n tedavisinde yard\u0131mc\u0131 olabilir. Ozon, cilt alt\u0131ndaki mikroplar\u0131n etkisizle\u015ftirilmesi ve cildin temizlenmesine katk\u0131 sa\u011flamaya yard\u0131mc\u0131 olur.<\/p>\n<p><strong>Cilt Bariyerini G\u00fc\u00e7lendirme<br \/>\n<\/strong>Ozon, cilt bariyerini g\u00fc\u00e7lendirmeye, cildin d\u0131\u015f etkenlere kar\u015f\u0131 daha dayan\u0131kl\u0131 olmas\u0131n\u0131 sa\u011flamaya, ayr\u0131ca cildi nemlendirmeye ve su kayb\u0131n\u0131 \u00f6nlemeye yard\u0131m eder.<\/p>\n<p><strong>Sonu\u00e7 :<br \/>\n<\/strong>Bu krem, \u00f6zellikle cilt yenilemesi ve genel cilt sa\u011fl\u0131\u011f\u0131 i\u00e7in yard\u0131mc\u0131 bir \u00fcr\u00fcnd\u00fcr. Ozonun etkileri ve stabilizasyonu hakk\u0131nda yap\u0131lan bilimsel ara\u015ft\u0131rmalar, bu kremi g\u00fcvenli ve etkili bir cilt bak\u0131m \u00fcr\u00fcn\u00fc olarak \u00f6ne \u00e7\u0131karmaktad\u0131r.<\/p>\n<p style=\"font-weight: 400;\"><b><strong>KULLANIM \u015eEKL\u0130:\u00a0<\/strong><\/b>\u0130stenilen b\u00f6lgeye sabah ve ak\u015fam olmak \u00fczere g\u00fcnde en az iki kez masaj yolu ile deriye iyice n\u00fcfuz edecek \u015fekilde uygulan\u0131r.\u00a03 Dakika masaj yap\u0131n\u0131z.<\/p>\n<p style=\"font-weight: 400;\">\n","protected":false},"excerpt":{"rendered":"<p style=\"font-weight: 400;\">Rahatlat\u0131c\u0131, Yat\u0131\u015ft\u0131r\u0131c\u0131 Bak\u0131m Kremi<\/p>\n","protected":false},"featured_media":8601,"comment_status":"open","ping_status":"closed","template":"","meta":[],"product_brand":[],"product_cat":[62,81],"product_tag":[244,182,247,242,243,246,245],"class_list":{"0":"post-8159","1":"product","2":"type-product","3":"status-publish","4":"has-post-thumbnail","6":"product_cat-cilt-bakimi","7":"product_cat-vucut-bakimi","8":"product_tag-agri","9":"product_tag-bakim","10":"product_tag-eklem","11":"product_tag-ozon","12":"product_tag-rahatlama","13":"product_tag-sanci","14":"product_tag-sizi","15":"ts_product_brand-acvit","17":"first","18":"instock","19":"shipping-taxable","20":"purchasable","21":"product-type-simple"},"aioseo_notices":[],"_links":{"self":[{"href":"https:\/\/www.acvit.com.tr\/magaza\/wp-json\/wp\/v2\/product\/8159","targetHints":{"allow":["GET"]}}],"collection":[{"href":"https:\/\/www.acvit.com.tr\/magaza\/wp-json\/wp\/v2\/product"}],"about":[{"href":"https:\/\/www.acvit.com.tr\/magaza\/wp-json\/wp\/v2\/types\/product"}],"replies":[{"embeddable":true,"href":"https:\/\/www.acvit.com.tr\/magaza\/wp-json\/wp\/v2\/comments?post=8159"}],"wp:featuredmedia":[{"embeddable":true,"href":"https:\/\/www.acvit.com.tr\/magaza\/wp-json\/wp\/v2\/media\/8601"}],"wp:attachment":[{"href":"https:\/\/www.acvit.com.tr\/magaza\/wp-json\/wp\/v2\/media?parent=8159"}],"wp:term":[{"taxonomy":"product_brand","embeddable":true,"href":"https:\/\/www.acvit.com.tr\/magaza\/wp-json\/wp\/v2\/product_brand?post=8159"},{"taxonomy":"product_cat","embeddable":true,"href":"https:\/\/www.acvit.com.tr\/magaza\/wp-json\/wp\/v2\/product_cat?post=8159"},{"taxonomy":"product_tag","embeddable":true,"href":"https:\/\/www.acvit.com.tr\/magaza\/wp-json\/wp\/v2\/product_tag?post=8159"}],"curies":[{"name":"wp","href":"https:\/\/api.w.org\/{rel}","templated":true}]}}