{"id":8129,"date":"2024-08-26T17:16:56","date_gmt":"2024-08-26T14:16:56","guid":{"rendered":"https:\/\/www.acvit.com.tr\/magaza\/?post_type=product&#038;p=8129"},"modified":"2026-01-17T14:26:52","modified_gmt":"2026-01-17T11:26:52","slug":"intim-temizleme-jeli-250-ml","status":"publish","type":"product","link":"https:\/\/www.acvit.com.tr\/magaza\/urun\/intim-temizleme-jeli-250-ml\/","title":{"rendered":"\u0130ntim Temizleme ve Hijyen Jeli \/ Genital B\u00f6lgeye \u00d6zel Hassas Form\u00fcl &#8211; 250 ml"},"content":{"rendered":"<p><iframe title=\"\u0130ntim Temizleme ve Hijyen Jeli \/ Genital B\u00f6lgeye \u00d6zel Hassas Form\u00fcl \u2013 250 ml\" width=\"500\" height=\"281\" src=\"https:\/\/www.youtube.com\/embed\/uyldXTLw4Eg?feature=oembed\" frameborder=\"0\" allow=\"accelerometer; autoplay; clipboard-write; encrypted-media; gyroscope; picture-in-picture; web-share\" referrerpolicy=\"strict-origin-when-cross-origin\" allowfullscreen><\/iframe><\/p>\n<p>&nbsp;<\/p>\n<p>\u00d6zel b\u00f6lgenin hijyenik bak\u0131m\u0131, kad\u0131n sa\u011fl\u0131\u011f\u0131n\u0131n korunmas\u0131 i\u00e7in kritik \u00f6neme sahiptir. Ancak, \u00d6zel B\u00f6lge kendisini do\u011fal olarak temizleme yetene\u011fine sahip olsa da, \u00e7evresel fakt\u00f6rler, hormonlar, hijyen al\u0131\u015fkanl\u0131klar\u0131 ve \u00fcr\u00fcn kullan\u0131m\u0131 bu dengeyi etkileyebilir. \u0130ntim temizleme jelleri, \u00d6zel b\u00f6lgenin temizli\u011fini sa\u011flarken, ayn\u0131 zamanda cilt bariyerini koruyan, pH dengesini sa\u011flayan ve tahri\u015fi \u00f6nleyen bile\u015fenler i\u00e7ermelidir.<\/p>\n<p>\u00d6zel B\u00f6lge, sa\u011fl\u0131kl\u0131 bir ekosisteme sahip olup, v\u00fccutta bulunan bakteriyel mikrofloradan faydalan\u0131r. \u00d6zellikle, \u00d6zel B\u00f6lge mikroflora, laktobasillerin (iyi bakteriler) hakim oldu\u011fu ve asidik ortam yaratarak zararl\u0131 patojenlerin \u00e7o\u011falmas\u0131n\u0131 engelledi\u011fi bir dengenin korunmas\u0131na yard\u0131mc\u0131 olur. Bu asidik ortam, \u00d6zel B\u00f6lge pH seviyesinin genellikle 3.8 ile 4.5 aras\u0131nda oldu\u011fu anlam\u0131na gelir. Bu nedenle, \u00d6zel B\u00f6lgenin bak\u0131m\u0131, pH dengesinin korunmas\u0131n\u0131 ve zararl\u0131 mikroplara kar\u015f\u0131 do\u011fal koruma mekanizmalar\u0131n\u0131n desteklenmesini gerektirir.<\/p>\n<p><strong>ACV\u0130T \u0130NT\u0130M TEM\u0130ZLEME JEL\u0130<\/strong> do\u011fal ve temiz i\u00e7eri\u011fiyle intim b\u00f6lgesinin do\u011fal floras\u0131n\u0131 korumaya ve hijyenik bak\u0131m sa\u011flamaya yard\u0131mc\u0131 olur.<\/p>\n<p>Hassas d\u00e2hil t\u00fcm cilt tipleri i\u00e7indir. Alkol i\u00e7ermez.<\/p>\n<p>Laktik Asit &amp; Probiyotik &#8211; \u0130ntim b\u00f6lgesinin do\u011fal floras\u0131n\u0131 ve pH\u2019\u0131n\u0131 korumaya yard\u0131mc\u0131d\u0131r.<\/p>\n<p>D\u0131\u015fsal etkenlerden dolay\u0131 genital b\u00f6lgenin do\u011fal floras\u0131 bozularak b\u00f6lgedeki yararl\u0131 bakteriler kaybedilebilir. B\u00f6lgenin hijyenine \u00f6nem verilmemesi durumunda \u00e7e\u015fitli hastal\u0131klar\u0131 beraberinde getirebilir.<\/p>\n<p>\u00d6zel b\u00f6lgenin pH de\u011feri 4,5 \u00fczerine \u00e7\u0131kt\u0131\u011f\u0131 zaman b\u00f6lgede bakteri olu\u015ftu\u011fu i\u00e7in k\u00f6t\u00fc koku, enfeksiyon, mantar, ak\u0131nt\u0131 olu\u015fumu ba\u015flar. Bundan dolay\u0131 bu b\u00f6lgesinin hijyenine \u00f6nem vermeliyiz.<\/p>\n<p>\u0130ntim Temizleme Jelinin pH de\u011feri 3,8 olmas\u0131ndan dolay\u0131 hi\u00e7bir bakteri ve enfeksiyonun bar\u0131nmas\u0131na m\u00fcsaade etmez. Onun i\u00e7in b\u00f6lgede meydana gelen mantar, k\u00f6t\u00fc koku, enfeksiyon, ka\u015f\u0131nt\u0131lar\u0131 gidermeye, hassas koruma sa\u011flamaya, beyazla\u015ft\u0131rmaya, s\u0131k\u0131la\u015ft\u0131rmaya, ak\u0131nt\u0131 gidermeye, pH dengesini dengelemeye, ferah ve temiz hissettirmeye, g\u00fcnl\u00fck temizlik ve bak\u0131m\u0131 sayesinde zindelik vermeye yard\u0131mc\u0131 olur.<\/p>\n<p><strong>ACV\u0130T \u0130NT\u0130M TEM\u0130ZLEME JEL\u0130N<\/strong> i\u00e7eri\u011fi intim b\u00f6lgesinin pH&#8217;\u0131 ile uyumlu \u00fcretilmi\u015ftir. Laktik Asit &amp; Probiyotik do\u011fal floran\u0131n ve pH&#8217;\u0131n korunmas\u0131na yard\u0131mc\u0131 olurken anti bakteriyel \u00f6zelli\u011fe sahip \u00c7ay A\u011fac\u0131 Ya\u011f\u0131n\u0131n koruyuculu\u011fundan dolay\u0131 do\u011fal koruyucu \u00f6zelli\u011fi ile hassas ciltlerinde g\u00f6n\u00fcl rahatl\u0131\u011f\u0131 ile kullanmas\u0131n\u0131 sa\u011flamaya, Allantoin &amp; Bisabolol nemlendirici ve yat\u0131\u015ft\u0131r\u0131c\u0131 \u00f6zelli\u011fi ile hassas ciltler i\u00e7in uyum sa\u011flamaya yard\u0131m eder.<\/p>\n<p><strong>KULLANIM \u015eEKL\u0130:<\/strong> Harici kullan\u0131m i\u00e7indir. Az miktarda jeli suyla nemlendirilmi\u015f ellerle uygulay\u0131n. Y\u0131kad\u0131ktan sonra iyice durulay\u0131n.<\/p>\n<p><iframe title=\"\u0130ntim Temizleme Jeli - 250 ml.\" width=\"422\" height=\"750\" src=\"https:\/\/www.youtube.com\/embed\/MJzU0tmzIOM?feature=oembed\" frameborder=\"0\" allow=\"accelerometer; autoplay; clipboard-write; encrypted-media; gyroscope; picture-in-picture; web-share\" referrerpolicy=\"strict-origin-when-cross-origin\" allowfullscreen><\/iframe><\/p>\n","protected":false},"excerpt":{"rendered":"<p>Do\u011fal ve temiz i\u00e7eri\u011fiyle intim b\u00f6lgesinin do\u011fal floras\u0131n\u0131 korumaya ve hijyenik bak\u0131m sa\u011flamaya yard\u0131mc\u0131 olur.<\/p>\n","protected":false},"featured_media":8598,"comment_status":"open","ping_status":"closed","template":"","meta":[],"product_brand":[],"product_cat":[135],"product_tag":[210,237,228,230,235,234,236,233,231,232,229],"class_list":{"0":"post-8129","1":"product","2":"type-product","3":"status-publish","4":"has-post-thumbnail","6":"product_cat-genital-bakim","7":"product_tag-dogal","8":"product_tag-hijyenik","9":"product_tag-intim","10":"product_tag-jel","11":"product_tag-koku","12":"product_tag-mantar","13":"product_tag-ozelbolge","14":"product_tag-pak","15":"product_tag-sivi","16":"product_tag-temiz","17":"product_tag-temizleme","18":"ts_product_brand-acvit","20":"first","21":"instock","22":"shipping-taxable","23":"purchasable","24":"product-type-simple"},"aioseo_notices":[],"_links":{"self":[{"href":"https:\/\/www.acvit.com.tr\/magaza\/wp-json\/wp\/v2\/product\/8129","targetHints":{"allow":["GET"]}}],"collection":[{"href":"https:\/\/www.acvit.com.tr\/magaza\/wp-json\/wp\/v2\/product"}],"about":[{"href":"https:\/\/www.acvit.com.tr\/magaza\/wp-json\/wp\/v2\/types\/product"}],"replies":[{"embeddable":true,"href":"https:\/\/www.acvit.com.tr\/magaza\/wp-json\/wp\/v2\/comments?post=8129"}],"wp:featuredmedia":[{"embeddable":true,"href":"https:\/\/www.acvit.com.tr\/magaza\/wp-json\/wp\/v2\/media\/8598"}],"wp:attachment":[{"href":"https:\/\/www.acvit.com.tr\/magaza\/wp-json\/wp\/v2\/media?parent=8129"}],"wp:term":[{"taxonomy":"product_brand","embeddable":true,"href":"https:\/\/www.acvit.com.tr\/magaza\/wp-json\/wp\/v2\/product_brand?post=8129"},{"taxonomy":"product_cat","embeddable":true,"href":"https:\/\/www.acvit.com.tr\/magaza\/wp-json\/wp\/v2\/product_cat?post=8129"},{"taxonomy":"product_tag","embeddable":true,"href":"https:\/\/www.acvit.com.tr\/magaza\/wp-json\/wp\/v2\/product_tag?post=8129"}],"curies":[{"name":"wp","href":"https:\/\/api.w.org\/{rel}","templated":true}]}}