{"id":7798,"date":"2024-08-24T18:26:47","date_gmt":"2024-08-24T15:26:47","guid":{"rendered":"https:\/\/www.acvit.com.tr\/magaza\/?post_type=product&#038;p=7798"},"modified":"2026-01-17T14:29:11","modified_gmt":"2026-01-17T11:29:11","slug":"tuy-dokucu-krem-unisex-150-ml","status":"publish","type":"product","link":"https:\/\/www.acvit.com.tr\/magaza\/urun\/tuy-dokucu-krem-unisex-150-ml\/","title":{"rendered":"T\u00fcy D\u00f6k\u00fcc\u00fc Krem &#8211; Unisex  \/150 ML."},"content":{"rendered":"<p><strong>Konforunuzdan taviz vermeden,\u00a0<\/strong><strong>G\u00fcvenli bir \u015fekilde, Pratik, Etkili ve Tertemiz sonu\u00e7\u2026<\/strong><\/p>\n<p><strong>PP-BOX Teknolojisi ile \u00fcretilen Acvit T\u00fcy D\u00f6k\u00fcc\u00fc Kremle 12 dakikada istenmeyen t\u00fcylerinizden ve k\u0131llar\u0131n\u0131zdan pratik ve sa\u011fl\u0131kl\u0131 bir \u015fekilde kurtulabilirsiniz!<\/strong><\/p>\n<p><strong>A\u011fda, Sanc\u0131, S\u0131z\u0131 ve Zaman Kayb\u0131ndan Kurtulabilirsiniz!<\/strong><br \/>\nA\u011fda, epilasyon ve di\u011fer y\u00f6ntemlere g\u00f6re daha konforlu ve h\u0131zl\u0131 bir \u015fekilde t\u00fcylerinizi almak istiyorsan\u0131z e\u011fer, PP- BOX Teknolojisi ile \u00fcretilmekte olan Acvit T\u00fcy D\u00f6k\u00fcc\u00fc Krem sizler i\u00e7in m\u00fckemmel bir se\u00e7im olacakt\u0131r.<\/p>\n<p><strong>Acvit T\u00fcy D\u00f6k\u00fcc\u00fc ile P\u00fcr\u00fczs\u00fcz Ciltler<\/strong><br \/>\nV\u00fccudunuzun belli ba\u015fl\u0131 b\u00f6lgelerinde \u00e7\u0131kmakta olan istenmeyen t\u00fcylerinizin \u00e7\u0131kmas\u0131n\u0131 engellemeye yard\u0131mc\u0131 olan t\u00fcy d\u00f6k\u00fcc\u00fc krem, d\u00fczenli ve titiz bir kullan\u0131m d\u00e2hilinde de, arzu etti\u011finiz m\u00fckemmel g\u00f6r\u00fcn\u00fcme kavu\u015fman\u0131za b\u00fcy\u00fck yard\u0131mlar\u0131 olacakt\u0131r.<\/p>\n<p>\u00d6yle ki, ge\u00e7mi\u015ften g\u00fcn\u00fcm\u00fcze pek \u00e7ok han\u0131m\u0131n en fazla \u015fik\u00e2yet etmi\u015f oldu\u011fu sorunlardan biri haline gelen istenmeyen t\u00fcyler, kimyasal destekli \u00fcr\u00fcnlerden ziyade tamamen do\u011fal ve sa\u011fl\u0131kl\u0131 bir i\u00e7eri\u011fe sahip olan Acvit t\u00fcy d\u00f6k\u00fcc\u00fc krem ile rahatl\u0131kla istedi\u011finiz \u00e7\u00f6z\u00fcme ula\u015fabilirsiniz.<\/p>\n<p>Cildinize ipeksi ve p\u00fcr\u00fczs\u00fcz bir g\u00f6r\u00fcn\u00fcm kazand\u0131rmak ad\u0131na Acvit T\u00fcy D\u00f6k\u00fcc\u00fc Kremi g\u00f6n\u00fcl rahatl\u0131\u011f\u0131yla kullanabilirsiniz.<br \/>\nAcvit T\u00fcy D\u00f6k\u00fcc\u00fc istenmeyen t\u00fcyleri h\u0131zla ve pratik bir \u015fekilde uzakla\u015ft\u0131r\u0131r. D\u00fczenli kullan\u0131mda seyrelerek \u00e7\u0131kmaya yard\u0131m eder.<\/p>\n<p><strong>\u0130\u00e7eri\u011findeki Bile\u015fenler ve Bilimsel Etkileri<\/strong><\/p>\n<ol>\n<li><strong> Calcium Thioglycolate<\/strong><br \/>\nT\u00fcylerin keratin yap\u0131s\u0131n\u0131 \u00e7\u00f6zmeye yard\u0131mc\u0131 olarak t\u00fcylerin k\u00f6k\u00fcnden d\u00f6k\u00fclmesini sa\u011flamaya destek olur. Bu bile\u015fen, t\u00fcylerin h\u0131zl\u0131ca ve etkili bir \u015fekilde al\u0131nmas\u0131na yard\u0131mc\u0131 olur. Uzun s\u00fcreli p\u00fcr\u00fczs\u00fczl\u00fck sa\u011flamaya yard\u0131mc\u0131 olur. Cilt \u00fczerinde g\u00fcvenle kullanabilirsiniz.<\/li>\n<li><strong> Cetyl Alcohol<\/strong><br \/>\nCetyl alkol, cilt \u00fczerinde yumu\u015fat\u0131c\u0131 bir etki yaratmaya yard\u0131m eder. Bu, krem form\u00fclasyonunun ciltle uyumlu olmas\u0131n\u0131 sa\u011flamaya ve t\u00fcy d\u00f6kme i\u015flemi s\u0131ras\u0131nda cildin nem dengesini korumaya yard\u0131mc\u0131 olur. Ayr\u0131ca, kremdeki di\u011fer bile\u015fenlerin cilt taraf\u0131ndan e\u015fit \u015fekilde emilmesine yard\u0131mc\u0131 olur.<\/li>\n<li><strong> Glyceryl Stearate ve Ceteareth-25<\/strong><br \/>\nBu bile\u015fenler, kremdeki em\u00fclsiyonun kararl\u0131l\u0131\u011f\u0131n\u0131 sa\u011flamaya ve cildinize daha rahat bir uygulama sunmaya yard\u0131mc\u0131 olur. Ayr\u0131ca, nemlendirici \u00f6zellikleri ile cilt bariyerini korumaya, p\u00fcr\u00fczs\u00fcz bir cilde kavu\u015fman\u0131za yard\u0131mc\u0131 olur.<\/li>\n<li><strong> Glycerin<\/strong><br \/>\nGlycerin, cildi nemlendirmeye ve beslemeye yard\u0131mc\u0131 olur. T\u00fcy d\u00f6kme i\u015fleminde, ciltteki kurulu\u011fu \u00f6nlemeye ve t\u00fcylerin al\u0131nd\u0131\u011f\u0131 b\u00f6lgede herhangi bir tahri\u015fi engellemeye yard\u0131mc\u0131 olur. Cilt y\u00fczeyini yumu\u015fatmaya, t\u00fcylerin daha kolay ve konforlu bir \u015fekilde al\u0131nmas\u0131n\u0131 sa\u011flamaya yard\u0131mc\u0131 olur.<\/li>\n<li><strong> Isopropyl Myristate<\/strong><br \/>\nIsopropyl myristate, kremdeki aktif bile\u015fenlerin cilt taraf\u0131ndan daha h\u0131zl\u0131 emilmesini sa\u011flamaya yard\u0131mc\u0131d\u0131r. Bu bile\u015fen, t\u00fcy d\u00f6kme i\u015fleminde daha etkili sonu\u00e7lar elde edilmesine yard\u0131mc\u0131 olur ve t\u00fcylerin daha h\u0131zl\u0131 bir \u015fekilde k\u00f6k\u00fcnden al\u0131nmas\u0131n\u0131 sa\u011flamaya yard\u0131mc\u0131 olur.<\/li>\n<li><strong> Carbomer ve Triethanolamine<\/strong><br \/>\nBu bile\u015fenler, \u00fcr\u00fcn\u00fcn k\u0131vam\u0131n\u0131 ve pH dengesini ayarlaylamaya, krem form\u00fclasyonunun stabilitesini sa\u011flamaya yard\u0131mc\u0131 olur. Ayr\u0131ca, ciltte rahat bir uygulama deneyimi sunmaya ve t\u00fcy d\u00f6kme i\u015flemine ba\u011fl\u0131 herhangi bir rahats\u0131zl\u0131k yaratmamaya destek olur.<\/li>\n<li><strong> Serenoa Serrulata Fruit Extract (Saw Palmetto)<\/strong><br \/>\nSaw Palmetto \u00f6z\u00fct\u00fc, do\u011fal bir bitkisel bile\u015fen olup, t\u00fcylerin yeniden \u00e7\u0131kmas\u0131n\u0131 geciktirmeye yard\u0131mc\u0131 olur. Ayn\u0131 zamanda, cilt \u00fczerinde yat\u0131\u015ft\u0131r\u0131c\u0131 bir etki g\u00f6stermeye, b\u00f6ylece t\u00fcy d\u00f6kme i\u015flemi sonras\u0131nda cilt rahatlatmaya yard\u0131mc\u0131 olur.<\/li>\n<li><strong> Epilobium Angustifolium Extract ve Cucurbita Pepo Seed Extract<\/strong><br \/>\nBu bitkisel \u00f6zler, cildi beslemeye ve t\u00fcy d\u00f6kme i\u015fleminin ard\u0131ndan ciltteki tahri\u015fi azaltmaya yard\u0131mc\u0131 olur. Ayn\u0131 zamanda, cilt tonunun daha e\u015fit hale gelmesini sa\u011flamaya ve p\u00fcr\u00fczs\u00fcz bir g\u00f6r\u00fcn\u00fcm kazanman\u0131za yard\u0131mc\u0131 olur.<\/li>\n<li><strong> Potassium Hydroxide<\/strong><br \/>\nPotasyum hidroksit, kremdeki pH dengesini sa\u011flamaya ve aktif bile\u015fenlerin etkinli\u011fini artt\u0131rmaya, t\u00fcylerin k\u00f6klerinden al\u0131nmas\u0131n\u0131 kolayla\u015ft\u0131rmaya ve ciltteki yanma hissini engellemeye yard\u0131mc\u0131 olur.<\/li>\n<li><strong> Parf\u00fcm (Fragrance)<\/strong><br \/>\nT\u00fcy d\u00f6kme i\u015flemi sonras\u0131nda ciltte ho\u015f bir koku b\u0131rakan parf\u00fcm, cilt bak\u0131m deneyiminizi daha keyifli hale getirmeye destek olur. Ciltte kal\u0131c\u0131 ve ferah bir koku sa\u011flamaya ve kullan\u0131m sonras\u0131 taze bir his olu\u015fturmaya destek olur.<\/li>\n<li><strong> Elettaria Cardamomum Seed Extract ve Humulus Lupulus Extract<\/strong><br \/>\nBu bitkisel \u00f6zler, Cildi rahatlamaya yard\u0131mc\u0131 olarak t\u00fcy d\u00f6kme i\u015flemi sonras\u0131 rahatlama sa\u011flamaya destek olur.<\/li>\n<\/ol>\n<p><strong>Neden G\u00fcvenle Kullanmal\u0131s\u0131n\u0131z?<\/strong><\/p>\n<p>T\u00fcy d\u00f6kme i\u015flemi, hassas ciltlerde dahi g\u00fcvenle uygulanabilecek do\u011fru form\u00fclasyona sahip \u00fcr\u00fcnler gerektirir.<strong> Acvit T\u00fcy D\u00f6k\u00fcc\u00fc Krem<\/strong>, hassas ciltlerin dahi rahat\u00e7a kullanabilece\u011fi \u015fekilde formulize etti\u011fi bu kremi g\u00f6n\u00fcl rahatl\u0131\u011f\u0131yla kullanabilirsiniz. \u0130\u00e7eri\u011findeki g\u00fc\u00e7l\u00fc bile\u015fenlerle, cildi nazik\u00e7e beslemeye ve m\u00fckemmel sonu\u00e7lar elde etmenizi sa\u011flamaya yard\u0131mc\u0131 olur. Bu krem, t\u00fcy d\u00f6kme deneyiminizi daha konforlu hale getirirken, cildinizin sa\u011fl\u0131\u011f\u0131n\u0131 ve p\u00fcr\u00fczs\u00fczl\u00fc\u011f\u00fcn\u00fc de korumaya da destek olur.<\/p>\n<p><strong>G\u00fcvenli ve Nazik T\u00fcy D\u00f6kmeye Yard\u0131mc\u0131:<\/strong><br \/>\n\u00dcr\u00fcn, hekim ve cilt uzmanlar\u0131 taraf\u0131ndan onaylanm\u0131\u015f hassas ciltlerde dahi g\u00fcvenle kullan\u0131labilce\u011finiz bir \u00fcr\u00fcnd\u00fcr.<\/p>\n<p><strong>Uzun S\u00fcreli ve Etkili Sonu\u00e7lar: <\/strong>Tetemiz d\u00f6kmeye yard\u0131mc\u0131 olurken, cildi beslemeye ve d\u00f6k\u00fclen k\u0131l ve t\u00fcylerin ge\u00e7 \u00e7\u0131kmas\u0131na yard\u0131mc\u0131 olur. A\u011f\u0131r kokusu olmamakla birlikte cilde ferahl\u0131k vermeye destek olur.<br \/>\n<strong>Cilt Dostu ve Ferahlat\u0131c\u0131 Koku:<\/strong><br \/>\n\u0130\u015flem sonras\u0131nda taze, ferah bir koku b\u0131rakmaya yard\u0131m eder. Parf\u00fcm i\u00e7erdi\u011fi i\u00e7in cilt bak\u0131m deneyiminizi hem etkili hem de ho\u015f k\u0131lar.<\/p>\n<p><strong>Sonu\u00e7 Olarak<br \/>\n<\/strong><b>\u0130<\/b>\u00e7eri\u011findeki g\u00fc\u00e7l\u00fc ve do\u011fal bile\u015fenlerle, cildinize nazik\u00e7e bak\u0131m yapmaya, t\u00fcylerinizi etkili bir \u015fekilde almaya ve uzun s\u00fcreli sonu\u00e7lar sunmaya yard\u0131mc\u0131 olur. \u00a0Cilt sa\u011fl\u0131\u011f\u0131n\u0131 bozmadan p\u00fcr\u00fczs\u00fcz ve taze bir g\u00f6r\u00fcn\u00fcm elde etmenize yard\u0131m eder. G\u00fcvenle kullanabilece\u011finiz bu krem, t\u00fcy d\u00f6kme i\u015fleminizi pratik,konforlu, keyifli, g\u00fcvenli ve etkili hale getirir.<\/p>\n<p><strong>Nas\u0131l Kullanmal\u0131y\u0131m?<\/strong><\/p>\n<p>1.T\u00fcy d\u00f6kece\u011finiz b\u00f6lgeye s\u00fcr\u00fcn\u00fcz!<br \/>\n2.S\u00fcrerken a\u015fa\u011f\u0131 yukar\u0131 de\u011fil de elinizle hafif hafif vurarak yediriniz.<br \/>\n3.T\u00fcy D\u00f6k\u00fcc\u00fc kremin uygulama yap\u0131lan alandaki t\u00fcyleri sarmas\u0131n\u0131 ve \u00fczerinde kalmas\u0131n\u0131 sa\u011flay\u0131n\u0131z.<br \/>\n4.12 dakika civar\u0131nda bekleyiniz, sonra tazyikli su ile ters y\u00f6nl\u00fc y\u0131kay\u0131n\u0131z.<br \/>\n5.B\u00f6lgeye yumu\u015fak lifle temas sa\u011flayarak cans\u0131z hale gelen t\u00fcyleri d\u00f6kebilirsiniz.<\/p>\n<p>&nbsp;<\/p>\n<p><iframe title=\"\u0130stenmeyen k\u0131l ve tu\u0308ylerinize pratik y\u00f6ntem\" width=\"500\" height=\"281\" src=\"https:\/\/www.youtube.com\/embed\/AWDTApUlulE?feature=oembed\" frameborder=\"0\" allow=\"accelerometer; autoplay; clipboard-write; encrypted-media; gyroscope; picture-in-picture; web-share\" referrerpolicy=\"strict-origin-when-cross-origin\" allowfullscreen><\/iframe><\/p>\n","protected":false},"excerpt":{"rendered":"<ul>\n<li>Konforunuzdan taviz vermeden,\u00a0G\u00fcvenli bir \u015fekilde, Pratik, Etkili ve Tertemiz sonu\u00e7\u2026<\/li>\n<li>PP-BOX Teknolojisi ile \u00fcretilen Acvit T\u00fcy D\u00f6k\u00fcc\u00fc Kremle 12 dakikada istenmeyen t\u00fcylerinizden ve k\u0131llar\u0131n\u0131zdan pratik ve sa\u011fl\u0131kl\u0131 bir \u015fekilde kurtulabilirsiniz!<\/li>\n<li>A\u011fda, Sanc\u0131, S\u0131z\u0131 ve Zaman Kayb\u0131ndan Son Verebilirsiniz!<\/li>\n<\/ul>\n","protected":false},"featured_media":7999,"comment_status":"open","ping_status":"closed","template":"","meta":[],"product_brand":[],"product_cat":[81],"product_tag":[196,195,190,191,189,197,194,188,192],"class_list":{"0":"post-7798","1":"product","2":"type-product","3":"status-publish","4":"has-post-thumbnail","6":"product_cat-vucut-bakimi","7":"product_tag-agda","8":"product_tag-epilasyon","9":"product_tag-erkek","10":"product_tag-kadin","11":"product_tag-kil","12":"product_tag-koltukalti","13":"product_tag-lazer","14":"product_tag-tuy","15":"product_tag-tuydokucu","16":"ts_product_brand-acvit","18":"first","19":"instock","20":"shipping-taxable","21":"purchasable","22":"product-type-simple"},"aioseo_notices":[],"_links":{"self":[{"href":"https:\/\/www.acvit.com.tr\/magaza\/wp-json\/wp\/v2\/product\/7798","targetHints":{"allow":["GET"]}}],"collection":[{"href":"https:\/\/www.acvit.com.tr\/magaza\/wp-json\/wp\/v2\/product"}],"about":[{"href":"https:\/\/www.acvit.com.tr\/magaza\/wp-json\/wp\/v2\/types\/product"}],"replies":[{"embeddable":true,"href":"https:\/\/www.acvit.com.tr\/magaza\/wp-json\/wp\/v2\/comments?post=7798"}],"wp:featuredmedia":[{"embeddable":true,"href":"https:\/\/www.acvit.com.tr\/magaza\/wp-json\/wp\/v2\/media\/7999"}],"wp:attachment":[{"href":"https:\/\/www.acvit.com.tr\/magaza\/wp-json\/wp\/v2\/media?parent=7798"}],"wp:term":[{"taxonomy":"product_brand","embeddable":true,"href":"https:\/\/www.acvit.com.tr\/magaza\/wp-json\/wp\/v2\/product_brand?post=7798"},{"taxonomy":"product_cat","embeddable":true,"href":"https:\/\/www.acvit.com.tr\/magaza\/wp-json\/wp\/v2\/product_cat?post=7798"},{"taxonomy":"product_tag","embeddable":true,"href":"https:\/\/www.acvit.com.tr\/magaza\/wp-json\/wp\/v2\/product_tag?post=7798"}],"curies":[{"name":"wp","href":"https:\/\/api.w.org\/{rel}","templated":true}]}}