{"id":9681,"date":"2025-10-01T11:52:46","date_gmt":"2025-10-01T08:52:46","guid":{"rendered":"https:\/\/www.acvit.com.tr\/magaza\/?page_id=9681"},"modified":"2025-10-01T11:53:06","modified_gmt":"2025-10-01T08:53:06","slug":"doga-dostu-surdurulebilirlik-vizyonu","status":"publish","type":"page","link":"https:\/\/www.acvit.com.tr\/magaza\/doga-dostu-surdurulebilirlik-vizyonu\/","title":{"rendered":"Do\u011fa Dostu S\u00fcrd\u00fcr\u00fclebilirlik Vizyonu"},"content":{"rendered":"\t\t<div data-elementor-type=\"wp-page\" data-elementor-id=\"9681\" class=\"elementor elementor-9681\">\n\t\t\t\t<div class=\"elementor-element elementor-element-3142a5cd e-flex e-con-boxed e-con e-parent\" data-id=\"3142a5cd\" data-element_type=\"container\">\n\t\t\t\t\t<div class=\"e-con-inner\">\n\t\t\t\t<div class=\"elementor-element elementor-element-4278116c elementor-widget elementor-widget-text-editor\" data-id=\"4278116c\" data-element_type=\"widget\" data-widget_type=\"text-editor.default\">\n\t\t\t\t<div class=\"elementor-widget-container\">\n\t\t\t\t\t\t\t\t\t\n<h3 class=\"wp-block-heading\">Yenilenebilir Enerji ile \u00dcretim ve Geri D\u00f6n\u00fc\u015ft\u00fcr\u00fclm\u00fc\u015f Ambalaj Kullan\u0131m\u0131: Acvit Kozmetik\u2019in Do\u011fa Dostu S\u00fcrd\u00fcr\u00fclebilirlik Vizyonu<\/h3>\n\n<h3 class=\"wp-block-heading\">Giri\u015f<\/h3>\n\n<p>G\u00fcn\u00fcm\u00fczde kozmetik sekt\u00f6r\u00fcnde s\u00fcrd\u00fcr\u00fclebilirlik, yaln\u0131zca \u00fcr\u00fcn i\u00e7eri\u011fiyle s\u0131n\u0131rl\u0131 kalmay\u0131p \u00fcretim s\u00fcre\u00e7leri ve ambalaj se\u00e7imlerini de kapsayan \u00e7ok boyutlu bir yakla\u015f\u0131m haline gelmi\u015ftir. Acvit Kozmetik olarak, do\u011fal ve \u00e7evre dostu \u00fcr\u00fcnler sunman\u0131n \u00f6tesinde, \u00fcretim a\u015famas\u0131nda yenilenebilir enerji kaynaklar\u0131 kullanarak karbon ayak izimizi minimize etmeyi ve geri d\u00f6n\u00fc\u015ft\u00fcr\u00fclm\u00fc\u015f malzemelerden \u00fcretilmi\u015f ambalajlar kullanarak plastik at\u0131klar\u0131n azalt\u0131lmas\u0131na \u00f6nc\u00fcl\u00fck etmeyi taahh\u00fct ediyoruz. Bu makalede, yenilenebilir enerjiyle \u00fcretim ve geri d\u00f6n\u00fc\u015ft\u00fcr\u00fclm\u00fc\u015f ambalajlar\u0131n \u00e7evresel etkileri, bilimsel veriler \u0131\u015f\u0131\u011f\u0131nda detayl\u0131 olarak ele al\u0131nacakt\u0131r.<\/p>\n\n<h3 class=\"wp-block-heading\">Yenilenebilir Enerji ile \u00dcretim: Karbon Ayak \u0130zinin Azalt\u0131lmas\u0131<\/h3>\n\n<h4 class=\"wp-block-heading\">1. <strong>Yenilenebilir Enerji Kaynaklar\u0131n\u0131n Kullan\u0131m\u0131<\/strong><\/h4>\n\n<p>Fosil yak\u0131tlar\u0131n \u00e7evresel etkileri, k\u00fcresel \u0131s\u0131nma ve iklim de\u011fi\u015fikli\u011fi \u00fczerindeki y\u0131k\u0131c\u0131 sonu\u00e7lar\u0131 bilimsel olarak kan\u0131tlanm\u0131\u015ft\u0131r (IPCC, 2021). Acvit Kozmetik, \u00fcretim tesislerinde elektrik ve \u0131s\u0131 enerjisi ihtiyac\u0131n\u0131;<\/p>\n\n<ul class=\"wp-block-list\">\n<li><strong>G\u00fcne\u015f enerjisi panelleri,<\/strong><\/li>\n\n<li><strong>R\u00fczgar t\u00fcrbinleri,<\/strong><\/li>\n\n<li><strong>Biyok\u00fctle enerjisi<\/strong> gibi yenilenebilir kaynaklardan sa\u011flayarak,<br \/>fosil yak\u0131t kullan\u0131m\u0131n\u0131 minimize etmektedir.<\/li>\n<\/ul>\n\n<p>Bu uygulamalar sayesinde karbon emisyonlar\u0131 \u00f6nemli \u00f6l\u00e7\u00fcde azalt\u0131lmakta ve enerji verimlili\u011fi art\u0131r\u0131lmaktad\u0131r (IRENA, 2020).<\/p>\n\n<h4 class=\"wp-block-heading\">2. <strong>Enerji Verimlili\u011fi ve S\u00fcre\u00e7 Optimizasyonu<\/strong><\/h4>\n\n<p>Yenilenebilir enerji kullan\u0131m\u0131n\u0131n yan\u0131 s\u0131ra, \u00fcretim s\u00fcre\u00e7lerindeki enerji verimlili\u011fi art\u0131r\u0131c\u0131 teknolojilerle elektrik ve su t\u00fcketimi optimize edilmektedir. B\u00f6ylece, hem \u00e7evresel hem de ekonomik s\u00fcrd\u00fcr\u00fclebilirlik sa\u011flanmaktad\u0131r.<\/p>\n\n<h3 class=\"wp-block-heading\">Geri D\u00f6n\u00fc\u015ft\u00fcr\u00fclm\u00fc\u015f Ambalajlar: Plastik Kirlili\u011fine Kar\u015f\u0131 Etkin \u00c7\u00f6z\u00fcm<\/h3>\n\n<h4 class=\"wp-block-heading\">1. <strong>Geri D\u00f6n\u00fc\u015ft\u00fcr\u00fclm\u00fc\u015f Malzemelerin \u00d6nemi<\/strong><\/h4>\n\n<p>Plastik ambalajlar, kozmetik sekt\u00f6r\u00fcn\u00fcn en b\u00fcy\u00fck \u00e7evresel problemlerinden biridir. D\u00fcnya genelinde \u00fcretilen plastiklerin yaln\u0131zca %9\u2019u geri d\u00f6n\u00fc\u015ft\u00fcr\u00fclmektedir (UNEP, 2022). Acvit Kozmetik, ambalaj se\u00e7iminde geri d\u00f6n\u00fc\u015ft\u00fcr\u00fclm\u00fc\u015f plastik (rPET), ka\u011f\u0131t ve biyobozunur materyaller kullanarak at\u0131k miktar\u0131n\u0131 azaltmay\u0131 hedeflemektedir.<\/p>\n\n<h4 class=\"wp-block-heading\">2. <strong>\u00c7evresel Etkilerin Azalt\u0131lmas\u0131<\/strong><\/h4>\n\n<p>Geri d\u00f6n\u00fc\u015ft\u00fcr\u00fclm\u00fc\u015f ambalajlar\u0131n kullan\u0131m\u0131, hammadde ihtiyac\u0131n\u0131 azalt\u0131r, do\u011fal kaynaklar\u0131n korunmas\u0131na katk\u0131 sa\u011flar ve at\u0131k miktar\u0131n\u0131 d\u00fc\u015f\u00fcr\u00fcr. Bilimsel ara\u015ft\u0131rmalar, geri d\u00f6n\u00fc\u015ft\u00fcr\u00fclm\u00fc\u015f plastik kullan\u0131m\u0131n\u0131n karbon ayak izini %30-50 oran\u0131nda azaltt\u0131\u011f\u0131n\u0131 g\u00f6stermektedir (Hahladakis et al., 2018).<\/p>\n\n<h4 class=\"wp-block-heading\">3. <strong>Ambalaj\u0131n Fonksiyonelli\u011fi ve Esteti\u011fi<\/strong><\/h4>\n\n<p>Acvit Kozmetik, geri d\u00f6n\u00fc\u015ft\u00fcr\u00fclm\u00fc\u015f malzemelerden \u00fcretilen ambalajlarda dayan\u0131kl\u0131l\u0131k, estetik ve fonksiyonelli\u011fi bir arada sunar. Bu sayede t\u00fcketici deneyiminden \u00f6d\u00fcn vermeden \u00e7evresel etkileri azaltmaktad\u0131r.<\/p>\n\n<h3 class=\"wp-block-heading\">S\u00fcrd\u00fcr\u00fclebilirlikte Entegre Yakla\u015f\u0131m: Do\u011fal \u0130\u00e7erikler + Yenilenebilir Enerji + Geri D\u00f6n\u00fc\u015ft\u00fcr\u00fclm\u00fc\u015f Ambalaj<\/h3>\n\n<p>Acvit Kozmetik\u2019in s\u00fcrd\u00fcr\u00fclebilirlik vizyonu, sadece yenilenebilir enerji ve ambalajda de\u011fil, ayn\u0131 zamanda do\u011fal, etik kaynakl\u0131 i\u00e7eriklerle b\u00fct\u00fcnle\u015fik bir sistem olarak tasarlanm\u0131\u015ft\u0131r. Bu \u00fc\u00e7l\u00fc yakla\u015f\u0131m:<\/p>\n\n<ul class=\"wp-block-list\">\n<li><strong>Do\u011fal ve sa\u011fl\u0131kl\u0131 \u00fcr\u00fcnler,<\/strong><\/li>\n\n<li><strong>D\u00fc\u015f\u00fck \u00e7evresel ayak izi,<\/strong><\/li>\n\n<li><strong>Sosyal sorumluluk bilinci<\/strong> ile birle\u015ferek marka de\u011ferini ve m\u00fc\u015fteri g\u00fcvenini art\u0131rmaktad\u0131r.<\/li>\n<\/ul>\n\n<h3 class=\"wp-block-heading\">Sonu\u00e7<\/h3>\n\n<p>Bilimsel veriler, yenilenebilir enerji kullan\u0131m\u0131 ve geri d\u00f6n\u00fc\u015ft\u00fcr\u00fclm\u00fc\u015f ambalajlar\u0131n kozmetik sekt\u00f6r\u00fcnde s\u00fcrd\u00fcr\u00fclebilirli\u011fi g\u00fc\u00e7lendiren kritik fakt\u00f6rler oldu\u011funu ortaya koymaktad\u0131r. Acvit Kozmetik, bu alanlarda yapt\u0131\u011f\u0131 yat\u0131r\u0131mlarla \u00e7evresel etkilerini minimize ederken, t\u00fcketicilerine do\u011faya ve sa\u011fl\u0131\u011fa sayg\u0131l\u0131 \u00fcr\u00fcnler sunmay\u0131 s\u00fcrd\u00fcrmektedir. Gelece\u011fin g\u00fczellik anlay\u0131\u015f\u0131, do\u011fadan ilham alan teknoloji ve etik yakla\u015f\u0131mlarla \u015fekillenmektedir.<\/p>\n\t\t\t\t\t\t\t\t<\/div>\n\t\t\t\t<\/div>\n\t\t\t\t\t<\/div>\n\t\t\t\t<\/div>\n\t\t\t\t<\/div>\n\t\t","protected":false},"excerpt":{"rendered":"<p>Yenilenebilir Enerji ile \u00dcretim ve Geri D\u00f6n\u00fc\u015ft\u00fcr\u00fclm\u00fc\u015f Ambalaj Kullan\u0131m\u0131: Acvit Kozmetik\u2019in Do\u011fa Dostu S\u00fcrd\u00fcr\u00fclebilirlik Vizyonu Giri\u015f G\u00fcn\u00fcm\u00fczde kozmetik sekt\u00f6r\u00fcnde s\u00fcrd\u00fcr\u00fclebilirlik, yaln\u0131zca \u00fcr\u00fcn i\u00e7eri\u011fiyle s\u0131n\u0131rl\u0131 kalmay\u0131p \u00fcretim s\u00fcre\u00e7leri ve ambalaj se\u00e7imlerini de kapsayan \u00e7ok boyutlu bir yakla\u015f\u0131m haline gelmi\u015ftir. Acvit Kozmetik olarak, do\u011fal ve \u00e7evre dostu \u00fcr\u00fcnler sunman\u0131n \u00f6tesinde, \u00fcretim a\u015famas\u0131nda yenilenebilir enerji kaynaklar\u0131 kullanarak karbon [&hellip;]<\/p>\n","protected":false},"author":1,"featured_media":0,"parent":0,"menu_order":0,"comment_status":"closed","ping_status":"closed","template":"","meta":{"footnotes":""},"class_list":["post-9681","page","type-page","status-publish","hentry"],"aioseo_notices":[],"_links":{"self":[{"href":"https:\/\/www.acvit.com.tr\/magaza\/wp-json\/wp\/v2\/pages\/9681","targetHints":{"allow":["GET"]}}],"collection":[{"href":"https:\/\/www.acvit.com.tr\/magaza\/wp-json\/wp\/v2\/pages"}],"about":[{"href":"https:\/\/www.acvit.com.tr\/magaza\/wp-json\/wp\/v2\/types\/page"}],"author":[{"embeddable":true,"href":"https:\/\/www.acvit.com.tr\/magaza\/wp-json\/wp\/v2\/users\/1"}],"replies":[{"embeddable":true,"href":"https:\/\/www.acvit.com.tr\/magaza\/wp-json\/wp\/v2\/comments?post=9681"}],"version-history":[{"count":4,"href":"https:\/\/www.acvit.com.tr\/magaza\/wp-json\/wp\/v2\/pages\/9681\/revisions"}],"predecessor-version":[{"id":9685,"href":"https:\/\/www.acvit.com.tr\/magaza\/wp-json\/wp\/v2\/pages\/9681\/revisions\/9685"}],"wp:attachment":[{"href":"https:\/\/www.acvit.com.tr\/magaza\/wp-json\/wp\/v2\/media?parent=9681"}],"curies":[{"name":"wp","href":"https:\/\/api.w.org\/{rel}","templated":true}]}}