{"id":9656,"date":"2025-10-01T11:23:00","date_gmt":"2025-10-01T08:23:00","guid":{"rendered":"https:\/\/www.acvit.com.tr\/magaza\/?page_id=9656"},"modified":"2025-10-01T11:27:26","modified_gmt":"2025-10-01T08:27:26","slug":"dogaya-dost-guzellik-yaklasimi","status":"publish","type":"page","link":"https:\/\/www.acvit.com.tr\/magaza\/dogaya-dost-guzellik-yaklasimi\/","title":{"rendered":"Do\u011faya Dost G\u00fczellik Yakla\u015f\u0131m\u0131"},"content":{"rendered":"\t\t<div data-elementor-type=\"wp-page\" data-elementor-id=\"9656\" class=\"elementor elementor-9656\">\n\t\t\t\t<div class=\"elementor-element elementor-element-efad7a5 e-flex e-con-boxed e-con e-parent\" data-id=\"efad7a5\" data-element_type=\"container\">\n\t\t\t\t\t<div class=\"e-con-inner\">\n\t\t\t\t<div class=\"elementor-element elementor-element-7524336 elementor-widget elementor-widget-text-editor\" data-id=\"7524336\" data-element_type=\"widget\" data-widget_type=\"text-editor.default\">\n\t\t\t\t<div class=\"elementor-widget-container\">\n\t\t\t\t\t\t\t\t\t<p><strong>Kat\u0131 \u00dcr\u00fcnler, Ambalajs\u0131z \u00c7\u00f6z\u00fcmler ve Refill Sistemleri:<\/strong> <br \/>G\u00fcn\u00fcm\u00fczde do\u011fa dostu ve s\u00fcrd\u00fcr\u00fclebilir ya\u015fam trendleri, kozmetik d\u00fcnyas\u0131nda da b\u00fcy\u00fck bir d\u00f6n\u00fc\u015f\u00fcm\u00fc beraberinde getiriyor. Acvit Kozmetik olarak, do\u011fal kozmetik alan\u0131nda \u00f6nc\u00fc bir marka olarak, hem cildinizin sa\u011fl\u0131\u011f\u0131n\u0131 hem de gezegenimizin gelece\u011fini korumaya y\u00f6nelik yenilik\u00e7i \u00e7\u00f6z\u00fcmler sunuyoruz. Kat\u0131 \u00fcr\u00fcnler, ambalajs\u0131z \u00e7\u00f6z\u00fcmler ve refill sistemleri ile hem do\u011fay\u0131 hem de sizleri koruyan \u00fcr\u00fcnler geli\u015ftiriyoruz.<br \/><br \/><strong>Kat\u0131 \u00dcr\u00fcnler: Do\u011fal ve Az At\u0131kla Etkili Bak\u0131m<\/strong><br \/>Kat\u0131 \u00fcr\u00fcnler, geleneksel s\u0131v\u0131 kozmetiklere g\u00f6re daha az su i\u00e7erir ve genellikle daha uzun \u00f6m\u00fcrl\u00fcd\u00fcr. \u015eampuan, sabun, du\u015f jeli gibi \u00fcr\u00fcnlerimizi kat\u0131 formda sunarak, hem ta\u015f\u0131ma kolayl\u0131\u011f\u0131 sa\u011fl\u0131yor hem de plastik at\u0131\u011f\u0131n\u0131 azalt\u0131yoruz. Kat\u0131 \u00fcr\u00fcnlerimizin form\u00fclleri tamamen do\u011fald\u0131r, zararl\u0131 kimyasallar i\u00e7ermez ve cildinizle dosttur.<br \/><br \/><strong>Avantajlar\u0131:<\/strong><br \/>\u2022 Plastik ambalaj kullan\u0131m\u0131n\u0131 b\u00fcy\u00fck oranda azalt\u0131r.<br \/>\u2022 Daha az su kullan\u0131m\u0131yla \u00e7evreye katk\u0131 sa\u011flar.<br \/>\u2022 Seyahatlerde kolay ta\u015f\u0131ma ve uzun \u00f6m\u00fcr.<br \/>\u2022 Do\u011fal i\u00e7eriklerle hassas ciltlere uyumludur.<br \/><br \/><strong>Ambalajs\u0131z \u00c7\u00f6z\u00fcmler: Plastik Kirlili\u011fine Kar\u015f\u0131 Etkili Ad\u0131mlar<\/strong><br \/>Kozmetik sekt\u00f6r\u00fcn\u00fcn en b\u00fcy\u00fck \u00e7evre sorunlar\u0131ndan biri plastik ambalaj at\u0131klar\u0131d\u0131r. Acvit Kozmetik olarak, ambalajs\u0131z \u00fcr\u00fcnler geli\u015ftirerek bu sorunun \u00f6n\u00fcne ge\u00e7iyoruz. Kat\u0131 \u00fcr\u00fcnlerimiz, refill sistemlerimiz ve minimum ambalaj politikam\u0131z ile do\u011faya daha az zarar veriyoruz.<br \/><br \/>Ambalajs\u0131z \u00fcr\u00fcnlerimizi do\u011frudan ma\u011fazalar\u0131m\u0131zda veya se\u00e7kin sat\u0131\u015f noktalar\u0131nda temin edebilir, kendi kaplar\u0131n\u0131z\u0131 getirerek \u00fcr\u00fcnlerinizi doldurabilirsiniz. B\u00f6ylece hem plastik at\u0131\u011f\u0131n\u0131 azalt\u0131r hem de s\u00fcrd\u00fcr\u00fclebilir al\u0131\u015fveri\u015f al\u0131\u015fkanl\u0131\u011f\u0131 kazan\u0131rs\u0131n\u0131z.<br \/><br \/><strong>Refill Sistemleri: D\u00f6ng\u00fcsel Ekonomiyle S\u00fcrd\u00fcr\u00fclebilir G\u00fczellik<\/strong><br \/>Refill sistemi, kozmetik \u00fcr\u00fcnlerin tekrar doldurulabilmesini sa\u011flayarak, s\u00fcrekli yeni ambalaj kullan\u0131m\u0131n\u0131 \u00f6nler. Acvit Kozmetik olarak geli\u015ftirdi\u011fimiz refill noktalar\u0131nda, sevdi\u011finiz \u00fcr\u00fcnleri yan\u0131n\u0131zda getirdi\u011finiz \u015fi\u015felere doldurabilir, hem tasarruf edebilir hem de \u00e7evreye katk\u0131 sa\u011flayabilirsiniz.<br \/><br \/><strong>Refill Sisteminin Faydalar\u0131:<\/strong><br \/>\u2022 Plastik at\u0131klar\u0131n azalmas\u0131na do\u011frudan katk\u0131.<br \/>\u2022 Maliyet a\u00e7\u0131s\u0131ndan ekonomik \u00e7\u00f6z\u00fcmler.<br \/>\u2022 S\u00fcrd\u00fcr\u00fclebilir t\u00fcketim al\u0131\u015fkanl\u0131\u011f\u0131 kazand\u0131r\u0131r.<br \/>\u2022 Marka ile m\u00fc\u015fteriler aras\u0131nda daha g\u00fc\u00e7l\u00fc ba\u011f kurar.<br \/><br \/><strong>Acvit Kozmetik ile Do\u011fay\u0131 ve Kendinizi Koruyun<\/strong><br \/>Do\u011fal i\u00e7eriklerle haz\u0131rlad\u0131\u011f\u0131m\u0131z kat\u0131 \u00fcr\u00fcnlerimiz, ambalajs\u0131z \u00e7\u00f6z\u00fcmlerimiz ve refill sistemlerimizle, siz de g\u00fczellik rutininizde s\u00fcrd\u00fcr\u00fclebilir bir ad\u0131m atabilirsiniz. Gelecek nesillere daha temiz bir d\u00fcnya b\u0131rakmak i\u00e7in, k\u00fc\u00e7\u00fck ama etkili ad\u0131mlarla b\u00fcy\u00fck fark yaratmaya birlikte devam edelim.<\/p>\t\t\t\t\t\t\t\t<\/div>\n\t\t\t\t<\/div>\n\t\t\t\t\t<\/div>\n\t\t\t\t<\/div>\n\t\t\t\t<\/div>\n\t\t","protected":false},"excerpt":{"rendered":"<p>Kat\u0131 \u00dcr\u00fcnler, Ambalajs\u0131z \u00c7\u00f6z\u00fcmler ve Refill Sistemleri: G\u00fcn\u00fcm\u00fczde do\u011fa dostu ve s\u00fcrd\u00fcr\u00fclebilir ya\u015fam trendleri, kozmetik d\u00fcnyas\u0131nda da b\u00fcy\u00fck bir d\u00f6n\u00fc\u015f\u00fcm\u00fc beraberinde getiriyor. Acvit Kozmetik olarak, do\u011fal kozmetik alan\u0131nda \u00f6nc\u00fc bir marka olarak, hem cildinizin sa\u011fl\u0131\u011f\u0131n\u0131 hem de gezegenimizin gelece\u011fini korumaya y\u00f6nelik yenilik\u00e7i \u00e7\u00f6z\u00fcmler sunuyoruz. Kat\u0131 \u00fcr\u00fcnler, ambalajs\u0131z \u00e7\u00f6z\u00fcmler ve refill sistemleri ile hem do\u011fay\u0131 hem [&hellip;]<\/p>\n","protected":false},"author":1,"featured_media":0,"parent":0,"menu_order":0,"comment_status":"closed","ping_status":"closed","template":"","meta":{"footnotes":""},"class_list":["post-9656","page","type-page","status-publish","hentry"],"aioseo_notices":[],"_links":{"self":[{"href":"https:\/\/www.acvit.com.tr\/magaza\/wp-json\/wp\/v2\/pages\/9656","targetHints":{"allow":["GET"]}}],"collection":[{"href":"https:\/\/www.acvit.com.tr\/magaza\/wp-json\/wp\/v2\/pages"}],"about":[{"href":"https:\/\/www.acvit.com.tr\/magaza\/wp-json\/wp\/v2\/types\/page"}],"author":[{"embeddable":true,"href":"https:\/\/www.acvit.com.tr\/magaza\/wp-json\/wp\/v2\/users\/1"}],"replies":[{"embeddable":true,"href":"https:\/\/www.acvit.com.tr\/magaza\/wp-json\/wp\/v2\/comments?post=9656"}],"version-history":[{"count":4,"href":"https:\/\/www.acvit.com.tr\/magaza\/wp-json\/wp\/v2\/pages\/9656\/revisions"}],"predecessor-version":[{"id":9661,"href":"https:\/\/www.acvit.com.tr\/magaza\/wp-json\/wp\/v2\/pages\/9656\/revisions\/9661"}],"wp:attachment":[{"href":"https:\/\/www.acvit.com.tr\/magaza\/wp-json\/wp\/v2\/media?parent=9656"}],"curies":[{"name":"wp","href":"https:\/\/api.w.org\/{rel}","templated":true}]}}