{"id":9644,"date":"2025-10-01T11:10:53","date_gmt":"2025-10-01T08:10:53","guid":{"rendered":"https:\/\/www.acvit.com.tr\/magaza\/?page_id=9644"},"modified":"2025-10-01T11:13:36","modified_gmt":"2025-10-01T08:13:36","slug":"patili-dostlarimiz-kimdir","status":"publish","type":"page","link":"https:\/\/www.acvit.com.tr\/magaza\/patili-dostlarimiz-kimdir\/","title":{"rendered":"Patili Dostlar\u0131m\u0131z Kimdir?"},"content":{"rendered":"\t\t<div data-elementor-type=\"wp-page\" data-elementor-id=\"9644\" class=\"elementor elementor-9644\">\n\t\t\t\t<div class=\"elementor-element elementor-element-4002142 e-flex e-con-boxed e-con e-parent\" data-id=\"4002142\" data-element_type=\"container\">\n\t\t\t\t\t<div class=\"e-con-inner\">\n\t\t\t\t<div class=\"elementor-element elementor-element-f84f232 elementor-widget elementor-widget-text-editor\" data-id=\"f84f232\" data-element_type=\"widget\" data-widget_type=\"text-editor.default\">\n\t\t\t\t<div class=\"elementor-widget-container\">\n\t\t\t\t\t\t\t\t\t<p>G\u00fcnl\u00fck ya\u015fam\u0131m\u0131zda s\u0131kl\u0131kla duydu\u011fumuz &#8220;patili dostlar\u0131m\u0131z&#8221; ifadesi, sadece sevimli bir tan\u0131mlama de\u011fil; ayn\u0131 zamanda hayvanlara duyulan sevgi, sayg\u0131 ve sorumlulu\u011fun da bir g\u00f6stergesidir. Bu ifade, \u00f6zellikle kedi, k\u00f6pek, tav\u015fan, hamster gibi evcil hayvanlar\u0131 tan\u0131mlamak i\u00e7in kullan\u0131l\u0131r. Ancak bu kelimelerin ard\u0131nda sadece sevimlilik de\u011fil; insanlarla kurduklar\u0131 derin ba\u011flar, sadakatleri ve ya\u015fam\u0131m\u0131za katt\u0131klar\u0131 anlam da yatar.<br \/><br \/><strong>Patili Dostlar\u0131m\u0131za Yak\u0131ndan Bakal\u0131m<\/strong><br \/>&#8220;Patili&#8221; kelimesi, ayaklar\u0131n\u0131n ucunda yumu\u015fak pedler bulunan hayvanlar\u0131 tan\u0131mlamak i\u00e7in kullan\u0131l\u0131r. Bu dostlar\u0131m\u0131z aras\u0131nda en \u00e7ok bilinenler \u015funlard\u0131r:<br \/><strong>\u2022 K\u00f6pekler:<\/strong> Binlerce y\u0131ld\u0131r insanlarla birlikte ya\u015fayan, sadakatleriyle tan\u0131nan ve ayn\u0131 zamanda rehberlik, koruma, terapi gibi alanlarda da insanlara yard\u0131mc\u0131 olan canl\u0131lard\u0131r.<br \/><strong>\u2022 Kediler:<\/strong> Ba\u011f\u0131ms\u0131z yap\u0131lar\u0131 ve zarif tav\u0131rlar\u0131yla evlerimizin ne\u015fesi olan kediler, ayn\u0131 zamanda duygusal ba\u011f kurabildi\u011fimiz hayvanlard\u0131r.<br \/>\u2022 Tav\u015fanlar, hamsterlar ve di\u011fer k\u00fc\u00e7\u00fck kemirgenler: \u00d6zellikle \u00e7ocuklar i\u00e7in iyi birer arkada\u015f olan bu hayvanlar, bak\u0131m ve sorumluluk bilinci kazand\u0131rmada da \u00f6nemli rol oynar.<br \/><br \/><strong>Hayvanlarla Ya\u015fam\u0131n Katk\u0131lar\u0131<\/strong><br \/>Patili dostlar\u0131m\u0131z, yaln\u0131zca evcil hayvan olarak de\u011fil, ayn\u0131 zamanda psikolojik, sosyal ve hatta fiziksel sa\u011fl\u0131\u011f\u0131m\u0131z \u00fczerinde de olumlu etkiler b\u0131rak\u0131rlar. Ara\u015ft\u0131rmalar, evcil hayvan sahibi olman\u0131n stres seviyesini azaltt\u0131\u011f\u0131n\u0131, depresyonla m\u00fccadeleye yard\u0131mc\u0131 oldu\u011funu ve bireylerin daha sosyal hale geldi\u011fini ortaya koymaktad\u0131r.<br \/><br \/>Ayr\u0131ca, \u00e7ocuklar\u0131n empati duygusunu geli\u015ftirmesinde ve sorumluluk bilinci kazanmas\u0131nda da \u00f6nemli rol oynarlar. Bir hayvanla b\u00fcy\u00fcyen \u00e7ocuk, do\u011faya ve canl\u0131lara daha duyarl\u0131 bir birey haline gelir.<br \/><br \/><strong>Sahiplenmek, Sat\u0131n Almaktan Daha De\u011ferlidir<\/strong><br \/>Ne yaz\u0131k ki sokaklarda ya da bar\u0131naklarda binlerce sahipsiz hayvan ya\u015fam m\u00fccadelesi vermektedir. Bu nedenle &#8220;sahiplen, sat\u0131n alma&#8221; \u00e7a\u011fr\u0131s\u0131 g\u00fcn\u00fcm\u00fczde b\u00fcy\u00fck \u00f6nem ta\u015f\u0131r. Bir hayvana s\u0131cak bir yuva sunmak, sadece onun hayat\u0131n\u0131 de\u011fil, sizin de hayat\u0131n\u0131z\u0131 de\u011fi\u015ftirebilir.<br \/><br \/>Ayr\u0131ca hayvan sahiplenmek; d\u00fczenli bak\u0131m, beslenme, veteriner kontrolleri ve ilgi gibi \u00f6nemli sorumluluklar\u0131 da beraberinde getirir. Bu sorumluluk bilinci, bireylerde empati ve ba\u011fl\u0131l\u0131k gibi de\u011ferleri geli\u015ftirir.<br \/><br \/><strong>Hayvan Haklar\u0131 ve \u00c7evreye Sayg\u0131<\/strong><br \/>Patili dostlar\u0131m\u0131z\u0131n ya\u015fam hakk\u0131, en temel haklardan biridir. Onlara zarar vermek, ihmal etmek ya da k\u00f6t\u00fc ko\u015fullarda ya\u015fatmak hi\u00e7bir \u015fekilde kabul edilemez. Her canl\u0131n\u0131n ya\u015fama hakk\u0131na sayg\u0131 g\u00f6stermek, sadece bir g\u00f6rev de\u011fil; ayn\u0131 zamanda bir insanl\u0131k g\u00f6stergesidir.<br \/><br \/>Ayr\u0131ca, hayvanlar \u00e7evre dengesinin korunmas\u0131nda da \u00f6nemli bir role sahiptir. \u00d6zellikle sokak hayvanlar\u0131n\u0131n ya\u015fam alanlar\u0131na sayg\u0131 g\u00f6stermek ve do\u011faya zarar vermeyecek \u015fekilde ya\u015famak, \u00e7evre bilincimizin bir yans\u0131mas\u0131d\u0131r.<br \/><br \/><strong>Sonu\u00e7: Onlar Sadece Hayvan De\u011fil, Ailemizden Bir Par\u00e7a<\/strong><br \/>&#8220;Patili dostlar\u0131m\u0131z&#8221; ifadesi, onlar\u0131n bizim hayat\u0131m\u0131zda ne kadar \u00f6zel bir yer tuttu\u011funu g\u00f6sterir. Sevgiye, ilgiye ve bak\u0131ma ihtiya\u00e7 duyan bu canl\u0131lar, biz insanlara kar\u015f\u0131l\u0131ks\u0131z bir sadakat ve sevgi sunarlar. Onlarla kurdu\u011fumuz ba\u011f, sadece bir sahip-hayvan ili\u015fkisi de\u011fil; ger\u00e7ek bir <strong>dostluk<\/strong> ve <strong>ya\u015fam ortakl\u0131\u011f\u0131d\u0131r.<\/strong><\/p>\t\t\t\t\t\t\t\t<\/div>\n\t\t\t\t<\/div>\n\t\t\t\t\t<\/div>\n\t\t\t\t<\/div>\n\t\t\t\t<\/div>\n\t\t","protected":false},"excerpt":{"rendered":"<p>G\u00fcnl\u00fck ya\u015fam\u0131m\u0131zda s\u0131kl\u0131kla duydu\u011fumuz &#8220;patili dostlar\u0131m\u0131z&#8221; ifadesi, sadece sevimli bir tan\u0131mlama de\u011fil; ayn\u0131 zamanda hayvanlara duyulan sevgi, sayg\u0131 ve sorumlulu\u011fun da bir g\u00f6stergesidir. Bu ifade, \u00f6zellikle kedi, k\u00f6pek, tav\u015fan, hamster gibi evcil hayvanlar\u0131 tan\u0131mlamak i\u00e7in kullan\u0131l\u0131r. Ancak bu kelimelerin ard\u0131nda sadece sevimlilik de\u011fil; insanlarla kurduklar\u0131 derin ba\u011flar, sadakatleri ve ya\u015fam\u0131m\u0131za katt\u0131klar\u0131 anlam da yatar. Patili [&hellip;]<\/p>\n","protected":false},"author":1,"featured_media":0,"parent":0,"menu_order":0,"comment_status":"closed","ping_status":"closed","template":"","meta":{"footnotes":""},"class_list":["post-9644","page","type-page","status-publish","hentry"],"aioseo_notices":[],"_links":{"self":[{"href":"https:\/\/www.acvit.com.tr\/magaza\/wp-json\/wp\/v2\/pages\/9644","targetHints":{"allow":["GET"]}}],"collection":[{"href":"https:\/\/www.acvit.com.tr\/magaza\/wp-json\/wp\/v2\/pages"}],"about":[{"href":"https:\/\/www.acvit.com.tr\/magaza\/wp-json\/wp\/v2\/types\/page"}],"author":[{"embeddable":true,"href":"https:\/\/www.acvit.com.tr\/magaza\/wp-json\/wp\/v2\/users\/1"}],"replies":[{"embeddable":true,"href":"https:\/\/www.acvit.com.tr\/magaza\/wp-json\/wp\/v2\/comments?post=9644"}],"version-history":[{"count":4,"href":"https:\/\/www.acvit.com.tr\/magaza\/wp-json\/wp\/v2\/pages\/9644\/revisions"}],"predecessor-version":[{"id":9648,"href":"https:\/\/www.acvit.com.tr\/magaza\/wp-json\/wp\/v2\/pages\/9644\/revisions\/9648"}],"wp:attachment":[{"href":"https:\/\/www.acvit.com.tr\/magaza\/wp-json\/wp\/v2\/media?parent=9644"}],"curies":[{"name":"wp","href":"https:\/\/api.w.org\/{rel}","templated":true}]}}