{"id":9553,"date":"2025-09-26T10:33:53","date_gmt":"2025-09-26T07:33:53","guid":{"rendered":"https:\/\/www.acvit.com.tr\/magaza\/?page_id=9553"},"modified":"2025-09-26T10:44:42","modified_gmt":"2025-09-26T07:44:42","slug":"turkiyeden-dunyaya-surdurulebilir-bir-gelecek-icin-attigimiz-adimlar","status":"publish","type":"page","link":"https:\/\/www.acvit.com.tr\/magaza\/turkiyeden-dunyaya-surdurulebilir-bir-gelecek-icin-attigimiz-adimlar\/","title":{"rendered":"T\u00fcrkiye&#8217;den D\u00fcnya\u2019ya: S\u00fcrd\u00fcr\u00fclebilir Bir Gelecek \u0130\u00e7in Att\u0131\u011f\u0131m\u0131z Ad\u0131mlar"},"content":{"rendered":"\t\t<div data-elementor-type=\"wp-page\" data-elementor-id=\"9553\" class=\"elementor elementor-9553\">\n\t\t\t\t<div class=\"elementor-element elementor-element-6de944d e-flex e-con-boxed e-con e-parent\" data-id=\"6de944d\" data-element_type=\"container\">\n\t\t\t\t\t<div class=\"e-con-inner\">\n\t\t\t\t<div class=\"elementor-element elementor-element-97d9ccc elementor-widget elementor-widget-text-editor\" data-id=\"97d9ccc\" data-element_type=\"widget\" data-widget_type=\"text-editor.default\">\n\t\t\t\t<div class=\"elementor-widget-container\">\n\t\t\t\t\t\t\t\t\t<p>T\u00fcrkiye\u2019den bak\u0131nca hem f\u0131rsatlar hem de baz\u0131 zorluklar farkl\u0131la\u015f\u0131yor. T\u00fcrkiye merkezli bir ki\u015fisel bak\u0131m ve kozmetik firmas\u0131 olarak d\u00fcnyay\u0131 \u00f6nemseyen bir marka yaratmak i\u00e7in sizlerin deste\u011fiyle m\u00fccadele veriyoruz.<\/p><h6>T\u00fcrkiye&#8217;den Bak\u0131nca: Ger\u00e7ek\u00e7i ve Etkili S\u00fcrd\u00fcr\u00fclebilirlik Ad\u0131mlar\u0131<\/h6><p><strong>1. Yerel \u00dcretim &amp; Yerli Hammadde Kullan\u0131m\u0131<\/strong><br \/>\u2022 <strong>Anadolu&#8217;daki do\u011fal bitkiler<\/strong> (lavanta, kekik, ada\u00e7ay\u0131, \u00e7\u00f6rek otu, zeytinya\u011f\u0131, defne vs.) kozmetik \u00fcr\u00fcnlerde s\u00fcrd\u00fcr\u00fclebilir yerli i\u00e7erikler olarak kullan\u0131yoruz.<br \/>\u2022 <strong>Yerli \u00e7ift\u00e7ilerle i\u015f birlikleri<\/strong> kurarak, \u00fcretimde do\u011frudan tedarik sa\u011flamaya \u00f6zen g\u00f6steriyoruz.\u00a0 (kad\u0131n kooperatifleri, k\u00fc\u00e7\u00fck aile \u00e7iftlikleri).<br \/>\u2022 Bu hem karbon ayak izinizi azalt\u0131r hem de T\u00fcrkiye&#8217;deki tar\u0131m\u0131 ve kad\u0131n istihdam\u0131n\u0131 desteklemeye ad\u0131na \u00e7aba sarf ediyoruz.<\/p><p><strong>2. Ambalajda D\u00f6n\u00fc\u015f\u00fcm: Az Plastik, \u00c7ok Yenilik<\/strong><br \/>\u2022 T\u00fcrkiye&#8217;de h\u00e2l\u00e2 plastik yo\u011fun kullan\u0131l\u0131yor. Bu bizi farkl\u0131la\u015ft\u0131rma \u015fans\u0131 sunuyor.<br \/>\u2022 <strong>Refill sistemi<\/strong> T\u00fcrkiye\u2019de az ama y\u00fckselen bir trend. Pilot b\u00f6lgelerde ba\u015flayarak yayg\u0131nla\u015ft\u0131rma arzusunday\u0131z.<br \/>\u2022 Yerli \u00fcretim <strong>cam ambalaj, geri d\u00f6n\u00fc\u015ft\u00fcr\u00fclm\u00fc\u015f plastik<\/strong> veya <strong>ka\u011f\u0131t bazl\u0131 ambalaj<\/strong> tedarik\u00e7ileriyle g\u00f6r\u00fc\u015fmeler yap\u0131yoruz. Burada daha etkili olmaya \u00e7al\u0131\u015f\u0131yoruz.<br \/>\u2022 \u201cAmbalaj\u0131n\u0131 getir, indirim kazan\u201d gibi kampanyalarla d\u00f6n\u00fc\u015f\u00fcm\u00fc te\u015fvik ediyoruz.<\/p><p><strong>3. Su Kullan\u0131m\u0131 ve Temiz \u00dcretim<\/strong><br \/>\u2022 T\u00fcrkiye su stresi ya\u015fayan \u00fclkelerden biri. Bu nedenle <strong>&#8220;suya sayg\u0131l\u0131&#8221; \u00fcretim<\/strong>e dikkata \u00e7ekmek i\u00e7in m\u00fccadele ediyoruz.<br \/>\u2022 <strong>&#8220;Su i\u00e7ermeyen kozmetik&#8221;<\/strong> (solid \u015fampuan, sabun, balm formunda \u00fcr\u00fcnler) \u00fcretmek yenilik\u00e7i ve \u00e7evre dostu oldu\u011funu bildi\u011fimiz i\u00e7in o do\u011frultuda \u00e7al\u0131\u015fmalar y\u00fcr\u00fct\u00fcyoruz.<br \/>\u2022 \u00dcretimde kullan\u0131lan suyu ar\u0131t\u0131p tekrar kullanmak (at\u0131k su geri kazan\u0131m\u0131) uzun vadede hem ekonomik hem ekolojik avantaj sa\u011flad\u0131\u011f\u0131 bildi\u011fimiz i\u00e7in bilin\u00e7lendirmelere azami \u00f6zen g\u00f6steriyoruz.<\/p><p><strong>4. G\u00fcven<\/strong><br \/><strong>Acvit G\u00fczeli<\/strong>, do\u011fall\u0131\u011f\u0131 cildinde, zarafeti duru\u015funda, sorumlulu\u011fu ise ya\u015fam\u0131nda ta\u015f\u0131yan ki\u015fidir. G\u00fczelli\u011fin sadece g\u00f6r\u00fcnen de\u011fil, <strong>se\u00e7imlerle \u015fekillenen<\/strong> bir de\u011fer oldu\u011funa inan\u0131yoruz.<\/p><p>\u2022 Kullanmad\u0131\u011f\u0131m\u0131z, satm\u0131yoruz.<br \/>\u2022 Do\u011fay\u0131 koruyan \u00fcr\u00fcnleri tercih ediyoruz.<br \/>\u2022 Cildi zararl\u0131 kimyasallarla de\u011fil, do\u011fan\u0131n iyili\u011fiyle beslemeye gayret ediyoruz.<br \/>\u2022 Etik \u00fcretime, hayvan haklar\u0131na ve s\u00fcrd\u00fcr\u00fclebilir ya\u015fama \u00f6nem veriyoruz.<br \/>\u2022 Azla yetinmeyi, sade kalmay\u0131, bilin\u00e7li t\u00fcketimi se\u00e7meye y\u00f6nlendiriyoruz.<br \/>\u2022 G\u00fczelli\u011fin \u00f6nce sa\u011fl\u0131ktan, sonra bilin\u00e7ten ge\u00e7ti\u011fini bilerek harekete ediyoruz.\u00a0<\/p><p><strong>Acvit G\u00fczeli<\/strong>, sadece g\u00fczel g\u00f6r\u00fcnmek de\u011fil, <strong>g\u00fczel ya\u015famak<\/strong> ister.<\/p><p><strong>5. Hikaye Anlat\u0131m\u0131 &amp; Anlaml\u0131 Marka \u0130leti\u015fimi<\/strong><br \/>\u2022 T\u00fcrkiye\u2019de gen\u00e7 t\u00fcketiciler (\u00f6zellikle 18-35 ya\u015f aras\u0131) <strong>anlam ar\u0131yor<\/strong>. Bu kitleye kar\u015f\u0131 sorumlu oldu\u011fumuzu bildi\u011fimiz i\u00e7in Sosyal ve \u00e7evresel duru\u015f sergileyen bir marka gibi davran\u0131yoruz.<br \/>\u2022 Acvit kozmetik olarak ula\u015ft\u0131\u011f\u0131m\u0131z alanlarda \u015feffaf davran\u0131yoruz.<\/p><p><strong>6. Geri D\u00f6n\u00fc\u015f\u00fcm &amp; Sosyal Projeler<\/strong><br \/>\u2022 T\u00fcrkiye\u2019de evsel at\u0131klar\u0131n geri d\u00f6n\u00fc\u015f\u00fcm oran\u0131 d\u00fc\u015f\u00fck. T\u00fcketiciyi bilin\u00e7lendirmek ad\u0131na i\u00e7erikler \u00fcretmeye gayret ediyoruz.<br \/>\u2022 \u00dcr\u00fcnlerinizin QR kodlar\u0131yla \u201cambalaj nas\u0131l geri d\u00f6n\u00fc\u015ft\u00fcr\u00fcl\u00fcr?\u201d bilgisi vermek ad\u0131na m\u00fccadele ediyoruz.<br \/>\u2022 Sosyal sorumluluk projelerine \u00f6nem veriyoruz.<\/p><div>\u00a0<\/div>\t\t\t\t\t\t\t\t<\/div>\n\t\t\t\t<\/div>\n\t\t\t\t\t<\/div>\n\t\t\t\t<\/div>\n\t\t\t\t<\/div>\n\t\t","protected":false},"excerpt":{"rendered":"<p>T\u00fcrkiye\u2019den bak\u0131nca hem f\u0131rsatlar hem de baz\u0131 zorluklar farkl\u0131la\u015f\u0131yor. T\u00fcrkiye merkezli bir ki\u015fisel bak\u0131m ve kozmetik firmas\u0131 olarak d\u00fcnyay\u0131 \u00f6nemseyen bir marka yaratmak i\u00e7in sizlerin deste\u011fiyle m\u00fccadele veriyoruz. T\u00fcrkiye&#8217;den Bak\u0131nca: Ger\u00e7ek\u00e7i ve Etkili S\u00fcrd\u00fcr\u00fclebilirlik Ad\u0131mlar\u0131 1. Yerel \u00dcretim &amp; Yerli Hammadde Kullan\u0131m\u0131\u2022 Anadolu&#8217;daki do\u011fal bitkiler (lavanta, kekik, ada\u00e7ay\u0131, \u00e7\u00f6rek otu, zeytinya\u011f\u0131, defne vs.) kozmetik \u00fcr\u00fcnlerde [&hellip;]<\/p>\n","protected":false},"author":1,"featured_media":0,"parent":0,"menu_order":0,"comment_status":"closed","ping_status":"closed","template":"","meta":{"footnotes":""},"class_list":["post-9553","page","type-page","status-publish","hentry"],"aioseo_notices":[],"_links":{"self":[{"href":"https:\/\/www.acvit.com.tr\/magaza\/wp-json\/wp\/v2\/pages\/9553","targetHints":{"allow":["GET"]}}],"collection":[{"href":"https:\/\/www.acvit.com.tr\/magaza\/wp-json\/wp\/v2\/pages"}],"about":[{"href":"https:\/\/www.acvit.com.tr\/magaza\/wp-json\/wp\/v2\/types\/page"}],"author":[{"embeddable":true,"href":"https:\/\/www.acvit.com.tr\/magaza\/wp-json\/wp\/v2\/users\/1"}],"replies":[{"embeddable":true,"href":"https:\/\/www.acvit.com.tr\/magaza\/wp-json\/wp\/v2\/comments?post=9553"}],"version-history":[{"count":4,"href":"https:\/\/www.acvit.com.tr\/magaza\/wp-json\/wp\/v2\/pages\/9553\/revisions"}],"predecessor-version":[{"id":9557,"href":"https:\/\/www.acvit.com.tr\/magaza\/wp-json\/wp\/v2\/pages\/9553\/revisions\/9557"}],"wp:attachment":[{"href":"https:\/\/www.acvit.com.tr\/magaza\/wp-json\/wp\/v2\/media?parent=9553"}],"curies":[{"name":"wp","href":"https:\/\/api.w.org\/{rel}","templated":true}]}}