{"id":9538,"date":"2025-09-25T17:30:39","date_gmt":"2025-09-25T14:30:39","guid":{"rendered":"https:\/\/www.acvit.com.tr\/magaza\/?page_id=9538"},"modified":"2025-10-09T13:58:53","modified_gmt":"2025-10-09T10:58:53","slug":"surdurulebilirlik","status":"publish","type":"page","link":"https:\/\/www.acvit.com.tr\/magaza\/surdurulebilirlik\/","title":{"rendered":"S\u00fcrd\u00fcr\u00fclebilirlik"},"content":{"rendered":"\t\t<div data-elementor-type=\"wp-page\" data-elementor-id=\"9538\" class=\"elementor elementor-9538\">\n\t\t\t\t<div class=\"elementor-element elementor-element-36492dc e-grid e-con-boxed e-con e-parent\" data-id=\"36492dc\" data-element_type=\"container\">\n\t\t\t\t\t<div class=\"e-con-inner\">\n\t\t\t\t<div class=\"elementor-element elementor-element-6862d82 elementor-widget elementor-widget-text-editor\" data-id=\"6862d82\" data-element_type=\"widget\" data-widget_type=\"text-editor.default\">\n\t\t\t\t<div class=\"elementor-widget-container\">\n\t\t\t\t\t\t\t\t\t<p><strong style=\"color: inherit; font-size: 18px; letter-spacing: 0.45px;\">Acvit Kozmetik Olarak Do\u011fay\u0131 Seviyoruz<\/strong><\/p><p>G\u00fczellik, sadece aynada g\u00f6rd\u00fc\u011f\u00fcm\u00fcz \u015fey de\u011fildir.<br \/>Bizce g\u00fczellik, do\u011faya g\u00f6sterdi\u011fimiz sayg\u0131da, kulland\u0131\u011f\u0131m\u0131z hammaddede, b\u0131rakt\u0131\u011f\u0131m\u0131z izdedir.<br \/>Acvit Kozmetik olarak, ki\u015fisel bak\u0131mda do\u011fal i\u00e7erikleri tercih ederken, d\u00fcnyan\u0131n gelece\u011fini de \u00f6nemsiyoruz. \u00c7\u00fcnk\u00fc s\u00fcrd\u00fcr\u00fclebilir g\u00fczelli\u011fin, do\u011fayla birlikte m\u00fcmk\u00fcn oldu\u011funa inan\u0131yoruz.<\/p><h6>Do\u011fal \u0130\u00e7erik, Ger\u00e7ek Etki<\/h6><p>\u00dcr\u00fcnlerimizi Anadolu\u2019nun bereketli topraklar\u0131ndan ilham alarak geli\u015ftiriyoruz.<br \/>Lavanta, \u00e7\u00f6rek otu, g\u00fcl suyu, defne, zeytinya\u011f\u0131 gibi yerel ve bitki bazl\u0131 i\u00e7erikleri kullanarak cilt ve sa\u00e7 bak\u0131m \u00fcr\u00fcnlerimizi do\u011fayla uyum i\u00e7inde form\u00fcle ediyoruz.<br \/>Her i\u00e7erik bilimsel olarak test edilir; hi\u00e7birinde hayvanlar \u00fczerinde deney yap\u0131lmaz.<br \/>Vegan ve cruelty-free de\u011ferlerine sad\u0131\u011f\u0131z.<\/p><p><strong>\u00c7evre Dostu \u00dcretim ve Ambalaj<\/strong><\/p><p>\u00dcretim s\u00fcre\u00e7lerimizde enerji ve su tasarrufuna \u00f6ncelik veriyor, gereksiz kaynak kullan\u0131m\u0131ndan ka\u00e7\u0131n\u0131yoruz.<\/p><p><strong>Ambalajlar\u0131m\u0131zda:<\/strong><\/p><p>\u2022 Geri d\u00f6n\u00fc\u015ft\u00fcr\u00fclebilir,<br \/>\u2022 Cam veya refill (yeniden doldurulabilir),<br \/>\u2022 Minimum plastik i\u00e7eren malzemeleri tercih etmeye \u00f6zen g\u00f6steriyoruz.<\/p><p>Ambalaj tasar\u0131mlar\u0131m\u0131zda do\u011faya b\u0131rakaca\u011f\u0131m\u0131z etkiyi, estetik kadar \u00f6nemsiyoruz.<\/p><h6>Yerli \u00dcreticiden, Temiz \u00dcretime<\/h6><p>Hammaddelerimizin b\u00fcy\u00fck k\u0131sm\u0131, T\u00fcrkiye\u2019deki yerel \u00fcreticilerden temin ediliyor.<br \/>Kad\u0131n kooperatifleri, k\u00fc\u00e7\u00fck \u00e7ift\u00e7iler ve do\u011fal tar\u0131m uygulayan tedarik\u00e7ilerle i\u015f birli\u011fi yap\u0131yor, b\u00f6ylece sadece kaliteli i\u00e7erik de\u011fil, sosyal sorumluluk da \u00fcretiyoruz.<\/p><h6>\u015eeffafl\u0131k ve G\u00fcven<\/h6><p>Etiketlerimizde i\u00e7eriklerimiz net.<br \/>Ne varsa onu s\u00f6yl\u00fcyoruz.<br \/>T\u00fcketicimizi yan\u0131ltmadan, tam bilgilendirerek, g\u00fcvene dayal\u0131 bir ileti\u015fim kuruyoruz.<\/p><h6>Do\u011faya Duyarl\u0131, Cilde Nazik<\/h6><p>Gelecek nesillerin de sa\u011fl\u0131kl\u0131 bir d\u00fcnyada ya\u015famas\u0131 i\u00e7in, g\u00fczellik anlay\u0131\u015f\u0131m\u0131z\u0131 sadece bug\u00fcne de\u011fil, yar\u0131na da ta\u015f\u0131yoruz.<br \/>Acvit Kozmetik olarak do\u011fay\u0131 seviyoruz.<br \/>Ve bu sevgiyi sadece s\u00f6zde de\u011fil, \u00fcretimimizin her ad\u0131m\u0131nda ya\u015fat\u0131yoruz.<\/p><p><b>#S\u00fcrd\u00fcr\u00fclebilirG\u00fczellik #Do\u011fal\u0130\u00e7erik #AcvitKozmetik<br \/><\/b><\/p><p><div style=\"width: 960px;\" class=\"wp-video\"><video class=\"wp-video-shortcode\" id=\"video-9538-1\" width=\"960\" height=\"540\" preload=\"metadata\" controls=\"controls\"><source type=\"video\/mp4\" src=\"https:\/\/www.acvit.com.tr\/magaza\/wp-content\/uploads\/acvit-geri-donusum.mp4?_=1\" \/><a href=\"https:\/\/www.acvit.com.tr\/magaza\/wp-content\/uploads\/acvit-geri-donusum.mp4\">https:\/\/www.acvit.com.tr\/magaza\/wp-content\/uploads\/acvit-geri-donusum.mp4<\/a><\/video><\/div><\/p><p><b>\u00a0<\/b><\/p><p>\u00a0<\/p>\t\t\t\t\t\t\t\t<\/div>\n\t\t\t\t<\/div>\n\t\t\t\t\t<\/div>\n\t\t\t\t<\/div>\n\t\t\t\t<\/div>\n\t\t","protected":false},"excerpt":{"rendered":"<p>Acvit Kozmetik Olarak Do\u011fay\u0131 Seviyoruz G\u00fczellik, sadece aynada g\u00f6rd\u00fc\u011f\u00fcm\u00fcz \u015fey de\u011fildir.Bizce g\u00fczellik, do\u011faya g\u00f6sterdi\u011fimiz sayg\u0131da, kulland\u0131\u011f\u0131m\u0131z hammaddede, b\u0131rakt\u0131\u011f\u0131m\u0131z izdedir.Acvit Kozmetik olarak, ki\u015fisel bak\u0131mda do\u011fal i\u00e7erikleri tercih ederken, d\u00fcnyan\u0131n gelece\u011fini de \u00f6nemsiyoruz. \u00c7\u00fcnk\u00fc s\u00fcrd\u00fcr\u00fclebilir g\u00fczelli\u011fin, do\u011fayla birlikte m\u00fcmk\u00fcn oldu\u011funa inan\u0131yoruz. Do\u011fal \u0130\u00e7erik, Ger\u00e7ek Etki \u00dcr\u00fcnlerimizi Anadolu\u2019nun bereketli topraklar\u0131ndan ilham alarak geli\u015ftiriyoruz.Lavanta, \u00e7\u00f6rek otu, g\u00fcl suyu, defne, [&hellip;]<\/p>\n","protected":false},"author":1,"featured_media":0,"parent":0,"menu_order":0,"comment_status":"closed","ping_status":"closed","template":"","meta":{"footnotes":""},"class_list":["post-9538","page","type-page","status-publish","hentry"],"aioseo_notices":[],"_links":{"self":[{"href":"https:\/\/www.acvit.com.tr\/magaza\/wp-json\/wp\/v2\/pages\/9538","targetHints":{"allow":["GET"]}}],"collection":[{"href":"https:\/\/www.acvit.com.tr\/magaza\/wp-json\/wp\/v2\/pages"}],"about":[{"href":"https:\/\/www.acvit.com.tr\/magaza\/wp-json\/wp\/v2\/types\/page"}],"author":[{"embeddable":true,"href":"https:\/\/www.acvit.com.tr\/magaza\/wp-json\/wp\/v2\/users\/1"}],"replies":[{"embeddable":true,"href":"https:\/\/www.acvit.com.tr\/magaza\/wp-json\/wp\/v2\/comments?post=9538"}],"version-history":[{"count":26,"href":"https:\/\/www.acvit.com.tr\/magaza\/wp-json\/wp\/v2\/pages\/9538\/revisions"}],"predecessor-version":[{"id":9774,"href":"https:\/\/www.acvit.com.tr\/magaza\/wp-json\/wp\/v2\/pages\/9538\/revisions\/9774"}],"wp:attachment":[{"href":"https:\/\/www.acvit.com.tr\/magaza\/wp-json\/wp\/v2\/media?parent=9538"}],"curies":[{"name":"wp","href":"https:\/\/api.w.org\/{rel}","templated":true}]}}