{"id":9529,"date":"2025-09-25T18:12:40","date_gmt":"2025-09-25T15:12:40","guid":{"rendered":"https:\/\/www.acvit.com.tr\/magaza\/?page_id=9529"},"modified":"2025-09-26T10:28:05","modified_gmt":"2025-09-26T07:28:05","slug":"dunyanin-gelecegiyle-alakali-sorumlu-davraniyoruz","status":"publish","type":"page","link":"https:\/\/www.acvit.com.tr\/magaza\/dunyanin-gelecegiyle-alakali-sorumlu-davraniyoruz\/","title":{"rendered":"D\u00fcnya\u2019n\u0131n Gelece\u011fiyle Alakal\u0131 Sorumlu Davran\u0131yoruz"},"content":{"rendered":"\t\t<div data-elementor-type=\"wp-page\" data-elementor-id=\"9529\" class=\"elementor elementor-9529\">\n\t\t\t\t<div class=\"elementor-element elementor-element-f59f8b9 e-grid e-con-boxed e-con e-parent\" data-id=\"f59f8b9\" data-element_type=\"container\">\n\t\t\t\t\t<div class=\"e-con-inner\">\n\t\t\t\t<div class=\"elementor-element elementor-element-804661e elementor-widget elementor-widget-text-editor\" data-id=\"804661e\" data-element_type=\"widget\" data-widget_type=\"text-editor.default\">\n\t\t\t\t<div class=\"elementor-widget-container\">\n\t\t\t\t\t\t\t\t\t<p>D\u00fcnyan\u0131n gelece\u011fiyle ilgili sorumluluk almak isteyen bir kozmetik firmas\u0131 olarak hem \u00e7evresel hem de sosyal a\u00e7\u0131dan etkili ve s\u00fcrd\u00fcr\u00fclebilir ad\u0131mlar atmaya \u00f6zen g\u00f6steriyoruz. Bu sadece gezegen i\u00e7in de\u011fil, ayn\u0131 zamanda markan\u0131z\u0131n itibar\u0131, m\u00fc\u015fteri sadakati ve uzun vadeli ba\u015far\u0131s\u0131 a\u00e7\u0131s\u0131ndan da \u00e7ok de\u011ferlidir.<\/p><p>D\u00fcnya\u2019n\u0131n gelece\u011fi i\u00e7in atabilece\u011fi somut ad\u0131mlar\u0131 ba\u015fl\u0131klar halinde bulacaks\u0131n\u0131z:<\/p><p><strong>1. S\u00fcrd\u00fcr\u00fclebilir \u00dcretim ve Hammadde Se\u00e7imi<br \/><\/strong><br \/><strong>Yapabilecekleriniz:<\/strong><br \/>\u2022 <strong>Do\u011fal ve organik i\u00e7erikler<\/strong> tercih etmeye \u00f6zen g\u00f6steriyoruz (sertifikal\u0131 hammaddeler \u2013 Ecocert, COSMOS vb.)<br \/>\u2022 <strong>S\u00fcrd\u00fcr\u00fclebilir kaynaklardan<\/strong> gelen bile\u015fenler kullanmaya \u00f6zen g\u00f6steriyoruz. <br \/>\u2022 <strong>Patili Dostlar\u0131m\u0131z\u0131 \u00e7ok seviyoruz. \u00dczerinde test yapm\u0131yoruz.<\/strong> (Cruelty-free) ve vegan \u00fcr\u00fcnler geli\u015ftirmeye azami \u00f6zen g\u00f6steriyoruz.<br \/>\u2022 Tedarik zincirinde <strong>izlenebilirlik<\/strong> sa\u011flamaya \u00e7al\u0131\u015f\u0131yoruz.<\/p><p><strong>2. Ambalajda \u00c7evre Dostu Yakla\u015f\u0131mlar<br \/><\/strong><br \/><strong>Yapabilecekleriniz:<\/strong><br \/>\u2022 <strong>Geri d\u00f6n\u00fc\u015ft\u00fcr\u00fclm\u00fc\u015f veya geri d\u00f6n\u00fc\u015ft\u00fcr\u00fclebilir ambalajlar<\/strong> kullanmak i\u00e7in de\u011ferlerimizde sad\u0131k kal\u0131yoruz. Bu noktada herksi bilin\u00e7lendirmeye gayret ediyoruz.<br \/>\u2022 <strong>Refill (yeniden doldurulabilir)<\/strong> sistemler olu\u015fturma m\u00fccadelesi i\u00e7indeyiz.<br \/>\u2022 Plastik kullan\u0131m\u0131n\u0131 azalt\u0131p <strong>biyobozunur malzemeler<\/strong> kullanmaya \u00e7abas\u0131 i\u00e7indeyiz.<br \/>\u2022 Minimum ambalaj politikas\u0131 (yal\u0131n tasar\u0131m) g\u00fcd\u00fcyoruz.<\/p><p><strong>3. Enerji ve Su Kullan\u0131m\u0131n\u0131 Azaltmak<br \/><\/strong><br \/><strong>Yapabilecekleriniz:<\/strong><br \/>\u2022 \u00dcretim tesislerinde <strong>yenilenebilir enerji<\/strong>ye d\u00f6n\u00fc\u015fme \u00e7abas\u0131 i\u00e7indeyiz. M\u00fccadele veriyoruz.<br \/>\u2022 ARGE ekibimiz su tasarrufu sa\u011flayan \u00fcretim teknikleri \u00fczerinde \u00e7al\u0131\u015fmalar ba\u015flatt\u0131. <br \/>\u2022 At\u0131k suyu geri kazanma ve filtreleme sistemleri \u00fczerinde \u00e7al\u0131\u015f\u0131yoruz.<br \/>\u2022 Karbon ayak izinizi hesaplay\u0131p <strong>azaltma taahh\u00fctleri<\/strong> yapmak gerekti\u011fini bilerek sorumlu davran\u0131yoruz.<\/p><p><strong>4. Etik Tedarik Zinciri ve Sosyal Sorumluluk<br \/><\/strong><br \/><strong>Yapabilecekleriniz:<\/strong><br \/>\u2022 K\u00fc\u00e7\u00fck \u00e7ift\u00e7ilerden, kad\u0131n kooperatiflerinden veya yerel topluluklardan do\u011frudan al\u0131m yapmaya \u00f6zen g\u00f6steriyoruz.<br \/>\u2022 Adil ticaret (Fair Trade) uygulamalar\u0131n\u0131 benimsedik. Taviz vermiyoruz.<br \/>\u2022 Kad\u0131n giri\u015fimcili\u011fini ve e\u011fitimi destekliyoruz.<br \/>\u2022 \u00dcr\u00fcnlerinizin \u00fcretiminde <strong>insan haklar\u0131na sayg\u0131l\u0131<\/strong> i\u015f ko\u015fullar\u0131na \u00f6zen g\u00f6steriyoruz.<\/p><p><strong>5. E\u011fitim, Fark\u0131ndal\u0131k ve Toplum Kat\u0131l\u0131m\u0131<br \/><\/strong><br \/><strong>Yapabilecekleriniz:<\/strong><br \/>\u2022 M\u00fc\u015fterileri ambalaj geri d\u00f6n\u00fc\u015f\u00fcm\u00fc, i\u00e7erik okuryazarl\u0131\u011f\u0131 ve bilin\u00e7li t\u00fcketim konusunda bilgilendiriyoruz.<br \/>\u2022 K\u00e2r\u0131n\u0131z\u0131n bir k\u0131sm\u0131n\u0131 \u00e7evre projelerine aktarmaya \u00e7al\u0131\u015f\u0131yoruz.<br \/>\u2022 Kendi \u00e7al\u0131\u015fanlar\u0131n\u0131za s\u00fcrd\u00fcr\u00fclebilirlik e\u011fitimleri veriyoruz. Duyarl\u0131 davran\u0131yorlar.<br \/>\u2022 Sosyal medya \u00fczerinden aktif \u00e7evresel ileti\u015fim yap\u0131yoruz.<\/p><p><strong>6. Ye\u015fil \u0130novasyon<br \/><\/strong><br \/><strong>Yapabilecekleriniz:<\/strong><br \/>\u2022 S\u0131f\u0131r at\u0131k hedefli Ar-Ge \u00e7al\u0131\u015fmalar\u0131 yap\u0131yoruz.<br \/>\u2022 Suya ihtiya\u00e7 duymayan (\u201cwaterless\u201d) \u00fcr\u00fcnler geli\u015ftirme gayreti i\u00e7indeyiz. (kat\u0131 \u015fampuan, kuru temizleme \u00fcr\u00fcnleri vb.)<br \/>\u2022 Ak\u0131ll\u0131 ambalajlar (QR kod ile i\u00e7erik bilgisi, dijital kullan\u0131c\u0131 k\u0131lavuzu vb.) kullanmaya \u00f6zen g\u00f6steriyoruz.<\/p><p><strong>7. D\u00f6ng\u00fcsel Ekonomi Modelleri<br \/><\/strong><br \/><strong>Yapabilecekleriniz:<\/strong><br \/>\u2022 Kullan\u0131c\u0131lar\u0131n kulland\u0131klar\u0131 ambalajlar\u0131 geri getirebildi\u011fi sistemler kurmak i\u00e7in m\u00fccadele ediyoruz.<br \/>\u2022 Kullan\u0131lm\u0131\u015f \u00fcr\u00fcn ambalajlar\u0131n\u0131 toplay\u0131p sanat, mimari ya da ba\u015fka end\u00fcstrilerde de\u011ferlendirme gayreti i\u00e7indeyiz.<\/p><p><strong>8. Sertifikasyon ve \u015eeffafl\u0131k<br \/><\/strong><br \/><strong>Yapabilecekleriniz:<\/strong><br \/>\u2022 Web sitemizde, sosyal medya ve haber sitelerinde s\u00fcrd\u00fcr\u00fclebilirlik konusunda a\u00e7\u0131klamalar yap\u0131yor. Herkesi bilin\u00e7lendirmek i\u00e7in m\u00fccadele ediyoruz. <br \/>T\u00fcm tedarik ve \u00fcretim s\u00fcrecini \u015feffaf \u015fekilde a\u00e7\u0131kl\u0131yoruz.<\/p>\t\t\t\t\t\t\t\t<\/div>\n\t\t\t\t<\/div>\n\t\t\t\t\t<\/div>\n\t\t\t\t<\/div>\n\t\t\t\t<\/div>\n\t\t","protected":false},"excerpt":{"rendered":"<p>D\u00fcnyan\u0131n gelece\u011fiyle ilgili sorumluluk almak isteyen bir kozmetik firmas\u0131 olarak hem \u00e7evresel hem de sosyal a\u00e7\u0131dan etkili ve s\u00fcrd\u00fcr\u00fclebilir ad\u0131mlar atmaya \u00f6zen g\u00f6steriyoruz. Bu sadece gezegen i\u00e7in de\u011fil, ayn\u0131 zamanda markan\u0131z\u0131n itibar\u0131, m\u00fc\u015fteri sadakati ve uzun vadeli ba\u015far\u0131s\u0131 a\u00e7\u0131s\u0131ndan da \u00e7ok de\u011ferlidir. D\u00fcnya\u2019n\u0131n gelece\u011fi i\u00e7in atabilece\u011fi somut ad\u0131mlar\u0131 ba\u015fl\u0131klar halinde bulacaks\u0131n\u0131z: 1. S\u00fcrd\u00fcr\u00fclebilir \u00dcretim ve [&hellip;]<\/p>\n","protected":false},"author":1,"featured_media":0,"parent":0,"menu_order":0,"comment_status":"closed","ping_status":"closed","template":"","meta":{"footnotes":""},"class_list":["post-9529","page","type-page","status-publish","hentry"],"aioseo_notices":[],"_links":{"self":[{"href":"https:\/\/www.acvit.com.tr\/magaza\/wp-json\/wp\/v2\/pages\/9529","targetHints":{"allow":["GET"]}}],"collection":[{"href":"https:\/\/www.acvit.com.tr\/magaza\/wp-json\/wp\/v2\/pages"}],"about":[{"href":"https:\/\/www.acvit.com.tr\/magaza\/wp-json\/wp\/v2\/types\/page"}],"author":[{"embeddable":true,"href":"https:\/\/www.acvit.com.tr\/magaza\/wp-json\/wp\/v2\/users\/1"}],"replies":[{"embeddable":true,"href":"https:\/\/www.acvit.com.tr\/magaza\/wp-json\/wp\/v2\/comments?post=9529"}],"version-history":[{"count":5,"href":"https:\/\/www.acvit.com.tr\/magaza\/wp-json\/wp\/v2\/pages\/9529\/revisions"}],"predecessor-version":[{"id":9552,"href":"https:\/\/www.acvit.com.tr\/magaza\/wp-json\/wp\/v2\/pages\/9529\/revisions\/9552"}],"wp:attachment":[{"href":"https:\/\/www.acvit.com.tr\/magaza\/wp-json\/wp\/v2\/media?parent=9529"}],"curies":[{"name":"wp","href":"https:\/\/api.w.org\/{rel}","templated":true}]}}