{"id":8715,"date":"2024-09-21T15:42:57","date_gmt":"2024-09-21T12:42:57","guid":{"rendered":"https:\/\/www.acvit.com.tr\/magaza\/?page_id=8715"},"modified":"2024-09-21T15:43:03","modified_gmt":"2024-09-21T12:43:03","slug":"gunesten-zarar-gormus-cilde-neler-yapabiliriz","status":"publish","type":"page","link":"https:\/\/www.acvit.com.tr\/magaza\/gunesten-zarar-gormus-cilde-neler-yapabiliriz\/","title":{"rendered":"G\u00fcne\u015ften zarar g\u00f6rm\u00fc\u015f cilde neler yapabiliriz"},"content":{"rendered":"\n<p>Okullar\u0131n a\u00e7\u0131l\u0131p tatilcilerin yava\u015f yava\u015f tatil modundan normal hayata adepte olmaya \u00e7al\u0131\u015fmas\u0131 ba\u015flad\u0131. Yaz boyunca g\u00fcne\u015flenen, denize giren ve g\u00fcne\u015fin zararl\u0131 \u0131\u015f\u0131nlar\u0131 ile ya\u015famak zorunda kalan herkes nasibini ald\u0131. Art\u0131k olu\u015fan lekelerden ve G\u00fcne\u015fin zararl\u0131 \u0131\u015f\u0131nlar\u0131ndan kaynaklanan sorunlardan kurtulmak i\u00e7in m\u00fccadele ba\u015flad\u0131.<\/p>\n\n\n\n<p>Cildinizi g\u00fcne\u015fin zararl\u0131 ultraviyole (UV) \u0131\u015f\u0131nlar\u0131ndan korumadan d\u0131\u015far\u0131da zaman ge\u00e7irmek, g\u00f6r\u00fcn\u00fc\u015f\u00fcn\u00fcze y\u0131llar ekleyebilir. Neyse ki, bu hasar\u0131n bir k\u0131sm\u0131n\u0131 silmenin yollar\u0131 var.<\/p>\n\n\n\n<p>G\u00fcne\u015ften zarar g\u00f6ren cilt i\u00e7in tedavi \u00f6ncesi ve sonras\u0131,<\/p>\n\n\n\n<p>G\u00fcne\u015f korumas\u0131 olmadan her d\u0131\u015far\u0131 gitti\u011finizde veya bronzla\u015fma yata\u011f\u0131 kulland\u0131\u011f\u0131n\u0131zda, ultraviyole (UV) \u0131\u015f\u0131k cildinize zarar verebilir. Zamanla, bu hasar birikler ve cildinizde de\u011fi\u015fiklikler g\u00f6r\u00fcrs\u00fcn\u00fcz, bu da sizi do\u011fal olarak istedi\u011finizden daha ya\u015fl\u0131 hale getirebilir.<\/p>\n\n\n\n<p>Bu de\u011fi\u015fiklikler \u015funlar\u0131 i\u00e7erir:<\/p>\n\n\n\n<p>K\u0131r\u0131\u015f\u0131kl\u0131klar\u0131,<\/p>\n\n\n\n<p>Ya\u015f lekeleri,<\/p>\n\n\n\n<p>Gev\u015fek cilt,<\/p>\n\n\n\n<p><strong>\u00d6r\u00fcmcek damarlar\u0131<\/strong><\/p>\n\n\n\n<p>Bronzla\u015fma yataklar\u0131 kullan\u0131yorsan\u0131z, bu de\u011fi\u015fiklikleri h\u0131zl\u0131 bir \u015fekilde fark edeceksiniz &#8211; genellikle birka\u00e7 y\u0131l i\u00e7inde. Bronzla\u015fma yataklar\u0131 kullanan baz\u0131 insanlar bir y\u0131l i\u00e7inde veya daha erken belirtileri g\u00f6r\u00fcr.<\/p>\n\n\n\n<p>&nbsp;Ayr\u0131ca \u201cerken ya\u015flanma\u201d veya \u201cg\u00fcne\u015f kaynakl\u0131 hasarl\u0131 cilt\u201d terimleri de duyabilirsiniz.<\/p>\n\n\n\n<p>Hasar olu\u015ftuk\u00e7a, aktinik keratos (AKs) ad\u0131 verilen derin \u00e7izgiler veya kuru, pullun yamalar\u0131 g\u00f6rebilirsiniz. AK kanser \u00f6ncesi bir cilt b\u00fcy\u00fcmesidir. G\u00fcne\u015f hasar\u0131 da cilt kanserine yol a\u00e7abilir. Ve bazen bir AK, skum\u00f6z h\u00fccreli karsinom ad\u0131 verilen bir cilt kanseri t\u00fcr\u00fcne d\u00f6n\u00fc\u015f\u00fcr.<\/p>\n\n\n\n<p><strong>Size gen\u00e7 g\u00f6r\u00fcn\u00fcml\u00fc ciltler kazand\u0131rabilecek \u00f6neriler<\/strong><\/p>\n\n\n\n<p>Hasar\u0131n \u00e7o\u011fu kal\u0131c\u0131 olsa da, tedavi sizi daha ya\u015fl\u0131 g\u00f6steren baz\u0131 g\u00fcne\u015f hasar\u0131 belirtilerini azaltabilir.<\/p>\n\n\n\n<p>Ya\u015fla\u015fma belirtilerini tedavi etmek i\u00e7in, kurul sertifikal\u0131 dermatologlar genellikle birden fazla tedavi t\u00fcr\u00fc kullan\u0131r. Bu, ya\u015flanman\u0131n farkl\u0131 belirtilerini tedavi etmeye yard\u0131mc\u0131 olur. Ayr\u0131ca size do\u011fal ve sa\u011fl\u0131kl\u0131 bir g\u00f6r\u00fcn\u00fcm kazand\u0131rmaya yard\u0131mc\u0131 olur, b\u00f6ylece \u201ci\u015f yapm\u0131\u015fs\u0131n\u0131z\u201d gibi g\u00f6r\u00fcnmezsiniz.<\/p>\n\n\n\n<p>Dermatologlar\u0131n g\u00fcne\u015ften hasar g\u00f6rm\u00fc\u015f cilt belirtilerini azaltmak i\u00e7in \u00f6nerdikleri y\u00f6ntem,<\/p>\n\n\n\n<p>Y\u00fcz Makyaj Temizle Jeli ile serbest radikalleri temizleyerek cilde nefes ald\u0131r\u0131n<\/p>\n\n\n\n<p>Ard\u0131ndan b\u00f6lgeye Acvit Jel Peeling Uygulay\u0131n<\/p>\n\n\n\n<p>Son olarak Acvit Cilt Lekeri i\u00e7in olan kremi uygulayarak bunu r\u00fctun hale getirin.<\/p>\n\n\n\n<p>Bunlar\u0131 maruz kald\u0131\u011f\u0131m\u0131z sonu\u00e7 i\u00e7in kullanmal\u0131y\u0131z. Yaln\u0131z aslolan ise buna maruz kalmadan \u00f6nlem almakt\u0131r. Yani g\u00fcne\u015f zararl\u0131 \u0131\u015f\u0131nlar\u0131ndan korumak esast\u0131r.<\/p>\n\n\n\n<p>Tedavi cildinizdeki ya\u015flanma belirtilerini azaltabilirse de, cildinizi g\u00fcne\u015ften korumaya ba\u015flaman\u0131z gerekir. Bronzla\u015fma yataklar\u0131 kullan\u0131yorsan\u0131z, durman\u0131z gerekir.<\/p>\n\n\n\n<p><strong>Zararl\u0131 UV \u0131\u015f\u0131nlar\u0131ndan korunmadan, \u015funlar\u0131 s\u0131ralayabiliriz?<\/strong><\/p>\n\n\n\n<p>G\u00fcne\u015f korumas\u0131 ayr\u0131ca g\u00fcne\u015f hasar\u0131n\u0131n \u00f6nlenmesine, yava\u015flamas\u0131 ve hatta tersine d\u00f6nmeye yard\u0131mc\u0131 olabilir. Etkili olmak i\u00e7in, her g\u00fcn g\u00fcne\u015f korumay\u0131 kullanmal\u0131s\u0131n\u0131z &#8211; d\u0131\u015far\u0131s\u0131 bulut ve so\u011fuk olsa bile.<\/p>\n\n\n\n<p>Cildinizi g\u00fcne\u015ften nas\u0131l koruyaca\u011f\u0131m\u0131, cilt kanseri nas\u0131l \u00f6nleyeceksiniz.<\/p>\n\n\n\n<p>Tedavi i\u00e7in kurul sertifikal\u0131 bir dermatolog se\u00e7menin faydalar\u0131<\/p>\n\n\n\n<p>Sonu\u00e7lar\u0131n\u0131z b\u00fcy\u00fck \u00f6l\u00e7\u00fcde tedavinizi yapan ki\u015finin beceri ve bilgi birikimine ba\u011fl\u0131d\u0131r. Bu tedavileri sunan herkes doktor de\u011fildir.<\/p>\n\n\n\n<p>Taht sertifikal\u0131 bir dermatolog se\u00e7ti\u011finizde, a\u015fa\u011f\u0131daki bir doktorla \u00e7al\u0131\u015f\u0131rs\u0131n\u0131z:<\/p>\n\n\n\n<p>Cildin tedavisinde derinlemesine t\u0131bbi e\u011fitime sahiptir. T\u0131p fak\u00fcltesinden mezun olduktan sonra, dermatolog olmak isteyen bir doktor t\u0131p fak\u00fcltesinde 3 ila 5 y\u0131l daha \u00e7al\u0131\u015fmal\u0131d\u0131r. Bu 3 ila 5 y\u0131l boyunca, bir doktor cildi, sa\u00e7\u0131 ve t\u0131rnaklar\u0131 etkileyen durumlar\u0131 te\u015fhis etme ve tedavi etmede derinlemesine e\u011fitim al\u0131r. Bu t\u0131bbi e\u011fitim, kurul sertifikal\u0131 bir dermatolo\u011fun, tedavinizi se\u00e7meden \u00f6nce cildinizin durumunu, cilt tipinizi ve sa\u011fl\u0131\u011f\u0131n\u0131z\u0131 nas\u0131l de\u011ferlendirebilece\u011finizi bildi\u011fi anlam\u0131na gelir. Bu size en iyi sonu\u00e7lar\u0131 vermeye yard\u0131mc\u0131 olur ve bir komplikasyon geli\u015ftirme riskinizi azalt\u0131r.<\/p>\n\n\n\n<p>Tedavinizi bir t\u0131bbi ofiste veya cerrahi s\u00fcitte ger\u00e7ekle\u015ftirir. Bu, g\u00fcvenli\u011finizi sa\u011flamaya yard\u0131mc\u0131 olur.<\/p>\n\n\n\n<p>Seni tedavi etmeden \u00f6nce cilt kanserini kontrol edin. Dermatologlar cilt kanseri uzmanlar\u0131. Bu derinlemesine bilgiye sahip olmayan biri, bir cilt kanserini bir ya\u015f noktas\u0131yla kar\u0131\u015ft\u0131rabilir. Bir cilt kanserini bir ya\u015f noktas\u0131 olarak tedavi etmek, kanserin yay\u0131lmas\u0131na izin verir.<\/p>\n\n\n\n<p>G\u00fcne\u015f lekeleriniz i\u00e7in Acvit Kozmetik Cilt Uzmanlar\u0131m\u0131zdan detayl\u0131 bilgi alabilirsiniz.<\/p>\n","protected":false},"excerpt":{"rendered":"<p>Okullar\u0131n a\u00e7\u0131l\u0131p tatilcilerin yava\u015f yava\u015f tatil modundan normal hayata adepte olmaya \u00e7al\u0131\u015fmas\u0131 ba\u015flad\u0131. Yaz boyunca g\u00fcne\u015flenen, denize giren ve g\u00fcne\u015fin zararl\u0131 \u0131\u015f\u0131nlar\u0131 ile ya\u015famak zorunda kalan herkes nasibini ald\u0131. Art\u0131k olu\u015fan lekelerden ve G\u00fcne\u015fin zararl\u0131 \u0131\u015f\u0131nlar\u0131ndan kaynaklanan sorunlardan kurtulmak i\u00e7in m\u00fccadele ba\u015flad\u0131. Cildinizi g\u00fcne\u015fin zararl\u0131 ultraviyole (UV) \u0131\u015f\u0131nlar\u0131ndan korumadan d\u0131\u015far\u0131da zaman ge\u00e7irmek, g\u00f6r\u00fcn\u00fc\u015f\u00fcn\u00fcze y\u0131llar ekleyebilir. [&hellip;]<\/p>\n","protected":false},"author":1,"featured_media":0,"parent":0,"menu_order":0,"comment_status":"closed","ping_status":"closed","template":"","meta":{"footnotes":""},"class_list":["post-8715","page","type-page","status-publish","hentry"],"aioseo_notices":[],"_links":{"self":[{"href":"https:\/\/www.acvit.com.tr\/magaza\/wp-json\/wp\/v2\/pages\/8715","targetHints":{"allow":["GET"]}}],"collection":[{"href":"https:\/\/www.acvit.com.tr\/magaza\/wp-json\/wp\/v2\/pages"}],"about":[{"href":"https:\/\/www.acvit.com.tr\/magaza\/wp-json\/wp\/v2\/types\/page"}],"author":[{"embeddable":true,"href":"https:\/\/www.acvit.com.tr\/magaza\/wp-json\/wp\/v2\/users\/1"}],"replies":[{"embeddable":true,"href":"https:\/\/www.acvit.com.tr\/magaza\/wp-json\/wp\/v2\/comments?post=8715"}],"version-history":[{"count":2,"href":"https:\/\/www.acvit.com.tr\/magaza\/wp-json\/wp\/v2\/pages\/8715\/revisions"}],"predecessor-version":[{"id":8717,"href":"https:\/\/www.acvit.com.tr\/magaza\/wp-json\/wp\/v2\/pages\/8715\/revisions\/8717"}],"wp:attachment":[{"href":"https:\/\/www.acvit.com.tr\/magaza\/wp-json\/wp\/v2\/media?parent=8715"}],"curies":[{"name":"wp","href":"https:\/\/api.w.org\/{rel}","templated":true}]}}