{"id":8527,"date":"2024-08-28T16:48:55","date_gmt":"2024-08-28T13:48:55","guid":{"rendered":"https:\/\/www.acvit.com.tr\/magaza\/?page_id=8527"},"modified":"2024-08-31T15:06:05","modified_gmt":"2024-08-31T12:06:05","slug":"basinda-biz","status":"publish","type":"page","link":"https:\/\/www.acvit.com.tr\/magaza\/basinda-biz\/","title":{"rendered":"Bas\u0131nda Biz"},"content":{"rendered":"\t\t<div data-elementor-type=\"wp-page\" data-elementor-id=\"8527\" class=\"elementor elementor-8527\">\n\t\t\t\t<div class=\"elementor-element elementor-element-05b3049 e-flex e-con-boxed e-con e-parent\" data-id=\"05b3049\" data-element_type=\"container\">\n\t\t\t\t\t<div class=\"e-con-inner\">\n\t\t\t\t<div class=\"elementor-element elementor-element-52f1657 elementor-widget elementor-widget-accordion\" data-id=\"52f1657\" data-element_type=\"widget\" data-settings=\"{&quot;_animation&quot;:&quot;none&quot;}\" data-widget_type=\"accordion.default\">\n\t\t\t\t<div class=\"elementor-widget-container\">\n\t\t\t\t\t\t\t<div class=\"elementor-accordion\">\n\t\t\t\t\t\t\t<div class=\"elementor-accordion-item\">\n\t\t\t\t\t<h6 id=\"elementor-tab-title-8691\" class=\"elementor-tab-title\" data-tab=\"1\" role=\"button\" aria-controls=\"elementor-tab-content-8691\" aria-expanded=\"false\">\n\t\t\t\t\t\t\t\t\t\t\t\t\t<span class=\"elementor-accordion-icon elementor-accordion-icon-left\" aria-hidden=\"true\">\n\t\t\t\t\t\t\t\t\t\t\t\t\t\t\t<span class=\"elementor-accordion-icon-closed\"><svg class=\"e-font-icon-svg e-fas-plus\" viewBox=\"0 0 448 512\" xmlns=\"http:\/\/www.w3.org\/2000\/svg\"><path d=\"M416 208H272V64c0-17.67-14.33-32-32-32h-32c-17.67 0-32 14.33-32 32v144H32c-17.67 0-32 14.33-32 32v32c0 17.67 14.33 32 32 32h144v144c0 17.67 14.33 32 32 32h32c17.67 0 32-14.33 32-32V304h144c17.67 0 32-14.33 32-32v-32c0-17.67-14.33-32-32-32z\"><\/path><\/svg><\/span>\n\t\t\t\t\t\t\t\t<span class=\"elementor-accordion-icon-opened\"><svg class=\"e-font-icon-svg e-fas-minus\" viewBox=\"0 0 448 512\" xmlns=\"http:\/\/www.w3.org\/2000\/svg\"><path d=\"M416 208H32c-17.67 0-32 14.33-32 32v32c0 17.67 14.33 32 32 32h384c17.67 0 32-14.33 32-32v-32c0-17.67-14.33-32-32-32z\"><\/path><\/svg><\/span>\n\t\t\t\t\t\t\t\t\t\t\t\t\t\t<\/span>\n\t\t\t\t\t\t\t\t\t\t\t\t<a class=\"elementor-accordion-title\" tabindex=\"0\">Kozmetik \u00fcr\u00fcn\u00fc al\u0131rken bunlara dikkat!<\/a>\n\t\t\t\t\t<\/h6>\n\t\t\t\t\t<div id=\"elementor-tab-content-8691\" class=\"elementor-tab-content elementor-clearfix\" data-tab=\"1\" role=\"region\" aria-labelledby=\"elementor-tab-title-8691\"><p><a style=\"text-align: var(--text-align); font-family: var(--ts-pr-font-family); font-size: var(--ts-body-font-size); font-style: var(--ts-pr-font-style); font-weight: var(--ts-pr-font-weight); letter-spacing: var(--ts-pr-letter-spacing);\" href=\"https:\/\/www.capital.com.tr\/ceo-life\/ceo-life-haberleri\/acvit-kozmetik-ceosu-ismail-cetinden-sahte-kozmetik-uyarisi\" target=\"_blank\" rel=\"noopener\"><img decoding=\"async\" style=\"width: 118.187px; height: 36.9132px;\" src=\"https:\/\/www.acvit.com.tr\/magaza\/wp-content\/uploads\/capital.png\" \/>\u00a0\u00a0\u00a0\u00a0 <\/a><a style=\"text-align: var(--text-align); font-family: var(--ts-pr-font-family); font-size: var(--ts-body-font-size); font-style: var(--ts-pr-font-style); font-weight: var(--ts-pr-font-weight); letter-spacing: var(--ts-pr-letter-spacing);\" href=\"https:\/\/www.ekonomist.com.tr\/haberler\/aldiginiz-kozmetik-urununun-sahte-oldugunu-nasil-anlarsiniz-acvit-kozmetik-ceo-sundan-kritik-tavsiye--47734\" target=\"_blank\" rel=\"noopener\"><img decoding=\"async\" style=\"width: 118.187px; height: 36.9132px;\" src=\"https:\/\/www.acvit.com.tr\/magaza\/wp-content\/uploads\/ekonomist.webp\" \/>\u00a0\u00a0\u00a0\u00a0\u00a0<\/a><br \/><b><br \/><a style=\"text-align: var(--text-align); font-family: var(--ts-pr-font-family); font-size: var(--ts-body-font-size); font-style: var(--ts-pr-font-style); font-weight: var(--ts-pr-font-weight); letter-spacing: var(--ts-pr-letter-spacing);\" href=\"https:\/\/www.haber3.com\/guncel\/acvit-kozmetik-ceo-ismail-cetin-sahte-ve-gercek-kozmetik-nasil-ayirt-edilir-haberi-6183657\" target=\"_blank\" rel=\"noopener\"><img decoding=\"async\" style=\"width: 118.187px; height: 36.9132px;\" title=\"Haber 3\" src=\"https:\/\/www.acvit.com.tr\/magaza\/wp-content\/uploads\/Haber-3.jpg\" \/>\u00a0 \u00a0 \u00a0 <\/a><a style=\"text-align: var(--text-align); font-family: var(--ts-pr-font-family); font-size: var(--ts-body-font-size); font-style: var(--ts-pr-font-style); font-weight: var(--ts-pr-font-weight); letter-spacing: var(--ts-pr-letter-spacing);\" href=\"https:\/\/www.yenimesaj.com.tr\/sahte-ve-gercek-kozmetik-nasil-ayirt-edilir-H1527990.htm\" target=\"_blank\" rel=\"noopener\"><img decoding=\"async\" style=\"width: 118.187px; height: 36.9132px;\" src=\"https:\/\/www.acvit.com.tr\/magaza\/wp-content\/uploads\/yenimesaj-logo.png\" \/><\/a><\/b><\/p><\/div>\n\t\t\t\t<\/div>\n\t\t\t\t\t\t\t<div class=\"elementor-accordion-item\">\n\t\t\t\t\t<h6 id=\"elementor-tab-title-8692\" class=\"elementor-tab-title\" data-tab=\"2\" role=\"button\" aria-controls=\"elementor-tab-content-8692\" aria-expanded=\"false\">\n\t\t\t\t\t\t\t\t\t\t\t\t\t<span class=\"elementor-accordion-icon elementor-accordion-icon-left\" aria-hidden=\"true\">\n\t\t\t\t\t\t\t\t\t\t\t\t\t\t\t<span class=\"elementor-accordion-icon-closed\"><svg class=\"e-font-icon-svg e-fas-plus\" viewBox=\"0 0 448 512\" xmlns=\"http:\/\/www.w3.org\/2000\/svg\"><path d=\"M416 208H272V64c0-17.67-14.33-32-32-32h-32c-17.67 0-32 14.33-32 32v144H32c-17.67 0-32 14.33-32 32v32c0 17.67 14.33 32 32 32h144v144c0 17.67 14.33 32 32 32h32c17.67 0 32-14.33 32-32V304h144c17.67 0 32-14.33 32-32v-32c0-17.67-14.33-32-32-32z\"><\/path><\/svg><\/span>\n\t\t\t\t\t\t\t\t<span class=\"elementor-accordion-icon-opened\"><svg class=\"e-font-icon-svg e-fas-minus\" viewBox=\"0 0 448 512\" xmlns=\"http:\/\/www.w3.org\/2000\/svg\"><path d=\"M416 208H32c-17.67 0-32 14.33-32 32v32c0 17.67 14.33 32 32 32h384c17.67 0 32-14.33 32-32v-32c0-17.67-14.33-32-32-32z\"><\/path><\/svg><\/span>\n\t\t\t\t\t\t\t\t\t\t\t\t\t\t<\/span>\n\t\t\t\t\t\t\t\t\t\t\t\t<a class=\"elementor-accordion-title\" tabindex=\"0\">''D\u00fcnya kozmetik pastas\u0131ndan %63 pay alabiliriz''<\/a>\n\t\t\t\t\t<\/h6>\n\t\t\t\t\t<div id=\"elementor-tab-content-8692\" class=\"elementor-tab-content elementor-clearfix\" data-tab=\"2\" role=\"region\" aria-labelledby=\"elementor-tab-title-8692\"><p><b><a style=\"text-align: var(--text-align); font-family: var(--ts-pr-font-family); font-size: var(--ts-body-font-size); font-style: var(--ts-pr-font-style); font-weight: var(--ts-pr-font-weight); letter-spacing: var(--ts-pr-letter-spacing);\" href=\"https:\/\/www.haber3.com\/ekonomi\/dunya-kozmetik-pastasindan-63-pay-alabiliriz-haberi-6164930\" target=\"_blank\" rel=\"noopener\"><img decoding=\"async\" style=\"width: 118.187px; height: 36.9132px;\" title=\"Haber 3\" src=\"https:\/\/www.acvit.com.tr\/magaza\/wp-content\/uploads\/Haber-3.jpg\" \/>\u00a0 \u00a0 \u00a0 <\/a><a style=\"text-align: var(--text-align); font-family: var(--ts-pr-font-family); font-size: var(--ts-body-font-size); font-style: var(--ts-pr-font-style); font-weight: var(--ts-pr-font-weight); letter-spacing: var(--ts-pr-letter-spacing);\" href=\"https:\/\/www.yenimesaj.com.tr\/dunya-kozmetik-pazarindan-yuzde-63-pay-alabiliriz-H1513395.htm\" target=\"_blank\" rel=\"noopener\"><img decoding=\"async\" style=\"width: 118.187px; height: 36.9132px;\" src=\"https:\/\/www.acvit.com.tr\/magaza\/wp-content\/uploads\/yenimesaj-logo.png\" \/><\/a><\/b><\/p><p><a style=\"text-align: var(--text-align); font-family: var(--ts-pr-font-family); font-size: var(--ts-body-font-size); font-style: var(--ts-pr-font-style); font-weight: var(--ts-pr-font-weight); letter-spacing: var(--ts-pr-letter-spacing);\" href=\"https:\/\/www.capital.com.tr\/sirket-panosu\/sirket-panosu-haberleri\/dunya-kozmetik-pastasindan-yuzde-63-pay-alabiliriz\" target=\"_blank\" rel=\"noopener\"><img decoding=\"async\" style=\"width: 118.187px; height: 36.9132px;\" src=\"https:\/\/www.acvit.com.tr\/magaza\/wp-content\/uploads\/capital.png\" \/><\/a><\/p><\/div>\n\t\t\t\t<\/div>\n\t\t\t\t\t\t\t<div class=\"elementor-accordion-item\">\n\t\t\t\t\t<h6 id=\"elementor-tab-title-8693\" class=\"elementor-tab-title\" data-tab=\"3\" role=\"button\" aria-controls=\"elementor-tab-content-8693\" aria-expanded=\"false\">\n\t\t\t\t\t\t\t\t\t\t\t\t\t<span class=\"elementor-accordion-icon elementor-accordion-icon-left\" aria-hidden=\"true\">\n\t\t\t\t\t\t\t\t\t\t\t\t\t\t\t<span class=\"elementor-accordion-icon-closed\"><svg class=\"e-font-icon-svg e-fas-plus\" viewBox=\"0 0 448 512\" xmlns=\"http:\/\/www.w3.org\/2000\/svg\"><path d=\"M416 208H272V64c0-17.67-14.33-32-32-32h-32c-17.67 0-32 14.33-32 32v144H32c-17.67 0-32 14.33-32 32v32c0 17.67 14.33 32 32 32h144v144c0 17.67 14.33 32 32 32h32c17.67 0 32-14.33 32-32V304h144c17.67 0 32-14.33 32-32v-32c0-17.67-14.33-32-32-32z\"><\/path><\/svg><\/span>\n\t\t\t\t\t\t\t\t<span class=\"elementor-accordion-icon-opened\"><svg class=\"e-font-icon-svg e-fas-minus\" viewBox=\"0 0 448 512\" xmlns=\"http:\/\/www.w3.org\/2000\/svg\"><path d=\"M416 208H32c-17.67 0-32 14.33-32 32v32c0 17.67 14.33 32 32 32h384c17.67 0 32-14.33 32-32v-32c0-17.67-14.33-32-32-32z\"><\/path><\/svg><\/span>\n\t\t\t\t\t\t\t\t\t\t\t\t\t\t<\/span>\n\t\t\t\t\t\t\t\t\t\t\t\t<a class=\"elementor-accordion-title\" tabindex=\"0\">Tercihiniz do\u011fa dostu \u00fcr\u00fcnler olsun<\/a>\n\t\t\t\t\t<\/h6>\n\t\t\t\t\t<div id=\"elementor-tab-content-8693\" class=\"elementor-tab-content elementor-clearfix\" data-tab=\"3\" role=\"region\" aria-labelledby=\"elementor-tab-title-8693\"><p><b><a style=\"text-align: var(--text-align); font-family: var(--ts-pr-font-family); font-size: var(--ts-body-font-size); font-style: var(--ts-pr-font-style); font-weight: var(--ts-pr-font-weight); letter-spacing: var(--ts-pr-letter-spacing);\" href=\"https:\/\/www.haber3.com\/guncel\/tercihiniz-doga-dostu-urunler-olsun-haberi-6033196\" target=\"_blank\" rel=\"noopener\"><img decoding=\"async\" style=\"width: 118.187px; height: 36.9132px;\" title=\"Haber 3\" src=\"https:\/\/www.acvit.com.tr\/magaza\/wp-content\/uploads\/Haber-3.jpg\" \/><\/a><\/b><\/p><\/div>\n\t\t\t\t<\/div>\n\t\t\t\t\t\t\t<div class=\"elementor-accordion-item\">\n\t\t\t\t\t<h6 id=\"elementor-tab-title-8694\" class=\"elementor-tab-title\" data-tab=\"4\" role=\"button\" aria-controls=\"elementor-tab-content-8694\" aria-expanded=\"false\">\n\t\t\t\t\t\t\t\t\t\t\t\t\t<span class=\"elementor-accordion-icon elementor-accordion-icon-left\" aria-hidden=\"true\">\n\t\t\t\t\t\t\t\t\t\t\t\t\t\t\t<span class=\"elementor-accordion-icon-closed\"><svg class=\"e-font-icon-svg e-fas-plus\" viewBox=\"0 0 448 512\" xmlns=\"http:\/\/www.w3.org\/2000\/svg\"><path d=\"M416 208H272V64c0-17.67-14.33-32-32-32h-32c-17.67 0-32 14.33-32 32v144H32c-17.67 0-32 14.33-32 32v32c0 17.67 14.33 32 32 32h144v144c0 17.67 14.33 32 32 32h32c17.67 0 32-14.33 32-32V304h144c17.67 0 32-14.33 32-32v-32c0-17.67-14.33-32-32-32z\"><\/path><\/svg><\/span>\n\t\t\t\t\t\t\t\t<span class=\"elementor-accordion-icon-opened\"><svg class=\"e-font-icon-svg e-fas-minus\" viewBox=\"0 0 448 512\" xmlns=\"http:\/\/www.w3.org\/2000\/svg\"><path d=\"M416 208H32c-17.67 0-32 14.33-32 32v32c0 17.67 14.33 32 32 32h384c17.67 0 32-14.33 32-32v-32c0-17.67-14.33-32-32-32z\"><\/path><\/svg><\/span>\n\t\t\t\t\t\t\t\t\t\t\t\t\t\t<\/span>\n\t\t\t\t\t\t\t\t\t\t\t\t<a class=\"elementor-accordion-title\" tabindex=\"0\">Cilt Sorunlar\u0131n\u0131n \u00c7\u00f6z\u00fcm\u00fcnde Uzmanlar\u0131n \u00d6nerdi\u011fi Polifenol Teknolojisi Nedir?<\/a>\n\t\t\t\t\t<\/h6>\n\t\t\t\t\t<div id=\"elementor-tab-content-8694\" class=\"elementor-tab-content elementor-clearfix\" data-tab=\"4\" role=\"region\" aria-labelledby=\"elementor-tab-title-8694\"><p><b><a style=\"text-align: var(--text-align); font-family: var(--ts-pr-font-family); font-size: var(--ts-body-font-size); font-style: var(--ts-pr-font-style); font-weight: var(--ts-pr-font-weight); letter-spacing: var(--ts-pr-letter-spacing);\" href=\"https:\/\/www.cumhuriyet.com.tr\/haber\/cok-kopuren-sampuan-kaliteli-degil-941416\" target=\"_blank\" rel=\"noopener\"><img decoding=\"async\" style=\"width: 180px; height: 36.9132px;\" title=\"Cumhuriyet\" src=\"https:\/\/www.acvit.com.tr\/magaza\/wp-content\/uploads\/cumhuriyet.png\" \/><\/a><\/b><\/p><\/div>\n\t\t\t\t<\/div>\n\t\t\t\t\t\t\t<div class=\"elementor-accordion-item\">\n\t\t\t\t\t<h6 id=\"elementor-tab-title-8695\" class=\"elementor-tab-title\" data-tab=\"5\" role=\"button\" aria-controls=\"elementor-tab-content-8695\" aria-expanded=\"false\">\n\t\t\t\t\t\t\t\t\t\t\t\t\t<span class=\"elementor-accordion-icon elementor-accordion-icon-left\" aria-hidden=\"true\">\n\t\t\t\t\t\t\t\t\t\t\t\t\t\t\t<span class=\"elementor-accordion-icon-closed\"><svg class=\"e-font-icon-svg e-fas-plus\" viewBox=\"0 0 448 512\" xmlns=\"http:\/\/www.w3.org\/2000\/svg\"><path d=\"M416 208H272V64c0-17.67-14.33-32-32-32h-32c-17.67 0-32 14.33-32 32v144H32c-17.67 0-32 14.33-32 32v32c0 17.67 14.33 32 32 32h144v144c0 17.67 14.33 32 32 32h32c17.67 0 32-14.33 32-32V304h144c17.67 0 32-14.33 32-32v-32c0-17.67-14.33-32-32-32z\"><\/path><\/svg><\/span>\n\t\t\t\t\t\t\t\t<span class=\"elementor-accordion-icon-opened\"><svg class=\"e-font-icon-svg e-fas-minus\" viewBox=\"0 0 448 512\" xmlns=\"http:\/\/www.w3.org\/2000\/svg\"><path d=\"M416 208H32c-17.67 0-32 14.33-32 32v32c0 17.67 14.33 32 32 32h384c17.67 0 32-14.33 32-32v-32c0-17.67-14.33-32-32-32z\"><\/path><\/svg><\/span>\n\t\t\t\t\t\t\t\t\t\t\t\t\t\t<\/span>\n\t\t\t\t\t\t\t\t\t\t\t\t<a class=\"elementor-accordion-title\" tabindex=\"0\">\u00d6nlem Al\u0131n\u0131rsa D\u00fcnya Bizden Kozmetik Almak Zorunda Kal\u0131r<\/a>\n\t\t\t\t\t<\/h6>\n\t\t\t\t\t<div id=\"elementor-tab-content-8695\" class=\"elementor-tab-content elementor-clearfix\" data-tab=\"5\" role=\"region\" aria-labelledby=\"elementor-tab-title-8695\"><p><b><a style=\"text-align: var(--text-align); font-family: var(--ts-pr-font-family); font-size: var(--ts-body-font-size); font-style: var(--ts-pr-font-style); font-weight: var(--ts-pr-font-weight); letter-spacing: var(--ts-pr-letter-spacing);\" href=\"https:\/\/www.hurriyet.com.tr\/ekonomi\/onlem-alinirsa-dunya-bizden-kozmetik-almak-zorunda-kalir-40769570\" target=\"_blank\" rel=\"noopener\"><img decoding=\"async\" style=\"width: 118.187px; height: 36.9132px;\" title=\"Hurriyet\" src=\"https:\/\/www.acvit.com.tr\/magaza\/wp-content\/uploads\/hurriyet-logo.png\" \/><\/a><a style=\"text-align: var(--text-align); font-family: var(--ts-pr-font-family); font-size: var(--ts-body-font-size); font-style: var(--ts-pr-font-style); font-weight: var(--ts-pr-font-weight); letter-spacing: var(--ts-pr-letter-spacing);\" href=\"https:\/\/www.hurriyet.com.tr\/ekonomi\/onlem-alinirsa-dunya-bizden-kozmetik-almak-zorunda-kalir-40769570\" target=\"_blank\" rel=\"noopener\">\u00a0 \u00a0 \u00a0 <\/a><a style=\"text-align: var(--text-align); font-family: var(--ts-pr-font-family); font-size: var(--ts-body-font-size); font-style: var(--ts-pr-font-style); font-weight: var(--ts-pr-font-weight); letter-spacing: var(--ts-pr-letter-spacing);\" href=\"https:\/\/www.yenimesaj.com.tr\/onlem-alinirsa-dunya-bizden-kozmetik-almak-zorunda-kalir-H1293438.htm\" target=\"_blank\" rel=\"noopener\"><img decoding=\"async\" style=\"width: 118.187px; height: 36.9132px;\" title=\"Yeni Mesaj\" src=\"https:\/\/www.acvit.com.tr\/magaza\/wp-content\/uploads\/yenimesaj-logo.png\" \/>\u00a0 \u00a0 <br \/><br \/><\/a><a style=\"text-align: var(--text-align); font-family: var(--ts-pr-font-family); font-size: var(--ts-body-font-size); font-style: var(--ts-pr-font-style); font-weight: var(--ts-pr-font-weight); letter-spacing: var(--ts-pr-letter-spacing);\" href=\"https:\/\/www.iha.com.tr\/haber-onlem-alinirsa-dunya-bizden-kozmetik-almak-zorunda-kalir-716421\/\" target=\"_blank\" rel=\"noopener\"><img decoding=\"async\" style=\"width: 118.187px; height: 36.9132px;\" title=\"IHA\" src=\"https:\/\/www.acvit.com.tr\/magaza\/wp-content\/uploads\/iha-logo.jpg\" \/><\/a><\/b><\/p><\/div>\n\t\t\t\t<\/div>\n\t\t\t\t\t\t\t<div class=\"elementor-accordion-item\">\n\t\t\t\t\t<h6 id=\"elementor-tab-title-8696\" class=\"elementor-tab-title\" data-tab=\"6\" role=\"button\" aria-controls=\"elementor-tab-content-8696\" aria-expanded=\"false\">\n\t\t\t\t\t\t\t\t\t\t\t\t\t<span class=\"elementor-accordion-icon elementor-accordion-icon-left\" aria-hidden=\"true\">\n\t\t\t\t\t\t\t\t\t\t\t\t\t\t\t<span class=\"elementor-accordion-icon-closed\"><svg class=\"e-font-icon-svg e-fas-plus\" viewBox=\"0 0 448 512\" xmlns=\"http:\/\/www.w3.org\/2000\/svg\"><path d=\"M416 208H272V64c0-17.67-14.33-32-32-32h-32c-17.67 0-32 14.33-32 32v144H32c-17.67 0-32 14.33-32 32v32c0 17.67 14.33 32 32 32h144v144c0 17.67 14.33 32 32 32h32c17.67 0 32-14.33 32-32V304h144c17.67 0 32-14.33 32-32v-32c0-17.67-14.33-32-32-32z\"><\/path><\/svg><\/span>\n\t\t\t\t\t\t\t\t<span class=\"elementor-accordion-icon-opened\"><svg class=\"e-font-icon-svg e-fas-minus\" viewBox=\"0 0 448 512\" xmlns=\"http:\/\/www.w3.org\/2000\/svg\"><path d=\"M416 208H32c-17.67 0-32 14.33-32 32v32c0 17.67 14.33 32 32 32h384c17.67 0 32-14.33 32-32v-32c0-17.67-14.33-32-32-32z\"><\/path><\/svg><\/span>\n\t\t\t\t\t\t\t\t\t\t\t\t\t\t<\/span>\n\t\t\t\t\t\t\t\t\t\t\t\t<a class=\"elementor-accordion-title\" tabindex=\"0\">Kad\u0131nlar G\u00fcn\u00fcnde Y\u00fczlerini Siyaha Boyad\u0131lar<\/a>\n\t\t\t\t\t<\/h6>\n\t\t\t\t\t<div id=\"elementor-tab-content-8696\" class=\"elementor-tab-content elementor-clearfix\" data-tab=\"6\" role=\"region\" aria-labelledby=\"elementor-tab-title-8696\"><p><b><a style=\"text-align: var(--text-align); font-family: var(--ts-pr-font-family); font-size: var(--ts-body-font-size); font-style: var(--ts-pr-font-style); font-weight: var(--ts-pr-font-weight); letter-spacing: var(--ts-pr-letter-spacing);\" href=\"https:\/\/www.mynet.com\/kadinlar-gununde-yuzlerini-siyaha-boyadilar-110103839754\" target=\"_blank\" rel=\"noopener\"><img decoding=\"async\" style=\"width: 118.187px; height: 36.9132px;\" title=\"Hurriyet\" src=\"https:\/\/www.acvit.com.tr\/magaza\/wp-content\/uploads\/mynet-logo.jpg\" \/><\/a><a style=\"text-align: var(--text-align); font-family: var(--ts-pr-font-family); font-size: var(--ts-body-font-size); font-style: var(--ts-pr-font-style); font-weight: var(--ts-pr-font-weight); letter-spacing: var(--ts-pr-letter-spacing);\" href=\"https:\/\/www.hurriyet.com.tr\/ekonomi\/onlem-alinirsa-dunya-bizden-kozmetik-almak-zorunda-kalir-40769570\" target=\"_blank\" rel=\"noopener\">\u00a0 \u00a0 \u00a0 <\/a><a style=\"text-align: var(--text-align); font-family: var(--ts-pr-font-family); font-size: var(--ts-body-font-size); font-style: var(--ts-pr-font-style); font-weight: var(--ts-pr-font-weight); letter-spacing: var(--ts-pr-letter-spacing);\" href=\"https:\/\/www.karar.com\/kadinlar-gununde-yuzlerini-siyaha-boyadilar-779673\" target=\"_blank\" rel=\"noopener\"><img decoding=\"async\" style=\"width: 118.187px; height: 36.9132px;\" title=\"Yeni Mesaj\" src=\"https:\/\/www.acvit.com.tr\/magaza\/wp-content\/uploads\/karar-logo.png\" \/>\u00a0 \u00a0 \u00a0\u00a0\u00a0<\/a><br \/><br \/><a style=\"text-align: var(--text-align); font-family: var(--ts-pr-font-family); font-size: var(--ts-body-font-size); font-style: var(--ts-pr-font-style); font-weight: var(--ts-pr-font-weight); letter-spacing: var(--ts-pr-letter-spacing);\" href=\"https:\/\/www.iha.com.tr\/haber-kadinlar-gununde-yuzlerini-siyaha-boyadilar-715934\/\" target=\"_blank\" rel=\"noopener\"><img decoding=\"async\" style=\"width: 118.187px; height: 36.9132px;\" title=\"IHA\" src=\"https:\/\/www.acvit.com.tr\/magaza\/wp-content\/uploads\/iha-logo.jpg\" \/> \u00a0\u00a0 \u00a0 <\/a><a style=\"text-align: var(--text-align); font-family: var(--ts-pr-font-family); font-size: var(--ts-body-font-size); font-style: var(--ts-pr-font-style); font-weight: var(--ts-pr-font-weight); letter-spacing: var(--ts-pr-letter-spacing);\" href=\"https:\/\/www.milliyet.com.tr\/yerel-haberler\/istanbul\/kadinlar-gununde-yuzlerini-siyaha-boyadilar-12647949\" target=\"_blank\" rel=\"noopener\"><img decoding=\"async\" style=\"width: 118.187px; height: 36.9132px;\" title=\"IHA\" src=\"https:\/\/www.acvit.com.tr\/magaza\/wp-content\/uploads\/milliyet-logo.png\" \/>\u00a0 \u00a0 \u00a0 <\/a><br \/><br \/><a style=\"text-align: var(--text-align); font-family: var(--ts-pr-font-family); font-size: var(--ts-body-font-size); font-style: var(--ts-pr-font-style); font-weight: var(--ts-pr-font-weight); letter-spacing: var(--ts-pr-letter-spacing);\" href=\"https:\/\/www.magazinkolik.com\/erkelerden-kadinlar-gununde-manidar-mesaj-yuzumuz-kara-59932h.htm\" target=\"_blank\" rel=\"noopener\"><img decoding=\"async\" style=\"width: 118.187px; height: 36.9132px;\" title=\"IHA\" src=\"https:\/\/www.acvit.com.tr\/magaza\/wp-content\/uploads\/magazinkolik-logo.png\" \/><\/a><\/b><\/p><\/div>\n\t\t\t\t<\/div>\n\t\t\t\t\t\t\t\t<\/div>\n\t\t\t\t\t\t<\/div>\n\t\t\t\t<\/div>\n\t\t\t\t\t<\/div>\n\t\t\t\t<\/div>\n\t\t\t\t<\/div>\n\t\t","protected":false},"excerpt":{"rendered":"<p>Kozmetik \u00fcr\u00fcn\u00fc al\u0131rken bunlara dikkat! \u00a0\u00a0\u00a0\u00a0 \u00a0\u00a0\u00a0\u00a0\u00a0\u00a0 \u00a0 \u00a0 &#8221;D\u00fcnya kozmetik pastas\u0131ndan %63 pay alabiliriz&#8221; \u00a0 \u00a0 \u00a0 Tercihiniz do\u011fa dostu \u00fcr\u00fcnler olsun Cilt Sorunlar\u0131n\u0131n \u00c7\u00f6z\u00fcm\u00fcnde Uzmanlar\u0131n \u00d6nerdi\u011fi Polifenol Teknolojisi Nedir? \u00d6nlem Al\u0131n\u0131rsa D\u00fcnya Bizden Kozmetik Almak Zorunda Kal\u0131r \u00a0 \u00a0 \u00a0 \u00a0 \u00a0 Kad\u0131nlar G\u00fcn\u00fcnde Y\u00fczlerini Siyaha Boyad\u0131lar \u00a0 \u00a0 \u00a0 \u00a0 \u00a0 \u00a0\u00a0\u00a0 [&hellip;]<\/p>\n","protected":false},"author":1,"featured_media":0,"parent":0,"menu_order":0,"comment_status":"closed","ping_status":"closed","template":"","meta":{"footnotes":""},"class_list":["post-8527","page","type-page","status-publish","hentry"],"aioseo_notices":[],"_links":{"self":[{"href":"https:\/\/www.acvit.com.tr\/magaza\/wp-json\/wp\/v2\/pages\/8527","targetHints":{"allow":["GET"]}}],"collection":[{"href":"https:\/\/www.acvit.com.tr\/magaza\/wp-json\/wp\/v2\/pages"}],"about":[{"href":"https:\/\/www.acvit.com.tr\/magaza\/wp-json\/wp\/v2\/types\/page"}],"author":[{"embeddable":true,"href":"https:\/\/www.acvit.com.tr\/magaza\/wp-json\/wp\/v2\/users\/1"}],"replies":[{"embeddable":true,"href":"https:\/\/www.acvit.com.tr\/magaza\/wp-json\/wp\/v2\/comments?post=8527"}],"version-history":[{"count":70,"href":"https:\/\/www.acvit.com.tr\/magaza\/wp-json\/wp\/v2\/pages\/8527\/revisions"}],"predecessor-version":[{"id":8629,"href":"https:\/\/www.acvit.com.tr\/magaza\/wp-json\/wp\/v2\/pages\/8527\/revisions\/8629"}],"wp:attachment":[{"href":"https:\/\/www.acvit.com.tr\/magaza\/wp-json\/wp\/v2\/media?parent=8527"}],"curies":[{"name":"wp","href":"https:\/\/api.w.org\/{rel}","templated":true}]}}