{"id":8509,"date":"2024-08-28T16:38:34","date_gmt":"2024-08-28T13:38:34","guid":{"rendered":"https:\/\/www.acvit.com.tr\/magaza\/?page_id=8509"},"modified":"2024-08-28T16:40:31","modified_gmt":"2024-08-28T13:40:31","slug":"yapay-zeka-3","status":"publish","type":"page","link":"https:\/\/www.acvit.com.tr\/magaza\/yapay-zeka-3\/","title":{"rendered":"Yapay Zeka"},"content":{"rendered":"\t\t<div data-elementor-type=\"wp-page\" data-elementor-id=\"8509\" class=\"elementor elementor-8509\">\n\t\t\t\t<div class=\"elementor-element elementor-element-b60ad9b e-grid e-con-boxed e-con e-parent\" data-id=\"b60ad9b\" data-element_type=\"container\">\n\t\t\t\t\t<div class=\"e-con-inner\">\n\t\t\t\t<div class=\"elementor-element elementor-element-d5e1cd8 elementor-widget elementor-widget-text-editor\" data-id=\"d5e1cd8\" data-element_type=\"widget\" data-widget_type=\"text-editor.default\">\n\t\t\t\t<div class=\"elementor-widget-container\">\n\t\t\t\t\t\t\t\t\t<p><strong>T\u00fcrkiye\u2019de ilk do\u011fal kozmeti\u011fe,&nbsp;D\u00fcnya\u2019da ise ilk Yapay Zek\u00e2 kozmeti\u011fe imza att\u0131k<\/strong><\/p>\n<p>D\u00fcnya\u2019da trendler her an de\u011fi\u015fimle kar\u015f\u0131ya kar\u015f\u0131ya kalmaktad\u0131r. T\u00fcrkiye\u2019de ilk Do\u011fal Kozmeti\u011fe imza atan Acvit Kozmetik D\u00fcnya\u2019da ise ilk defa Yapay Zek\u00e2 Cilt Maskesi \u00fcreterek yine bir ilke imza atman\u0131n gururunu ya\u015fad\u0131 ve \u00fclkemize ya\u015fatt\u0131.<br><span style=\"text-align: var(--text-align); background-color: var(--ts-main-bg); color: var(--ts-text-color); font-family: var(--ts-pr-font-family); font-size: var(--ts-body-font-size); font-style: var(--ts-pr-font-style); font-weight: var(--ts-pr-font-weight); letter-spacing: var(--ts-pr-letter-spacing);\"><br>Yenilebilecek kadar do\u011fal \u00fcr\u00fcnlere imza atan Acvit Kozmetik, ba\u015far\u0131lar\u0131na bir yenisini daha ekledi. Yapay Zek\u00e2 Cilt Maskesini \u00fcreterek D\u00fcnya\u2019da bir ilki yapman\u0131n onurunu T\u00fcrkiye\u2019ye ya\u015fatt\u0131.<br><\/span><span style=\"text-align: var(--text-align); background-color: var(--ts-main-bg); color: var(--ts-text-color); font-family: var(--ts-pr-font-family); font-size: var(--ts-body-font-size); font-style: var(--ts-pr-font-style); font-weight: var(--ts-pr-font-weight); letter-spacing: var(--ts-pr-letter-spacing);\"><br>Cilt sorununu tespit edip \u00e7\u00f6z\u00fcm yolu arayan ve onarmaya yard\u0131mc\u0131 olan maske \u00fcreterek cilt sorunlar\u0131n\u0131 gidermeye yard\u0131mc\u0131 \u00fcr\u00fcnler i\u00e7erisinde en ba\u015far\u0131l\u0131 olanlardan birisi oldu.<br><\/span><span style=\"text-align: var(--text-align); background-color: var(--ts-main-bg); color: var(--ts-text-color); font-family: var(--ts-pr-font-family); font-size: var(--ts-body-font-size); font-style: var(--ts-pr-font-style); font-weight: var(--ts-pr-font-weight); letter-spacing: var(--ts-pr-letter-spacing);\"><br>Acvit Kozmetik olarak milli, yerli ve do\u011fal \u00fcr\u00fcnler \u00fcreten ve satan bir firma olarak \u015fimdide Yapay Zek\u00e2 Cilt Maskesi ile sesimizi duyurduk.<br><\/span><span style=\"text-align: var(--text-align); background-color: var(--ts-main-bg); color: var(--ts-text-color); font-family: var(--ts-pr-font-family); font-size: var(--ts-body-font-size); font-style: var(--ts-pr-font-style); font-weight: var(--ts-pr-font-weight); letter-spacing: var(--ts-pr-letter-spacing);\"><br>Acvit ailesi olarak, \u0130nsan enerjidir. Enerjisini do\u011fadan alarak yans\u0131t\u0131r. Biz do\u011fadan elde etti\u011fimiz polifenolleri insan cildine yans\u0131tarak o b\u00f6lgedeki sorunlar\u0131 gidermeye yard\u0131mc\u0131 olmas\u0131n\u0131 sa\u011flad\u0131k. Bu y\u00f6ntemi uygulayanlar cilt sorunlar\u0131n\u0131 gidermeye yard\u0131mc\u0131 olabileceklerini bilmelerini istiyoruz.<br><\/span><span style=\"text-align: var(--text-align); background-color: var(--ts-main-bg); color: var(--ts-text-color); font-family: var(--ts-pr-font-family); font-size: var(--ts-body-font-size); font-style: var(--ts-pr-font-style); font-weight: var(--ts-pr-font-weight); letter-spacing: var(--ts-pr-letter-spacing);\"><br>Cilt sorunlar\u0131 i\u00e7in yeni bir teknolojiye imza att\u0131k. \u201cD\u00fcnya\u2019da ilk defa do\u011fal yenilebilen \u015fampuan\u0131 biz \u00fcrettik. \u00dclkemizde \u201cdo\u011fal kozmetik\u201d tabirini ilk defa Acvit olarak biz ortaya koyduk ve uygulad\u0131k. Bizden sonra herkes do\u011fal kozmeti\u011fe y\u00f6neldi. \u015eimdi de do\u011fal i\u00e7erikli yapay zek\u00e2 cilt maskesine imza att\u0131k. Bu teknolojiye QPPOL ismini verdik. Bu \u00fcr\u00fcn insan cildindeki sorunlar\u0131 pozitif y\u00f6netip, sorun \u00e7\u00f6zmeye yard\u0131mc\u0131 olacakt\u0131r.<br><\/span><span style=\"text-align: var(--text-align); background-color: var(--ts-main-bg); color: var(--ts-text-color); font-family: var(--ts-pr-font-family); font-size: var(--ts-body-font-size); font-style: var(--ts-pr-font-style); font-weight: var(--ts-pr-font-weight); letter-spacing: var(--ts-pr-letter-spacing);\"><br>Yakla\u015f\u0131k 2,5 y\u0131l ARGE \u00e7al\u0131\u015fmas\u0131 yapt\u0131\u011f\u0131m\u0131z \u00fcr\u00fcn\u00fcm\u00fczle her cilt tipine uygun olan bir maske geli\u015ftirdik. Bu maske ak\u0131ll\u0131 bir maske olup etkin i\u00e7erik polifenolleri kapsamaktad\u0131r. Ciltte meydana gelen sorunlar\u0131n\u0131z\u0131 tespit edip \u00e7\u00f6z\u00fcm sunmaya yard\u0131mc\u0131 bir \u00fcr\u00fcnd\u00fcr.<br><\/span><span style=\"text-align: var(--text-align); background-color: var(--ts-main-bg); color: var(--ts-text-color); font-family: var(--ts-pr-font-family); font-size: var(--ts-body-font-size); font-style: var(--ts-pr-font-style); font-weight: var(--ts-pr-font-weight); letter-spacing: var(--ts-pr-letter-spacing);\"><br>\u00d6ncelikle y\u00fcz\u00fcm\u00fcze s\u00fcrd\u00fc\u011f\u00fcm\u00fcz maske sorunlu b\u00f6l\u00fcm\u00fc bulup bir in\u015faat i\u015f\u00e7isi gibi o b\u00f6l\u00fcm \u00fczerinde \u00e7al\u0131\u015fmaktad\u0131r. \u00d6nce sorunu bulup ard\u0131ndan o b\u00f6lgeye eski halini ald\u0131rmaya yard\u0131m etmektedir. Cilt sorunu ya\u015fayanlar do\u011fal i\u00e7erik yapay zek\u00e2 cilt maskesi sayesinde sorunlar\u0131ndan kurtulabilir ve p\u00fcr\u00fczs\u00fcz bir cilde kavu\u015fabilirler.<br><\/span><span style=\"text-align: var(--text-align); background-color: var(--ts-main-bg); color: var(--ts-text-color); font-family: var(--ts-pr-font-family); font-size: var(--ts-body-font-size); font-style: var(--ts-pr-font-style); font-weight: var(--ts-pr-font-weight); letter-spacing: var(--ts-pr-letter-spacing);\"><br>Bu b\u00fcy\u00fck bir inovasyondur. Do\u011fal kozmetikte yapay zek\u00e2 teknolojisini geli\u015ftirip v\u00fccuttaki b\u00fct\u00fcn sorunlara yard\u0131mc\u0131 \u00fcr\u00fcnler yapmak i\u00e7in ARGE ekibimiz \u00e7al\u0131\u015fmaktad\u0131r. QPPOL Teknolojisini geli\u015ftirdi\u011fimizde 3-4 \u00fcr\u00fcnle b\u00fct\u00fcn v\u00fccuttaki sorunlar\u0131na yard\u0131mc\u0131 olaca\u011f\u0131z. Daha da geli\u015ftirebilirsek 1-2 \u00fcr\u00fcne indirme olas\u0131l\u0131\u011f\u0131m\u0131z \u00e7ok y\u00fcksektir.<br><\/span><span style=\"text-align: var(--text-align); background-color: var(--ts-main-bg); color: var(--ts-text-color); font-family: var(--ts-pr-font-family); font-size: var(--ts-body-font-size); font-style: var(--ts-pr-font-style); font-weight: var(--ts-pr-font-weight); letter-spacing: var(--ts-pr-letter-spacing);\"><br>ARGE Ekibimizin \u00e7al\u0131\u015fmalar\u0131 b\u00fct\u00fcn h\u0131z\u0131yla s\u00fcrmektedir. Daha yenilik\u00e7i \u00fcr\u00fcnlere imza ataca\u011f\u0131z.<\/span><\/p>\n<p><\/p>\t\t\t\t\t\t\t\t<\/div>\n\t\t\t\t<\/div>\n\t\t\t\t\t<\/div>\n\t\t\t\t<\/div>\n\t\t\t\t<\/div>\n\t\t","protected":false},"excerpt":{"rendered":"<p>T\u00fcrkiye\u2019de ilk do\u011fal kozmeti\u011fe,&nbsp;D\u00fcnya\u2019da ise ilk Yapay Zek\u00e2 kozmeti\u011fe imza att\u0131k D\u00fcnya\u2019da trendler her an de\u011fi\u015fimle kar\u015f\u0131ya kar\u015f\u0131ya kalmaktad\u0131r. T\u00fcrkiye\u2019de ilk Do\u011fal Kozmeti\u011fe imza atan Acvit Kozmetik D\u00fcnya\u2019da ise ilk defa Yapay Zek\u00e2 Cilt Maskesi \u00fcreterek yine bir ilke imza atman\u0131n gururunu ya\u015fad\u0131 ve \u00fclkemize ya\u015fatt\u0131. Yenilebilecek kadar do\u011fal \u00fcr\u00fcnlere imza atan Acvit Kozmetik, ba\u015far\u0131lar\u0131na [&hellip;]<\/p>\n","protected":false},"author":1,"featured_media":0,"parent":0,"menu_order":0,"comment_status":"closed","ping_status":"closed","template":"","meta":{"footnotes":""},"class_list":["post-8509","page","type-page","status-publish","hentry"],"aioseo_notices":[],"_links":{"self":[{"href":"https:\/\/www.acvit.com.tr\/magaza\/wp-json\/wp\/v2\/pages\/8509","targetHints":{"allow":["GET"]}}],"collection":[{"href":"https:\/\/www.acvit.com.tr\/magaza\/wp-json\/wp\/v2\/pages"}],"about":[{"href":"https:\/\/www.acvit.com.tr\/magaza\/wp-json\/wp\/v2\/types\/page"}],"author":[{"embeddable":true,"href":"https:\/\/www.acvit.com.tr\/magaza\/wp-json\/wp\/v2\/users\/1"}],"replies":[{"embeddable":true,"href":"https:\/\/www.acvit.com.tr\/magaza\/wp-json\/wp\/v2\/comments?post=8509"}],"version-history":[{"count":7,"href":"https:\/\/www.acvit.com.tr\/magaza\/wp-json\/wp\/v2\/pages\/8509\/revisions"}],"predecessor-version":[{"id":8516,"href":"https:\/\/www.acvit.com.tr\/magaza\/wp-json\/wp\/v2\/pages\/8509\/revisions\/8516"}],"wp:attachment":[{"href":"https:\/\/www.acvit.com.tr\/magaza\/wp-json\/wp\/v2\/media?parent=8509"}],"curies":[{"name":"wp","href":"https:\/\/api.w.org\/{rel}","templated":true}]}}