{"id":8503,"date":"2024-08-28T16:34:25","date_gmt":"2024-08-28T13:34:25","guid":{"rendered":"https:\/\/www.acvit.com.tr\/magaza\/?page_id=8503"},"modified":"2024-08-28T16:35:52","modified_gmt":"2024-08-28T13:35:52","slug":"qppol-teknolojisi","status":"publish","type":"page","link":"https:\/\/www.acvit.com.tr\/magaza\/qppol-teknolojisi\/","title":{"rendered":"Qppol Teknolojisi"},"content":{"rendered":"\t\t<div data-elementor-type=\"wp-page\" data-elementor-id=\"8503\" class=\"elementor elementor-8503\">\n\t\t\t\t<div class=\"elementor-element elementor-element-1f36369 e-grid e-con-boxed e-con e-parent\" data-id=\"1f36369\" data-element_type=\"container\">\n\t\t\t\t\t<div class=\"e-con-inner\">\n\t\t\t\t<div class=\"elementor-element elementor-element-93d7fa8 elementor-widget elementor-widget-text-editor\" data-id=\"93d7fa8\" data-element_type=\"widget\" data-widget_type=\"text-editor.default\">\n\t\t\t\t<div class=\"elementor-widget-container\">\n\t\t\t\t\t\t\t\t\t<p>Do\u011fal olarak Yapay Zeka teknolojisnin mimar\u0131 olan QPPOL TEKNOLOJ\u0130S\u0130, Polifenoller ve \u00d6l\u00fc deniz \u00e7amuru kar\u0131\u015f\u0131m\u0131ndan olu\u015fan bir teknolojidir. D\u00fcnya\u2019da kozmetikte ilk defa yapay zeka cilt maskesini Acvit Kozmetik olarak biz \u00fcrettik. Bu ba\u015far\u0131n\u0131n mimar\u0131 QPPOL TEKNOLOJ\u0130S\u0130\u2019dir. Polifenol Teknolojisi ile \u00d6l\u00fc Deniz \u00c7amuru ile birle\u015ftirdik. QPPOL teknolojisi ortaya \u00e7\u0131kt\u0131. QPPOL yapay zek\u00e2 ak\u0131ll\u0131 cilt maskesini sizlerin hizmetine sunduk. Bu Teknoloji ile \u00fcretti\u011fimiz \u00fcr\u00fcnler cildinizdeki sorunu tespit edip \u00e7\u00f6z\u00fcm yolu arayan ve onarmaya yard\u0131mc\u0131 olan bir \u00fcr\u00fcnd\u00fcr. Bu Teknoloji ile \u00fcretilen \u00fcr\u00fcnler cildinizdeki sorunlar\u0131 pozitif y\u00f6netip, sorun \u00e7\u00f6zmeye yard\u0131mc\u0131 olan \u00fcr\u00fcnlerdir.<\/p><p><strong>\u00d6L\u00dc DEN\u0130Z \u00c7AMURU<\/strong><\/p><p>\u00d6l\u00fc Deniz\u2019in g\u00fcney bat\u0131 k\u0131y\u0131s\u0131ndan elde edilen kozmetik \u00e7amurdur. Y\u00fcksek kalitedeki bu \u00e7amur, kir veya herhangi t\u00fcrde kimyasal at\u0131k i\u00e7ermez. \u00c7amur \u00e7\u0131kar\u0131ld\u0131ktan sonra temizlenir ve sterilze edilir. Cilt i\u00e7in say\u0131s\u0131z yarar\u0131 bulunan de\u011ferli mineraller ve eser elementler i\u00e7ermektedir. Y\u00fcksek konsantrasyonda silikon, magnezyum, potasyum, kalsiyum, demir, iyot, brom, sodyum, florin, al\u00fcminyum ve cildin ihtiya\u00e7 duydu\u011fu di\u011fer bir\u00e7ok elementi i\u00e7erir. \u00c7amur terapisinin v\u00fccuda detoks etkisi y\u00fcksektir.<\/p><p>Cildi toksinlerden ve \u00f6l\u00fc derilerden derinlemesine temizlemeye,<\/p><p>Gergin ciltleri rahatlatmaya ve canland\u0131rmaya,<\/p><p>Kaybetti\u011fi mineralleri yeniden kazand\u0131rmaya,<\/p><p>Ayn\u0131 zamanda inceltici ve sel\u00fclit sorunlar\u0131na,<\/p><p>Ciltteki sorunlar\u0131 gidermeye yard\u0131mc\u0131d\u0131r.<\/p><p><strong>POL\u0130FENOLLER<\/strong><\/p><p>Yer alt\u0131nda 50 y\u0131la yak\u0131n bekleyen bitki aliviyollar\u0131d\u0131r. \u00c7al\u0131\u015fmalar g\u00f6stermektedir ki Polifenoller, serbest radikal geli\u015fiminden koruma sa\u011flayarak zarlar\u0131n oksidasyonunu engelleyebilme yetene\u011fi sayesinde cildin korunmas\u0131na yard\u0131mc\u0131d\u0131r. Polifenollerin epidermiye n\u00fcfuz edebilmektedir. Bundan ba\u015fka, humik maddelerin toksik madde ve kirlilikleri bir d\u0131\u015fa \u00e7eken b\u00fcz\u00fcc\u00fc eylemi vard\u0131r. Cilt metabolizmas\u0131 ve cildin yenileme s\u00fcrecini aktive eden vazodilasyonuda etkileyebilmektedir.<\/p><p>Basit\u00e7e \u00f6zetlemek gerekirse, polifenol molek\u00fcl\u00fc cilde n\u00fcfuz edip kolayca emilerek cildi yenilemeye yard\u0131m etmek \u00fczere s\u00fcrekli besleyen etkin bir ta\u015f\u0131y\u0131c\u0131 kurye gibi g\u00f6rev yapmakta ve sorunlar\u0131 gidermeye yard\u0131mc\u0131 olur.<\/p><p><strong>QPPOL TEKNOLOJ\u0130S\u0130<\/strong><\/p><p>Bu iki do\u011fal teknolojisinin birle\u015fmesinden meydana gelen QPPOL TEKNOLOJ\u0130S\u0130 cilt sorunlar\u0131n\u0131z\u0131 \u00e7\u00f6zebilir, hayata daha pozitif ve sorunsuz bakabilirsiniz.<\/p>\t\t\t\t\t\t\t\t<\/div>\n\t\t\t\t<\/div>\n\t\t\t\t\t<\/div>\n\t\t\t\t<\/div>\n\t\t\t\t<\/div>\n\t\t","protected":false},"excerpt":{"rendered":"<p>Do\u011fal olarak Yapay Zeka teknolojisnin mimar\u0131 olan QPPOL TEKNOLOJ\u0130S\u0130, Polifenoller ve \u00d6l\u00fc deniz \u00e7amuru kar\u0131\u015f\u0131m\u0131ndan olu\u015fan bir teknolojidir. D\u00fcnya\u2019da kozmetikte ilk defa yapay zeka cilt maskesini Acvit Kozmetik olarak biz \u00fcrettik. Bu ba\u015far\u0131n\u0131n mimar\u0131 QPPOL TEKNOLOJ\u0130S\u0130\u2019dir. Polifenol Teknolojisi ile \u00d6l\u00fc Deniz \u00c7amuru ile birle\u015ftirdik. QPPOL teknolojisi ortaya \u00e7\u0131kt\u0131. QPPOL yapay zek\u00e2 ak\u0131ll\u0131 cilt maskesini sizlerin [&hellip;]<\/p>\n","protected":false},"author":1,"featured_media":0,"parent":0,"menu_order":0,"comment_status":"closed","ping_status":"closed","template":"","meta":{"footnotes":""},"class_list":["post-8503","page","type-page","status-publish","hentry"],"aioseo_notices":[],"_links":{"self":[{"href":"https:\/\/www.acvit.com.tr\/magaza\/wp-json\/wp\/v2\/pages\/8503","targetHints":{"allow":["GET"]}}],"collection":[{"href":"https:\/\/www.acvit.com.tr\/magaza\/wp-json\/wp\/v2\/pages"}],"about":[{"href":"https:\/\/www.acvit.com.tr\/magaza\/wp-json\/wp\/v2\/types\/page"}],"author":[{"embeddable":true,"href":"https:\/\/www.acvit.com.tr\/magaza\/wp-json\/wp\/v2\/users\/1"}],"replies":[{"embeddable":true,"href":"https:\/\/www.acvit.com.tr\/magaza\/wp-json\/wp\/v2\/comments?post=8503"}],"version-history":[{"count":4,"href":"https:\/\/www.acvit.com.tr\/magaza\/wp-json\/wp\/v2\/pages\/8503\/revisions"}],"predecessor-version":[{"id":8507,"href":"https:\/\/www.acvit.com.tr\/magaza\/wp-json\/wp\/v2\/pages\/8503\/revisions\/8507"}],"wp:attachment":[{"href":"https:\/\/www.acvit.com.tr\/magaza\/wp-json\/wp\/v2\/media?parent=8503"}],"curies":[{"name":"wp","href":"https:\/\/api.w.org\/{rel}","templated":true}]}}