{"id":8491,"date":"2024-08-28T16:26:43","date_gmt":"2024-08-28T13:26:43","guid":{"rendered":"https:\/\/www.acvit.com.tr\/magaza\/?page_id=8491"},"modified":"2024-08-28T16:28:29","modified_gmt":"2024-08-28T13:28:29","slug":"polifenol-teknolojisi","status":"publish","type":"page","link":"https:\/\/www.acvit.com.tr\/magaza\/polifenol-teknolojisi\/","title":{"rendered":"Polifenol Teknolojisi"},"content":{"rendered":"\t\t<div data-elementor-type=\"wp-page\" data-elementor-id=\"8491\" class=\"elementor elementor-8491\">\n\t\t\t\t<div class=\"elementor-element elementor-element-0d0e3b0 e-grid e-con-boxed e-con e-parent\" data-id=\"0d0e3b0\" data-element_type=\"container\">\n\t\t\t\t\t<div class=\"e-con-inner\">\n\t\t\t\t<div class=\"elementor-element elementor-element-00f6611 elementor-widget elementor-widget-text-editor\" data-id=\"00f6611\" data-element_type=\"widget\" data-widget_type=\"text-editor.default\">\n\t\t\t\t<div class=\"elementor-widget-container\">\n\t\t\t\t\t\t\t\t\t<p><strong>Acvit\u2019in \u00dcr\u00fcnlerinin Mucidi Do\u011fal POL\u0130FENOL Bilimi Nedir?<\/strong><\/p><p>Y\u0131llarda topra\u011f\u0131n alt\u0131nda kalm\u0131\u015f yaprak ve bitki at\u0131klar\u0131n\u0131n fosille\u015fmesi sonucu bu at\u0131klar\u0131n titizle ve itina ile toplanarak modern laboratuarlarda \u00fcretilen teknolojinsin ad\u0131d\u0131r. Tamamen do\u011fald\u0131r. 16 ve 17 y\u00fczy\u0131llarda, Avrupal\u0131 doktor ve \u015fifac\u0131lar, \u00e7e\u015fitli rahats\u0131zl\u0131klar\u0131 tedavi etmede turba (\u00e7\u00fcr\u00fcm\u00fc\u015f bitkilerden elde edilen k\u00f6m\u00fcr) ekstrelerini kulland\u0131lar.<br \/>Zengin Avrupal\u0131lar, polifenol \u00e7amur banyolar\u0131n\u0131n \u00e7e\u015fitli rahats\u0131zl\u0131klara iyi geldi\u011fi bilinen Avusturya\u2019daki \u00fcnl\u00fc Neydharting Polifenollerini d\u00fczenli olarak ziyaret ediyorlard\u0131. Napolyon ve di\u011fer \u00fcnl\u00fc Avrupal\u0131lar, kas a\u011fr\u0131s\u0131, eklem ve di\u011fer sorunlar\u0131n tedavisi i\u00e7in bu polifenollere u\u011frad\u0131lar. Polifenoller, \u00e7imen ve a\u011fa\u00e7 ayr\u0131\u015fmas\u0131 sonucu neredeyse sadece organik maddeden olu\u015fur. Ekseriyetle, Polifenollerin genel olarak ender veya \u00f6nemli jeolojik yatak haline gelebilmesinin sebebi 30 \u2013 60 ya\u015f\u0131nda olmalar\u0131d\u0131r.<\/p><p><strong>Bilim Adamlar\u0131 Polifenol Teknolojisi Diyor<\/strong><\/p><p>Alman bilim adamlar\u0131 \u00f6nemli maddeleri turbadan ilk izole edenlerdi. Bu s\u0131v\u0131y\u0131 tamamen karakterize etmek bug\u00fcn bile \u00e7ok zordu ancak b\u00fcy\u00fck bir k\u0131sm\u0131 son zamanlarda ke\u015ffedilmi\u015ftir. En iyi tespit edilebildi\u011fi kadar\u0131yla, humik asitler, \u00e7oklu alt\u0131-karbon aromatik halkalar\u0131 ve bir\u00e7ok karboksilik asit fonksiyonel par\u00e7alar\u0131 olan y\u00fcksek molek\u00fcl a\u011f\u0131rl\u0131kl\u0131 polimerlerdir. Bu maddeler, en az 300 y\u0131l boyunca Avrupa\u2019da yo\u011fun ilgi konusu oldu. Onlar\u0131n tedavi de\u011ferini anlamaya y\u00f6nelik olarak son 30 y\u0131lda \u00e7ok b\u00fcy\u00fck bir \u00e7aba sarf edilmi\u015ftir. Avrupa\u2019da bu seviyede bir ara\u015ft\u0131rmaya ra\u011fmen, Kuzey Amerika\u2019da bu maddeler hakk\u0131nda \u00e7ok az \u015fey bilinmektedir.<\/p><p><strong>Polifenol \u00c7al\u0131\u015fmalar\u0131<\/strong><\/p><p>\u00c7al\u0131\u015fmalar g\u00f6stermektedir ki Polifenoller, serbest radikal geli\u015fiminden koruma sa\u011flayarak h\u00fccre zarlar\u0131n\u0131n oksidasyonunu engelleyebilme yetene\u011fi sayesinde cildi korurlar. Polifenollerin epidermiye n\u00fcfuz edi\u015fi kan\u0131tlanm\u0131\u015ft\u0131r. Polifenollerin iltihaplanmaya kar\u015f\u0131 etkilerinin Asetilsalisilik asit\u2019in iki kat\u0131 fazla oldu\u011funa dair iltihab\u0131 azaltma yetene\u011fi kay\u0131t alt\u0131na al\u0131nm\u0131\u015ft\u0131r. Bundan ba\u015fka, humik maddelerin toksik madde ve kirlilikleri bir d\u0131\u015fa \u00e7eken b\u00fcz\u00fcc\u00fc eylemi vard\u0131r. Humik maddeler ayr\u0131ca, kan dola\u015f\u0131m\u0131n\u0131 d\u00fczelten ve cilt metabolizmas\u0131 ve h\u00fccre yenileme s\u00fcrecini6 aktive eden vazodilasyonu da etkiler. Ayr\u0131ca, \u00e7al\u0131\u015fmalar polifenollerin egzama ve dermatit tedavisinde de fayda sa\u011flad\u0131\u011f\u0131n\u0131 g\u00f6stermektedirler.<\/p><p><strong>Polifonellerin Cilde Faydalar\u0131<\/strong><\/p><p>Basit\u00e7e \u00f6zetlemek gerekirse, polifenol molek\u00fcl\u00fc cilde n\u00fcfuz edip kolayca emilerek yeni cilt h\u00fccrelerini yenilemek \u00fczere s\u00fcrekli besleyen etkin bir ta\u015f\u0131y\u0131c\u0131 kurye gibi g\u00f6rev yapmakta ve h\u00fccresel d\u00fczeyde \u015fu faydalar\u0131 sa\u011flamaktad\u0131r:<\/p><p><strong>Cildi Zararl\u0131 Serbest Radikallerden Korumak<\/strong><\/p><p>\u2013 ANTIOKSIDANLAR \u2013 Ya\u015fl\u0131l\u0131k belirtileri ve k\u0131zar\u0131kl\u0131k ve \u015fi\u015fliklerin azalt\u0131lmas\u0131<br \/>\u2013 ANTI-ENFLAMATUAR \u2013 Apa\u00e7\u0131k bir ten ve cilt h\u00fccrelerinin yenilenmesi<br \/>\u2013 BESLEY\u0130C\u0130 KURYE S\u0130STEM\u0130 \u2013 Gen\u00e7lik parlakl\u0131\u011f\u0131n\u0131n korunmas\u0131 ve hasarl\u0131\/y\u0131pranm\u0131\u015f cildin onar\u0131m\u0131<br \/>\u2013 B\u0130YOELVER\u0130\u015eL\u0130 BESLEY\u0130C\u0130 \u2013 Yuvarlak, yumu\u015fak ve p\u00fcr\u00fczs\u00fcz cilt ve toksin ve kirlerin d\u0131\u015fa at\u0131lmas\u0131 i\u00e7in<br \/>\u2013 ASTRENJAN \u2013 Aknesiz bir cilt i\u00e7in derin temizlenen g\u00f6zenekler<\/p><p><strong>Referanslar:<\/strong><\/p><p>1. Schewe, Ch et al. Biomed. Biochim Acta 50(1991) 299-305<br \/>2. Wohlrab, W, et al. Pharazie, 39 (1984) 562-564<br \/>3. Klocking, R et al. Arzneimittelforschung, 18 (1968) 941-942<br \/>4. Dorfer, E., Munich University<br \/>5. Goecke, C., Frauenklinik, Luisenhospital, Aachen.<br \/>6. Klocking, R et al. Friedrich Schiller University Jena, Germany, 2005.<\/p><p><strong>Do\u011fall\u0131k Neden Daha \u0130yi?<\/strong><\/p><p>Sentetik ,\u201cdo\u011fal veya hakiki olmayan; yapay veya yapmac\u0131k\u201d ve \u201csuni veya yapay yap\u0131lm\u0131\u015f\u201d; bir ba\u015fka deyi\u015fle ba\u015fka bir \u015fey \u00fcretmek i\u00e7in birbiriyle reaksiyon halinde olan kimyasallar ile bir laboratuarda olu\u015fturulmu\u015f olarak tan\u0131mlan\u0131r. Sentetik hormonlar\u0131 mideye indiriyor, sentetik yiyecekler yiyor ve di\u015f macunu, \u015fampuanlar, nemlendiriciler, temizleyiciler gibi v\u00fccut bak\u0131m \u00fcr\u00fcnlerinde sentetik i\u00e7erikler kullan\u0131yoruz. Uzun vadeli etkileri bilinmiyor, \u00e7\u00fcnk\u00fc her biri zamanla farkl\u0131 reaksiyon g\u00f6steriyor. \u00d6rne\u011fin- pi\u015firmek i\u00e7in sentetik vanilya ekstresi veya saf vanilya sat\u0131n alabilirsiniz. Do\u011fal i\u00e7erikler do\u011fadan gelir. Dikkatli se\u00e7ilmi\u015fse, nazik\u00e7e i\u015flenmi\u015fse, do\u011fal i\u00e7erikler cildiniz i\u00e7in gereken gerekli besini sa\u011flarlar ve b\u00fcnyeniz i\u00e7in sentetik i\u00e7eriklerden \u00e7ok daha iyidir. Kuzey Amerika\u2019ya Avrupal\u0131lar\u0131n y\u00fczy\u0131llard\u0131r bildikleri: Polifonellerin tedavi edici \u00f6zelliklerini getiriyoruz; Bizler polifenollere eri\u015fmi\u015f ve pazara ula\u015ft\u0131racak teknoloji geli\u015ftirmi\u015f birka\u00e7 firmadan birisiyiz. Form\u00fcllerimiz o kadar \u00e7ok faydal\u0131 i\u00e7eri\u011fi kapsamaktad\u0131r. \u00dcretti\u011fimiz her \u00fcr\u00fcn cilt bak\u0131m\u0131 piyasas\u0131nda e\u015fsizdir. Polifenoller kullan\u0131larak \u00fcretilen Siyah Cilt Maskemiz, siyah \u015eampuan\u0131m\u0131z, Losyonlar\u0131m\u0131z, kremlerimiz ve \u015fampuanlar\u0131m\u0131z en saf do\u011fal i\u00e7eriklerden yap\u0131lm\u0131\u015ft\u0131r. Baz\u0131 \u00fcr\u00fcnlerimiz o kadar Do\u011fal ki tabiri caizse yiyebilmekteyiz.<\/p><p><strong>Bizim \u00fcr\u00fcnlerimiz di\u011ferlerinden nas\u0131l oluyor da farkl\u0131d\u0131r?<\/strong><\/p><p>Losyonlar\u0131m\u0131z, kremlerimiz ve \u015fampuanlar\u0131m\u0131z en saf do\u011fal i\u00e7eriklerden yap\u0131lm\u0131\u015ft\u0131r. Kremler zengin ve cildinize iyi gelmesi i\u00e7in antioksidanlarla ambalajl\u0131d\u0131r. Sadece bir kar\u015f\u0131la\u015ft\u0131rma, ortalama d\u00fczeyde bir cilt nemlendiricisi 20-21 i\u00e7eri\u011fe sahiptir ve sadece 2 aktif i\u00e7erik olup kalan\u0131 dolgudur. Biz \u015fifal\u0131 faydalar\u0131 bilinen en saf bitkileri kullan\u0131yoruz. \u015eimdi s\u0131ra Acvit G\u00fczellik Maskesi- zengin, siyah maske, do\u011fal sa\u011fl\u0131k \u015fokunda \u015eampuan, losyon ve cilt kremlerimizin \u00fcretimini artt\u0131rmada \u00e7ok ba\u015far\u0131l\u0131 olduk. Maske, e\u015fsiz \u00f6zelliklerinden dolay\u0131 en iddial\u0131 giri\u015fimimiz oldu ve bu \u00fcr\u00fcn\u00fcn en b\u00fcy\u00fck \u00f6zelli\u011fi (iddias\u0131) uzun raf \u00f6mr\u00fcd\u00fcr. Raf \u00f6mr\u00fcn\u00fcn ve \u00fcr\u00fcn\u00fcn kendisinin verim ve b\u00fct\u00fcnl\u00fc\u011f\u00fcn\u00fc sa\u011flamak istedik. Bunun i\u00e7in fark edersiniz ki a\u00e7\u0131ld\u0131ktan sonra i\u00e7eri\u011fini istikrarl\u0131 koruyabilsin diye Maske az bir miktar koruyucu ihtiva etmektedir. Sa\u011fl\u0131kl\u0131 cilt i\u00e7in en iyi savunma beslenme ve korumad\u0131r. \u00dcr\u00fcnlerimizdeki do\u011fal i\u00e7erikler ve e\u015fsiz polifenol ekstresi ihtiyac\u0131n\u0131z olan korumay\u0131 size sa\u011flar. Acvit\u2019te biz, \u00fcr\u00fcnlerin b\u00fct\u00fcnl\u00fc\u011f\u00fcn\u00fc korurken malzemelerimizin en az bir \u015fekilde i\u015fleme girmesi i\u00e7in elimizden geleni yapmaktay\u0131z. Safl\u0131k bizim i\u00e7in \u00e7ok \u00f6nemlidir. Ve b\u0131rakt\u0131\u011f\u0131m\u0131z ayak izlerinin fark\u0131nda olarak se\u00e7imlerimizi bilin\u00e7li yap\u0131yoruz. Acvit\u2019te geli\u015fmelerden ve \u00fcr\u00fcnlerin kad\u0131nlara, erkeklere ve \u00e7ocuklara faydal\u0131 olmas\u0131ndan \u00f6t\u00fcr\u00fc heyecan duyduk. M\u00fc\u015fterilerden ald\u0131\u011f\u0131m\u0131z olumlu geri d\u00f6n\u00fc\u015flerden cesaret alarak gelecekte \u00fcr\u00fcnlerimizi daha fazlas\u0131yla payla\u015fmay\u0131 \u00fcmit ediyoruz.<\/p><p><strong>Do\u011fal Teknoloji Olan Polifenoller Wikipedia\u2019da yerini alm\u0131\u015ft\u0131r<\/strong><br \/><strong>https:\/\/tr.wikipedia.org\/wiki\/Polifenol\u00a0<\/strong><\/p>\t\t\t\t\t\t\t\t<\/div>\n\t\t\t\t<\/div>\n\t\t\t\t\t<\/div>\n\t\t\t\t<\/div>\n\t\t\t\t<\/div>\n\t\t","protected":false},"excerpt":{"rendered":"<p>Acvit\u2019in \u00dcr\u00fcnlerinin Mucidi Do\u011fal POL\u0130FENOL Bilimi Nedir? Y\u0131llarda topra\u011f\u0131n alt\u0131nda kalm\u0131\u015f yaprak ve bitki at\u0131klar\u0131n\u0131n fosille\u015fmesi sonucu bu at\u0131klar\u0131n titizle ve itina ile toplanarak modern laboratuarlarda \u00fcretilen teknolojinsin ad\u0131d\u0131r. Tamamen do\u011fald\u0131r. 16 ve 17 y\u00fczy\u0131llarda, Avrupal\u0131 doktor ve \u015fifac\u0131lar, \u00e7e\u015fitli rahats\u0131zl\u0131klar\u0131 tedavi etmede turba (\u00e7\u00fcr\u00fcm\u00fc\u015f bitkilerden elde edilen k\u00f6m\u00fcr) ekstrelerini kulland\u0131lar.Zengin Avrupal\u0131lar, polifenol \u00e7amur banyolar\u0131n\u0131n [&hellip;]<\/p>\n","protected":false},"author":1,"featured_media":0,"parent":0,"menu_order":0,"comment_status":"closed","ping_status":"closed","template":"","meta":{"footnotes":""},"class_list":["post-8491","page","type-page","status-publish","hentry"],"aioseo_notices":[],"_links":{"self":[{"href":"https:\/\/www.acvit.com.tr\/magaza\/wp-json\/wp\/v2\/pages\/8491","targetHints":{"allow":["GET"]}}],"collection":[{"href":"https:\/\/www.acvit.com.tr\/magaza\/wp-json\/wp\/v2\/pages"}],"about":[{"href":"https:\/\/www.acvit.com.tr\/magaza\/wp-json\/wp\/v2\/types\/page"}],"author":[{"embeddable":true,"href":"https:\/\/www.acvit.com.tr\/magaza\/wp-json\/wp\/v2\/users\/1"}],"replies":[{"embeddable":true,"href":"https:\/\/www.acvit.com.tr\/magaza\/wp-json\/wp\/v2\/comments?post=8491"}],"version-history":[{"count":4,"href":"https:\/\/www.acvit.com.tr\/magaza\/wp-json\/wp\/v2\/pages\/8491\/revisions"}],"predecessor-version":[{"id":8495,"href":"https:\/\/www.acvit.com.tr\/magaza\/wp-json\/wp\/v2\/pages\/8491\/revisions\/8495"}],"wp:attachment":[{"href":"https:\/\/www.acvit.com.tr\/magaza\/wp-json\/wp\/v2\/media?parent=8491"}],"curies":[{"name":"wp","href":"https:\/\/api.w.org\/{rel}","templated":true}]}}