{"id":8469,"date":"2024-08-28T16:14:59","date_gmt":"2024-08-28T13:14:59","guid":{"rendered":"https:\/\/www.acvit.com.tr\/magaza\/?page_id=8469"},"modified":"2024-08-28T16:16:55","modified_gmt":"2024-08-28T13:16:55","slug":"iptal-iade-politikasi","status":"publish","type":"page","link":"https:\/\/www.acvit.com.tr\/magaza\/iptal-iade-politikasi\/","title":{"rendered":"\u0130ptal &amp; \u0130ade Politikas\u0131"},"content":{"rendered":"\t\t<div data-elementor-type=\"wp-page\" data-elementor-id=\"8469\" class=\"elementor elementor-8469\">\n\t\t\t\t<div class=\"elementor-element elementor-element-cf7e15c e-grid e-con-boxed e-con e-parent\" data-id=\"cf7e15c\" data-element_type=\"container\">\n\t\t\t\t\t<div class=\"e-con-inner\">\n\t\t\t\t<div class=\"elementor-element elementor-element-be480e2 elementor-widget elementor-widget-text-editor\" data-id=\"be480e2\" data-element_type=\"widget\" data-widget_type=\"text-editor.default\">\n\t\t\t\t<div class=\"elementor-widget-container\">\n\t\t\t\t\t\t\t\t\t<p>\u0130\u015fbu Politika, \u015eifal\u0131 Bitkisel \u00dcr\u00fcnler ve Kozmetik San.Tic. Ltd. \u015eti\u00a0ye (acvit) ait <strong>https:\/\/www.acvit.com.tr<\/strong> (\u201cSite\u201d) \u00fczerinden sipari\u015f edilen\u00a0<span style=\"text-align: var(--text-align); background-color: var(--ts-main-bg); color: var(--ts-text-color); font-family: var(--ts-pr-font-family); font-size: var(--ts-body-font-size); font-style: var(--ts-pr-font-style); font-weight: var(--ts-pr-font-weight); letter-spacing: var(--ts-pr-letter-spacing);\">\u00fcr\u00fcnlerin iptali ve iadesine ili\u015fkin olarak Site ziyaret\u00e7ilerini ve sipari\u015f veren m\u00fc\u015fterileri (\u201cAl\u0131c\u0131\u201d) bilgilendirmek \u00fczere haz\u0131rlanm\u0131\u015ft\u0131r.<\/span><\/p><p><span style=\"text-align: var(--text-align); background-color: var(--ts-main-bg); color: var(--ts-text-color); font-family: var(--ts-pr-font-family); font-size: var(--ts-body-font-size); font-style: var(--ts-pr-font-style); font-weight: var(--ts-pr-font-weight); letter-spacing: var(--ts-pr-letter-spacing);\">Al\u0131c\u0131 taraf\u0131ndan sipari\u015f edilen \u00fcr\u00fcnlerin iptal ve iadesine ili\u015fkin olarak; Acvit ile Al\u0131c\u0131 aras\u0131nda imzalanan Mesafeli Sat\u0131\u015f S\u00f6zle\u015fmesi\u2019nde (\u201cS\u00f6zle\u015fme\u201d) yer alan ilgili h\u00fck\u00fcmler ge\u00e7erlili\u011fini korumaktad\u0131r.\u00a0<\/span><\/p><p>Ald\u0131\u011f\u0131n\u0131z her \u00fcr\u00fcn, firmam\u0131z\u0131n garantisi alt\u0131ndad\u0131r.<\/p><p>Elinize ula\u015fan sipari\u015fi \u00fczerinde bulunan Acvit kutusunu hi\u00e7bir \u015fekilde a\u00e7madan 14 g\u00fcn i\u00e7erisinde m\u00fc\u015fteri hizmetleri onay\u0131 ile iade edebilirsiniz. Sipari\u015finiz iade depomuza ula\u015ft\u0131ktan sonra incelenir ve sonras\u0131nda a\u00e7\u0131lmam\u0131\u015f onay\u0131 verildikten sonra para iadeniz bankan\u0131za ger\u00e7ekle\u015fir.<\/p><p>Sevkiyat s\u0131ras\u0131nda zarar g\u00f6rd\u00fc\u011f\u00fcn\u00fc d\u00fc\u015f\u00fcnd\u00fc\u011f\u00fcn\u00fcz paketleri teslim almadan \u00f6nce kargo firma yetkilisi \u00f6n\u00fcnde a\u00e7\u0131p kontrol ediniz. E\u011fer \u00fcr\u00fcnde herhangi bir zarar varsa kargo firmas\u0131na tutanak tutturularak \u00fcr\u00fcn\u00fc teslim almay\u0131n\u0131z. Tutanak tutturmaman\u0131z durumunda, \u00fcr\u00fcn teslim al\u0131nd\u0131ktan sonra kargo firmas\u0131n\u0131n g\u00f6revini tam olarak yerine getirdi\u011fini kabul etmi\u015f oldu\u011funuzu unutmay\u0131n\u0131z.<\/p><p>\u00dcr\u00fcnde herhangi bir bozulma, k\u0131r\u0131lma, tahrip, y\u0131rt\u0131lma, kullan\u0131lma ve bunun gibi durumlar\u0131n\u0131n tespit edildi\u011fi ve \u00fcr\u00fcn\u00fcn m\u00fc\u015fteriye teslim edildi\u011fi andaki hali ile iade edilmedi\u011fi durumlarda \u00fcr\u00fcn iade al\u0131nmaz ve bedeli iade edilmez.<\/p><p>\u00dcr\u00fcn\u00fc iade etmeniz halinde, iade i\u015fleminiz \u00fcr\u00fcn firmaya ula\u015ft\u0131\u011f\u0131 andan itibaren yedi (7) i\u015f g\u00fcn\u00fc i\u00e7erisinde sonu\u00e7lanacakt\u0131r.<\/p><p>\u0130ade i\u015fleminin onaylanmas\u0131ndan sonra kredi kart\u0131 iadeleri be\u015f (5) i\u015f g\u00fcn\u00fc i\u00e7inde yap\u0131lacakt\u0131r. Bankan\u0131z kredi kart\u0131 iadelerini ayn\u0131 ekstre d\u00f6neminde hesab\u0131n\u0131za yans\u0131tmayabilir. Bu durumda bankan\u0131z\u0131n kredi kart\u0131 servisini araman\u0131z gereklidir.<\/p><p>\u00dcr\u00fcn size ula\u015ft\u0131ktan sonra ortaya \u00e7\u0131kabilecek \u00fcr\u00fcn \u015fik\u00e2yetleri i\u00e7in, 0 212 540 55 44 numaral\u0131 telefondan m\u00fc\u015fteri hizmetleri yetkilisine ula\u015fabilirsiniz. Sorunun kullan\u0131c\u0131 kaynakl\u0131 olmad\u0131\u011f\u0131n\u0131n tespit edilmesi durumunda telafisi yap\u0131lacakt\u0131r.<\/p>\t\t\t\t\t\t\t\t<\/div>\n\t\t\t\t<\/div>\n\t\t\t\t\t<\/div>\n\t\t\t\t<\/div>\n\t\t\t\t<\/div>\n\t\t","protected":false},"excerpt":{"rendered":"<p>\u0130\u015fbu Politika, \u015eifal\u0131 Bitkisel \u00dcr\u00fcnler ve Kozmetik San.Tic. Ltd. \u015eti\u00a0ye (acvit) ait https:\/\/www.acvit.com.tr (\u201cSite\u201d) \u00fczerinden sipari\u015f edilen\u00a0\u00fcr\u00fcnlerin iptali ve iadesine ili\u015fkin olarak Site ziyaret\u00e7ilerini ve sipari\u015f veren m\u00fc\u015fterileri (\u201cAl\u0131c\u0131\u201d) bilgilendirmek \u00fczere haz\u0131rlanm\u0131\u015ft\u0131r. Al\u0131c\u0131 taraf\u0131ndan sipari\u015f edilen \u00fcr\u00fcnlerin iptal ve iadesine ili\u015fkin olarak; Acvit ile Al\u0131c\u0131 aras\u0131nda imzalanan Mesafeli Sat\u0131\u015f S\u00f6zle\u015fmesi\u2019nde (\u201cS\u00f6zle\u015fme\u201d) yer alan ilgili h\u00fck\u00fcmler [&hellip;]<\/p>\n","protected":false},"author":1,"featured_media":0,"parent":0,"menu_order":0,"comment_status":"closed","ping_status":"closed","template":"","meta":{"footnotes":""},"class_list":["post-8469","page","type-page","status-publish","hentry"],"aioseo_notices":[],"_links":{"self":[{"href":"https:\/\/www.acvit.com.tr\/magaza\/wp-json\/wp\/v2\/pages\/8469","targetHints":{"allow":["GET"]}}],"collection":[{"href":"https:\/\/www.acvit.com.tr\/magaza\/wp-json\/wp\/v2\/pages"}],"about":[{"href":"https:\/\/www.acvit.com.tr\/magaza\/wp-json\/wp\/v2\/types\/page"}],"author":[{"embeddable":true,"href":"https:\/\/www.acvit.com.tr\/magaza\/wp-json\/wp\/v2\/users\/1"}],"replies":[{"embeddable":true,"href":"https:\/\/www.acvit.com.tr\/magaza\/wp-json\/wp\/v2\/comments?post=8469"}],"version-history":[{"count":7,"href":"https:\/\/www.acvit.com.tr\/magaza\/wp-json\/wp\/v2\/pages\/8469\/revisions"}],"predecessor-version":[{"id":8476,"href":"https:\/\/www.acvit.com.tr\/magaza\/wp-json\/wp\/v2\/pages\/8469\/revisions\/8476"}],"wp:attachment":[{"href":"https:\/\/www.acvit.com.tr\/magaza\/wp-json\/wp\/v2\/media?parent=8469"}],"curies":[{"name":"wp","href":"https:\/\/api.w.org\/{rel}","templated":true}]}}