{"id":8335,"date":"2024-08-28T09:48:24","date_gmt":"2024-08-28T06:48:24","guid":{"rendered":"https:\/\/www.acvit.com.tr\/magaza\/?page_id=8335"},"modified":"2024-08-28T09:50:38","modified_gmt":"2024-08-28T06:50:38","slug":"ar-ge","status":"publish","type":"page","link":"https:\/\/www.acvit.com.tr\/magaza\/ar-ge\/","title":{"rendered":"AR-GE"},"content":{"rendered":"\t\t<div data-elementor-type=\"wp-page\" data-elementor-id=\"8335\" class=\"elementor elementor-8335\">\n\t\t\t\t<div class=\"elementor-element elementor-element-37db93c e-flex e-con-boxed e-con e-parent\" data-id=\"37db93c\" data-element_type=\"container\">\n\t\t\t\t\t<div class=\"e-con-inner\">\n\t\t<div class=\"elementor-element elementor-element-f96ab0d e-con-full e-flex e-con e-child\" data-id=\"f96ab0d\" data-element_type=\"container\">\n\t\t\t\t<div class=\"elementor-element elementor-element-e9a2da4 elementor-widget-mobile__width-auto elementor-widget elementor-widget-text-editor\" data-id=\"e9a2da4\" data-element_type=\"widget\" data-widget_type=\"text-editor.default\">\n\t\t\t\t<div class=\"elementor-widget-container\">\n\t\t\t\t\t\t\t\t\t<p>Do\u011fal kozmetikte lider marka olan Acvit Kozmetik en \u00f6nem verdi\u011fi konular\u0131n ba\u015f\u0131nda ARGE gelmektedir.<br><span style=\"text-align: var(--text-align); background-color: var(--ts-main-bg); color: var(--ts-text-color); font-family: var(--ts-pr-font-family); font-size: var(--ts-body-font-size); font-style: var(--ts-pr-font-style); font-weight: var(--ts-pr-font-weight); letter-spacing: var(--ts-pr-letter-spacing);\"><br>Halk\u0131m\u0131z ne istiyor?<br><\/span><span style=\"text-align: var(--text-align); background-color: var(--ts-main-bg); color: var(--ts-text-color); font-family: var(--ts-pr-font-family); font-size: var(--ts-body-font-size); font-style: var(--ts-pr-font-style); font-weight: var(--ts-pr-font-weight); letter-spacing: var(--ts-pr-letter-spacing);\">Biz ne ve nas\u0131l \u00fcretmeliyiz?<br><\/span><span style=\"text-align: var(--text-align); color: var(--ts-text-color); font-family: var(--ts-pr-font-family); font-size: var(--ts-body-font-size); font-style: var(--ts-pr-font-style); font-weight: var(--ts-pr-font-weight); letter-spacing: var(--ts-pr-letter-spacing); background-color: var(--ts-main-bg);\">\u0130htiya\u00e7 olan \u00fcr\u00fcnler nelerdir?<br><\/span><span style=\"text-align: var(--text-align); background-color: var(--ts-main-bg); color: var(--ts-text-color); font-family: var(--ts-pr-font-family); font-size: var(--ts-body-font-size); font-style: var(--ts-pr-font-style); font-weight: var(--ts-pr-font-weight); letter-spacing: var(--ts-pr-letter-spacing);\">Halk\u0131m\u0131z\u0131n en b\u00fcy\u00fck sorunlar\u0131 nelerdir?<\/span><\/p>\n<p>Bu sorular\u0131n cevab\u0131n\u0131 her 6 ayda bir yapt\u0131rd\u0131\u011f\u0131m\u0131z ara\u015ft\u0131rmalarla arayarak bulmaktad\u0131r. Geli\u015fen, de\u011fi\u015fen ve yenilenen \u00e7a\u011f\u0131m\u0131zda kendinizi yenilemeniz \u015fart ve ka\u00e7\u0131n\u0131lmaz hale gelmi\u015ftir.<br><span style=\"text-align: var(--text-align); background-color: var(--ts-main-bg); color: var(--ts-text-color); font-family: var(--ts-pr-font-family); font-size: var(--ts-body-font-size); font-style: var(--ts-pr-font-style); font-weight: var(--ts-pr-font-weight); letter-spacing: var(--ts-pr-letter-spacing);\"><br>\u201cYenilik\u00e7i bir politika izlenmez iseniz yok olmaya mahk\u00fbm olursunuz\u201d mantalitesi her daim \u015fiar\u0131m\u0131z olmu\u015ftur.<br><\/span><span style=\"text-align: var(--text-align); background-color: var(--ts-main-bg); color: var(--ts-text-color); font-family: var(--ts-pr-font-family); font-size: var(--ts-body-font-size); font-style: var(--ts-pr-font-style); font-weight: var(--ts-pr-font-weight); letter-spacing: var(--ts-pr-letter-spacing);\"><br>M\u00fc\u015fterilerimizin duygular\u0131na dokunarak, \u00fcr\u00fcn \u00fcretimi, sundu\u011fumuz hizmet ve \u00fcr\u00fcnlerde ger\u00e7eklerle hareket eden bir prensibe sahibiz. Sadece insanlarla ileti\u015fimin iyi olmas\u0131 yetmiyor. Sundu\u011funuz hizmet ve \u00fcr\u00fcnlerinde sonu\u00e7 odakl\u0131, kaliteli olmas\u0131 gerekiyor. Bunu sa\u011flayabiliyorsan\u0131z ba\u015far\u0131l\u0131s\u0131n\u0131zd\u0131r.<br><\/span><span style=\"text-align: var(--text-align); background-color: var(--ts-main-bg); color: var(--ts-text-color); font-family: var(--ts-pr-font-family); font-size: var(--ts-body-font-size); font-style: var(--ts-pr-font-style); font-weight: var(--ts-pr-font-weight); letter-spacing: var(--ts-pr-letter-spacing);\"><br>Amac\u0131m\u0131z para kazanmak de\u011fildir. Amac\u0131m\u0131z sorun \u00e7\u00f6zmeye yard\u0131mc\u0131 olmakt\u0131r. Zaten otomatikman sorunu \u00e7\u00f6zen paray\u0131 da kazan\u0131r. O\u2019nun i\u00e7in sorun \u00e7\u00f6zme odakl\u0131 \u00e7al\u0131\u015f\u0131yoruz.<br><\/span><span style=\"text-align: var(--text-align); background-color: var(--ts-main-bg); color: var(--ts-text-color); font-family: var(--ts-pr-font-family); font-size: var(--ts-body-font-size); font-style: var(--ts-pr-font-style); font-weight: var(--ts-pr-font-weight); letter-spacing: var(--ts-pr-letter-spacing);\"><br>\u00dcr\u00fcn\u00fc \u00fcretmeden ve t\u00fcketiciye sunmadan \u00f6nce 100 tan\u0131mad\u0131\u011f\u0131m\u0131z m\u00fchendis mant\u0131\u011f\u0131nda ki\u015fiye g\u00f6nderiyoruz. Bunlardan %97\u2019si,\u201devet \u00fcr\u00fcn iyi\u201d dedi\u011finde \u00fcr\u00fcn\u00fc piyasaya s\u00fcr\u00fcyoruz. Aksi takdirde form\u00fclasyon \u00e7al\u0131\u015fmalar\u0131n\u0131 yeniliyoruz. Ta ki kaliteyi buluncaya kadar.<\/span><\/p>\t\t\t\t\t\t\t\t<\/div>\n\t\t\t\t<\/div>\n\t\t\t\t<\/div>\n\t\t<div class=\"elementor-element elementor-element-51518c8 e-con-full e-flex e-con e-child\" data-id=\"51518c8\" data-element_type=\"container\">\n\t\t\t\t<\/div>\n\t\t\t\t\t<\/div>\n\t\t\t\t<\/div>\n\t\t\t\t<\/div>\n\t\t","protected":false},"excerpt":{"rendered":"<p>Do\u011fal kozmetikte lider marka olan Acvit Kozmetik en \u00f6nem verdi\u011fi konular\u0131n ba\u015f\u0131nda ARGE gelmektedir. Halk\u0131m\u0131z ne istiyor?Biz ne ve nas\u0131l \u00fcretmeliyiz?\u0130htiya\u00e7 olan \u00fcr\u00fcnler nelerdir?Halk\u0131m\u0131z\u0131n en b\u00fcy\u00fck sorunlar\u0131 nelerdir? Bu sorular\u0131n cevab\u0131n\u0131 her 6 ayda bir yapt\u0131rd\u0131\u011f\u0131m\u0131z ara\u015ft\u0131rmalarla arayarak bulmaktad\u0131r. Geli\u015fen, de\u011fi\u015fen ve yenilenen \u00e7a\u011f\u0131m\u0131zda kendinizi yenilemeniz \u015fart ve ka\u00e7\u0131n\u0131lmaz hale gelmi\u015ftir. \u201cYenilik\u00e7i bir politika izlenmez [&hellip;]<\/p>\n","protected":false},"author":1,"featured_media":0,"parent":0,"menu_order":0,"comment_status":"closed","ping_status":"closed","template":"","meta":{"footnotes":""},"class_list":["post-8335","page","type-page","status-publish","hentry"],"aioseo_notices":[],"_links":{"self":[{"href":"https:\/\/www.acvit.com.tr\/magaza\/wp-json\/wp\/v2\/pages\/8335","targetHints":{"allow":["GET"]}}],"collection":[{"href":"https:\/\/www.acvit.com.tr\/magaza\/wp-json\/wp\/v2\/pages"}],"about":[{"href":"https:\/\/www.acvit.com.tr\/magaza\/wp-json\/wp\/v2\/types\/page"}],"author":[{"embeddable":true,"href":"https:\/\/www.acvit.com.tr\/magaza\/wp-json\/wp\/v2\/users\/1"}],"replies":[{"embeddable":true,"href":"https:\/\/www.acvit.com.tr\/magaza\/wp-json\/wp\/v2\/comments?post=8335"}],"version-history":[{"count":5,"href":"https:\/\/www.acvit.com.tr\/magaza\/wp-json\/wp\/v2\/pages\/8335\/revisions"}],"predecessor-version":[{"id":8371,"href":"https:\/\/www.acvit.com.tr\/magaza\/wp-json\/wp\/v2\/pages\/8335\/revisions\/8371"}],"wp:attachment":[{"href":"https:\/\/www.acvit.com.tr\/magaza\/wp-json\/wp\/v2\/media?parent=8335"}],"curies":[{"name":"wp","href":"https:\/\/api.w.org\/{rel}","templated":true}]}}