{"id":7365,"date":"2024-01-15T11:11:20","date_gmt":"2024-01-15T04:11:20","guid":{"rendered":"https:\/\/www.acvit.com.tr\/magaza\/?page_id=7365"},"modified":"2024-09-07T13:55:25","modified_gmt":"2024-09-07T10:55:25","slug":"flash-sale","status":"publish","type":"page","link":"https:\/\/www.acvit.com.tr\/magaza\/flash-sale\/","title":{"rendered":"Fla\u015f \u00dcr\u00fcnler"},"content":{"rendered":"\t\t<div data-elementor-type=\"wp-page\" data-elementor-id=\"7365\" class=\"elementor elementor-7365\">\n\t\t\t\t<div class=\"elementor-element elementor-element-12324e4 e-flex e-con-boxed e-con e-parent\" data-id=\"12324e4\" data-element_type=\"container\">\n\t\t\t\t\t<div class=\"e-con-inner\">\n\t\t\t\t\t<\/div>\n\t\t\t\t<\/div>\n\t\t\t\t<\/div>\n\t\t","protected":false},"excerpt":{"rendered":"<p>G\u00fcn\u00fcn F\u0131rsatlar\u0131 00 days 10 hours 08 mins 05 secs -17% Quick View Categories: V\u00fccut Bak\u0131m\u0131 Ka\u015f Sabitleyici ve \u015eekillendirici Jel &#8211; 50 ML 5 \u00fczerinden 0 oy ald\u01310 Reviews &#8378;169,00 Orijinal fiyat: &#8378;169,00.&#8378;140,00\u015eu andaki fiyat: &#8378;140,00. Sepete Ekle Ka\u015flar\u0131n\u0131z\u0131 sabitlemeye, istedi\u011finiz bi\u00e7imde \u015fekil vermeye, daha belirgin ve do\u011fal \u015fekle sahip olmas\u0131na yard\u0131mc\u0131 olur.<\/p>\n","protected":false},"author":1,"featured_media":0,"parent":0,"menu_order":0,"comment_status":"closed","ping_status":"closed","template":"","meta":{"footnotes":""},"class_list":["post-7365","page","type-page","status-publish","hentry"],"aioseo_notices":[],"_links":{"self":[{"href":"https:\/\/www.acvit.com.tr\/magaza\/wp-json\/wp\/v2\/pages\/7365","targetHints":{"allow":["GET"]}}],"collection":[{"href":"https:\/\/www.acvit.com.tr\/magaza\/wp-json\/wp\/v2\/pages"}],"about":[{"href":"https:\/\/www.acvit.com.tr\/magaza\/wp-json\/wp\/v2\/types\/page"}],"author":[{"embeddable":true,"href":"https:\/\/www.acvit.com.tr\/magaza\/wp-json\/wp\/v2\/users\/1"}],"replies":[{"embeddable":true,"href":"https:\/\/www.acvit.com.tr\/magaza\/wp-json\/wp\/v2\/comments?post=7365"}],"version-history":[{"count":7,"href":"https:\/\/www.acvit.com.tr\/magaza\/wp-json\/wp\/v2\/pages\/7365\/revisions"}],"predecessor-version":[{"id":8652,"href":"https:\/\/www.acvit.com.tr\/magaza\/wp-json\/wp\/v2\/pages\/7365\/revisions\/8652"}],"wp:attachment":[{"href":"https:\/\/www.acvit.com.tr\/magaza\/wp-json\/wp\/v2\/media?parent=7365"}],"curies":[{"name":"wp","href":"https:\/\/api.w.org\/{rel}","templated":true}]}}