{"id":7194,"date":"2023-12-21T08:45:32","date_gmt":"2023-12-21T01:45:32","guid":{"rendered":"https:\/\/www.acvit.com.tr\/magaza\/?page_id=7194"},"modified":"2024-08-24T12:34:40","modified_gmt":"2024-08-24T09:34:40","slug":"iletisim","status":"publish","type":"page","link":"https:\/\/www.acvit.com.tr\/magaza\/iletisim\/","title":{"rendered":"\u0130leti\u015fim"},"content":{"rendered":"\t\t<div data-elementor-type=\"wp-page\" data-elementor-id=\"7194\" class=\"elementor elementor-7194\">\n\t\t\t\t<div class=\"elementor-element elementor-element-878d1d1 e-flex e-con-boxed e-con e-parent\" data-id=\"878d1d1\" data-element_type=\"container\">\n\t\t\t\t\t<div class=\"e-con-inner\">\n\t\t<div class=\"elementor-element elementor-element-03ea1e4 e-con-full e-flex e-con e-child\" data-id=\"03ea1e4\" data-element_type=\"container\">\n\t\t\t\t<div class=\"elementor-element elementor-element-344983c elementor-widget__width-inherit elementor-widget elementor-widget-text-editor\" data-id=\"344983c\" data-element_type=\"widget\" data-widget_type=\"text-editor.default\">\n\t\t\t\t<div class=\"elementor-widget-container\">\n\t\t\t\t\t\t\t\t\t<div style=\"font-family: Poppins; font-weight: bold; font-size: 20px; letter-spacing: normal;\">\u00a0<\/div><div style=\"font-family: Poppins; font-weight: bold; font-size: 20px; letter-spacing: normal;\">\u00a0<\/div><div style=\"font-family: Poppins; font-weight: bold; font-size: 20px; letter-spacing: normal;\">\u00a0<\/div><div style=\"font-family: Poppins; font-weight: bold; font-size: 20px; letter-spacing: normal;\"><span style=\"text-align: var(--text-align); background-color: var(--ts-main-bg); color: var(--ts-text-color); font-style: var(--ts-pr-font-style);\">\u0130leti\u015fim Adresi<\/span><\/div><div style=\"line-height: 1.3; font-family: Poppins; letter-spacing: normal;\"><p><span style=\"color: #696973;\"><span style=\"font-size: 14px;\">P\u0131nartepe Mah. Yavuz Sultan Selim Bulvar\u0131 No: 6 Beyaz Plaza D:11<\/span><\/span><br \/><span style=\"color: #696973;\"><span style=\"font-size: 14px;\">Beykent &#8211; B\u00fcy\u00fck\u00e7ekmece\/ \u0130stanbul<br \/><\/span><\/span><span style=\"font-style: var(--ts-pr-font-style); text-align: var(--text-align);\"><span style=\"color: #696973;\"><span style=\"font-size: 14px;\"><br \/><\/span><\/span><b style=\"color: var(--ts-text-color); font-size: 20px;\">Bize Ula\u015f\u0131n<\/b><span style=\"font-size: 20px;\"><b><br \/><\/b><\/span><\/span><span style=\"font-size: 14px; color: #696973; text-align: var(--text-align); background-color: var(--ts-main-bg); font-style: var(--ts-pr-font-style); font-weight: var(--ts-pr-font-weight);\">Tel : 0212 540 55 44<br \/><\/span><span style=\"text-align: var(--text-align); background-color: var(--ts-main-bg); font-style: var(--ts-pr-font-style);\"><span style=\"color: #696973;\"><span style=\"font-size: 14px; font-weight: var(--ts-pr-font-weight);\">WhatsApp : 0554 533 19 31<\/span><span style=\"font-size: 14px;\"><br \/><\/span><\/span><\/span><span style=\"text-align: var(--text-align); background-color: var(--ts-main-bg); font-style: var(--ts-pr-font-style);\"><span style=\"color: #696973;\"><span style=\"font-size: 14px;\"><br \/><\/span><\/span><span style=\"color: #333333;\"><b style=\"font-size: 20px;\">\u00c7al\u0131\u015fma Saatleri<\/b><span style=\"font-size: 20px;\"><b><br \/><\/b><\/span><\/span><\/span><span style=\"color: #696973; font-size: 14px; text-align: var(--text-align); background-color: var(--ts-main-bg); font-style: var(--ts-pr-font-style); font-weight: var(--ts-pr-font-weight);\">Pazartesi-Cumartesi: 09:30 &#8211; 18:30<\/span><\/p><div style=\"border-color: var(--ts-border);\"><p><span style=\"color: #696973;\"><span style=\"font-size: 14px;\">\u00a0<\/span><\/span><\/p><\/div><div style=\"color: #696973; font-size: 14px; border-color: var(--ts-border); line-height: 1.3;\">\u00a0<\/div><\/div>\t\t\t\t\t\t\t\t<\/div>\n\t\t\t\t<\/div>\n\t\t\t\t<div class=\"elementor-element elementor-element-d25f635 elementor-widget elementor-widget-text-editor\" data-id=\"d25f635\" data-element_type=\"widget\" data-widget_type=\"text-editor.default\">\n\t\t\t\t<div class=\"elementor-widget-container\">\n\t\t\t\t\t\t\t\t\t<p><a href=\"mailto:info@acvit.com.tr\"><span style=\"color: #000000;\"><u>info@acvit.com.tr<\/u><\/span><\/a><\/p>\t\t\t\t\t\t\t\t<\/div>\n\t\t\t\t<\/div>\n\t\t\t\t<div class=\"elementor-element elementor-element-ee0a5de elementor-widget__width-inherit elementor-widget elementor-widget-text-editor\" data-id=\"ee0a5de\" data-element_type=\"widget\" data-widget_type=\"text-editor.default\">\n\t\t\t\t<div class=\"elementor-widget-container\">\n\t\t\t\t\t\t\t\t\t<p><span style=\"color: #000000;\"><a style=\"color: #000000;\" href=\"tel:0212 540 55 44\">+90 212 540 55 44<\/a><\/span><\/p>\t\t\t\t\t\t\t\t<\/div>\n\t\t\t\t<\/div>\n\t\t\t\t<div class=\"elementor-element elementor-element-01021db elementor-shape-rounded elementor-grid-0 elementor-widget elementor-widget-social-icons\" data-id=\"01021db\" data-element_type=\"widget\" data-widget_type=\"social-icons.default\">\n\t\t\t\t<div class=\"elementor-widget-container\">\n\t\t\t\t\t\t\t<div class=\"elementor-social-icons-wrapper elementor-grid\" role=\"list\">\n\t\t\t\t\t\t\t<span class=\"elementor-grid-item\" role=\"listitem\">\n\t\t\t\t\t<a class=\"elementor-icon elementor-social-icon elementor-social-icon-facebook-square elementor-repeater-item-956e9dd\" href=\"https:\/\/www.facebook.com\/acvitkozmetik\/\" target=\"_blank\">\n\t\t\t\t\t\t<span class=\"elementor-screen-only\">Facebook-square<\/span>\n\t\t\t\t\t\t<svg aria-hidden=\"true\" class=\"e-font-icon-svg e-fab-facebook-square\" viewBox=\"0 0 448 512\" xmlns=\"http:\/\/www.w3.org\/2000\/svg\"><path d=\"M400 32H48A48 48 0 0 0 0 80v352a48 48 0 0 0 48 48h137.25V327.69h-63V256h63v-54.64c0-62.15 37-96.48 93.67-96.48 27.14 0 55.52 4.84 55.52 4.84v61h-31.27c-30.81 0-40.42 19.12-40.42 38.73V256h68.78l-11 71.69h-57.78V480H400a48 48 0 0 0 48-48V80a48 48 0 0 0-48-48z\"><\/path><\/svg>\t\t\t\t\t<\/a>\n\t\t\t\t<\/span>\n\t\t\t\t\t\t\t<span class=\"elementor-grid-item\" role=\"listitem\">\n\t\t\t\t\t<a class=\"elementor-icon elementor-social-icon elementor-social-icon-x-twitter elementor-repeater-item-c12160a\" href=\"https:\/\/x.com\/AcvitKozmetikTr\" target=\"_blank\">\n\t\t\t\t\t\t<span class=\"elementor-screen-only\">X-twitter<\/span>\n\t\t\t\t\t\t<svg aria-hidden=\"true\" class=\"e-font-icon-svg e-fab-x-twitter\" viewBox=\"0 0 512 512\" xmlns=\"http:\/\/www.w3.org\/2000\/svg\"><path d=\"M389.2 48h70.6L305.6 224.2 487 464H345L233.7 318.6 106.5 464H35.8L200.7 275.5 26.8 48H172.4L272.9 180.9 389.2 48zM364.4 421.8h39.1L151.1 88h-42L364.4 421.8z\"><\/path><\/svg>\t\t\t\t\t<\/a>\n\t\t\t\t<\/span>\n\t\t\t\t\t\t\t<span class=\"elementor-grid-item\" role=\"listitem\">\n\t\t\t\t\t<a class=\"elementor-icon elementor-social-icon elementor-social-icon-youtube elementor-repeater-item-717ad44\" href=\"https:\/\/www.youtube.com\/@AcvitKozmetik\" target=\"_blank\">\n\t\t\t\t\t\t<span class=\"elementor-screen-only\">Youtube<\/span>\n\t\t\t\t\t\t<svg aria-hidden=\"true\" class=\"e-font-icon-svg e-fab-youtube\" viewBox=\"0 0 576 512\" xmlns=\"http:\/\/www.w3.org\/2000\/svg\"><path d=\"M549.655 124.083c-6.281-23.65-24.787-42.276-48.284-48.597C458.781 64 288 64 288 64S117.22 64 74.629 75.486c-23.497 6.322-42.003 24.947-48.284 48.597-11.412 42.867-11.412 132.305-11.412 132.305s0 89.438 11.412 132.305c6.281 23.65 24.787 41.5 48.284 47.821C117.22 448 288 448 288 448s170.78 0 213.371-11.486c23.497-6.321 42.003-24.171 48.284-47.821 11.412-42.867 11.412-132.305 11.412-132.305s0-89.438-11.412-132.305zm-317.51 213.508V175.185l142.739 81.205-142.739 81.201z\"><\/path><\/svg>\t\t\t\t\t<\/a>\n\t\t\t\t<\/span>\n\t\t\t\t\t\t\t<span class=\"elementor-grid-item\" role=\"listitem\">\n\t\t\t\t\t<a class=\"elementor-icon elementor-social-icon elementor-social-icon-instagram elementor-repeater-item-bbcd7fd\" href=\"https:\/\/www.instagram.com\/acvitkozmetic\/\" target=\"_blank\">\n\t\t\t\t\t\t<span class=\"elementor-screen-only\">Instagram<\/span>\n\t\t\t\t\t\t<svg aria-hidden=\"true\" class=\"e-font-icon-svg e-fab-instagram\" viewBox=\"0 0 448 512\" xmlns=\"http:\/\/www.w3.org\/2000\/svg\"><path d=\"M224.1 141c-63.6 0-114.9 51.3-114.9 114.9s51.3 114.9 114.9 114.9S339 319.5 339 255.9 287.7 141 224.1 141zm0 189.6c-41.1 0-74.7-33.5-74.7-74.7s33.5-74.7 74.7-74.7 74.7 33.5 74.7 74.7-33.6 74.7-74.7 74.7zm146.4-194.3c0 14.9-12 26.8-26.8 26.8-14.9 0-26.8-12-26.8-26.8s12-26.8 26.8-26.8 26.8 12 26.8 26.8zm76.1 27.2c-1.7-35.9-9.9-67.7-36.2-93.9-26.2-26.2-58-34.4-93.9-36.2-37-2.1-147.9-2.1-184.9 0-35.8 1.7-67.6 9.9-93.9 36.1s-34.4 58-36.2 93.9c-2.1 37-2.1 147.9 0 184.9 1.7 35.9 9.9 67.7 36.2 93.9s58 34.4 93.9 36.2c37 2.1 147.9 2.1 184.9 0 35.9-1.7 67.7-9.9 93.9-36.2 26.2-26.2 34.4-58 36.2-93.9 2.1-37 2.1-147.8 0-184.8zM398.8 388c-7.8 19.6-22.9 34.7-42.6 42.6-29.5 11.7-99.5 9-132.1 9s-102.7 2.6-132.1-9c-19.6-7.8-34.7-22.9-42.6-42.6-11.7-29.5-9-99.5-9-132.1s-2.6-102.7 9-132.1c7.8-19.6 22.9-34.7 42.6-42.6 29.5-11.7 99.5-9 132.1-9s102.7-2.6 132.1 9c19.6 7.8 34.7 22.9 42.6 42.6 11.7 29.5 9 99.5 9 132.1s2.7 102.7-9 132.1z\"><\/path><\/svg>\t\t\t\t\t<\/a>\n\t\t\t\t<\/span>\n\t\t\t\t\t\t\t<span class=\"elementor-grid-item\" role=\"listitem\">\n\t\t\t\t\t<a class=\"elementor-icon elementor-social-icon elementor-social-icon-whatsapp elementor-repeater-item-54e2c11\" href=\"https:\/\/api.whatsapp.com\/send?phone=905545331931&#038;text=\" target=\"_blank\">\n\t\t\t\t\t\t<span class=\"elementor-screen-only\">Whatsapp<\/span>\n\t\t\t\t\t\t<svg aria-hidden=\"true\" class=\"e-font-icon-svg e-fab-whatsapp\" viewBox=\"0 0 448 512\" xmlns=\"http:\/\/www.w3.org\/2000\/svg\"><path d=\"M380.9 97.1C339 55.1 283.2 32 223.9 32c-122.4 0-222 99.6-222 222 0 39.1 10.2 77.3 29.6 111L0 480l117.7-30.9c32.4 17.7 68.9 27 106.1 27h.1c122.3 0 224.1-99.6 224.1-222 0-59.3-25.2-115-67.1-157zm-157 341.6c-33.2 0-65.7-8.9-94-25.7l-6.7-4-69.8 18.3L72 359.2l-4.4-7c-18.5-29.4-28.2-63.3-28.2-98.2 0-101.7 82.8-184.5 184.6-184.5 49.3 0 95.6 19.2 130.4 54.1 34.8 34.9 56.2 81.2 56.1 130.5 0 101.8-84.9 184.6-186.6 184.6zm101.2-138.2c-5.5-2.8-32.8-16.2-37.9-18-5.1-1.9-8.8-2.8-12.5 2.8-3.7 5.6-14.3 18-17.6 21.8-3.2 3.7-6.5 4.2-12 1.4-32.6-16.3-54-29.1-75.5-66-5.7-9.8 5.7-9.1 16.3-30.3 1.8-3.7.9-6.9-.5-9.7-1.4-2.8-12.5-30.1-17.1-41.2-4.5-10.8-9.1-9.3-12.5-9.5-3.2-.2-6.9-.2-10.6-.2-3.7 0-9.7 1.4-14.8 6.9-5.1 5.6-19.4 19-19.4 46.3 0 27.3 19.9 53.7 22.6 57.4 2.8 3.7 39.1 59.7 94.8 83.8 35.2 15.2 49 16.5 66.6 13.9 10.7-1.6 32.8-13.4 37.4-26.4 4.6-13 4.6-24.1 3.2-26.4-1.3-2.5-5-3.9-10.5-6.6z\"><\/path><\/svg>\t\t\t\t\t<\/a>\n\t\t\t\t<\/span>\n\t\t\t\t\t<\/div>\n\t\t\t\t\t\t<\/div>\n\t\t\t\t<\/div>\n\t\t\t\t<\/div>\n\t\t<div class=\"elementor-element elementor-element-787499f e-con-full e-flex e-con e-child\" data-id=\"787499f\" data-element_type=\"container\">\n\t\t\t\t<div class=\"elementor-element elementor-element-6c57bbb elementor-widget elementor-widget-heading\" data-id=\"6c57bbb\" data-element_type=\"widget\" data-widget_type=\"heading.default\">\n\t\t\t\t<div class=\"elementor-widget-container\">\n\t\t\t\t\t<h3 class=\"elementor-heading-title elementor-size-default\">Bizimle \u0130leti\u015fime Ge\u00e7<\/h3>\t\t\t\t<\/div>\n\t\t\t\t<\/div>\n\t\t\t\t<div class=\"elementor-element elementor-element-635edc6 elementor-widget elementor-widget-shortcode\" data-id=\"635edc6\" data-element_type=\"widget\" data-widget_type=\"shortcode.default\">\n\t\t\t\t<div class=\"elementor-widget-container\">\n\t\t\t\t\t\t\t<div class=\"elementor-shortcode\">\n<div class=\"wpcf7 no-js\" id=\"wpcf7-f7581-o1\" lang=\"en-US\" dir=\"ltr\" data-wpcf7-id=\"7581\">\n<div class=\"screen-reader-response\"><p role=\"status\" aria-live=\"polite\" aria-atomic=\"true\"><\/p> <ul><\/ul><\/div>\n<form action=\"\/magaza\/wp-json\/wp\/v2\/pages\/7194#wpcf7-f7581-o1\" method=\"post\" class=\"wpcf7-form init\" aria-label=\"Contact form\" novalidate=\"novalidate\" data-status=\"init\">\n<fieldset class=\"hidden-fields-container\"><input type=\"hidden\" name=\"_wpcf7\" value=\"7581\" \/><input type=\"hidden\" name=\"_wpcf7_version\" value=\"6.1.1\" \/><input type=\"hidden\" name=\"_wpcf7_locale\" value=\"en_US\" \/><input type=\"hidden\" name=\"_wpcf7_unit_tag\" value=\"wpcf7-f7581-o1\" \/><input type=\"hidden\" name=\"_wpcf7_container_post\" value=\"0\" \/><input type=\"hidden\" name=\"_wpcf7_posted_data_hash\" value=\"\" \/>\n<\/fieldset>\n<div class=\"ts-2-columns\">\n\t<p><label><span class=\"wpcf7-form-control-wrap\" data-name=\"your-name\"><input size=\"40\" maxlength=\"400\" class=\"wpcf7-form-control wpcf7-text wpcf7-validates-as-required\" aria-required=\"true\" aria-invalid=\"false\" placeholder=\"Ad\u0131n\u0131z Soyad\u0131n\u0131z *\" value=\"\" type=\"text\" name=\"your-name\" \/><\/span><\/label>\n\t<\/p>\n\t<p><label><span class=\"wpcf7-form-control-wrap\" data-name=\"your-email\"><input size=\"40\" maxlength=\"400\" class=\"wpcf7-form-control wpcf7-email wpcf7-validates-as-required wpcf7-text wpcf7-validates-as-email\" aria-required=\"true\" aria-invalid=\"false\" placeholder=\"E-mail *\" value=\"\" type=\"email\" name=\"your-email\" \/><\/span><\/label>\n\t<\/p>\n<\/div>\n<p><span class=\"wpcf7-form-control-wrap\" data-name=\"menu-167\"><select class=\"wpcf7-form-control wpcf7-select wpcf7-validates-as-required\" aria-required=\"true\" aria-invalid=\"false\" name=\"menu-167\"><option value=\"\">&#8212;Please choose an option&#8212;<\/option><option value=\"Sipari\u015f Hakk\u0131nda\">Sipari\u015f Hakk\u0131nda<\/option><option value=\"\u00dcr\u00fcn Bilgisi Hakk\u0131nda\">\u00dcr\u00fcn Bilgisi Hakk\u0131nda<\/option><option value=\"Kargo ve Teslimat Hakk\u0131nda\">Kargo ve Teslimat Hakk\u0131nda<\/option><option value=\"\u0130ptal ve \u0130ade Hakk\u0131nda\">\u0130ptal ve \u0130ade Hakk\u0131nda<\/option><option value=\"Di\u011fer\">Di\u011fer<\/option><\/select><\/span>\n<\/p>\n<p><label><span class=\"wpcf7-form-control-wrap\" data-name=\"your-message\"><textarea cols=\"40\" rows=\"10\" maxlength=\"2000\" class=\"wpcf7-form-control wpcf7-textarea\" aria-invalid=\"false\" placeholder=\"Mesaj\u0131n\u0131z\" name=\"your-message\"><\/textarea><\/span><\/label>\n<\/p>\n<p class=\"wpcf7-form-submit\"><input class=\"wpcf7-form-control wpcf7-submit has-spinner\" type=\"submit\" value=\"G\u00f6nder\" \/>\n<\/p><div class=\"wpcf7-response-output\" aria-hidden=\"true\"><\/div>\n<\/form>\n<\/div>\n<\/div>\n\t\t\t\t\t\t<\/div>\n\t\t\t\t<\/div>\n\t\t\t\t<\/div>\n\t\t\t\t\t<\/div>\n\t\t\t\t<\/div>\n\t\t<div class=\"elementor-element elementor-element-2a28382 e-con-full e-flex e-con e-parent\" data-id=\"2a28382\" data-element_type=\"container\">\n\t\t\t\t<div class=\"elementor-element elementor-element-c469d3c elementor-widget elementor-widget-google_maps\" data-id=\"c469d3c\" data-element_type=\"widget\" data-widget_type=\"google_maps.default\">\n\t\t\t\t<div class=\"elementor-widget-container\">\n\t\t\t\t\t\t\t<div class=\"elementor-custom-embed\">\n\t\t\t<iframe loading=\"lazy\"\n\t\t\t\t\tsrc=\"https:\/\/maps.google.com\/maps?q=P%C4%B1nartepe%2C%20Beyaz%20Plaza%2C%20Yavuz%20Sultan%20Selim%20Blv.%20No%3A%206%2C%2034500%20B%C3%BCy%C3%BCk%C3%A7ekmece%2F%C4%B0stanbul&#038;t=m&#038;z=14&#038;output=embed&#038;iwloc=near\"\n\t\t\t\t\ttitle=\"P\u0131nartepe, Beyaz Plaza, Yavuz Sultan Selim Blv. No: 6, 34500 B\u00fcy\u00fck\u00e7ekmece\/\u0130stanbul\"\n\t\t\t\t\taria-label=\"P\u0131nartepe, Beyaz Plaza, Yavuz Sultan Selim Blv. No: 6, 34500 B\u00fcy\u00fck\u00e7ekmece\/\u0130stanbul\"\n\t\t\t><\/iframe>\n\t\t<\/div>\n\t\t\t\t\t\t<\/div>\n\t\t\t\t<\/div>\n\t\t\t\t<\/div>\n\t\t\t\t<\/div>\n\t\t","protected":false},"excerpt":{"rendered":"<p>\u00a0\u00a0\u00a0\u0130leti\u015fim Adresi P\u0131nartepe Mah. Yavuz Sultan Selim Bulvar\u0131 No: 6 Beyaz Plaza D:11Beykent &#8211; B\u00fcy\u00fck\u00e7ekmece\/ \u0130stanbul Bize Ula\u015f\u0131nTel : 0212 540 55 44WhatsApp : 0554 533 19 31 \u00c7al\u0131\u015fma SaatleriPazartesi-Cumartesi: 09:30 &#8211; 18:30 \u00a0 \u00a0 info@acvit.com.tr +90 212 540 55 44 Facebook-square X-twitter Youtube Instagram Whatsapp Bizimle \u0130leti\u015fime Ge\u00e7<\/p>\n","protected":false},"author":1,"featured_media":0,"parent":0,"menu_order":0,"comment_status":"closed","ping_status":"closed","template":"","meta":{"footnotes":""},"class_list":["post-7194","page","type-page","status-publish","hentry"],"aioseo_notices":[],"_links":{"self":[{"href":"https:\/\/www.acvit.com.tr\/magaza\/wp-json\/wp\/v2\/pages\/7194","targetHints":{"allow":["GET"]}}],"collection":[{"href":"https:\/\/www.acvit.com.tr\/magaza\/wp-json\/wp\/v2\/pages"}],"about":[{"href":"https:\/\/www.acvit.com.tr\/magaza\/wp-json\/wp\/v2\/types\/page"}],"author":[{"embeddable":true,"href":"https:\/\/www.acvit.com.tr\/magaza\/wp-json\/wp\/v2\/users\/1"}],"replies":[{"embeddable":true,"href":"https:\/\/www.acvit.com.tr\/magaza\/wp-json\/wp\/v2\/comments?post=7194"}],"version-history":[{"count":34,"href":"https:\/\/www.acvit.com.tr\/magaza\/wp-json\/wp\/v2\/pages\/7194\/revisions"}],"predecessor-version":[{"id":7902,"href":"https:\/\/www.acvit.com.tr\/magaza\/wp-json\/wp\/v2\/pages\/7194\/revisions\/7902"}],"wp:attachment":[{"href":"https:\/\/www.acvit.com.tr\/magaza\/wp-json\/wp\/v2\/media?parent=7194"}],"curies":[{"name":"wp","href":"https:\/\/api.w.org\/{rel}","templated":true}]}}